{"id":709,"date":"2025-03-12T01:04:00","date_gmt":"2025-03-12T01:04:00","guid":{"rendered":"https:\/\/leierwocasting.com\/?post_type=product&#038;p=709"},"modified":"2025-08-19T02:40:14","modified_gmt":"2025-08-19T02:40:14","slug":"kf16-25-40-50-aluminium-alloy-clamp","status":"publish","type":"product","link":"https:\/\/www.leierwocasting.com\/es\/product\/kf16-25-40-50-aluminium-alloy-clamp\/","title":{"rendered":"Abrazadera de aleaci\u00f3n de aluminio KF16\/25\/40\/50"},"content":{"rendered":"<p data-start=\"90\" data-end=\"503\">El <a href=\"https:\/\/www.leierwocasting.com\/es\/producto\/vacuum-pump-accessories-kf-3\/\"><strong data-start=\"94\" data-end=\"133\">Abrazadera de aleaci\u00f3n de aluminio KF16\/25\/40\/50<\/strong><\/a> est\u00e1 dise\u00f1ado utilizando una amplia selecci\u00f3n de m\u00e1s <strong data-start=\"179\" data-end=\"201\">60 calidades de materiales<\/strong> y m\u00e1s que <strong data-start=\"216\" data-end=\"245\">12 sistemas de aleaci\u00f3n de aluminio<\/strong>, apoyando la producci\u00f3n de m\u00e1s <strong data-start=\"281\" data-end=\"313\">70 tipos de componentes diferentes<\/strong>. Con una base de herramientas de <strong data-start=\"338\" data-end=\"371\">M\u00e1s de 3500 moldes de fundici\u00f3n de precisi\u00f3n<\/strong> y <strong data-start=\"376\" data-end=\"404\">M\u00e1s de 1000 moldes de fundici\u00f3n en arena<\/strong>, garantizamos la precisi\u00f3n dimensional y la repetibilidad en la fabricaci\u00f3n de lotes grandes y peque\u00f1os.<\/p>\n<p data-start=\"505\" data-end=\"958\">Las capacidades de producci\u00f3n cubren una amplia gama, desde piezas fundidas personalizadas de una sola pieza <strong data-start=\"586\" data-end=\"608\">50 kg hasta 850 kg<\/strong>, habilitado por m\u00faltiples l\u00edneas de hornos independientes. Esto garantiza un r\u00e1pido cambio de aleaci\u00f3n y una calidad de fusi\u00f3n controlada, fundamental para aplicaciones que exigen precisi\u00f3n metal\u00fargica. El <strong data-start=\"786\" data-end=\"825\">Abrazadera de aleaci\u00f3n de aluminio KF16\/25\/40\/50<\/strong> admite mecanizado de tolerancia estricta, con tratamientos superficiales opcionales y certificados de posprocesamiento proporcionados para pedidos de alta especificaci\u00f3n.<\/p>\n<p data-start=\"960\" data-end=\"1454\">Cada abrazadera es <strong data-start=\"974\" data-end=\"993\">totalmente rastreable<\/strong>, respaldado por a <strong data-start=\"1007\" data-end=\"1035\">3.1 Certificado de material<\/strong> para cada lote de horno. Previa solicitud, los clientes pueden encargar la inspecci\u00f3n a terceros para obtenerla <strong data-start=\"1133\" data-end=\"1163\">Certificaci\u00f3n EN 10204 3.2<\/strong>. Para componentes de alta precisi\u00f3n, a <strong data-start=\"1198\" data-end=\"1223\">certificado de mecanizado<\/strong> tambi\u00e9n se puede emitir. Con m\u00e1s <strong data-start=\"1254\" data-end=\"1287\">20 a\u00f1os de experiencia en fundici\u00f3n<\/strong> y la I+D continua desde los a\u00f1os 1980, nuestra producci\u00f3n de <strong data-start=\"1342\" data-end=\"1381\">Abrazadera de aleaci\u00f3n de aluminio KF16\/25\/40\/50<\/strong> establece el punto de referencia de confiabilidad en entornos industriales exigentes.<\/p>\n<hr \/>\n<h3 data-start=\"960\" data-end=\"1454\">Ventajas de Leierwo en la fundici\u00f3n de piezas de precisi\u00f3n en la industria de fundici\u00f3n de v\u00e1lvulas<\/h3>\n<p>Leierwo lleva muchos a\u00f1os inmerso en el sector de la fundici\u00f3n de precisi\u00f3n, acumulando una amplia experiencia en la fabricaci\u00f3n de componentes para v\u00e1lvulas. La empresa se especializa en la producci\u00f3n de piezas fundidas de precisi\u00f3n de acero al carbono, acero aleado y acero inoxidable, materiales comunes en la industria de las v\u00e1lvulas. Mediante tecnolog\u00edas avanzadas como la fundici\u00f3n por fusi\u00f3n y los procesos de sol de s\u00edlice, la empresa logra el moldeo de alta precisi\u00f3n de piezas estructurales complejas, cumpliendo con los requisitos de rendimiento de las v\u00e1lvulas en condiciones de funcionamiento de alta temperatura, alta presi\u00f3n y resistencia a la corrosi\u00f3n. Adem\u00e1s, Leierwo prioriza la producci\u00f3n a medida seg\u00fan los planos del cliente, lo que le permite adaptar mejor las piezas fundidas de las v\u00e1lvulas a las necesidades espec\u00edficas del cliente, garantizando as\u00ed el sellado y la estabilidad estructural del producto.<\/p>\n<p>&nbsp;<\/p>\n<h3>Selecci\u00f3n del material principal<\/h3>\n<p>Las piezas fundidas para v\u00e1lvulas deben soportar condiciones de operaci\u00f3n complejas, como presi\u00f3n, temperatura y corrosi\u00f3n. Por lo tanto, la selecci\u00f3n del material debe priorizar la resistencia a la corrosi\u00f3n, la resistencia a altas temperaturas, la resistencia a la cavitaci\u00f3n y una buena procesabilidad. El acero inoxidable es la opci\u00f3n preferida debido a su excelente rendimiento general.<\/p>\n<p>Materiales comunes:<br \/>\nSerie de acero inoxidable:<br \/>\n316\/316L: La mejor opci\u00f3n, resistente a la corrosi\u00f3n de iones de cloruro, adecuado para entornos marinos, industrias qu\u00edmicas y petroleras. 304\/304L: Un material econ\u00f3mico adecuado para entornos corrosivos generales. 410: Acero inoxidable martens\u00edtico, con cierta resistencia a la corrosi\u00f3n, adecuado para v\u00e1lvulas de vapor de alta temperatura.<br \/>\n17-4PH: Acero inoxidable endurecido por precipitaci\u00f3n, de alta resistencia y resistencia a la corrosi\u00f3n, adecuado para v\u00e1lvulas de alto rendimiento.<\/p>\n<p>Serie de acero al carbono:<br \/>\nWCB (material general de acero al carbono): se utiliza com\u00fanmente para v\u00e1lvulas de uso general a temperatura ambiente.<br \/>\n4130: Adecuado para carcasas de v\u00e1lvulas de alta temperatura y alta presi\u00f3n.<br \/>\nSerie de aleaciones especiales (para entornos de alta corrosi\u00f3n y alta temperatura): Acero inoxidable d\u00faplex 2205: Excelente resistencia a la corrosi\u00f3n bajo tensi\u00f3n, ideal para las industrias marina y qu\u00edmica. Aleaci\u00f3n de cobalto (CoCr): como Co6 y Co12, ideal para superficies de sellado de v\u00e1lvulas con da\u00f1os severos por alta temperatura.<\/p>\n<p>&nbsp;<\/p>\n<h3>Opciones de servicio de casting de claves<\/h3>\n<p>Las v\u00e1lvulas tienen requisitos estrictos de sellado y resistencia a la presi\u00f3n, y la elecci\u00f3n del servicio de fundici\u00f3n afecta directamente su confiabilidad funcional:<\/p>\n<p>Fundici\u00f3n a la cera perdida: El m\u00e9todo preferido para v\u00e1lvulas de media y alta presi\u00f3n. Componentes como cuerpos de v\u00e1lvulas y asientos de sellado suelen contener cavidades internas complejas (como trayectorias de flujo curvas) y superficies de contacto precisas (p. ej., la rugosidad de la superficie de sellado debe ser \u2264 Ra1,6 \u00b5m). La fundici\u00f3n a la cera perdida permite replicar con precisi\u00f3n formas complejas, reducir defectos de fundici\u00f3n (como poros y retracciones) y mitigar el riesgo de fugas. Es especialmente adecuada para v\u00e1lvulas de alta presi\u00f3n de acero inoxidable y aleaciones.<\/p>\n<p>Fundici\u00f3n en arena: Adecuada para la producci\u00f3n en masa de v\u00e1lvulas de baja presi\u00f3n y gran escala. Por ejemplo, los cuerpos de v\u00e1lvulas de compuerta de baja presi\u00f3n para el suministro de agua municipal tienen formas relativamente simples (principalmente estructuras sim\u00e9tricas), grandes tiradas de producci\u00f3n y requisitos de precisi\u00f3n moderados. La fundici\u00f3n en arena ofrece ventajas significativas en t\u00e9rminos de bajo costo y alta capacidad de producci\u00f3n.<\/p>\n<p>Mecanizado CNC: Se centra en las zonas de contacto cr\u00edticas. Las bridas de la v\u00e1lvula y los di\u00e1metros del eje del v\u00e1stago deben alinearse con precisi\u00f3n con la tuber\u00eda o el actuador. Tras la fundici\u00f3n, se realizan fresados y rectificados CNC para garantizar tolerancias de planitud y perpendicularidad de \u22640,02 mm\/m, garantizando as\u00ed un ensamblaje herm\u00e9tico.<\/p>","protected":false},"excerpt":{"rendered":"<p>KF16\/25\/40\/50 <a href=\"https:\/\/www.leierwocasting.com\/es\/categoria-producto\/vacuum-pump-accessories-kf\/\">Abrazadera de aleaci\u00f3n de aluminio<\/a><\/p>\n<p>The KF16\/25\/40\/50 Aluminium Alloy Clamp is a high-performance component \uff0cmade from premium aluminium alloy, it\u2019s lightweight, durable, and corrosion-resistant, making it suitable for industrial and laboratory use.<\/p>\n<p>This clamp ensures secure, leak-free connections for KF16, KF25, KF40, and KF50 fittings, offering compatibility across various systems. Its robust design ensures long-lasting performance even in demanding conditions.<\/p>\n<p>Key Features:<\/p>\n<p>Lightweight &amp; durable aluminium alloy<br \/>\nLeak-free, secure connections<br \/>\nCompatible with multiple KF fittings<br \/>\nUpgrade your vacuum system with the KF16\/25\/40\/50 <a href=\"https:\/\/en.wikipedia.org\/wiki\/Aluminium_alloy\">Aleaci\u00f3n de aluminio<\/a> Abrazadera para un funcionamiento eficiente y confiable.<\/p>","protected":false},"featured_media":710,"template":"","meta":{"_gspb_post_css":""},"product_brand":[],"product_cat":[28,34],"product_tag":[],"class_list":{"0":"post-709","1":"product","2":"type-product","3":"status-publish","4":"has-post-thumbnail","6":"product_cat-vacuum-pump-accessories-kf","7":"product_cat-valve-casting","9":"first","10":"instock","11":"shipping-taxable","12":"product-type-simple"},"_links":{"self":[{"href":"https:\/\/www.leierwocasting.com\/es\/wp-json\/wp\/v2\/product\/709","targetHints":{"allow":["GET"]}}],"collection":[{"href":"https:\/\/www.leierwocasting.com\/es\/wp-json\/wp\/v2\/product"}],"about":[{"href":"https:\/\/www.leierwocasting.com\/es\/wp-json\/wp\/v2\/types\/product"}],"wp:featuredmedia":[{"embeddable":true,"href":"https:\/\/www.leierwocasting.com\/es\/wp-json\/wp\/v2\/media\/710"}],"wp:attachment":[{"href":"https:\/\/www.leierwocasting.com\/es\/wp-json\/wp\/v2\/media?parent=709"}],"wp:term":[{"taxonomy":"product_brand","embeddable":true,"href":"https:\/\/www.leierwocasting.com\/es\/wp-json\/wp\/v2\/product_brand?post=709"},{"taxonomy":"product_cat","embeddable":true,"href":"https:\/\/www.leierwocasting.com\/es\/wp-json\/wp\/v2\/product_cat?post=709"},{"taxonomy":"product_tag","embeddable":true,"href":"https:\/\/www.leierwocasting.com\/es\/wp-json\/wp\/v2\/product_tag?post=709"}],"curies":[{"name":"wp","href":"https:\/\/api.w.org\/{rel}","templated":true}]}}