{"id":707,"date":"2025-03-12T01:03:14","date_gmt":"2025-03-12T01:03:14","guid":{"rendered":"https:\/\/leierwocasting.com\/?post_type=product&#038;p=707"},"modified":"2025-08-19T02:40:38","modified_gmt":"2025-08-19T02:40:38","slug":"kf16-aluminium-alloy-clamp","status":"publish","type":"product","link":"https:\/\/www.leierwocasting.com\/es\/product\/kf16-aluminium-alloy-clamp\/","title":{"rendered":"Abrazadera de aleaci\u00f3n de aluminio KF16"},"content":{"rendered":"<p data-start=\"119\" data-end=\"617\">El <a href=\"https:\/\/www.leierwocasting.com\/es\/producto\/kf16-aluminium-alloy-vlamp\/\"><strong data-start=\"123\" data-end=\"153\">Abrazadera de aleaci\u00f3n de aluminio KF16<\/strong><\/a> Est\u00e1 dise\u00f1ado para aplicaciones de precisi\u00f3n cr\u00edtica y se fabrica utilizando una amplia selecci\u00f3n de m\u00e1s de <strong data-start=\"256\" data-end=\"278\">60 calidades de materiales<\/strong> y <strong data-start=\"283\" data-end=\"318\">m\u00e1s de 12 composiciones de aleaci\u00f3n<\/strong>, ofreciendo compatibilidad en todos los <strong data-start=\"350\" data-end=\"377\">M\u00e1s de 70 especificaciones de piezas<\/strong>. Ideal para sistemas electr\u00f3nicos, de vac\u00edo y de ensamblaje de precisi\u00f3n, esta abrazadera se beneficia de nuestra amplia base de herramientas, que incluye <strong data-start=\"504\" data-end=\"537\">M\u00e1s de 3500 moldes de fundici\u00f3n de precisi\u00f3n<\/strong> y <strong data-start=\"542\" data-end=\"570\">M\u00e1s de 1000 moldes de fundici\u00f3n en arena<\/strong>, lo que permite una producci\u00f3n eficiente y repetible.<\/p>\n<p data-start=\"619\" data-end=\"1107\">Las capacidades de producci\u00f3n flexibles permiten ambas cosas: <strong data-start=\"667\" data-end=\"693\">componentes a peque\u00f1a escala<\/strong> y <strong data-start=\"698\" data-end=\"730\">Fundiciones de una sola pieza personalizadas<\/strong> a partir de <strong data-start=\"745\" data-end=\"754\">50 kilos<\/strong>, con soporte para pesos unitarios de hasta <strong data-start=\"792\" data-end=\"802\">850 kilos<\/strong> mediante m\u00faltiples configuraciones de hornos independientes. Esto garantiza la pureza del material, un control optimizado del vertido y la consistencia del lote, aspectos cruciales para las exigencias de alto rendimiento. <strong data-start=\"966\" data-end=\"996\">Abrazadera de aleaci\u00f3n de aluminio KF16<\/strong> Ofrece una excelente estabilidad dimensional y se puede personalizar para escenarios de montaje o conexi\u00f3n especializados.<\/p>\n<p data-start=\"1109\" data-end=\"1703\">Todo <strong data-start=\"1113\" data-end=\"1143\">Abrazadera de aleaci\u00f3n de aluminio KF16<\/strong> Los productos est\u00e1n respaldados por completo <strong data-start=\"1172\" data-end=\"1197\">trazabilidad del material<\/strong>, con un <strong data-start=\"1206\" data-end=\"1234\">3.1 Certificado de material<\/strong> emitido por cada fase. Para clientes que requieren un cumplimiento estricto, <strong data-start=\"1297\" data-end=\"1318\">3.2 certificaci\u00f3n<\/strong> Se pueden solicitar servicios de laboratorios externos autorizados. Los componentes mecanizados tambi\u00e9n pueden ir acompa\u00f1ados de un <strong data-start=\"1426\" data-end=\"1462\">certificado de procesamiento de precisi\u00f3n<\/strong>, garantizando la transparencia en cada paso de la cadena de valor. Con m\u00e1s de <strong data-start=\"1534\" data-end=\"1573\">Dos d\u00e9cadas de artesan\u00eda experta<\/strong> Con ra\u00edces en el conocimiento de la industria que se remonta a la d\u00e9cada de 1980, nuestras abrazaderas representan una soluci\u00f3n confiable para la integraci\u00f3n de sistemas de precisi\u00f3n.<\/p>\n<hr \/>\n<h3 data-start=\"960\" data-end=\"1454\">Ventajas de Leierwo en la fundici\u00f3n de piezas de precisi\u00f3n en la industria de fundici\u00f3n de v\u00e1lvulas<\/h3>\n<p>Leierwo lleva muchos a\u00f1os inmerso en el sector de la fundici\u00f3n de precisi\u00f3n, acumulando una amplia experiencia en la fabricaci\u00f3n de componentes para v\u00e1lvulas. La empresa se especializa en la producci\u00f3n de piezas fundidas de precisi\u00f3n de acero al carbono, acero aleado y acero inoxidable, materiales comunes en la industria de las v\u00e1lvulas. Mediante tecnolog\u00edas avanzadas como la fundici\u00f3n por fusi\u00f3n y los procesos de sol de s\u00edlice, la empresa logra el moldeo de alta precisi\u00f3n de piezas estructurales complejas, cumpliendo con los requisitos de rendimiento de las v\u00e1lvulas en condiciones de funcionamiento de alta temperatura, alta presi\u00f3n y resistencia a la corrosi\u00f3n. Adem\u00e1s, Leierwo prioriza la producci\u00f3n a medida seg\u00fan los planos del cliente, lo que le permite adaptar mejor las piezas fundidas de las v\u00e1lvulas a las necesidades espec\u00edficas del cliente, garantizando as\u00ed el sellado y la estabilidad estructural del producto.<\/p>\n<p>&nbsp;<\/p>\n<h3>Selecci\u00f3n del material principal<\/h3>\n<p>Las piezas fundidas para v\u00e1lvulas deben soportar condiciones de operaci\u00f3n complejas, como presi\u00f3n, temperatura y corrosi\u00f3n. Por lo tanto, la selecci\u00f3n del material debe priorizar la resistencia a la corrosi\u00f3n, la resistencia a altas temperaturas, la resistencia a la cavitaci\u00f3n y una buena procesabilidad. El acero inoxidable es la opci\u00f3n preferida debido a su excelente rendimiento general.<\/p>\n<p>Materiales comunes:<br \/>\nSerie de acero inoxidable:<br \/>\n316\/316L: La mejor opci\u00f3n, resistente a la corrosi\u00f3n de iones de cloruro, adecuado para entornos marinos, industrias qu\u00edmicas y petroleras. 304\/304L: Un material econ\u00f3mico adecuado para entornos corrosivos generales. 410: Acero inoxidable martens\u00edtico, con cierta resistencia a la corrosi\u00f3n, adecuado para v\u00e1lvulas de vapor de alta temperatura.<br \/>\n17-4PH: Acero inoxidable endurecido por precipitaci\u00f3n, de alta resistencia y resistencia a la corrosi\u00f3n, adecuado para v\u00e1lvulas de alto rendimiento.<\/p>\n<p>Serie de acero al carbono:<br \/>\nWCB (material general de acero al carbono): se utiliza com\u00fanmente para v\u00e1lvulas de uso general a temperatura ambiente.<br \/>\n4130: Adecuado para carcasas de v\u00e1lvulas de alta temperatura y alta presi\u00f3n.<br \/>\nSerie de aleaciones especiales (para entornos de alta corrosi\u00f3n y alta temperatura): Acero inoxidable d\u00faplex 2205: Excelente resistencia a la corrosi\u00f3n bajo tensi\u00f3n, ideal para las industrias marina y qu\u00edmica. Aleaci\u00f3n de cobalto (CoCr): como Co6 y Co12, ideal para superficies de sellado de v\u00e1lvulas con da\u00f1os severos por alta temperatura.<\/p>\n<p>&nbsp;<\/p>\n<h3>Opciones de servicio de casting de claves<\/h3>\n<p>Las v\u00e1lvulas tienen requisitos estrictos de sellado y resistencia a la presi\u00f3n, y la elecci\u00f3n del servicio de fundici\u00f3n afecta directamente su confiabilidad funcional:<\/p>\n<p>Fundici\u00f3n a la cera perdida: El m\u00e9todo preferido para v\u00e1lvulas de media y alta presi\u00f3n. Componentes como cuerpos de v\u00e1lvulas y asientos de sellado suelen contener cavidades internas complejas (como trayectorias de flujo curvas) y superficies de contacto precisas (p. ej., la rugosidad de la superficie de sellado debe ser \u2264 Ra1,6 \u00b5m). La fundici\u00f3n a la cera perdida permite replicar con precisi\u00f3n formas complejas, reducir defectos de fundici\u00f3n (como poros y retracciones) y mitigar el riesgo de fugas. Es especialmente adecuada para v\u00e1lvulas de alta presi\u00f3n de acero inoxidable y aleaciones.<\/p>\n<p>Fundici\u00f3n en arena: Adecuada para la producci\u00f3n en masa de v\u00e1lvulas de baja presi\u00f3n y gran escala. Por ejemplo, los cuerpos de v\u00e1lvulas de compuerta de baja presi\u00f3n para el suministro de agua municipal tienen formas relativamente simples (principalmente estructuras sim\u00e9tricas), grandes tiradas de producci\u00f3n y requisitos de precisi\u00f3n moderados. La fundici\u00f3n en arena ofrece ventajas significativas en t\u00e9rminos de bajo costo y alta capacidad de producci\u00f3n.<\/p>\n<p>Mecanizado CNC: Se centra en las zonas de contacto cr\u00edticas. Las bridas de la v\u00e1lvula y los di\u00e1metros del eje del v\u00e1stago deben alinearse con precisi\u00f3n con la tuber\u00eda o el actuador. Tras la fundici\u00f3n, se realizan fresados y rectificados CNC para garantizar tolerancias de planitud y perpendicularidad de \u22640,02 mm\/m, garantizando as\u00ed un ensamblaje herm\u00e9tico.<\/p>","protected":false},"excerpt":{"rendered":"<p><strong data-sourcepos=\"1:1-1:31\">KF16 <a href=\"https:\/\/www.leierwocasting.com\/es\/categoria-producto\/vacuum-pump-accessories-kf\/\">Abrazadera de aleaci\u00f3n de aluminio<\/a><\/strong> &#8211; Lightweight, durable, and corrosion-resistant, the KF16 Aluminium Alloy Clamp ensures secure, leak-free connections for vacuum systems. Perfect for industrial and laboratory use, the KF16 <a href=\"https:\/\/en.wikipedia.org\/wiki\/Aluminium_alloy\">Aleaci\u00f3n de aluminio<\/a> La abrazadera ofrece un rendimiento confiable y una eficiencia duradera.<\/p>","protected":false},"featured_media":708,"template":"","meta":{"_gspb_post_css":""},"product_brand":[],"product_cat":[28,34],"product_tag":[],"class_list":{"0":"post-707","1":"product","2":"type-product","3":"status-publish","4":"has-post-thumbnail","6":"product_cat-vacuum-pump-accessories-kf","7":"product_cat-valve-casting","9":"first","10":"instock","11":"shipping-taxable","12":"product-type-simple"},"_links":{"self":[{"href":"https:\/\/www.leierwocasting.com\/es\/wp-json\/wp\/v2\/product\/707","targetHints":{"allow":["GET"]}}],"collection":[{"href":"https:\/\/www.leierwocasting.com\/es\/wp-json\/wp\/v2\/product"}],"about":[{"href":"https:\/\/www.leierwocasting.com\/es\/wp-json\/wp\/v2\/types\/product"}],"wp:featuredmedia":[{"embeddable":true,"href":"https:\/\/www.leierwocasting.com\/es\/wp-json\/wp\/v2\/media\/708"}],"wp:attachment":[{"href":"https:\/\/www.leierwocasting.com\/es\/wp-json\/wp\/v2\/media?parent=707"}],"wp:term":[{"taxonomy":"product_brand","embeddable":true,"href":"https:\/\/www.leierwocasting.com\/es\/wp-json\/wp\/v2\/product_brand?post=707"},{"taxonomy":"product_cat","embeddable":true,"href":"https:\/\/www.leierwocasting.com\/es\/wp-json\/wp\/v2\/product_cat?post=707"},{"taxonomy":"product_tag","embeddable":true,"href":"https:\/\/www.leierwocasting.com\/es\/wp-json\/wp\/v2\/product_tag?post=707"}],"curies":[{"name":"wp","href":"https:\/\/api.w.org\/{rel}","templated":true}]}}