{"id":705,"date":"2025-03-12T01:02:25","date_gmt":"2025-03-12T01:02:25","guid":{"rendered":"https:\/\/leierwocasting.com\/?post_type=product&#038;p=705"},"modified":"2025-08-08T07:18:20","modified_gmt":"2025-08-08T07:18:20","slug":"kf40-aluminium-alloy-clamp","status":"publish","type":"product","link":"https:\/\/www.leierwocasting.com\/es\/product\/kf40-aluminium-alloy-clamp\/","title":{"rendered":"Abrazadera de aleaci\u00f3n de aluminio KF40"},"content":{"rendered":"<p data-start=\"120\" data-end=\"532\">Dise\u00f1ado para <strong data-start=\"135\" data-end=\"191\">Sistemas de vac\u00edo de escala media y conjuntos de precisi\u00f3n<\/strong>, el <a href=\"https:\/\/www.leierwocasting.com\/es\/producto\/kf40-aluminium-alloy-clamp\/\"><strong data-start=\"197\" data-end=\"227\">Abrazadera de aleaci\u00f3n de aluminio KF40<\/strong><\/a> Combina integridad estructural con capacidades de fabricaci\u00f3n vers\u00e1tiles. Fabricado con una s\u00f3lida biblioteca de... <strong data-start=\"340\" data-end=\"376\">m\u00e1s de 60 tipos de materiales certificados<\/strong> y <strong data-start=\"381\" data-end=\"430\">Docenas de f\u00f3rmulas especializadas de aleaci\u00f3n de aluminio<\/strong>, garantiza la compatibilidad entre <strong data-start=\"464\" data-end=\"495\">M\u00e1s de 70 componentes estandarizados<\/strong> en entornos t\u00e9cnicos exigentes.<\/p>\n<p data-start=\"534\" data-end=\"962\">Con acceso a <strong data-start=\"549\" data-end=\"582\">M\u00e1s de 3500 moldes de fundici\u00f3n de precisi\u00f3n<\/strong> y <strong data-start=\"587\" data-end=\"614\">M\u00e1s de 1000 matrices de fundici\u00f3n en arena<\/strong>, Apoyamos el desarrollo r\u00e1pido y la producci\u00f3n en lotes flexible, desde prototipos \u00fanicos de 50 kg hasta una producci\u00f3n constante de componentes de hasta <strong data-start=\"746\" data-end=\"756\">850 kilos<\/strong>. Ya sea para integraci\u00f3n independiente o modular, el <strong data-start=\"809\" data-end=\"839\">Abrazadera de aleaci\u00f3n de aluminio KF40<\/strong> Mantiene una excelente calidad de superficie y estabilidad mec\u00e1nica, esencial para el sellado al vac\u00edo y el posicionamiento de alta precisi\u00f3n.<\/p>\n<p data-start=\"964\" data-end=\"1587\">Con el respaldo de <strong data-start=\"974\" data-end=\"1025\">M\u00e1s de 20 a\u00f1os de experiencia metal\u00fargica continua<\/strong>, Nuestro proceso de producci\u00f3n est\u00e1 dirigido por veteranos de la industria que comenzaron su oficio en el <strong data-start=\"1107\" data-end=\"1122\">principios de la d\u00e9cada de 1980<\/strong>, garantizando no solo precisi\u00f3n de fabricaci\u00f3n sino tambi\u00e9n previsi\u00f3n de ingenier\u00eda. Cada <strong data-start=\"1204\" data-end=\"1234\">Abrazadera de aleaci\u00f3n de aluminio KF40<\/strong> es <strong data-start=\"1238\" data-end=\"1257\">totalmente rastreable<\/strong>, con un <strong data-start=\"1266\" data-end=\"1294\">3.1 Certificado de material<\/strong> emitidos para cada lote de fundici\u00f3n. A petici\u00f3n del cliente, ofrecemos coordinaci\u00f3n con <strong data-start=\"1371\" data-end=\"1407\">agencias independientes de terceros<\/strong> Para obtener <strong data-start=\"1418\" data-end=\"1448\">Certificaci\u00f3n EN 10204 3.2<\/strong>, lo que a\u00f1ade otra capa de garant\u00eda de calidad. Para versiones mecanizadas de alta tolerancia, un... <strong data-start=\"1543\" data-end=\"1569\">certificado de procesamiento<\/strong> Tambi\u00e9n se proporciona.<\/p>\n<p data-start=\"1589\" data-end=\"1800\">El <strong data-start=\"1593\" data-end=\"1623\">Abrazadera de aleaci\u00f3n de aluminio KF40<\/strong> ofrece el equilibrio ideal entre escalabilidad, durabilidad y cumplimiento t\u00e9cnico: una soluci\u00f3n \u00f3ptima para sistemas cr\u00edticos donde el rendimiento y la documentaci\u00f3n van de la mano.<\/p>\n<p data-start=\"960\" data-end=\"1454\">\n<hr \/>\n<p data-start=\"960\" data-end=\"1454\">\n<h3 data-start=\"960\" data-end=\"1454\">Ventajas de Leierwo en la fundici\u00f3n de piezas de precisi\u00f3n en la industria de fundici\u00f3n de v\u00e1lvulas<\/h3>\n<p>Leierwo lleva muchos a\u00f1os inmerso en el sector de la fundici\u00f3n de precisi\u00f3n, acumulando una amplia experiencia en la fabricaci\u00f3n de componentes para v\u00e1lvulas. La empresa se especializa en la producci\u00f3n de piezas fundidas de precisi\u00f3n de acero al carbono, acero aleado y acero inoxidable, materiales comunes en la industria de las v\u00e1lvulas. Mediante tecnolog\u00edas avanzadas como la fundici\u00f3n por fusi\u00f3n y los procesos de sol de s\u00edlice, la empresa logra el moldeo de alta precisi\u00f3n de piezas estructurales complejas, cumpliendo con los requisitos de rendimiento de las v\u00e1lvulas en condiciones de funcionamiento de alta temperatura, alta presi\u00f3n y resistencia a la corrosi\u00f3n. Adem\u00e1s, Leierwo prioriza la producci\u00f3n a medida seg\u00fan los planos del cliente, lo que le permite adaptar mejor las piezas fundidas de las v\u00e1lvulas a las necesidades espec\u00edficas del cliente, garantizando as\u00ed el sellado y la estabilidad estructural del producto.<\/p>\n<p>&nbsp;<\/p>\n<h3>Selecci\u00f3n del material principal<\/h3>\n<p>Las piezas fundidas para v\u00e1lvulas deben soportar condiciones de operaci\u00f3n complejas, como presi\u00f3n, temperatura y corrosi\u00f3n. Por lo tanto, la selecci\u00f3n del material debe priorizar la resistencia a la corrosi\u00f3n, la resistencia a altas temperaturas, la resistencia a la cavitaci\u00f3n y una buena procesabilidad. El acero inoxidable es la opci\u00f3n preferida debido a su excelente rendimiento general.<\/p>\n<p>Materiales comunes:<br \/>\nSerie de acero inoxidable:<br \/>\n316\/316L: La mejor opci\u00f3n, resistente a la corrosi\u00f3n de iones de cloruro, adecuado para entornos marinos, industrias qu\u00edmicas y petroleras. 304\/304L: Un material econ\u00f3mico adecuado para entornos corrosivos generales. 410: Acero inoxidable martens\u00edtico, con cierta resistencia a la corrosi\u00f3n, adecuado para v\u00e1lvulas de vapor de alta temperatura.<br \/>\n17-4PH: Acero inoxidable endurecido por precipitaci\u00f3n, de alta resistencia y resistencia a la corrosi\u00f3n, adecuado para v\u00e1lvulas de alto rendimiento.<\/p>\n<p>Serie de acero al carbono:<br \/>\nWCB (material general de acero al carbono): se utiliza com\u00fanmente para v\u00e1lvulas de uso general a temperatura ambiente.<br \/>\n4130: Adecuado para carcasas de v\u00e1lvulas de alta temperatura y alta presi\u00f3n.<br \/>\nSerie de aleaciones especiales (para entornos de alta corrosi\u00f3n y alta temperatura): Acero inoxidable d\u00faplex 2205: Excelente resistencia a la corrosi\u00f3n bajo tensi\u00f3n, ideal para las industrias marina y qu\u00edmica. Aleaci\u00f3n de cobalto (CoCr): como Co6 y Co12, ideal para superficies de sellado de v\u00e1lvulas con da\u00f1os severos por alta temperatura.<\/p>\n<p>&nbsp;<\/p>\n<h3>Opciones de servicio de casting de claves<\/h3>\n<p>Las v\u00e1lvulas tienen requisitos estrictos de sellado y resistencia a la presi\u00f3n, y la elecci\u00f3n del servicio de fundici\u00f3n afecta directamente su confiabilidad funcional:<\/p>\n<p>Fundici\u00f3n a la cera perdida: El m\u00e9todo preferido para v\u00e1lvulas de media y alta presi\u00f3n. Componentes como cuerpos de v\u00e1lvulas y asientos de sellado suelen contener cavidades internas complejas (como trayectorias de flujo curvas) y superficies de contacto precisas (p. ej., la rugosidad de la superficie de sellado debe ser \u2264 Ra1,6 \u00b5m). La fundici\u00f3n a la cera perdida permite replicar con precisi\u00f3n formas complejas, reducir defectos de fundici\u00f3n (como poros y retracciones) y mitigar el riesgo de fugas. Es especialmente adecuada para v\u00e1lvulas de alta presi\u00f3n de acero inoxidable y aleaciones.<\/p>\n<p>Fundici\u00f3n en arena: Adecuada para la producci\u00f3n en masa de v\u00e1lvulas de baja presi\u00f3n y gran escala. Por ejemplo, los cuerpos de v\u00e1lvulas de compuerta de baja presi\u00f3n para el suministro de agua municipal tienen formas relativamente simples (principalmente estructuras sim\u00e9tricas), grandes tiradas de producci\u00f3n y requisitos de precisi\u00f3n moderados. La fundici\u00f3n en arena ofrece ventajas significativas en t\u00e9rminos de bajo costo y alta capacidad de producci\u00f3n.<\/p>\n<p>Mecanizado CNC: Se centra en las zonas de contacto cr\u00edticas. Las bridas de la v\u00e1lvula y los di\u00e1metros del eje del v\u00e1stago deben alinearse con precisi\u00f3n con la tuber\u00eda o el actuador. Tras la fundici\u00f3n, se realizan fresados y rectificados CNC para garantizar tolerancias de planitud y perpendicularidad de \u22640,02 mm\/m, garantizando as\u00ed un ensamblaje herm\u00e9tico.<\/p>","protected":false},"excerpt":{"rendered":"<div class=\"TurnCard_turn_container__6ntjV\">\n<div class=\"Answser_answer_body_content__2ERjZ\">\n<div class=\"Answser_answer_right_content__C234d Answser_show_avatar__kreSH\">\n<div class=\"Answser_answer_container__VI8rI\">\n<div class=\"Answser_answer_content__uOOYl Answser_answer_content_last__MAVKP\">\n<div class=\"markdown-body\">\n<p data-sourcepos=\"1:1-1:389\">El KF40 <a href=\"https:\/\/www.leierwocasting.com\/es\/categoria-producto\/vacuum-pump-accessories-kf\/\">Abrazadera de aleaci\u00f3n de aluminio<\/a> Es una herramienta de alto rendimiento dise\u00f1ada para aplicaciones industriales y de servicio pesado. Fabricada en aleaci\u00f3n de aluminio de primera calidad, la KF40 <a href=\"https:\/\/en.wikipedia.org\/wiki\/Aluminium_alloy\">Abrazadera de aleaci\u00f3n de aluminio<\/a> Garantiza durabilidad, manejo ligero y resistencia a la corrosi\u00f3n. Ideal para una sujeci\u00f3n segura en entornos exigentes, es la opci\u00f3n ideal para profesionales que buscan fiabilidad y precisi\u00f3n.<\/p>\n<\/div>\n<\/div>\n<\/div>\n<\/div>\n<\/div>\n<\/div>","protected":false},"featured_media":706,"template":"","meta":{"_gspb_post_css":""},"product_brand":[],"product_cat":[28,34],"product_tag":[],"class_list":{"0":"post-705","1":"product","2":"type-product","3":"status-publish","4":"has-post-thumbnail","6":"product_cat-vacuum-pump-accessories-kf","7":"product_cat-valve-casting","9":"first","10":"instock","11":"shipping-taxable","12":"product-type-simple"},"_links":{"self":[{"href":"https:\/\/www.leierwocasting.com\/es\/wp-json\/wp\/v2\/product\/705","targetHints":{"allow":["GET"]}}],"collection":[{"href":"https:\/\/www.leierwocasting.com\/es\/wp-json\/wp\/v2\/product"}],"about":[{"href":"https:\/\/www.leierwocasting.com\/es\/wp-json\/wp\/v2\/types\/product"}],"wp:featuredmedia":[{"embeddable":true,"href":"https:\/\/www.leierwocasting.com\/es\/wp-json\/wp\/v2\/media\/706"}],"wp:attachment":[{"href":"https:\/\/www.leierwocasting.com\/es\/wp-json\/wp\/v2\/media?parent=705"}],"wp:term":[{"taxonomy":"product_brand","embeddable":true,"href":"https:\/\/www.leierwocasting.com\/es\/wp-json\/wp\/v2\/product_brand?post=705"},{"taxonomy":"product_cat","embeddable":true,"href":"https:\/\/www.leierwocasting.com\/es\/wp-json\/wp\/v2\/product_cat?post=705"},{"taxonomy":"product_tag","embeddable":true,"href":"https:\/\/www.leierwocasting.com\/es\/wp-json\/wp\/v2\/product_tag?post=705"}],"curies":[{"name":"wp","href":"https:\/\/api.w.org\/{rel}","templated":true}]}}