{"id":703,"date":"2025-03-12T01:01:10","date_gmt":"2025-03-12T01:01:10","guid":{"rendered":"https:\/\/leierwocasting.com\/?post_type=product&#038;p=703"},"modified":"2025-08-08T07:19:44","modified_gmt":"2025-08-08T07:19:44","slug":"kf50-aluminium-alloy-clamp","status":"publish","type":"product","link":"https:\/\/www.leierwocasting.com\/es\/product\/kf50-aluminium-alloy-clamp\/","title":{"rendered":"Abrazadera de aleaci\u00f3n de aluminio KF50"},"content":{"rendered":"<p data-start=\"118\" data-end=\"596\">El <a href=\"https:\/\/www.leierwocasting.com\/es\/producto\/kf50-aluminium-alloy-clamp\/\"><strong data-start=\"122\" data-end=\"152\">Abrazadera de aleaci\u00f3n de aluminio KF50<\/strong><\/a> Est\u00e1 dise\u00f1ado espec\u00edficamente para <strong data-start=\"174\" data-end=\"211\">conexiones de vac\u00edo de gran di\u00e1metro<\/strong> y <strong data-start=\"216\" data-end=\"248\">conjuntos de sistemas de servicio pesado<\/strong>, que ofrece alta estabilidad estructural y excelente integridad de la aleaci\u00f3n. Fabricado con una gama cuidadosamente seleccionada de <strong data-start=\"362\" data-end=\"396\">M\u00e1s de 60 materiales de grado industrial<\/strong> y <strong data-start=\"401\" data-end=\"454\">M\u00e1s de una docena de aleaciones de aluminio dise\u00f1adas con precisi\u00f3n<\/strong>, cumple con los requisitos dimensionales y de rendimiento de <strong data-start=\"513\" data-end=\"539\">M\u00e1s de 70 variantes de componentes<\/strong> en plataformas industriales, de laboratorio y de automatizaci\u00f3n.<\/p>\n<p data-start=\"598\" data-end=\"1031\">Nuestra infraestructura de producci\u00f3n incluye <strong data-start=\"637\" data-end=\"675\">M\u00e1s de 3500 moldes de fundici\u00f3n de alta precisi\u00f3n<\/strong> y <strong data-start=\"680\" data-end=\"712\">M\u00e1s de 1000 soluciones de fundici\u00f3n en arena<\/strong>, lo que permite una personalizaci\u00f3n flexible para piezas de gran formato. Fundiciones de una sola pieza de <strong data-start=\"797\" data-end=\"819\">50 kg hasta 850 kg<\/strong> Se pueden lograr utilizando m\u00faltiples hornos dedicados, lo que garantiza la pureza de la aleaci\u00f3n y un control t\u00e9rmico constante, algo fundamental para la durabilidad esperada del <strong data-start=\"967\" data-end=\"997\">Abrazadera de aleaci\u00f3n de aluminio KF50<\/strong> en aplicaciones de misi\u00f3n cr\u00edtica.<\/p>\n<p data-start=\"1033\" data-end=\"1686\">Con un equipo de producci\u00f3n liderado por ingenieros senior y profesionales de fundici\u00f3n con <strong data-start=\"1111\" data-end=\"1156\">M\u00e1s de 20 a\u00f1os de experiencia pr\u00e1ctica<\/strong>\u2014y ra\u00edces en la industria que se remontan a la <strong data-start=\"1201\" data-end=\"1210\">d\u00e9cada de 1980<\/strong>\u2014Nos aseguramos de que cada abrazadera cumpla con estrictos est\u00e1ndares t\u00e9cnicos. Cada <strong data-start=\"1272\" data-end=\"1302\">Abrazadera de aleaci\u00f3n de aluminio KF50<\/strong> se entrega con <strong data-start=\"1321\" data-end=\"1346\">trazabilidad completa<\/strong>, incluyendo un <strong data-start=\"1360\" data-end=\"1388\">3.1 Certificado de material<\/strong> vinculado a su lote de horno correspondiente. Para un mejor cumplimiento, los clientes pueden solicitar <strong data-start=\"1479\" data-end=\"1500\">3.2 certificaci\u00f3n<\/strong> emitidos por organismos de prueba externos acreditados. Los componentes mecanizados tambi\u00e9n pueden ir acompa\u00f1ados de un <strong data-start=\"1599\" data-end=\"1625\">certificado de procesamiento<\/strong>, verificando la precisi\u00f3n de la superficie y la exactitud dimensional final.<\/p>\n<p data-start=\"1688\" data-end=\"1868\">Robusto, verificable y escalable: el <strong data-start=\"1725\" data-end=\"1755\">Abrazadera de aleaci\u00f3n de aluminio KF50<\/strong> es una soluci\u00f3n de primer nivel para sistemas que requieren <strong data-start=\"1801\" data-end=\"1832\">m\u00e1xima resistencia mec\u00e1nica<\/strong> y <strong data-start=\"1837\" data-end=\"1867\">transparencia total del material<\/strong>.<\/p>\n<hr \/>\n<h3 data-start=\"960\" data-end=\"1454\">Ventajas de Leierwo en la fundici\u00f3n de piezas de precisi\u00f3n en la industria de fundici\u00f3n de v\u00e1lvulas<\/h3>\n<p>Leierwo lleva muchos a\u00f1os inmerso en el sector de la fundici\u00f3n de precisi\u00f3n, acumulando una amplia experiencia en la fabricaci\u00f3n de componentes para v\u00e1lvulas. La empresa se especializa en la producci\u00f3n de piezas fundidas de precisi\u00f3n de acero al carbono, acero aleado y acero inoxidable, materiales comunes en la industria de las v\u00e1lvulas. Mediante tecnolog\u00edas avanzadas como la fundici\u00f3n por fusi\u00f3n y los procesos de sol de s\u00edlice, la empresa logra el moldeo de alta precisi\u00f3n de piezas estructurales complejas, cumpliendo con los requisitos de rendimiento de las v\u00e1lvulas en condiciones de funcionamiento de alta temperatura, alta presi\u00f3n y resistencia a la corrosi\u00f3n. Adem\u00e1s, Leierwo prioriza la producci\u00f3n a medida seg\u00fan los planos del cliente, lo que le permite adaptar mejor las piezas fundidas de las v\u00e1lvulas a las necesidades espec\u00edficas del cliente, garantizando as\u00ed el sellado y la estabilidad estructural del producto.<\/p>\n<p>&nbsp;<\/p>\n<h3>Selecci\u00f3n del material principal<\/h3>\n<p>Las piezas fundidas para v\u00e1lvulas deben soportar condiciones de operaci\u00f3n complejas, como presi\u00f3n, temperatura y corrosi\u00f3n. Por lo tanto, la selecci\u00f3n del material debe priorizar la resistencia a la corrosi\u00f3n, la resistencia a altas temperaturas, la resistencia a la cavitaci\u00f3n y una buena procesabilidad. El acero inoxidable es la opci\u00f3n preferida debido a su excelente rendimiento general.<\/p>\n<p>Materiales comunes:<br \/>\nSerie de acero inoxidable:<br \/>\n316\/316L: La mejor opci\u00f3n, resistente a la corrosi\u00f3n de iones de cloruro, adecuado para entornos marinos, industrias qu\u00edmicas y petroleras. 304\/304L: Un material econ\u00f3mico adecuado para entornos corrosivos generales. 410: Acero inoxidable martens\u00edtico, con cierta resistencia a la corrosi\u00f3n, adecuado para v\u00e1lvulas de vapor de alta temperatura.<br \/>\n17-4PH: Acero inoxidable endurecido por precipitaci\u00f3n, de alta resistencia y resistencia a la corrosi\u00f3n, adecuado para v\u00e1lvulas de alto rendimiento.<\/p>\n<p>Serie de acero al carbono:<br \/>\nWCB (material general de acero al carbono): se utiliza com\u00fanmente para v\u00e1lvulas de uso general a temperatura ambiente.<br \/>\n4130: Adecuado para carcasas de v\u00e1lvulas de alta temperatura y alta presi\u00f3n.<br \/>\nSerie de aleaciones especiales (para entornos de alta corrosi\u00f3n y alta temperatura): Acero inoxidable d\u00faplex 2205: Excelente resistencia a la corrosi\u00f3n bajo tensi\u00f3n, ideal para las industrias marina y qu\u00edmica. Aleaci\u00f3n de cobalto (CoCr): como Co6 y Co12, ideal para superficies de sellado de v\u00e1lvulas con da\u00f1os severos por alta temperatura.<\/p>\n<p>&nbsp;<\/p>\n<h3>Opciones de servicio de casting de claves<\/h3>\n<p>Las v\u00e1lvulas tienen requisitos estrictos de sellado y resistencia a la presi\u00f3n, y la elecci\u00f3n del servicio de fundici\u00f3n afecta directamente su confiabilidad funcional:<\/p>\n<p>Fundici\u00f3n a la cera perdida: El m\u00e9todo preferido para v\u00e1lvulas de media y alta presi\u00f3n. Componentes como cuerpos de v\u00e1lvulas y asientos de sellado suelen contener cavidades internas complejas (como trayectorias de flujo curvas) y superficies de contacto precisas (p. ej., la rugosidad de la superficie de sellado debe ser \u2264 Ra1,6 \u00b5m). La fundici\u00f3n a la cera perdida permite replicar con precisi\u00f3n formas complejas, reducir defectos de fundici\u00f3n (como poros y retracciones) y mitigar el riesgo de fugas. Es especialmente adecuada para v\u00e1lvulas de alta presi\u00f3n de acero inoxidable y aleaciones.<\/p>\n<p>Fundici\u00f3n en arena: Adecuada para la producci\u00f3n en masa de v\u00e1lvulas de baja presi\u00f3n y gran escala. Por ejemplo, los cuerpos de v\u00e1lvulas de compuerta de baja presi\u00f3n para el suministro de agua municipal tienen formas relativamente simples (principalmente estructuras sim\u00e9tricas), grandes tiradas de producci\u00f3n y requisitos de precisi\u00f3n moderados. La fundici\u00f3n en arena ofrece ventajas significativas en t\u00e9rminos de bajo costo y alta capacidad de producci\u00f3n.<\/p>\n<p>Mecanizado CNC: Se centra en las zonas de contacto cr\u00edticas. Las bridas de la v\u00e1lvula y los di\u00e1metros del eje del v\u00e1stago deben alinearse con precisi\u00f3n con la tuber\u00eda o el actuador. Tras la fundici\u00f3n, se realizan fresados y rectificados CNC para garantizar tolerancias de planitud y perpendicularidad de \u22640,02 mm\/m, garantizando as\u00ed un ensamblaje herm\u00e9tico.<\/p>","protected":false},"excerpt":{"rendered":"<div class=\"Answser_answer_content__uOOYl Answser_answer_content_last__MAVKP\">\n<div class=\"markdown-body\">\n<p data-sourcepos=\"1:1-1:349\">El KF50 <a href=\"https:\/\/www.leierwocasting.com\/es\/categoria-producto\/vacuum-pump-accessories-kf\/\">Abrazadera de aleaci\u00f3n de aluminio<\/a> Es una herramienta de alto rendimiento dise\u00f1ada para aplicaciones industriales exigentes, que ofrece resistencia y precisi\u00f3n inigualables. Fabricada en aleaci\u00f3n de aluminio de primera calidad, la KF50 <a href=\"https:\/\/en.wikipedia.org\/wiki\/Aluminium_alloy\">Aleaci\u00f3n de aluminio<\/a> La abrazadera garantiza durabilidad, manejo liviano y resistencia a la corrosi\u00f3n, lo que la convierte en la mejor opci\u00f3n para profesionales de todo el mundo.<\/p>\n<\/div>\n<\/div>\n<div class=\"TurnCard_operation_l__GHp1k\">\n<div class=\"TurnCard_left_opts__iXG7K\">\n<div class=\"TurnCard_opt_btn__vRKug\"><\/div>\n<\/div>\n<\/div>","protected":false},"featured_media":704,"template":"","meta":{"_gspb_post_css":""},"product_brand":[],"product_cat":[28,34],"product_tag":[],"class_list":{"0":"post-703","1":"product","2":"type-product","3":"status-publish","4":"has-post-thumbnail","6":"product_cat-vacuum-pump-accessories-kf","7":"product_cat-valve-casting","9":"first","10":"instock","11":"shipping-taxable","12":"product-type-simple"},"_links":{"self":[{"href":"https:\/\/www.leierwocasting.com\/es\/wp-json\/wp\/v2\/product\/703","targetHints":{"allow":["GET"]}}],"collection":[{"href":"https:\/\/www.leierwocasting.com\/es\/wp-json\/wp\/v2\/product"}],"about":[{"href":"https:\/\/www.leierwocasting.com\/es\/wp-json\/wp\/v2\/types\/product"}],"wp:featuredmedia":[{"embeddable":true,"href":"https:\/\/www.leierwocasting.com\/es\/wp-json\/wp\/v2\/media\/704"}],"wp:attachment":[{"href":"https:\/\/www.leierwocasting.com\/es\/wp-json\/wp\/v2\/media?parent=703"}],"wp:term":[{"taxonomy":"product_brand","embeddable":true,"href":"https:\/\/www.leierwocasting.com\/es\/wp-json\/wp\/v2\/product_brand?post=703"},{"taxonomy":"product_cat","embeddable":true,"href":"https:\/\/www.leierwocasting.com\/es\/wp-json\/wp\/v2\/product_cat?post=703"},{"taxonomy":"product_tag","embeddable":true,"href":"https:\/\/www.leierwocasting.com\/es\/wp-json\/wp\/v2\/product_tag?post=703"}],"curies":[{"name":"wp","href":"https:\/\/api.w.org\/{rel}","templated":true}]}}