{"id":516,"date":"2025-02-27T02:27:20","date_gmt":"2025-02-27T02:27:20","guid":{"rendered":"https:\/\/leierwocasting.com\/?post_type=product&#038;p=516"},"modified":"2025-08-08T07:20:05","modified_gmt":"2025-08-08T07:20:05","slug":"drain-valve-assembly","status":"publish","type":"product","link":"https:\/\/www.leierwocasting.com\/es\/product\/drain-valve-assembly\/","title":{"rendered":"Conjunto de v\u00e1lvula de drenaje"},"content":{"rendered":"<p data-start=\"93\" data-end=\"518\">El <strong data-start=\"97\" data-end=\"121\">Conjunto de v\u00e1lvula de drenaje<\/strong> es un <strong data-start=\"127\" data-end=\"175\">precision-engineered fluid control component<\/strong> designed for both residential and light commercial plumbing systems. Manufactured with high-grade materials and tight machining tolerances, this assembly provides <strong data-start=\"339\" data-end=\"371\">reliable, leak-free drainage<\/strong> performance in a wide range of civil applications\u2014from household water discharge systems to HVAC condensate lines and utility plumbing frameworks.<\/p>\n<p data-start=\"520\" data-end=\"870\">Dise\u00f1ado para <strong data-start=\"535\" data-end=\"584\">long-term durability and corrosion resistance<\/strong>, it is built to withstand constant exposure to varying water qualities and pressure cycles. Its streamlined internal design allows for <strong data-start=\"746\" data-end=\"775\">efficient flow regulation<\/strong> and minimizes residue buildup, ensuring consistent operation and low maintenance requirements.<\/p>\n<p data-start=\"872\" data-end=\"1221\">Installation is straightforward thanks to its standardized dimensions and universal compatibility with most piping systems. Whether you are a professional plumber handling complex system retrofits or a homeowner managing routine maintenance, the <strong data-start=\"1118\" data-end=\"1142\">Conjunto de v\u00e1lvula de drenaje<\/strong> delivers the performance and dependability you need for hassle-free operation.<\/p>\n<p data-start=\"1223\" data-end=\"1560\">Cada <strong data-start=\"1228\" data-end=\"1252\">Conjunto de v\u00e1lvula de drenaje<\/strong> se somete <strong data-start=\"1263\" data-end=\"1291\">rigurosas pruebas de calidad<\/strong> and is backed by strict material traceability and manufacturing protocols, ensuring it meets or exceeds industry standards. Trusted by technicians, engineers, and DIY users alike, it stands as a <strong data-start=\"1487\" data-end=\"1524\">versatile and essential component<\/strong> for modern drainage infrastructure.<\/p>\n<ol>\n<li>M\u00e1s de 60 tipos de materiales, m\u00e1s de una docena de aleaciones y 70 tipos de n\u00fameros.<\/li>\n<li>Se pueden producir muchos productos, m\u00e1s de 3500 moldes de fundici\u00f3n de precisi\u00f3n y m\u00e1s de 1000 moldes de fundici\u00f3n en arena.<\/li>\n<li>Los accesorios de producci\u00f3n pueden ser grandes o peque\u00f1os.<\/li>\n<li>Se puede personalizar un solo producto de 50 kg.<\/li>\n<li>Hay varios hornos disponibles para seleccionar y se pueden producir piezas individuales de 50 kg a 850 kg.<\/li>\n<li>Con 20 a\u00f1os de experiencia y maestr\u00eda, ingres\u00f3 a la industria en la d\u00e9cada de 1980 y se convirti\u00f3 en el l\u00edder de la industria.<\/li>\n<li>Los productos son trazables y cada producto de horno tiene un certificado: 3.1 Certificado de material.<\/li>\n<li>Los clientes pueden solicitar a una agencia de pruebas de terceros que emita un certificado 3.2.<\/li>\n<li>Los productos de primera calidad procesados pueden ser objeto de un certificado de procesamiento.<\/li>\n<\/ol>\n<p data-start=\"960\" data-end=\"1454\">\n<hr \/>\n<p data-start=\"960\" data-end=\"1454\">\n<h3 data-start=\"960\" data-end=\"1454\">Ventajas de Leierwo en la fundici\u00f3n de piezas de precisi\u00f3n en la industria de fundici\u00f3n de v\u00e1lvulas<\/h3>\n<p>Leierwo lleva muchos a\u00f1os inmerso en el sector de la fundici\u00f3n de precisi\u00f3n, acumulando una amplia experiencia en la fabricaci\u00f3n de componentes para v\u00e1lvulas. La empresa se especializa en la producci\u00f3n de piezas fundidas de precisi\u00f3n de acero al carbono, acero aleado y acero inoxidable, materiales comunes en la industria de las v\u00e1lvulas. Mediante tecnolog\u00edas avanzadas como la fundici\u00f3n por fusi\u00f3n y los procesos de sol de s\u00edlice, la empresa logra el moldeo de alta precisi\u00f3n de piezas estructurales complejas, cumpliendo con los requisitos de rendimiento de las v\u00e1lvulas en condiciones de funcionamiento de alta temperatura, alta presi\u00f3n y resistencia a la corrosi\u00f3n. Adem\u00e1s, Leierwo prioriza la producci\u00f3n a medida seg\u00fan los planos del cliente, lo que le permite adaptar mejor las piezas fundidas de las v\u00e1lvulas a las necesidades espec\u00edficas del cliente, garantizando as\u00ed el sellado y la estabilidad estructural del producto.<\/p>\n<p>&nbsp;<\/p>\n<h3>Selecci\u00f3n del material principal<\/h3>\n<p>Las piezas fundidas para v\u00e1lvulas deben soportar condiciones de operaci\u00f3n complejas, como presi\u00f3n, temperatura y corrosi\u00f3n. Por lo tanto, la selecci\u00f3n del material debe priorizar la resistencia a la corrosi\u00f3n, la resistencia a altas temperaturas, la resistencia a la cavitaci\u00f3n y una buena procesabilidad. El acero inoxidable es la opci\u00f3n preferida debido a su excelente rendimiento general.<\/p>\n<p>Materiales comunes:<br \/>\nSerie de acero inoxidable:<br \/>\n316\/316L: La mejor opci\u00f3n, resistente a la corrosi\u00f3n de iones de cloruro, adecuado para entornos marinos, industrias qu\u00edmicas y petroleras. 304\/304L: Un material econ\u00f3mico adecuado para entornos corrosivos generales. 410: Acero inoxidable martens\u00edtico, con cierta resistencia a la corrosi\u00f3n, adecuado para v\u00e1lvulas de vapor de alta temperatura.<br \/>\n17-4PH: Acero inoxidable endurecido por precipitaci\u00f3n, de alta resistencia y resistencia a la corrosi\u00f3n, adecuado para v\u00e1lvulas de alto rendimiento.<\/p>\n<p>Serie de acero al carbono:<br \/>\nWCB (material general de acero al carbono): se utiliza com\u00fanmente para v\u00e1lvulas de uso general a temperatura ambiente.<br \/>\n4130: Adecuado para carcasas de v\u00e1lvulas de alta temperatura y alta presi\u00f3n.<br \/>\nSerie de aleaciones especiales (para entornos de alta corrosi\u00f3n y alta temperatura): Acero inoxidable d\u00faplex 2205: Excelente resistencia a la corrosi\u00f3n bajo tensi\u00f3n, ideal para las industrias marina y qu\u00edmica. Aleaci\u00f3n de cobalto (CoCr): como Co6 y Co12, ideal para superficies de sellado de v\u00e1lvulas con da\u00f1os severos por alta temperatura.<\/p>\n<p>&nbsp;<\/p>\n<h3>Opciones de servicio de casting de claves<\/h3>\n<p>Las v\u00e1lvulas tienen requisitos estrictos de sellado y resistencia a la presi\u00f3n, y la elecci\u00f3n del servicio de fundici\u00f3n afecta directamente su confiabilidad funcional:<\/p>\n<p>Fundici\u00f3n a la cera perdida: El m\u00e9todo preferido para v\u00e1lvulas de media y alta presi\u00f3n. Componentes como cuerpos de v\u00e1lvulas y asientos de sellado suelen contener cavidades internas complejas (como trayectorias de flujo curvas) y superficies de contacto precisas (p. ej., la rugosidad de la superficie de sellado debe ser \u2264 Ra1,6 \u00b5m). La fundici\u00f3n a la cera perdida permite replicar con precisi\u00f3n formas complejas, reducir defectos de fundici\u00f3n (como poros y retracciones) y mitigar el riesgo de fugas. Es especialmente adecuada para v\u00e1lvulas de alta presi\u00f3n de acero inoxidable y aleaciones.<\/p>\n<p>Fundici\u00f3n en arena: Adecuada para la producci\u00f3n en masa de v\u00e1lvulas de baja presi\u00f3n y gran escala. Por ejemplo, los cuerpos de v\u00e1lvulas de compuerta de baja presi\u00f3n para el suministro de agua municipal tienen formas relativamente simples (principalmente estructuras sim\u00e9tricas), grandes tiradas de producci\u00f3n y requisitos de precisi\u00f3n moderados. La fundici\u00f3n en arena ofrece ventajas significativas en t\u00e9rminos de bajo costo y alta capacidad de producci\u00f3n.<\/p>\n<p>Mecanizado CNC: Se centra en las zonas de contacto cr\u00edticas. Las bridas de la v\u00e1lvula y los di\u00e1metros del eje del v\u00e1stago deben alinearse con precisi\u00f3n con la tuber\u00eda o el actuador. Tras la fundici\u00f3n, se realizan fresados y rectificados CNC para garantizar tolerancias de planitud y perpendicularidad de \u22640,02 mm\/m, garantizando as\u00ed un ensamblaje herm\u00e9tico.<\/p>","protected":false},"excerpt":{"rendered":"<div class=\"Answser_answer_content__uOOYl Answser_answer_content_last__MAVKP\">\n<div class=\"markdown-body\">\n<p data-sourcepos=\"1:1-1:380\">El <a href=\"https:\/\/www.leierwocasting.com\/es\/categoria-producto\/valve-parts-for-civil-use\/\">Conjunto de v\u00e1lvula de drenaje<\/a> is a precision-engineered valve part for civil use, designed for efficient fluid control in residential and commercial systems. Built for durability and reliability, the Drain Valve Assembly ensures optimal performance in everyday applications. Trusted by professionals and homeowners alike, it\u2019s the ideal choice for seamless drainage solutions.<\/p>\n<\/div>\n<\/div>","protected":false},"featured_media":512,"template":"","meta":{"_gspb_post_css":""},"product_brand":[],"product_cat":[34,26],"product_tag":[],"class_list":{"0":"post-516","1":"product","2":"type-product","3":"status-publish","4":"has-post-thumbnail","6":"product_cat-valve-casting","7":"product_cat-valve-parts-for-civil-use","9":"first","10":"instock","11":"shipping-taxable","12":"product-type-simple"},"_links":{"self":[{"href":"https:\/\/www.leierwocasting.com\/es\/wp-json\/wp\/v2\/product\/516","targetHints":{"allow":["GET"]}}],"collection":[{"href":"https:\/\/www.leierwocasting.com\/es\/wp-json\/wp\/v2\/product"}],"about":[{"href":"https:\/\/www.leierwocasting.com\/es\/wp-json\/wp\/v2\/types\/product"}],"wp:featuredmedia":[{"embeddable":true,"href":"https:\/\/www.leierwocasting.com\/es\/wp-json\/wp\/v2\/media\/512"}],"wp:attachment":[{"href":"https:\/\/www.leierwocasting.com\/es\/wp-json\/wp\/v2\/media?parent=516"}],"wp:term":[{"taxonomy":"product_brand","embeddable":true,"href":"https:\/\/www.leierwocasting.com\/es\/wp-json\/wp\/v2\/product_brand?post=516"},{"taxonomy":"product_cat","embeddable":true,"href":"https:\/\/www.leierwocasting.com\/es\/wp-json\/wp\/v2\/product_cat?post=516"},{"taxonomy":"product_tag","embeddable":true,"href":"https:\/\/www.leierwocasting.com\/es\/wp-json\/wp\/v2\/product_tag?post=516"}],"curies":[{"name":"wp","href":"https:\/\/api.w.org\/{rel}","templated":true}]}}