{"id":513,"date":"2025-02-27T02:15:25","date_gmt":"2025-02-27T02:15:25","guid":{"rendered":"https:\/\/leierwocasting.com\/?post_type=product&#038;p=513"},"modified":"2025-08-08T07:22:45","modified_gmt":"2025-08-08T07:22:45","slug":"pressure-reducing-valve-body","status":"publish","type":"product","link":"https:\/\/www.leierwocasting.com\/es\/product\/pressure-reducing-valve-body\/","title":{"rendered":"Cuerpo de v\u00e1lvula reductora de presi\u00f3n"},"content":{"rendered":"<p data-start=\"108\" data-end=\"530\">El <strong data-start=\"112\" data-end=\"144\">Cuerpo de v\u00e1lvula reductora de presi\u00f3n<\/strong> es un <strong data-start=\"150\" data-end=\"177\">elemento estructural central<\/strong> En sistemas de control de fluidos modernos, dise\u00f1ados espec\u00edficamente para <strong data-start=\"229\" data-end=\"260\">regulaci\u00f3n precisa de la presi\u00f3n<\/strong> en ambos <strong data-start=\"269\" data-end=\"284\">Residencial<\/strong> y <strong data-start=\"289\" data-end=\"328\">infraestructuras de fontaner\u00eda comercial<\/strong>Este componente juega un papel crucial en el mantenimiento <strong data-start=\"381\" data-end=\"420\">Presi\u00f3n aguas abajo segura y estable<\/strong>, independientemente de las fluctuaciones aguas arriba, lo que prolonga la vida \u00fatil de las tuber\u00edas, accesorios y electrodom\u00e9sticos.<\/p>\n<p data-start=\"532\" data-end=\"1113\">Fabricado a partir de <strong data-start=\"550\" data-end=\"595\">aleaciones de alta resistencia y resistentes a la corrosi\u00f3n<\/strong>, el <strong data-start=\"601\" data-end=\"633\">Cuerpo de v\u00e1lvula reductora de presi\u00f3n<\/strong> Est\u00e1 dise\u00f1ado para soportar la exposici\u00f3n continua a cargas de presi\u00f3n variables, cambios de temperatura y condiciones de calidad del agua. La geometr\u00eda de su c\u00e1mara interna est\u00e1 cuidadosamente dise\u00f1ada para... <strong data-start=\"813\" data-end=\"836\">minimizar la turbulencia<\/strong> y apoyo <strong data-start=\"849\" data-end=\"873\">flujo laminar suave<\/strong>, garantizando un rendimiento consistente con <strong data-start=\"912\" data-end=\"943\">m\u00ednimo ruido y vibraci\u00f3n<\/strong>Esto lo hace ideal para aplicaciones sensibles a la presi\u00f3n, como sistemas de suministro de agua dom\u00e9sticos, redes HVAC, tuber\u00edas de riego y distribuci\u00f3n de servicios p\u00fablicos industriales.<\/p>\n<p data-start=\"1115\" data-end=\"1569\">El <strong data-start=\"1119\" data-end=\"1151\">Cuerpo de v\u00e1lvula reductora de presi\u00f3n<\/strong> Es compatible con una amplia variedad de componentes internos de v\u00e1lvulas (de resorte, de diafragma o accionadas por piloto), lo que permite su integraci\u00f3n en diferentes sistemas de control, manteniendo al mismo tiempo una alta integridad de sellado y una respuesta precisa. Ya sea instalado en edificios residenciales de baja altura o en entornos comerciales de alta demanda, este componente garantiza... <strong data-start=\"1512\" data-end=\"1542\">funcionamiento energ\u00e9ticamente eficiente<\/strong> y confiabilidad a largo plazo.<\/p>\n<p data-start=\"1571\" data-end=\"1939\">Cada <strong data-start=\"1576\" data-end=\"1608\">Cuerpo de v\u00e1lvula reductora de presi\u00f3n<\/strong> se produce bajo <strong data-start=\"1627\" data-end=\"1653\">estricto control de calidad<\/strong> Se somete a pruebas de presi\u00f3n, verificaci\u00f3n dimensional y trazabilidad completa del material. Certificado para cumplir con los est\u00e1ndares de rendimiento pertinentes, es una soluci\u00f3n confiable entre profesionales de plomer\u00eda, ingenieros de instalaciones y propietarios de viviendas que buscan... <strong data-start=\"1899\" data-end=\"1938\">Gesti\u00f3n de presi\u00f3n estable y segura<\/strong>.<\/p>\n<p data-start=\"1941\" data-end=\"2166\">Con su combinaci\u00f3n de <strong data-start=\"1965\" data-end=\"2021\">Durabilidad, compatibilidad y precisi\u00f3n de rendimiento<\/strong>, el <strong data-start=\"2027\" data-end=\"2059\">Cuerpo de v\u00e1lvula reductora de presi\u00f3n<\/strong> Es una parte esencial de cualquier sistema de distribuci\u00f3n de fluidos donde la seguridad, la eficiencia y el control son primordiales.<\/p>\n<ol>\n<li>M\u00e1s de 60 tipos de materiales, m\u00e1s de una docena de aleaciones y 70 tipos de n\u00fameros.<\/li>\n<li>Se pueden producir muchos productos, m\u00e1s de 3500 moldes de fundici\u00f3n de precisi\u00f3n y m\u00e1s de 1000 moldes de fundici\u00f3n en arena.<\/li>\n<li>Los accesorios de producci\u00f3n pueden ser grandes o peque\u00f1os.<\/li>\n<li>Se puede personalizar un solo producto de 50 kg.<\/li>\n<li>Hay varios hornos disponibles para seleccionar y se pueden producir piezas individuales de 50 kg a 850 kg.<\/li>\n<li>Con 20 a\u00f1os de experiencia y maestr\u00eda, ingres\u00f3 a la industria en la d\u00e9cada de 1980 y se convirti\u00f3 en el l\u00edder de la industria.<\/li>\n<li>Los productos son trazables y cada producto de horno tiene un certificado: 3.1 Certificado de material.<\/li>\n<li>Los clientes pueden solicitar a una agencia de pruebas de terceros que emita un certificado 3.2.<\/li>\n<li>Los productos de primera calidad procesados pueden ser objeto de un certificado de procesamiento.<\/li>\n<\/ol>\n<hr \/>\n<h3 data-start=\"960\" data-end=\"1454\">Ventajas de Leierwo en la fundici\u00f3n de piezas de precisi\u00f3n en la industria de fundici\u00f3n de v\u00e1lvulas<\/h3>\n<p>Leierwo lleva muchos a\u00f1os inmerso en el sector de la fundici\u00f3n de precisi\u00f3n, acumulando una amplia experiencia en la fabricaci\u00f3n de componentes para v\u00e1lvulas. La empresa se especializa en la producci\u00f3n de piezas fundidas de precisi\u00f3n de acero al carbono, acero aleado y acero inoxidable, materiales comunes en la industria de las v\u00e1lvulas. Mediante tecnolog\u00edas avanzadas como la fundici\u00f3n por fusi\u00f3n y los procesos de sol de s\u00edlice, la empresa logra el moldeo de alta precisi\u00f3n de piezas estructurales complejas, cumpliendo con los requisitos de rendimiento de las v\u00e1lvulas en condiciones de funcionamiento de alta temperatura, alta presi\u00f3n y resistencia a la corrosi\u00f3n. Adem\u00e1s, Leierwo prioriza la producci\u00f3n a medida seg\u00fan los planos del cliente, lo que le permite adaptar mejor las piezas fundidas de las v\u00e1lvulas a las necesidades espec\u00edficas del cliente, garantizando as\u00ed el sellado y la estabilidad estructural del producto.<\/p>\n<p>&nbsp;<\/p>\n<h3>Selecci\u00f3n del material principal<\/h3>\n<p>Las piezas fundidas para v\u00e1lvulas deben soportar condiciones de operaci\u00f3n complejas, como presi\u00f3n, temperatura y corrosi\u00f3n. Por lo tanto, la selecci\u00f3n del material debe priorizar la resistencia a la corrosi\u00f3n, la resistencia a altas temperaturas, la resistencia a la cavitaci\u00f3n y una buena procesabilidad. El acero inoxidable es la opci\u00f3n preferida debido a su excelente rendimiento general.<\/p>\n<p>Materiales comunes:<br \/>\nSerie de acero inoxidable:<br \/>\n316\/316L: La mejor opci\u00f3n, resistente a la corrosi\u00f3n de iones de cloruro, adecuado para entornos marinos, industrias qu\u00edmicas y petroleras. 304\/304L: Un material econ\u00f3mico adecuado para entornos corrosivos generales. 410: Acero inoxidable martens\u00edtico, con cierta resistencia a la corrosi\u00f3n, adecuado para v\u00e1lvulas de vapor de alta temperatura.<br \/>\n17-4PH: Acero inoxidable endurecido por precipitaci\u00f3n, de alta resistencia y resistencia a la corrosi\u00f3n, adecuado para v\u00e1lvulas de alto rendimiento.<\/p>\n<p>Serie de acero al carbono:<br \/>\nWCB (material general de acero al carbono): se utiliza com\u00fanmente para v\u00e1lvulas de uso general a temperatura ambiente.<br \/>\n4130: Adecuado para carcasas de v\u00e1lvulas de alta temperatura y alta presi\u00f3n.<br \/>\nSerie de aleaciones especiales (para entornos de alta corrosi\u00f3n y alta temperatura): Acero inoxidable d\u00faplex 2205: Excelente resistencia a la corrosi\u00f3n bajo tensi\u00f3n, ideal para las industrias marina y qu\u00edmica. Aleaci\u00f3n de cobalto (CoCr): como Co6 y Co12, ideal para superficies de sellado de v\u00e1lvulas con da\u00f1os severos por alta temperatura.<\/p>\n<p>&nbsp;<\/p>\n<h3>Opciones de servicio de casting de claves<\/h3>\n<p>Las v\u00e1lvulas tienen requisitos estrictos de sellado y resistencia a la presi\u00f3n, y la elecci\u00f3n del servicio de fundici\u00f3n afecta directamente su confiabilidad funcional:<\/p>\n<p>Fundici\u00f3n a la cera perdida: El m\u00e9todo preferido para v\u00e1lvulas de media y alta presi\u00f3n. Componentes como cuerpos de v\u00e1lvulas y asientos de sellado suelen contener cavidades internas complejas (como trayectorias de flujo curvas) y superficies de contacto precisas (p. ej., la rugosidad de la superficie de sellado debe ser \u2264 Ra1,6 \u00b5m). La fundici\u00f3n a la cera perdida permite replicar con precisi\u00f3n formas complejas, reducir defectos de fundici\u00f3n (como poros y retracciones) y mitigar el riesgo de fugas. Es especialmente adecuada para v\u00e1lvulas de alta presi\u00f3n de acero inoxidable y aleaciones.<\/p>\n<p>Fundici\u00f3n en arena: Adecuada para la producci\u00f3n en masa de v\u00e1lvulas de baja presi\u00f3n y gran escala. Por ejemplo, los cuerpos de v\u00e1lvulas de compuerta de baja presi\u00f3n para el suministro de agua municipal tienen formas relativamente simples (principalmente estructuras sim\u00e9tricas), grandes tiradas de producci\u00f3n y requisitos de precisi\u00f3n moderados. La fundici\u00f3n en arena ofrece ventajas significativas en t\u00e9rminos de bajo costo y alta capacidad de producci\u00f3n.<\/p>\n<p>Mecanizado CNC: Se centra en las zonas de contacto cr\u00edticas. Las bridas de la v\u00e1lvula y los di\u00e1metros del eje del v\u00e1stago deben alinearse con precisi\u00f3n con la tuber\u00eda o el actuador. Tras la fundici\u00f3n, se realizan fresados y rectificados CNC para garantizar tolerancias de planitud y perpendicularidad de \u22640,02 mm\/m, garantizando as\u00ed un ensamblaje herm\u00e9tico.<\/p>","protected":false},"excerpt":{"rendered":"<p>El <a href=\"https:\/\/www.leierwocasting.com\/es\/categoria-producto\/valve-parts-for-civil-use\/\">Cuerpo de v\u00e1lvula reductora de presi\u00f3n<\/a> Es un componente esencial para uso civil, dise\u00f1ado para garantizar un control de presi\u00f3n preciso y confiable en sistemas residenciales y comerciales. Dise\u00f1ado para brindar durabilidad y eficiencia, el cuerpo de la v\u00e1lvula reductora de presi\u00f3n ofrece un rendimiento \u00f3ptimo para mantener niveles de presi\u00f3n seguros. Con la confianza de profesionales y propietarios de viviendas, es la opci\u00f3n ideal para soluciones integrales de gesti\u00f3n de presi\u00f3n.<\/p>","protected":false},"featured_media":509,"template":"","meta":{"_gspb_post_css":""},"product_brand":[],"product_cat":[34,26],"product_tag":[],"class_list":{"0":"post-513","1":"product","2":"type-product","3":"status-publish","4":"has-post-thumbnail","6":"product_cat-valve-casting","7":"product_cat-valve-parts-for-civil-use","9":"first","10":"instock","11":"shipping-taxable","12":"product-type-simple"},"_links":{"self":[{"href":"https:\/\/www.leierwocasting.com\/es\/wp-json\/wp\/v2\/product\/513","targetHints":{"allow":["GET"]}}],"collection":[{"href":"https:\/\/www.leierwocasting.com\/es\/wp-json\/wp\/v2\/product"}],"about":[{"href":"https:\/\/www.leierwocasting.com\/es\/wp-json\/wp\/v2\/types\/product"}],"wp:featuredmedia":[{"embeddable":true,"href":"https:\/\/www.leierwocasting.com\/es\/wp-json\/wp\/v2\/media\/509"}],"wp:attachment":[{"href":"https:\/\/www.leierwocasting.com\/es\/wp-json\/wp\/v2\/media?parent=513"}],"wp:term":[{"taxonomy":"product_brand","embeddable":true,"href":"https:\/\/www.leierwocasting.com\/es\/wp-json\/wp\/v2\/product_brand?post=513"},{"taxonomy":"product_cat","embeddable":true,"href":"https:\/\/www.leierwocasting.com\/es\/wp-json\/wp\/v2\/product_cat?post=513"},{"taxonomy":"product_tag","embeddable":true,"href":"https:\/\/www.leierwocasting.com\/es\/wp-json\/wp\/v2\/product_tag?post=513"}],"curies":[{"name":"wp","href":"https:\/\/api.w.org\/{rel}","templated":true}]}}