{"id":505,"date":"2025-02-27T02:02:02","date_gmt":"2025-02-27T02:02:02","guid":{"rendered":"https:\/\/leierwocasting.com\/?post_type=product&#038;p=505"},"modified":"2025-08-08T06:24:41","modified_gmt":"2025-08-08T06:24:41","slug":"intake-manifold","status":"publish","type":"product","link":"https:\/\/www.leierwocasting.com\/es\/product\/intake-manifold\/","title":{"rendered":"Colector de admisi\u00f3n"},"content":{"rendered":"<p data-start=\"140\" data-end=\"566\">Libere todo el potencial de su motor con nuestro <strong data-start=\"185\" data-end=\"225\">Colector de admisi\u00f3n de ingenier\u00eda de precisi\u00f3n<\/strong>, dise\u00f1ado para optimizar <strong data-start=\"248\" data-end=\"268\">din\u00e1mica del flujo de aire<\/strong> y aumentar <strong data-start=\"279\" data-end=\"304\">eficiencia de combusti\u00f3n<\/strong> en una amplia gama de tipos de veh\u00edculos. Dise\u00f1ado para aplicaciones de alto rendimiento, el <strong data-start=\"390\" data-end=\"409\">Colector de admisi\u00f3n<\/strong> garantiza una distribuci\u00f3n precisa del aire a cada cilindro, lo que da como resultado <strong data-start=\"478\" data-end=\"508\">respuesta mejorada del acelerador<\/strong>, <strong data-start=\"510\" data-end=\"534\">mayor potencia<\/strong>, y <strong data-start=\"540\" data-end=\"565\">econom\u00eda de combustible mejorada<\/strong>.<\/p>\n<p data-start=\"568\" data-end=\"1003\">Fabricado a partir de <strong data-start=\"586\" data-end=\"623\">materiales duraderos y resistentes al calor<\/strong> Como aluminio fundido o compuestos reforzados, este componente est\u00e1 dise\u00f1ado para soportar <strong data-start=\"709\" data-end=\"728\">ciclo t\u00e9rmico<\/strong>, <strong data-start=\"730\" data-end=\"743\">vibraci\u00f3n<\/strong>, y <strong data-start=\"749\" data-end=\"774\">altas presiones de admisi\u00f3n<\/strong> Tanto en motores de aspiraci\u00f3n natural como turboalimentados. Los canales internos son <strong data-start=\"854\" data-end=\"883\">aerodin\u00e1micamente optimizado<\/strong> para reducir la turbulencia y la p\u00e9rdida de aire, garantizando un volumen y una velocidad de aire constantes incluso en condiciones de conducci\u00f3n exigentes.<\/p>\n<p data-start=\"1005\" data-end=\"1507\">Cada <strong data-start=\"1010\" data-end=\"1029\">Colector de admisi\u00f3n<\/strong> est\u00e1 dise\u00f1ado para cumplir con estrictas tolerancias dimensionales, lo que proporciona una <strong data-start=\"1095\" data-end=\"1125\">Ajuste perfecto compatible con OEM<\/strong> Para una f\u00e1cil instalaci\u00f3n y un sellado confiable. Ya sea que est\u00e9 mejorando su rendimiento, reemplazando una pieza desgastada de f\u00e1brica o personalizando un motor modificado, nuestro colector est\u00e1 dise\u00f1ado para brindar... <strong data-start=\"1316\" data-end=\"1360\">Durabilidad y estabilidad de potencia inigualables<\/strong>. Es compatible con una amplia variedad de juntas, sensores y hardware de montaje, lo que lo hace adecuado tanto para plataformas de motor est\u00e1ndar como modificadas.<\/p>\n<p data-start=\"1509\" data-end=\"1835\">Con la confianza de <strong data-start=\"1520\" data-end=\"1597\">T\u00e9cnicos automotrices, profesionales de las carreras y entusiastas del rendimiento.<\/strong>, el <strong data-start=\"1603\" data-end=\"1622\">Colector de admisi\u00f3n<\/strong> se somete a procedimientos integrales de control de calidad que incluyen <strong data-start=\"1684\" data-end=\"1747\">Pruebas de fugas, an\u00e1lisis t\u00e9rmico y verificaci\u00f3n en banco de flujo<\/strong>. Esto garantiza un rendimiento constante y confiabilidad a largo plazo en todas las aplicaciones.<\/p>\n<p data-start=\"1837\" data-end=\"2014\">Elige nuestro <strong data-start=\"1848\" data-end=\"1867\">Colector de admisi\u00f3n<\/strong> para elevar la potencia del motor, mantener la integridad del sistema y lograr la precisi\u00f3n del flujo de aire que su veh\u00edculo exige, ya sea en la calle o en la pista.<\/p>\n<p>&nbsp;<\/p>\n<ol>\n<li>M\u00e1s de 60 tipos de materiales, m\u00e1s de una docena de aleaciones y 70 tipos de n\u00fameros.<\/li>\n<li>Se pueden producir muchos productos, m\u00e1s de 3500 moldes de fundici\u00f3n de precisi\u00f3n y m\u00e1s de 1000 moldes de fundici\u00f3n en arena.<\/li>\n<li>Los accesorios de producci\u00f3n pueden ser grandes o peque\u00f1os.<\/li>\n<li>Se puede personalizar un solo producto de 50 kg.<\/li>\n<li>Hay varios hornos disponibles para seleccionar y se pueden producir piezas individuales de 50 kg a 850 kg.<\/li>\n<li>Con 20 a\u00f1os de experiencia y maestr\u00eda, ingres\u00f3 a la industria en la d\u00e9cada de 1980 y se convirti\u00f3 en el l\u00edder de la industria.<\/li>\n<li>Los productos son trazables y cada producto de horno tiene un certificado: 3.1 Certificado de material.<\/li>\n<li>Los clientes pueden solicitar a una agencia de pruebas de terceros que emita un certificado 3.2.<\/li>\n<li>Los productos de primera calidad procesados pueden ser objeto de un certificado de procesamiento.<\/li>\n<\/ol>\n<p>&nbsp;<\/p>\n<hr \/>\n<h3><\/h3>\n<h3>Ventajas de Leierwo en la fundici\u00f3n de piezas de precisi\u00f3n en la industria automotriz<\/h3>\n<p>Leierwo, con su sistema de gesti\u00f3n de calidad certificado seg\u00fan las normas ISO 9001 e IATF 16949, cumple con los estrictos requisitos de la industria automotriz en cuanto a rendimiento constante y control de calidad. Su capacidad de fundici\u00f3n para materiales como acero aleado y acero al carbono la hace id\u00f3nea para la fabricaci\u00f3n de piezas clave como soportes de motor, carcasas de transmisi\u00f3n y componentes del sistema de frenos. Adem\u00e1s, la empresa cuenta con capacidades de mecanizado CNC, lo que permite el posterior procesamiento de piezas fundidas de precisi\u00f3n para mejorar la precisi\u00f3n dimensional y la compatibilidad del ensamblaje, cumpliendo as\u00ed con los altos est\u00e1ndares de procesamiento de los componentes automotrices.<\/p>\n<p>&nbsp;<\/p>\n<h3>Selecci\u00f3n del material principal<\/h3>\n<p>Las piezas automotrices requieren materiales con excelente resistencia, tenacidad, resistencia a la fatiga, soldabilidad y cierto grado de resistencia a la corrosi\u00f3n, adem\u00e1s de un equilibrio entre ligereza y rentabilidad. En la fundici\u00f3n de precisi\u00f3n, el acero al carbono y los aceros aleados se utilizan ampliamente debido a sus excelentes propiedades mec\u00e1nicas y maquinabilidad.<\/p>\n<p>Materiales comunes:<br \/>\nSerie de acero al carbono:<br \/>\n1045: Excelente resistencia y tenacidad, adecuado para piezas estructurales como ejes y bielas.<br \/>\n4130: Una aleaci\u00f3n de cromo-molibdeno con excelentes propiedades de tratamiento t\u00e9rmico, adecuada para componentes de alta resistencia y resistentes a la fatiga, como sistemas de suspensi\u00f3n y ejes de transmisi\u00f3n.<\/p>\n<p>Serie de acero aleado:<br \/>\n42CrMo (AISI 4140): Alta resistencia y tenacidad, adecuado para componentes clave como engranajes, cig\u00fce\u00f1ales y \u00e1rboles de levas.<br \/>\n35CrMo: Similar al 42CrMo, pero con un contenido de carbono ligeramente menor, adecuado para componentes que requieren excelentes propiedades de soldadura.<br \/>\n4140: Ampliamente utilizado en piezas automotrices de servicio pesado, como ejes y componentes de chasis.<br \/>\nSerie de acero inoxidable (para componentes espec\u00edficos)<br \/>\n304L\/316L: Se utiliza en componentes que requieren alta resistencia a la corrosi\u00f3n, como sistemas de escape y sistemas de combustible.<\/p>\n<p>&nbsp;<\/p>\n<h3>Opciones de servicio de casting de claves<\/h3>\n<p>La industria de autopartes debe encontrar un equilibrio entre la capacidad de producci\u00f3n en masa, los requisitos de precisi\u00f3n y el control de costos al elegir los servicios de fundici\u00f3n. Tres categor\u00edas de servicios tienen cada una su propio enfoque:<\/p>\n<p>Fundici\u00f3n en arena: Esta es la opci\u00f3n m\u00e1s com\u00fan para piezas de automoci\u00f3n. Las piezas de automoci\u00f3n suelen producirse en masa (p. ej., bloques de motor, soportes de chasis y cubos de rueda). Estas piezas tienen formas relativamente regulares (sin cavidades internas excesivamente complejas ni superficies curvas). La fundici\u00f3n en arena permite una producci\u00f3n en masa eficiente a bajo coste, satisfaciendo as\u00ed la demanda de la industria automotriz de una &quot;estandarizaci\u00f3n a gran escala&quot;.<\/p>\n<p>Fundici\u00f3n a la cera perdida: Es adecuada para piezas cr\u00edticas de alta precisi\u00f3n y formas complejas, como \u00e1labes de turbocompresores y engranajes de transmisi\u00f3n. Estas piezas deben soportar altas temperaturas y presiones, y requieren una precisi\u00f3n dimensional (p. ej., curvatura de \u00e1labes) y un acabado superficial extremadamente altos. La capacidad de la fundici\u00f3n a la cera perdida para obtener una forma casi final reduce el mecanizado posterior y garantiza un rendimiento constante.<\/p>\n<p>Mecanizado CNC: Este m\u00e9todo sirve como complemento de precisi\u00f3n a la fundici\u00f3n. Los componentes principales de automoci\u00f3n (como cig\u00fce\u00f1ales y bielas) requieren un estricto control de tolerancias dimensionales (como una tolerancia del di\u00e1metro del eje de +0,01 mm). Tras la fundici\u00f3n en arena o de inversi\u00f3n, las superficies clave (como los orificios de conexi\u00f3n y las ranuras de posicionamiento) se mecanizan con precisi\u00f3n mediante mecanizado CNC para garantizar la precisi\u00f3n del ensamblaje y la estabilidad operativa.<\/p>","protected":false},"excerpt":{"rendered":"<div class=\"Answser_answer_content__uOOYl Answser_answer_content_last__MAVKP\">\n<div class=\"markdown-body\">\n<p data-sourcepos=\"1:1-1:285\">Optimice el rendimiento de su motor con nuestro colector de admisi\u00f3n de alta calidad, dise\u00f1ado para un flujo de aire y una eficiencia superiores. Este duradero... <a href=\"https:\/\/www.leierwocasting.com\/es\/categoria-producto\/auto-parts\/\">Colector de admisi\u00f3n<\/a> Garantiza un ajuste perfecto para mayor potencia y fiabilidad. Conf\u00ede en nuestra soluci\u00f3n para un rendimiento inigualable para su veh\u00edculo.<\/p>\n<\/div>\n<\/div>\n<div class=\"TurnCard_operation_l__GHp1k\">\n<div class=\"TurnCard_left_opts__iXG7K\">\n<div class=\"TurnCard_opt_btn__vRKug\"><\/div>\n<\/div>\n<\/div>","protected":false},"featured_media":503,"template":"","meta":{"_gspb_post_css":""},"product_brand":[],"product_cat":[25,33],"product_tag":[],"class_list":{"0":"post-505","1":"product","2":"type-product","3":"status-publish","4":"has-post-thumbnail","6":"product_cat-auto-parts","7":"product_cat-automobile-manufacturing","9":"first","10":"instock","11":"shipping-taxable","12":"product-type-simple"},"_links":{"self":[{"href":"https:\/\/www.leierwocasting.com\/es\/wp-json\/wp\/v2\/product\/505","targetHints":{"allow":["GET"]}}],"collection":[{"href":"https:\/\/www.leierwocasting.com\/es\/wp-json\/wp\/v2\/product"}],"about":[{"href":"https:\/\/www.leierwocasting.com\/es\/wp-json\/wp\/v2\/types\/product"}],"wp:featuredmedia":[{"embeddable":true,"href":"https:\/\/www.leierwocasting.com\/es\/wp-json\/wp\/v2\/media\/503"}],"wp:attachment":[{"href":"https:\/\/www.leierwocasting.com\/es\/wp-json\/wp\/v2\/media?parent=505"}],"wp:term":[{"taxonomy":"product_brand","embeddable":true,"href":"https:\/\/www.leierwocasting.com\/es\/wp-json\/wp\/v2\/product_brand?post=505"},{"taxonomy":"product_cat","embeddable":true,"href":"https:\/\/www.leierwocasting.com\/es\/wp-json\/wp\/v2\/product_cat?post=505"},{"taxonomy":"product_tag","embeddable":true,"href":"https:\/\/www.leierwocasting.com\/es\/wp-json\/wp\/v2\/product_tag?post=505"}],"curies":[{"name":"wp","href":"https:\/\/api.w.org\/{rel}","templated":true}]}}