{"id":498,"date":"2025-02-27T01:47:20","date_gmt":"2025-02-27T01:47:20","guid":{"rendered":"https:\/\/leierwocasting.com\/?post_type=product&#038;p=498"},"modified":"2025-08-08T06:33:30","modified_gmt":"2025-08-08T06:33:30","slug":"angle-joint","status":"publish","type":"product","link":"https:\/\/www.leierwocasting.com\/es\/product\/angle-joint\/","title":{"rendered":"Articulaci\u00f3n angular"},"content":{"rendered":"<p data-start=\"113\" data-end=\"611\">Logre conexiones s\u00f3lidas, estables y dise\u00f1adas con precisi\u00f3n con nuestros <strong data-start=\"183\" data-end=\"211\">Junta angular de alta calidad<\/strong>, dise\u00f1ado espec\u00edficamente para satisfacer las demandas de <strong data-start=\"258\" data-end=\"315\">Aplicaciones industriales, mec\u00e1nicas y de construcci\u00f3n<\/strong>Dise\u00f1ado para <strong data-start=\"332\" data-end=\"381\">integridad estructural y durabilidad a largo plazo<\/strong>, el <strong data-start=\"387\" data-end=\"402\">Articulaci\u00f3n angular<\/strong> sirve como un componente cr\u00edtico para conectar piezas en \u00e1ngulos fijos o ajustables, lo que garantiza <strong data-start=\"494\" data-end=\"519\">resistencia a la carga<\/strong>, <strong data-start=\"521\" data-end=\"544\">precisi\u00f3n posicional<\/strong>, y <strong data-start=\"550\" data-end=\"574\">resistencia a la vibraci\u00f3n<\/strong> en una amplia gama de entornos.<\/p>\n<p data-start=\"613\" data-end=\"1012\">Fabricado con <strong data-start=\"632\" data-end=\"659\">materiales de alta resistencia<\/strong> como acero al carbono, acero inoxidable o aleaci\u00f3n de aluminio reforzado, cada uno <strong data-start=\"734\" data-end=\"749\">Articulaci\u00f3n angular<\/strong> ofrece una excelente resistencia a <strong data-start=\"781\" data-end=\"826\">corrosi\u00f3n, fatiga y estr\u00e9s mec\u00e1nico<\/strong>El mecanizado de precisi\u00f3n y los tratamientos de superficie, como el galvanizado o el recubrimiento en polvo, mejoran la resistencia al desgaste y prolongan la vida \u00fatil, incluso en condiciones exteriores adversas o de alta humedad.<\/p>\n<p data-start=\"1014\" data-end=\"1417\">Ya sea que se utilice en <strong data-start=\"1030\" data-end=\"1107\">estructuras de acero, sistemas de tuber\u00edas, bastidores de maquinaria o conjuntos modulares<\/strong>, el <strong data-start=\"1113\" data-end=\"1128\">Articulaci\u00f3n angular<\/strong> est\u00e1 dise\u00f1ado para proporcionar <strong data-start=\"1152\" data-end=\"1186\">fijaci\u00f3n y alineaci\u00f3n seguras<\/strong> Sin comprometer la flexibilidad ni la distribuci\u00f3n de la carga. Su versatilidad le permite adaptarse tanto a montajes permanentes como semipermanentes, lo que lo hace ideal para estructuras din\u00e1micas que requieren ajustes o desmontajes peri\u00f3dicos.<\/p>\n<p data-start=\"1419\" data-end=\"1699\">La instalaci\u00f3n es sencilla y es compatible con sujetadores, placas de montaje y conexiones roscadas est\u00e1ndar. La uni\u00f3n <strong data-start=\"1553\" data-end=\"1590\">geometr\u00eda y dise\u00f1o de refuerzo<\/strong> Aseg\u00farese de que las fuerzas axiales y laterales se distribuyan uniformemente, evitando deformaciones o fallas bajo tensi\u00f3n.<\/p>\n<p data-start=\"1701\" data-end=\"1937\">Con la confianza de ingenieros estructurales, dise\u00f1adores mec\u00e1nicos e instaladores de campo, el <strong data-start=\"1782\" data-end=\"1797\">Articulaci\u00f3n angular<\/strong> se destaca como un <strong data-start=\"1814\" data-end=\"1835\">soluci\u00f3n confiable<\/strong> para lograr <strong data-start=\"1850\" data-end=\"1936\">Alineaci\u00f3n angular precisa, estabilidad de conexi\u00f3n a largo plazo y seguridad general del sistema<\/strong>.<\/p>\n<p>&nbsp;<\/p>\n<ol>\n<li>M\u00e1s de 60 tipos de materiales, m\u00e1s de una docena de aleaciones y 70 tipos de n\u00fameros.<\/li>\n<li>Se pueden producir muchos productos, m\u00e1s de 3500 moldes de fundici\u00f3n de precisi\u00f3n y m\u00e1s de 1000 moldes de fundici\u00f3n en arena.<\/li>\n<li>Los accesorios de producci\u00f3n pueden ser grandes o peque\u00f1os.<\/li>\n<li>Se puede personalizar un solo producto de 50 kg.<\/li>\n<li>Hay varios hornos disponibles para seleccionar y se pueden producir piezas individuales de 50 kg a 850 kg.<\/li>\n<li>Con 20 a\u00f1os de experiencia y maestr\u00eda, ingres\u00f3 a la industria en la d\u00e9cada de 1980 y se convirti\u00f3 en el l\u00edder de la industria.<\/li>\n<li>Los productos son trazables y cada producto de horno tiene un certificado: 3.1 Certificado de material.<\/li>\n<li>Los clientes pueden solicitar a una agencia de pruebas de terceros que emita un certificado 3.2.<\/li>\n<li>Los productos de primera calidad procesados pueden ser objeto de un certificado de procesamiento.<\/li>\n<\/ol>\n<h3><\/h3>\n<hr \/>\n<p>&nbsp;<\/p>\n<h3>Ventajas de Leierwo en la fundici\u00f3n de piezas de precisi\u00f3n en la industria automotriz<\/h3>\n<p>Leierwo, con su sistema de gesti\u00f3n de calidad certificado seg\u00fan las normas ISO 9001 e IATF 16949, cumple con los estrictos requisitos de la industria automotriz en cuanto a rendimiento constante y control de calidad. Su capacidad de fundici\u00f3n para materiales como acero aleado y acero al carbono la hace id\u00f3nea para la fabricaci\u00f3n de piezas clave como soportes de motor, carcasas de transmisi\u00f3n y componentes del sistema de frenos. Adem\u00e1s, la empresa cuenta con capacidades de mecanizado CNC, lo que permite el posterior procesamiento de piezas fundidas de precisi\u00f3n para mejorar la precisi\u00f3n dimensional y la compatibilidad del ensamblaje, cumpliendo as\u00ed con los altos est\u00e1ndares de procesamiento de los componentes automotrices.<\/p>\n<p>&nbsp;<\/p>\n<h3>Selecci\u00f3n del material principal<\/h3>\n<p>Las piezas automotrices requieren materiales con excelente resistencia, tenacidad, resistencia a la fatiga, soldabilidad y cierto grado de resistencia a la corrosi\u00f3n, adem\u00e1s de un equilibrio entre ligereza y rentabilidad. En la fundici\u00f3n de precisi\u00f3n, el acero al carbono y los aceros aleados se utilizan ampliamente debido a sus excelentes propiedades mec\u00e1nicas y maquinabilidad.<\/p>\n<p>Materiales comunes:<br \/>\nSerie de acero al carbono:<br \/>\n1045: Excelente resistencia y tenacidad, adecuado para piezas estructurales como ejes y bielas.<br \/>\n4130: Una aleaci\u00f3n de cromo-molibdeno con excelentes propiedades de tratamiento t\u00e9rmico, adecuada para componentes de alta resistencia y resistentes a la fatiga, como sistemas de suspensi\u00f3n y ejes de transmisi\u00f3n.<\/p>\n<p>Serie de acero aleado:<br \/>\n42CrMo (AISI 4140): Alta resistencia y tenacidad, adecuado para componentes clave como engranajes, cig\u00fce\u00f1ales y \u00e1rboles de levas.<br \/>\n35CrMo: Similar al 42CrMo, pero con un contenido de carbono ligeramente menor, adecuado para componentes que requieren excelentes propiedades de soldadura.<br \/>\n4140: Ampliamente utilizado en piezas automotrices de servicio pesado, como ejes y componentes de chasis.<br \/>\nSerie de acero inoxidable (para componentes espec\u00edficos)<br \/>\n304L\/316L: Se utiliza en componentes que requieren alta resistencia a la corrosi\u00f3n, como sistemas de escape y sistemas de combustible.<\/p>\n<p>&nbsp;<\/p>\n<h3>Opciones de servicio de casting de claves<\/h3>\n<p>La industria de autopartes debe encontrar un equilibrio entre la capacidad de producci\u00f3n en masa, los requisitos de precisi\u00f3n y el control de costos al elegir los servicios de fundici\u00f3n. Tres categor\u00edas de servicios tienen cada una su propio enfoque:<\/p>\n<p>Fundici\u00f3n en arena: Esta es la opci\u00f3n m\u00e1s com\u00fan para piezas de automoci\u00f3n. Las piezas de automoci\u00f3n suelen producirse en masa (p. ej., bloques de motor, soportes de chasis y cubos de rueda). Estas piezas tienen formas relativamente regulares (sin cavidades internas excesivamente complejas ni superficies curvas). La fundici\u00f3n en arena permite una producci\u00f3n en masa eficiente a bajo coste, satisfaciendo as\u00ed la demanda de la industria automotriz de una &quot;estandarizaci\u00f3n a gran escala&quot;.<\/p>\n<p>Fundici\u00f3n a la cera perdida: Es adecuada para piezas cr\u00edticas de alta precisi\u00f3n y formas complejas, como \u00e1labes de turbocompresores y engranajes de transmisi\u00f3n. Estas piezas deben soportar altas temperaturas y presiones, y requieren una precisi\u00f3n dimensional (p. ej., curvatura de \u00e1labes) y un acabado superficial extremadamente altos. La capacidad de la fundici\u00f3n a la cera perdida para obtener una forma casi final reduce el mecanizado posterior y garantiza un rendimiento constante.<\/p>\n<p>Mecanizado CNC: Este m\u00e9todo sirve como complemento de precisi\u00f3n a la fundici\u00f3n. Los componentes principales de automoci\u00f3n (como cig\u00fce\u00f1ales y bielas) requieren un estricto control de tolerancias dimensionales (como una tolerancia del di\u00e1metro del eje de +0,01 mm). Tras la fundici\u00f3n en arena o de inversi\u00f3n, las superficies clave (como los orificios de conexi\u00f3n y las ranuras de posicionamiento) se mecanizan con precisi\u00f3n mediante mecanizado CNC para garantizar la precisi\u00f3n del ensamblaje y la estabilidad operativa.<\/p>","protected":false},"excerpt":{"rendered":"<p>Garantice conexiones seguras y precisas con nuestra junta angular de alta calidad, dise\u00f1ada para brindar durabilidad y confiabilidad. <a href=\"https:\/\/www.leierwocasting.com\/es\/categoria-producto\/auto-parts\/\">Articulaci\u00f3n angular<\/a> Es perfecto para diversas aplicaciones industriales y de construcci\u00f3n. Conf\u00ede en nuestra soluci\u00f3n para una estabilidad y un rendimiento inigualables.<\/p>","protected":false},"featured_media":492,"template":"","meta":{"_gspb_post_css":""},"product_brand":[],"product_cat":[25,33],"product_tag":[],"class_list":{"0":"post-498","1":"product","2":"type-product","3":"status-publish","4":"has-post-thumbnail","6":"product_cat-auto-parts","7":"product_cat-automobile-manufacturing","9":"first","10":"instock","11":"shipping-taxable","12":"product-type-simple"},"_links":{"self":[{"href":"https:\/\/www.leierwocasting.com\/es\/wp-json\/wp\/v2\/product\/498","targetHints":{"allow":["GET"]}}],"collection":[{"href":"https:\/\/www.leierwocasting.com\/es\/wp-json\/wp\/v2\/product"}],"about":[{"href":"https:\/\/www.leierwocasting.com\/es\/wp-json\/wp\/v2\/types\/product"}],"wp:featuredmedia":[{"embeddable":true,"href":"https:\/\/www.leierwocasting.com\/es\/wp-json\/wp\/v2\/media\/492"}],"wp:attachment":[{"href":"https:\/\/www.leierwocasting.com\/es\/wp-json\/wp\/v2\/media?parent=498"}],"wp:term":[{"taxonomy":"product_brand","embeddable":true,"href":"https:\/\/www.leierwocasting.com\/es\/wp-json\/wp\/v2\/product_brand?post=498"},{"taxonomy":"product_cat","embeddable":true,"href":"https:\/\/www.leierwocasting.com\/es\/wp-json\/wp\/v2\/product_cat?post=498"},{"taxonomy":"product_tag","embeddable":true,"href":"https:\/\/www.leierwocasting.com\/es\/wp-json\/wp\/v2\/product_tag?post=498"}],"curies":[{"name":"wp","href":"https:\/\/api.w.org\/{rel}","templated":true}]}}