{"id":485,"date":"2025-02-27T01:26:26","date_gmt":"2025-02-27T01:26:26","guid":{"rendered":"https:\/\/leierwocasting.com\/?post_type=product&#038;p=485"},"modified":"2025-08-08T06:43:07","modified_gmt":"2025-08-08T06:43:07","slug":"high-quality-cavity-parts","status":"publish","type":"product","link":"https:\/\/www.leierwocasting.com\/es\/product\/high-quality-cavity-parts\/","title":{"rendered":"Piezas de cavidad de alta calidad"},"content":{"rendered":"<p data-start=\"152\" data-end=\"965\"><strong data-start=\"152\" data-end=\"229\">Piezas de cavidad de alta calidad | Ingenier\u00eda de precisi\u00f3n para un rendimiento superior<\/strong><br data-start=\"229\" data-end=\"232\" \/>Descubra nuestras piezas de cavidad de alta calidad, dise\u00f1adas por expertos para ofrecer precisi\u00f3n, resistencia y durabilidad inigualables. Dise\u00f1adas para cumplir y superar los est\u00e1ndares de la industria, estas piezas de cavidad son ideales para aplicaciones automotrices, industriales y personalizadas que requieren un rendimiento confiable y resultados consistentes. Cada pieza se fabrica con materiales avanzados y un estricto control de calidad para garantizar una excelente precisi\u00f3n dimensional, resistencia a la corrosi\u00f3n y una larga vida \u00fatil. Ya sea que participe en la fabricaci\u00f3n a gran escala, la reparaci\u00f3n de maquinaria o proyectos de fabricaci\u00f3n a medida, nuestras piezas de cavidad ofrecen una eficiencia y un valor excepcionales. Explore nuestra gama de productos hoy mismo y experimente la combinaci\u00f3n perfecta de innovaci\u00f3n y confiabilidad.<\/p>\n<p>&nbsp;<\/p>\n<ol>\n<li>M\u00e1s de 60 tipos de materiales, m\u00e1s de una docena de aleaciones y 70 tipos de n\u00fameros.<\/li>\n<li>Se pueden producir muchos productos, m\u00e1s de 3500 moldes de fundici\u00f3n de precisi\u00f3n y m\u00e1s de 1000 moldes de fundici\u00f3n en arena.<\/li>\n<li>Los accesorios de producci\u00f3n pueden ser grandes o peque\u00f1os.<\/li>\n<li>Se puede personalizar un solo producto de 50 kg.<\/li>\n<li>Hay varios hornos disponibles para seleccionar y se pueden producir piezas individuales de 50 kg a 850 kg.<\/li>\n<li>Con 20 a\u00f1os de experiencia y maestr\u00eda, ingres\u00f3 a la industria en la d\u00e9cada de 1980 y se convirti\u00f3 en el l\u00edder de la industria.<\/li>\n<li>Los productos son trazables y cada producto de horno tiene un certificado: 3.1 Certificado de material.<\/li>\n<li>Los clientes pueden solicitar a una agencia de pruebas de terceros que emita un certificado 3.2.<\/li>\n<li>Los productos de primera calidad procesados pueden ser objeto de un certificado de procesamiento.<\/li>\n<\/ol>\n<h3><\/h3>\n<hr \/>\n<p>&nbsp;<\/p>\n<h3>Ventajas de Leierwo en la fundici\u00f3n de piezas de precisi\u00f3n en la industria automotriz<\/h3>\n<p>Leierwo, con su sistema de gesti\u00f3n de calidad certificado seg\u00fan las normas ISO 9001 e IATF 16949, cumple con los estrictos requisitos de la industria automotriz en cuanto a rendimiento constante y control de calidad. Su capacidad de fundici\u00f3n para materiales como acero aleado y acero al carbono la hace id\u00f3nea para la fabricaci\u00f3n de piezas clave como soportes de motor, carcasas de transmisi\u00f3n y componentes del sistema de frenos. Adem\u00e1s, la empresa cuenta con capacidades de mecanizado CNC, lo que permite el posterior procesamiento de piezas fundidas de precisi\u00f3n para mejorar la precisi\u00f3n dimensional y la compatibilidad del ensamblaje, cumpliendo as\u00ed con los altos est\u00e1ndares de procesamiento de los componentes automotrices.<\/p>\n<p>&nbsp;<\/p>\n<h3>Selecci\u00f3n del material principal<\/h3>\n<p>Las piezas automotrices requieren materiales con excelente resistencia, tenacidad, resistencia a la fatiga, soldabilidad y cierto grado de resistencia a la corrosi\u00f3n, adem\u00e1s de un equilibrio entre ligereza y rentabilidad. En la fundici\u00f3n de precisi\u00f3n, el acero al carbono y los aceros aleados se utilizan ampliamente debido a sus excelentes propiedades mec\u00e1nicas y maquinabilidad.<\/p>\n<p>Materiales comunes:<br \/>\nSerie de acero al carbono:<br \/>\n1045: Excelente resistencia y tenacidad, adecuado para piezas estructurales como ejes y bielas.<br \/>\n4130: Una aleaci\u00f3n de cromo-molibdeno con excelentes propiedades de tratamiento t\u00e9rmico, adecuada para componentes de alta resistencia y resistentes a la fatiga, como sistemas de suspensi\u00f3n y ejes de transmisi\u00f3n.<\/p>\n<p>Serie de acero aleado:<br \/>\n42CrMo (AISI 4140): Alta resistencia y tenacidad, adecuado para componentes clave como engranajes, cig\u00fce\u00f1ales y \u00e1rboles de levas.<br \/>\n35CrMo: Similar al 42CrMo, pero con un contenido de carbono ligeramente menor, adecuado para componentes que requieren excelentes propiedades de soldadura.<br \/>\n4140: Ampliamente utilizado en piezas automotrices de servicio pesado, como ejes y componentes de chasis.<br \/>\nSerie de acero inoxidable (para componentes espec\u00edficos)<br \/>\n304L\/316L: Se utiliza en componentes que requieren alta resistencia a la corrosi\u00f3n, como sistemas de escape y sistemas de combustible.<\/p>\n<p>&nbsp;<\/p>\n<h3>Opciones de servicio de casting de claves<\/h3>\n<p>La industria de autopartes debe encontrar un equilibrio entre la capacidad de producci\u00f3n en masa, los requisitos de precisi\u00f3n y el control de costos al elegir los servicios de fundici\u00f3n. Tres categor\u00edas de servicios tienen cada una su propio enfoque:<\/p>\n<p>Fundici\u00f3n en arena: Esta es la opci\u00f3n m\u00e1s com\u00fan para piezas de automoci\u00f3n. Las piezas de automoci\u00f3n suelen producirse en masa (p. ej., bloques de motor, soportes de chasis y cubos de rueda). Estas piezas tienen formas relativamente regulares (sin cavidades internas excesivamente complejas ni superficies curvas). La fundici\u00f3n en arena permite una producci\u00f3n en masa eficiente a bajo coste, satisfaciendo as\u00ed la demanda de la industria automotriz de una &quot;estandarizaci\u00f3n a gran escala&quot;.<\/p>\n<p>Fundici\u00f3n a la cera perdida: Es adecuada para piezas cr\u00edticas de alta precisi\u00f3n y formas complejas, como \u00e1labes de turbocompresores y engranajes de transmisi\u00f3n. Estas piezas deben soportar altas temperaturas y presiones, y requieren una precisi\u00f3n dimensional (p. ej., curvatura de \u00e1labes) y un acabado superficial extremadamente altos. La capacidad de la fundici\u00f3n a la cera perdida para obtener una forma casi final reduce el mecanizado posterior y garantiza un rendimiento constante.<\/p>\n<p>Mecanizado CNC: Este m\u00e9todo sirve como complemento de precisi\u00f3n a la fundici\u00f3n. Los componentes principales de automoci\u00f3n (como cig\u00fce\u00f1ales y bielas) requieren un estricto control de tolerancias dimensionales (como una tolerancia del di\u00e1metro del eje de +0,01 mm). Tras la fundici\u00f3n en arena o de inversi\u00f3n, las superficies clave (como los orificios de conexi\u00f3n y las ranuras de posicionamiento) se mecanizan con precisi\u00f3n mediante mecanizado CNC para garantizar la precisi\u00f3n del ensamblaje y la estabilidad operativa.<\/p>","protected":false},"excerpt":{"rendered":"<div class=\"TurnCard_turn_container__6ntjV\">\n<div class=\"Answser_answer_body_content__2ERjZ\">\n<div class=\"Answser_answer_right_content__C234d Answser_show_avatar__kreSH\">\n<div class=\"Answser_answer_container__VI8rI\">\n<div>\n<div class=\"Answser_answer_content__uOOYl Answser_answer_content_last__MAVKP\">\n<div class=\"markdown-body\">\n<p data-sourcepos=\"1:1-1:358\">Descubra la alta calidad <a href=\"https:\/\/www.leierwocasting.com\/es\/categoria-producto\/valve-parts-for-automobile-use\/\">Piezas de cavidad<\/a> Dise\u00f1adas para ofrecer precisi\u00f3n y durabilidad. Nuestras piezas de cavidad est\u00e1n dise\u00f1adas para cumplir con los est\u00e1ndares de la industria, garantizando un rendimiento \u00f3ptimo en diversas aplicaciones. Ya sea para fabricaci\u00f3n o proyectos a medida, conf\u00ede en nuestras soluciones fiables para obtener resultados excepcionales. Explore nuestra gama hoy mismo y disfrute de una calidad y eficiencia inigualables.<\/p>\n<\/div>\n<\/div>\n<\/div>\n<\/div>\n<\/div>\n<\/div>\n<\/div>","protected":false},"featured_media":476,"template":"","meta":{"_gspb_post_css":""},"product_brand":[],"product_cat":[33,24],"product_tag":[],"class_list":{"0":"post-485","1":"product","2":"type-product","3":"status-publish","4":"has-post-thumbnail","6":"product_cat-automobile-manufacturing","7":"product_cat-valve-parts-for-automobile-use","9":"first","10":"instock","11":"shipping-taxable","12":"product-type-simple"},"_links":{"self":[{"href":"https:\/\/www.leierwocasting.com\/es\/wp-json\/wp\/v2\/product\/485","targetHints":{"allow":["GET"]}}],"collection":[{"href":"https:\/\/www.leierwocasting.com\/es\/wp-json\/wp\/v2\/product"}],"about":[{"href":"https:\/\/www.leierwocasting.com\/es\/wp-json\/wp\/v2\/types\/product"}],"wp:featuredmedia":[{"embeddable":true,"href":"https:\/\/www.leierwocasting.com\/es\/wp-json\/wp\/v2\/media\/476"}],"wp:attachment":[{"href":"https:\/\/www.leierwocasting.com\/es\/wp-json\/wp\/v2\/media?parent=485"}],"wp:term":[{"taxonomy":"product_brand","embeddable":true,"href":"https:\/\/www.leierwocasting.com\/es\/wp-json\/wp\/v2\/product_brand?post=485"},{"taxonomy":"product_cat","embeddable":true,"href":"https:\/\/www.leierwocasting.com\/es\/wp-json\/wp\/v2\/product_cat?post=485"},{"taxonomy":"product_tag","embeddable":true,"href":"https:\/\/www.leierwocasting.com\/es\/wp-json\/wp\/v2\/product_tag?post=485"}],"curies":[{"name":"wp","href":"https:\/\/api.w.org\/{rel}","templated":true}]}}