{"id":455,"date":"2025-02-27T01:08:14","date_gmt":"2025-02-27T01:08:14","guid":{"rendered":"https:\/\/leierwocasting.com\/?post_type=product&#038;p=455"},"modified":"2025-08-08T07:35:58","modified_gmt":"2025-08-08T07:35:58","slug":"slurry-pump-impeller","status":"publish","type":"product","link":"https:\/\/www.leierwocasting.com\/es\/product\/slurry-pump-impeller\/","title":{"rendered":"Impulsor de bomba de lodos"},"content":{"rendered":"<p data-start=\"81\" data-end=\"541\">Optimice sus operaciones de manejo de lodos con nuestro impulsor premium para bombas de lodos, dise\u00f1ado espec\u00edficamente para ofrecer alta durabilidad, resistencia a la abrasi\u00f3n y un eficiente movimiento de fluidos. Dise\u00f1ado para soportar los entornos industriales m\u00e1s exigentes, cada impulsor para bombas de lodos se fabrica con materiales de alta resistencia que resisten el desgaste y la erosi\u00f3n, garantizando una larga vida \u00fatil incluso bajo exposici\u00f3n continua a lodos abrasivos, part\u00edculas gruesas y medios corrosivos.<\/p>\n<p data-start=\"543\" data-end=\"965\">Nuestro impulsor para bombas de lodos es ideal para miner\u00eda, dragado, procesamiento de minerales y otras aplicaciones exigentes donde es fundamental un caudal constante y un tiempo de inactividad m\u00ednimo. El avanzado dise\u00f1o hidr\u00e1ulico del impulsor maximiza la eficiencia de la bomba, reduce el consumo de energ\u00eda y mantiene un rendimiento estable bajo cargas variables. El equilibrado de precisi\u00f3n garantiza un funcionamiento suave y reduce la tensi\u00f3n mec\u00e1nica del sistema de bombeo.<\/p>\n<p data-start=\"967\" data-end=\"1267\">Ya sea que est\u00e9 actualizando su equipo o reemplazando componentes desgastados, nuestro impulsor para bombas de lodos ofrece la combinaci\u00f3n perfecta de rendimiento, confiabilidad y rentabilidad. Explore hoy mismo nuestra completa gama para encontrar la soluci\u00f3n de impulsor para bombas de lodos ideal para sus necesidades de bombeo.<\/p>\n<ol>\n<li>M\u00e1s de 60 tipos de materiales, m\u00e1s de una docena de aleaciones y 70 tipos de n\u00fameros.<\/li>\n<li>Se pueden producir muchos productos, m\u00e1s de 3500 moldes de fundici\u00f3n de precisi\u00f3n, m\u00e1s de 1000 accesorios de producci\u00f3n pueden ser grandes o peque\u00f1os.<\/li>\n<li>Se puede personalizar un solo producto de 50 kg.<\/li>\n<li>Hay varios hornos disponibles para seleccionar y se pueden producir piezas individuales de 50 kg a 850 kg.<\/li>\n<li>Con 20 a\u00f1os de experiencia y maestr\u00eda, ingres\u00f3 a la industria en la d\u00e9cada de 1980 y se convirti\u00f3 en el l\u00edder de la industria.<\/li>\n<li>Los productos son trazables y cada producto de horno tiene un certificado: 3.1 Certificado de material.<\/li>\n<li>Los clientes pueden solicitar a una agencia de pruebas de terceros que emita un certificado 3.2.<\/li>\n<li>Los productos de primera calidad procesados pueden ser objeto de un certificado de procesamiento.<\/li>\n<\/ol>\n<p>&nbsp;<\/p>\n<hr \/>\n<h3><\/h3>\n<h3>Ventajas de Leierwo en la fundici\u00f3n de piezas de precisi\u00f3n en la industria de fundici\u00f3n de bombas<\/h3>\n<p>Los productos de bombeo suelen requerir una alta precisi\u00f3n de fundici\u00f3n y propiedades de material, y la experiencia de Leierwo en fundici\u00f3n de bombas es especialmente destacada. La amplia aplicaci\u00f3n de la empresa en accesorios para bombas y v\u00e1lvulas demuestra su dominio del proceso de fundici\u00f3n para componentes clave como cuerpos de bombas, impulsores y camisas. La tecnolog\u00eda de fundici\u00f3n de precisi\u00f3n controla eficazmente la uniformidad del espesor de la pared de la fundici\u00f3n y la precisi\u00f3n de la cavidad interna, lo que reduce el procesamiento posterior y mejora la eficiencia general. Adem\u00e1s, la empresa puede recomendar el proceso de fundici\u00f3n m\u00e1s adecuado seg\u00fan la estructura del componente para optimizar a\u00fan m\u00e1s el rendimiento de los productos de bombeo y cumplir con los requisitos de resistencia a la corrosi\u00f3n, resistencia al calor y din\u00e1mica de fluidos de diversas industrias.<\/p>\n<p>&nbsp;<\/p>\n<h3>Selecci\u00f3n del material principal<\/h3>\n<p>Las piezas fundidas de las bombas se exponen a medios l\u00edquidos durante per\u00edodos prolongados y suelen enfrentarse a problemas como la corrosi\u00f3n, el desgaste y la cavitaci\u00f3n. Por lo tanto, los materiales deben poseer una alta resistencia a la corrosi\u00f3n y al desgaste, as\u00ed como excelentes propiedades de fundici\u00f3n.<\/p>\n<p>Materiales comunes:<br \/>\nSerie de acero inoxidable:<br \/>\n316\/316L: Preferible para carcasas de bombas, impulsores y ejes, resistente a \u00e1cidos, \u00e1lcalis y corrosi\u00f3n por iones cloruro. Acero d\u00faplex 2205: Alta resistencia y alta resistencia a las picaduras, apto para bombas de agua de mar y bombas qu\u00edmicas. 304\/304L: Componentes de bombas de uso general, aptos para el tratamiento de agua y la industria alimentaria. Serie de acero al carbono:<br \/>\n1045: Para ejes y carcasas de bombas en entornos no corrosivos. 4130: Para componentes estructurales de bombas de alta temperatura y alta presi\u00f3n.<\/p>\n<p>Serie de aleaciones especiales:<br \/>\nBronce C95400: Adecuado para manguitos de bombas de agua de mar y componentes deslizantes, ofreciendo excelente resistencia al desgaste y autolubricaci\u00f3n.<br \/>\nAleaciones de cobalto (como Co6): se utilizan para sellar superficies o impulsores en bombas de alto desgaste y alta temperatura.<\/p>\n<p>&nbsp;<\/p>\n<h3>Opciones de servicio de casting de claves<\/h3>\n<p>El rendimiento de la din\u00e1mica de fluidos de los componentes de la bomba (como impulsores y cuerpos de bombas) depende de la precisi\u00f3n de la fundici\u00f3n, y este tipo de servicio tiene una clara divisi\u00f3n del trabajo.<\/p>\n<p>Fundici\u00f3n a la cera perdida: Se utiliza principalmente en piezas complejas de trayectorias de flujo. El impulsor es el coraz\u00f3n de la bomba, y la curva de sus \u00e1labes (que debe ajustarse al dise\u00f1o de din\u00e1mica de fluidos) presenta una forma compleja. Las desviaciones dimensionales reducen directamente la eficiencia de la bomba. La fundici\u00f3n a la cera perdida permite alcanzar una precisi\u00f3n del perfil de los \u00e1labes de +0,1 mm y un acabado superficial de Ra3,2 \u00b5m o inferior, lo que reduce la resistencia a los fluidos.<\/p>\n<p>Fundici\u00f3n en arena: Se utiliza para componentes fundamentales como el cuerpo de la bomba. El cuerpo de la bomba, como la carcasa exterior, tiene una forma relativamente regular (principalmente cil\u00edndrica o cuadrada). En la producci\u00f3n en masa, la fundici\u00f3n en arena ofrece bajo costo y tiempos de ciclo cortos, cumpliendo con los requisitos b\u00e1sicos de &quot;soporte estructural + paso de fluido&quot;.<\/p>\n<p>Mecanizado CNC: Garantiza la precisi\u00f3n de transmisi\u00f3n y sellado. La conexi\u00f3n entre el eje de la bomba y el impulsor, as\u00ed como la superficie de sellado entre el cuerpo de la bomba y la tapa, requieren mecanizado CNC para garantizar la concentricidad (\u22640,01 mm) y la planitud, evitando vibraciones o fugas causadas por la excentricidad durante el funcionamiento.<\/p>","protected":false},"excerpt":{"rendered":"<p>Optimice el manejo de sus lodos con nuestra alta calidad <a href=\"https:\/\/www.leierwocasting.com\/es\/categoria-producto\/cast-iron-pump-products\/\">Impulsor de bomba de lodos<\/a>Dise\u00f1ado para ofrecer durabilidad y eficiencia. Nuestro impulsor para bombas de lodos garantiza un rendimiento confiable en aplicaciones industriales y mineras exigentes. Conf\u00ede en nuestros componentes de ingenier\u00eda de precisi\u00f3n para un funcionamiento impecable y resultados duraderos. Explore nuestra gama hoy mismo para encontrar soluciones de bombeo superiores.<\/p>","protected":false},"featured_media":454,"template":"","meta":{"_gspb_post_css":""},"product_brand":[],"product_cat":[23,35],"product_tag":[],"class_list":{"0":"post-455","1":"product","2":"type-product","3":"status-publish","4":"has-post-thumbnail","6":"product_cat-cast-iron-pump-products","7":"product_cat-pump-manufacturing","9":"first","10":"instock","11":"shipping-taxable","12":"product-type-simple"},"_links":{"self":[{"href":"https:\/\/www.leierwocasting.com\/es\/wp-json\/wp\/v2\/product\/455","targetHints":{"allow":["GET"]}}],"collection":[{"href":"https:\/\/www.leierwocasting.com\/es\/wp-json\/wp\/v2\/product"}],"about":[{"href":"https:\/\/www.leierwocasting.com\/es\/wp-json\/wp\/v2\/types\/product"}],"wp:featuredmedia":[{"embeddable":true,"href":"https:\/\/www.leierwocasting.com\/es\/wp-json\/wp\/v2\/media\/454"}],"wp:attachment":[{"href":"https:\/\/www.leierwocasting.com\/es\/wp-json\/wp\/v2\/media?parent=455"}],"wp:term":[{"taxonomy":"product_brand","embeddable":true,"href":"https:\/\/www.leierwocasting.com\/es\/wp-json\/wp\/v2\/product_brand?post=455"},{"taxonomy":"product_cat","embeddable":true,"href":"https:\/\/www.leierwocasting.com\/es\/wp-json\/wp\/v2\/product_cat?post=455"},{"taxonomy":"product_tag","embeddable":true,"href":"https:\/\/www.leierwocasting.com\/es\/wp-json\/wp\/v2\/product_tag?post=455"}],"curies":[{"name":"wp","href":"https:\/\/api.w.org\/{rel}","templated":true}]}}