{"id":434,"date":"2025-02-27T00:59:17","date_gmt":"2025-02-27T00:59:17","guid":{"rendered":"https:\/\/leierwocasting.com\/?post_type=product&#038;p=434"},"modified":"2025-08-20T08:03:18","modified_gmt":"2025-08-20T08:03:18","slug":"die-casting-part","status":"publish","type":"product","link":"https:\/\/www.leierwocasting.com\/es\/product\/die-casting-part\/","title":{"rendered":"Pieza de fundici\u00f3n a presi\u00f3n"},"content":{"rendered":"<ol>\n<li>M\u00e1s de 60 tipos de materiales, m\u00e1s de una docena de aleaciones y 70 tipos de n\u00fameros.<\/li>\n<li>Se pueden producir muchos productos, m\u00e1s de 3500 moldes de fundici\u00f3n de precisi\u00f3n y m\u00e1s de 1000 moldes de fundici\u00f3n en arena.<\/li>\n<li>Los accesorios de producci\u00f3n pueden ser grandes o peque\u00f1os.<\/li>\n<li>Se puede personalizar un solo producto de 50 kg.<\/li>\n<li>Hay varios hornos disponibles para seleccionar y se pueden producir piezas individuales de 50 kg a 850 kg.<\/li>\n<li>Con 20 a\u00f1os de experiencia y maestr\u00eda, ingres\u00f3 a la industria en la d\u00e9cada de 1980 y se convirti\u00f3 en el l\u00edder de la industria.<\/li>\n<li>Los productos son trazables y cada producto de horno tiene un certificado: 3.1 Certificado de material.<\/li>\n<li>Los clientes pueden solicitar a una agencia de pruebas de terceros que emita un certificado 3.2.<\/li>\n<li>Los productos de primera calidad procesados pueden ser objeto de un certificado de procesamiento.<\/li>\n<\/ol>\n<p>&nbsp;<\/p>\n<hr \/>\n<p>&nbsp;<\/p>\n<h3>Ventajas de Leierwos en la fundici\u00f3n de piezas de precisi\u00f3n en la industria xxx<\/h3>\n<p>Como empresa integral de fundici\u00f3n de precisi\u00f3n con 18 a\u00f1os de experiencia en el sector, Leierwo presume de una gran adaptabilidad y escalabilidad en el sector de la fundici\u00f3n general. Ya se trate de maquinaria de construcci\u00f3n, maquinaria textil, componentes marinos u otros componentes met\u00e1licos no espec\u00edficos de la industria, Leierwo ofrece servicios de fundici\u00f3n y mecanizado personalizados, adaptados a las necesidades del cliente. La completa capacidad de su taller de mecanizado CNC tambi\u00e9n le permite realizar operaciones de acabado como taladrado, torneado y roscado tras la fundici\u00f3n, ofreciendo un servicio integral desde el dise\u00f1o hasta el producto terminado. La empresa gestiona la producci\u00f3n de prueba de lotes peque\u00f1os y el env\u00edo de lotes para pedidos urgentes, lo que aumenta a\u00fan m\u00e1s su flexibilidad y capacidad de respuesta en el mercado de la fundici\u00f3n general.<\/p>\n<p>&nbsp;<\/p>\n<h3>Selecci\u00f3n del material principal<\/h3>\n<p>La fundici\u00f3n general abarca una amplia gama de industrias y aplicaciones, lo que requiere una selecci\u00f3n flexible de materiales para satisfacer m\u00faltiples requisitos, como resistencia, resistencia a la corrosi\u00f3n, maquinabilidad y control de costos. Generalmente, se seleccionan materiales con alta versatilidad, alta rentabilidad y facilidad de fundici\u00f3n.<\/p>\n<p>Materiales comunes:<br \/>\nSerie de acero inoxidable:<br \/>\n304\/304L: Adecuado para piezas generales resistentes a la corrosi\u00f3n, como soportes, carcasas y bridas. 316\/316L: Se utiliza en entornos altamente corrosivos, como los qu\u00edmicos, marinos y de procesamiento de alimentos. 410\/17-4PH: Se utiliza para piezas estructurales o herramientas que requieren un cierto nivel de resistencia y resistencia a la corrosi\u00f3n.<\/p>\n<p>Serie de acero al carbono:<br \/>\n1035\/1045: Ampliamente utilizado en componentes estructurales mec\u00e1nicos y conectores. 1060\/1065: Se utiliza para piezas que requieren alta dureza y resistencia a la corrosi\u00f3n, como engranajes y rieles gu\u00eda.<\/p>\n<p>Serie de acero aleado:<br \/>\n42CrMo\/4140: Se utiliza para piezas estructurales de alta resistencia y componentes mec\u00e1nicos de servicio pesado. 8630: Acero de aleaci\u00f3n de n\u00edquel-molibdeno, adecuado para engranajes y ejes cementados.<\/p>\n<p>Otras series de aleaciones:<br \/>\n11L14\/12L14 (acero de f\u00e1cil corte): adecuado para componentes de uso general que requieren mecanizado de alta precisi\u00f3n.<br \/>\nAleaci\u00f3n de aluminio A356: se utiliza para piezas estructurales livianas y complejas, como carcasas y cubiertas.<\/p>\n<p>&nbsp;<\/p>\n<h3>Opciones de servicio de casting de claves<\/h3>\n<p>La fundici\u00f3n general cubre una amplia gama de aplicaciones (como piezas mec\u00e1nicas, herramientas de hardware y componentes de instrumentos), y el proceso de selecci\u00f3n se centra m\u00e1s en la \u201crentabilidad + adaptabilidad\u201d.<\/p>\n<p>Fundici\u00f3n en arena: Cubre las necesidades m\u00e1s comunes. Para piezas de gran volumen y formas sencillas (como soportes mec\u00e1nicos y carcasas de cajas de engranajes est\u00e1ndar), la fundici\u00f3n en arena ofrece bajos costos y una tecnolog\u00eda avanzada, cumpliendo funciones estructurales b\u00e1sicas.<\/p>\n<p>Fundici\u00f3n a la cera perdida: Satisface necesidades espec\u00edficas de precisi\u00f3n. Por ejemplo, los conectores peque\u00f1os para instrumentos de precisi\u00f3n (incluidos sistemas de orificios complejos y estructuras con formas especiales) o las piezas resistentes a la corrosi\u00f3n para dispositivos m\u00e9dicos requieren alta precisi\u00f3n (tolerancias dimensionales de +0,05 mm) y calidad superficial. La fundici\u00f3n a la cera perdida puede sustituir algunos procesos de mecanizado costosos, reduciendo as\u00ed los costes.<\/p>\n<p>Mecanizado CNC: Sirve como herramienta de relleno. Las piezas generales suelen requerir adaptaci\u00f3n a diferentes equipos. Tras la fundici\u00f3n, el mecanizado CNC permite realizar ajustes dimensionales locales (como roscado y fresado) para garantizar la compatibilidad con otros componentes. Este m\u00e9todo es especialmente adecuado para la personalizaci\u00f3n de peque\u00f1as cantidades y con m\u00faltiples especificaciones.<\/p>","protected":false},"excerpt":{"rendered":"<div class=\"Answser_answer_content__uOOYl Answser_answer_content_last__MAVKP\">\n<div class=\"markdown-body\">\n<p data-sourcepos=\"1:1-1:263\">El <a href=\"https:\/\/www.leierwocasting.com\/es\/categoria-producto\/die-casting-parts\/\">Piezas de fundici\u00f3n a presi\u00f3n<\/a> Est\u00e1n dise\u00f1adas para brindar precisi\u00f3n y durabilidad, lo que garantiza un rendimiento de alta calidad en aplicaciones industriales. Dise\u00f1adas para brindar resistencia y eficiencia, las piezas de fundici\u00f3n a presi\u00f3n ofrecen soluciones confiables para procesos de fabricaci\u00f3n exigentes.<\/p>\n<\/div>\n<\/div>\n<div class=\"TurnCard_operation_l__GHp1k\">\n<div class=\"TurnCard_left_opts__iXG7K\">\n<div class=\"TurnCard_opt_btn__vRKug\"><\/div>\n<\/div>\n<\/div>","protected":false},"featured_media":435,"template":"","meta":{"_gspb_post_css":""},"product_brand":[],"product_cat":[21,36],"product_tag":[],"class_list":{"0":"post-434","1":"product","2":"type-product","3":"status-publish","4":"has-post-thumbnail","6":"product_cat-die-casting-parts","7":"product_cat-general-casting","9":"first","10":"instock","11":"shipping-taxable","12":"product-type-simple"},"_links":{"self":[{"href":"https:\/\/www.leierwocasting.com\/es\/wp-json\/wp\/v2\/product\/434","targetHints":{"allow":["GET"]}}],"collection":[{"href":"https:\/\/www.leierwocasting.com\/es\/wp-json\/wp\/v2\/product"}],"about":[{"href":"https:\/\/www.leierwocasting.com\/es\/wp-json\/wp\/v2\/types\/product"}],"wp:featuredmedia":[{"embeddable":true,"href":"https:\/\/www.leierwocasting.com\/es\/wp-json\/wp\/v2\/media\/435"}],"wp:attachment":[{"href":"https:\/\/www.leierwocasting.com\/es\/wp-json\/wp\/v2\/media?parent=434"}],"wp:term":[{"taxonomy":"product_brand","embeddable":true,"href":"https:\/\/www.leierwocasting.com\/es\/wp-json\/wp\/v2\/product_brand?post=434"},{"taxonomy":"product_cat","embeddable":true,"href":"https:\/\/www.leierwocasting.com\/es\/wp-json\/wp\/v2\/product_cat?post=434"},{"taxonomy":"product_tag","embeddable":true,"href":"https:\/\/www.leierwocasting.com\/es\/wp-json\/wp\/v2\/product_tag?post=434"}],"curies":[{"name":"wp","href":"https:\/\/api.w.org\/{rel}","templated":true}]}}