{"id":103,"date":"2025-02-18T01:22:57","date_gmt":"2025-02-18T01:22:57","guid":{"rendered":"https:\/\/leierwocasting.com\/?post_type=product&#038;p=103"},"modified":"2025-08-07T03:06:39","modified_gmt":"2025-08-07T03:06:39","slug":"safety-valve-bonnet","status":"publish","type":"product","link":"https:\/\/www.leierwocasting.com\/es\/product\/safety-valve-bonnet\/","title":{"rendered":"Bonete de la v\u00e1lvula de seguridad"},"content":{"rendered":"<p>M\u00e9todo de procesamiento: torneado general, CNC, centro de mecanizado horizontal<br \/>\nTolerancia de procesamiento: \u00b10,05 mm (torneado general) \u00b10,02 mm (CNC) \u00b10,05 mm (mecanizado horizontal)<br \/>\nTama\u00f1o m\u00e1ximo: 1600 mm \u00d7 1000 mm \u00d7 1000 mm<br \/>\nTipo de procesamiento: Centro de mecanizado CNC de cuatro ejes<br \/>\nCertificaci\u00f3n: ISO9001:2016, DNV, CE<br \/>\nEst\u00e1ndares: Est\u00e1ndares ASTM, DIN, JIS, EN, ISO, GB<\/p>","protected":false},"excerpt":{"rendered":"<p>Casting process: Silica sol precision casting \/ Resin sand casting<br \/>\nStandards for appearance, dimensional tolerance and weight tolerance: According to customer requirements<br \/>\nMaterial types: Stainless steel, special steel (according to customer requirements)<br \/>\nSingle-piece casting weight: Less than 300 kg for silica sol precision casting \/ Less than 701 kg for resin sand casting<\/p>","protected":false},"featured_media":104,"template":"","meta":{"_gspb_post_css":""},"product_brand":[],"product_cat":[34,17],"product_tag":[],"class_list":{"0":"post-103","1":"product","2":"type-product","3":"status-publish","4":"has-post-thumbnail","6":"product_cat-valve-casting","7":"product_cat-valve-accessories","9":"first","10":"instock","11":"shipping-taxable","12":"product-type-simple"},"_links":{"self":[{"href":"https:\/\/www.leierwocasting.com\/es\/wp-json\/wp\/v2\/product\/103","targetHints":{"allow":["GET"]}}],"collection":[{"href":"https:\/\/www.leierwocasting.com\/es\/wp-json\/wp\/v2\/product"}],"about":[{"href":"https:\/\/www.leierwocasting.com\/es\/wp-json\/wp\/v2\/types\/product"}],"wp:featuredmedia":[{"embeddable":true,"href":"https:\/\/www.leierwocasting.com\/es\/wp-json\/wp\/v2\/media\/104"}],"wp:attachment":[{"href":"https:\/\/www.leierwocasting.com\/es\/wp-json\/wp\/v2\/media?parent=103"}],"wp:term":[{"taxonomy":"product_brand","embeddable":true,"href":"https:\/\/www.leierwocasting.com\/es\/wp-json\/wp\/v2\/product_brand?post=103"},{"taxonomy":"product_cat","embeddable":true,"href":"https:\/\/www.leierwocasting.com\/es\/wp-json\/wp\/v2\/product_cat?post=103"},{"taxonomy":"product_tag","embeddable":true,"href":"https:\/\/www.leierwocasting.com\/es\/wp-json\/wp\/v2\/product_tag?post=103"}],"curies":[{"name":"wp","href":"https:\/\/api.w.org\/{rel}","templated":true}]}}