{"id":597,"date":"2025-02-27T08:48:28","date_gmt":"2025-02-27T08:48:28","guid":{"rendered":"https:\/\/leierwocasting.com\/?page_id=597"},"modified":"2025-04-26T09:25:15","modified_gmt":"2025-04-26T09:25:15","slug":"certificate","status":"publish","type":"page","link":"https:\/\/www.leierwocasting.com\/es\/certificate\/","title":{"rendered":"CERTIFICADO"},"content":{"rendered":"<div class=\"wp-block-greenshift-blocks-row alignfull gspb_row gspb_row-id-gsbp-57866ee\" id=\"gspb_row-id-gsbp-57866ee\"><div class=\"gspb_backgroundOverlay\"><\/div><div class=\"gspb_row__content\"> \n<div class=\"wp-block-greenshift-blocks-row-column gspb_row__col--12 gspb_col-id-gsbp-dfe8095\" id=\"gspb_col-id-gsbp-dfe8095\">\n<h1 id=\"gspb_heading-id-gsbp-0b55552\" class=\"gspb_heading gspb_heading-id-gsbp-0b55552\">CERTIFICADO<\/h1>\n<\/div>\n <\/div><\/div>\n\n\n\n<div class=\"wp-block-greenshift-blocks-row gspb_row gspb_row-id-gsbp-2de4580\" id=\"gspb_row-id-gsbp-2de4580\"><div class=\"gspb_row__content\"> \n<div class=\"wp-block-greenshift-blocks-row-column gspb_row__col--12 gspb_col-id-gsbp-1586ef2\" id=\"gspb_col-id-gsbp-1586ef2\">\n<h2 id=\"gspb_heading-id-gsbp-25a4833\" class=\"gspb_heading gspb_heading-id-gsbp-25a4833\">CERTIFICADOS RELACIONADOS<\/h2>\n\n\n\n<div id=\"gspb_text-id-gsbp-91349d6\" class=\"gspb_text gspb_text-id-gsbp-91349d6\">En <a href=\"https:\/\/www.leierwocasting.com\/es\/\">Shanghai Leierwo Industry &amp; Trade Co., Ltd.<\/a>, Nos comprometemos a ofrecer productos y servicios de alta calidad que satisfagan las necesidades de nuestros clientes y los est\u00e1ndares de la industria. Gracias a nuestra Certificaci\u00f3n Tecnol\u00f3gica, hemos obtenido m\u00faltiples certificaciones internacionales y de la industria, lo que demuestra nuestra experiencia t\u00e9cnica y dedicaci\u00f3n a la gesti\u00f3n de calidad.<\/div>\n<\/div>\n <\/div><\/div>\n\n\n\n<div class=\"wp-block-greenshift-blocks-row gspb_row gspb_row-id-gsbp-54c5092\" id=\"gspb_row-id-gsbp-54c5092\"><div class=\"gspb_row__content\"> \n<div class=\"wp-block-greenshift-blocks-row-column gspb_row__col--12 gspb_col-id-gsbp-96f663b\" id=\"gspb_col-id-gsbp-96f663b\">\n<h4 id=\"gspb_heading-id-gsbp-adacb33\" class=\"gspb_heading gspb_heading-id-gsbp-adacb33\">Certificado Ce + Certificado de Material<\/h4>\n<\/div>\n <\/div><\/div>\n\n\n\n<div class=\"wp-block-greenshift-blocks-row gspb_row gspb_row-id-gsbp-1c3114b\" id=\"gspb_row-id-gsbp-1c3114b\"><div class=\"gspb_row__content\"> \n<div class=\"wp-block-greenshift-blocks-row-column gspb_row__col--4 gspb_col-id-gsbp-18c3d18\" id=\"gspb_col-id-gsbp-18c3d18\">\n<div class=\"wp-block-greenshift-blocks-image gspb_image gspb_image-id-gsbp-0a982b4 gssimglightbox\" id=\"gspb_image-id-gsbp-0a982b4\"><img decoding=\"async\" src=\"http:\/\/leierwocasting.com\/wp-content\/uploads\/2025\/02\/61-1.jpg\" data-src=\"\" alt=\"Certificaci\u00f3n de tecnolog\u00eda\" loading=\"lazy\" width=\"1080\" height=\"1515\"\/><\/div>\n<\/div>\n\n\n\n<div class=\"wp-block-greenshift-blocks-row-column gspb_row__col--4 gspb_col-id-gsbp-1dd209b\" id=\"gspb_col-id-gsbp-1dd209b\">\n<div class=\"wp-block-greenshift-blocks-image gspb_image gspb_image-id-gsbp-a303b4d gssimglightbox\" id=\"gspb_image-id-gsbp-a303b4d\"><img decoding=\"async\" src=\"http:\/\/leierwocasting.com\/wp-content\/uploads\/2025\/02\/62-1.jpg\" data-src=\"\" alt=\"Certificaci\u00f3n de tecnolog\u00eda\" loading=\"lazy\" width=\"1080\" height=\"1515\"\/><\/div>\n<\/div>\n\n\n\n<div class=\"wp-block-greenshift-blocks-row-column gspb_row__col--4 gspb_col-id-gsbp-d8f8be1\" id=\"gspb_col-id-gsbp-d8f8be1\">\n<div class=\"wp-block-greenshift-blocks-image gspb_image gspb_image-id-gsbp-54dedbc gssimglightbox\" id=\"gspb_image-id-gsbp-54dedbc\"><img decoding=\"async\" src=\"http:\/\/leierwocasting.com\/wp-content\/uploads\/2025\/02\/63-1.jpg\" data-src=\"\" alt=\"Certificaci\u00f3n de tecnolog\u00eda\" loading=\"lazy\" width=\"1284\" height=\"905\"\/><\/div>\n<\/div>\n <\/div><\/div>\n\n\n\n<div class=\"wp-block-greenshift-blocks-row gspb_row gspb_row-id-gsbp-d58d306\" id=\"gspb_row-id-gsbp-d58d306\"><div class=\"gspb_row__content\"> \n<div class=\"wp-block-greenshift-blocks-row-column gspb_row__col--4 gspb_col-id-gsbp-ab4f557\" id=\"gspb_col-id-gsbp-ab4f557\">\n<div class=\"wp-block-greenshift-blocks-image gspb_image gspb_image-id-gsbp-532001d gssimglightbox\" id=\"gspb_image-id-gsbp-532001d\"><img decoding=\"async\" src=\"http:\/\/leierwocasting.com\/wp-content\/uploads\/2025\/02\/64-2.jpg\" data-src=\"\" alt=\"Certificaci\u00f3n de tecnolog\u00eda\" loading=\"lazy\" width=\"1284\" height=\"905\"\/><\/div>\n<\/div>\n\n\n\n<div class=\"wp-block-greenshift-blocks-row-column gspb_row__col--4 gspb_col-id-gsbp-612d769\" id=\"gspb_col-id-gsbp-612d769\">\n<div class=\"wp-block-greenshift-blocks-image gspb_image gspb_image-id-gsbp-d59391a gssimglightbox\" id=\"gspb_image-id-gsbp-d59391a\"><img decoding=\"async\" src=\"http:\/\/leierwocasting.com\/wp-content\/uploads\/2025\/02\/65.jpg\" data-src=\"\" alt=\"Certificaci\u00f3n de tecnolog\u00eda\" loading=\"lazy\" width=\"1284\" height=\"905\"\/><\/div>\n<\/div>\n\n\n\n<div class=\"wp-block-greenshift-blocks-row-column gspb_row__col--4 gspb_col-id-gsbp-18e96b6\" id=\"gspb_col-id-gsbp-18e96b6\">\n<div class=\"wp-block-greenshift-blocks-image gspb_image gspb_image-id-gsbp-f8aa5bc gssimglightbox\" id=\"gspb_image-id-gsbp-f8aa5bc\"><img decoding=\"async\" src=\"http:\/\/leierwocasting.com\/wp-content\/uploads\/2025\/02\/66-1.jpg\" data-src=\"\" alt=\"Certificaci\u00f3n de tecnolog\u00eda\" loading=\"lazy\" width=\"1284\" height=\"905\"\/><\/div>\n<\/div>\n <\/div><\/div>\n\n\n\n<div class=\"wp-block-greenshift-blocks-row gspb_row gspb_row-id-gsbp-689b3ce\" id=\"gspb_row-id-gsbp-689b3ce\"><div class=\"gspb_row__content\"> \n<div class=\"wp-block-greenshift-blocks-row-column gspb_row__col--12 gspb_col-id-gsbp-374b60b\" id=\"gspb_col-id-gsbp-374b60b\">\n<h4 id=\"gspb_heading-id-gsbp-9b56da4\" class=\"gspb_heading gspb_heading-id-gsbp-9b56da4\">Certificaci\u00f3n Dnv<\/h4>\n<\/div>\n <\/div><\/div>\n\n\n\n<div class=\"wp-block-greenshift-blocks-row gspb_row gspb_row-id-gsbp-9b64485\" id=\"gspb_row-id-gsbp-9b64485\"><div class=\"gspb_row__content\"> \n<div class=\"wp-block-greenshift-blocks-row-column gspb_row__col--6 gspb_col-id-gsbp-9e0f62a\" id=\"gspb_col-id-gsbp-9e0f62a\">\n<div class=\"wp-block-greenshift-blocks-image gspb_image gspb_image-id-gsbp-d58e656 gssimglightbox\" id=\"gspb_image-id-gsbp-d58e656\"><img decoding=\"async\" src=\"http:\/\/leierwocasting.com\/wp-content\/uploads\/2025\/02\/67-2.jpg\" data-src=\"\" alt=\"Certificaci\u00f3n de tecnolog\u00eda\" loading=\"lazy\" width=\"1080\" height=\"1515\"\/><\/div>\n<\/div>\n\n\n\n<div class=\"wp-block-greenshift-blocks-row-column gspb_row__col--6 gspb_col-id-gsbp-1095516\" id=\"gspb_col-id-gsbp-1095516\">\n<div class=\"wp-block-greenshift-blocks-image gspb_image gspb_image-id-gsbp-7044201 gssimglightbox\" id=\"gspb_image-id-gsbp-7044201\"><img decoding=\"async\" src=\"http:\/\/leierwocasting.com\/wp-content\/uploads\/2025\/02\/68-2.jpg\" data-src=\"\" alt=\"Certificaci\u00f3n de tecnolog\u00eda\" loading=\"lazy\" width=\"1080\" height=\"1515\"\/><\/div>\n<\/div>\n <\/div><\/div>\n\n\n\n<div class=\"wp-block-greenshift-blocks-row gspb_row gspb_row-id-gsbp-3fc246b gspb_row--gutter-30\" id=\"gspb_row-id-gsbp-3fc246b\"><div class=\"gspb_row__content\"> \n<div class=\"wp-block-greenshift-blocks-row-column gspb_row__col--6 gspb_col-id-gsbp-4b4c346\" id=\"gspb_col-id-gsbp-4b4c346\">\n<h4 id=\"gspb_heading-id-gsbp-a4fa85e\" class=\"gspb_heading gspb_heading-id-gsbp-a4fa85e\">Certificaci\u00f3n ISO 9001:2015<\/h4>\n<\/div>\n\n\n\n<div class=\"wp-block-greenshift-blocks-row-column gspb_row__col--6 gspb_col-id-gsbp-a824da4\" id=\"gspb_col-id-gsbp-a824da4\">\n<h4 id=\"gspb_heading-id-gsbp-fc2d1f3\" class=\"gspb_heading gspb_heading-id-gsbp-fc2d1f3\">Certificado EN10204-3.1<\/h4>\n<\/div>\n <\/div><\/div>\n\n\n\n<div class=\"wp-block-greenshift-blocks-row gspb_row gspb_row-id-gsbp-097b1c6\" id=\"gspb_row-id-gsbp-097b1c6\"><div class=\"gspb_row__content\"> \n<div class=\"wp-block-greenshift-blocks-row-column gspb_row__col--6 gspb_col-id-gsbp-a8b3ec6\" id=\"gspb_col-id-gsbp-a8b3ec6\">\n<div class=\"wp-block-greenshift-blocks-image gspb_image gspb_image-id-gsbp-4e2db91 gssimglightbox\" id=\"gspb_image-id-gsbp-4e2db91\"><img decoding=\"async\" src=\"http:\/\/leierwocasting.com\/wp-content\/uploads\/2025\/02\/69-2.jpg\" data-src=\"\" alt=\"Certificaci\u00f3n de tecnolog\u00eda\" loading=\"lazy\" width=\"1080\" height=\"1515\"\/><\/div>\n<\/div>\n\n\n\n<div class=\"wp-block-greenshift-blocks-row-column gspb_row__col--6 gspb_col-id-gsbp-31f545d\" id=\"gspb_col-id-gsbp-31f545d\">\n<div class=\"wp-block-greenshift-blocks-image gspb_image gspb_image-id-gsbp-a6e56ee gssimglightbox\" id=\"gspb_image-id-gsbp-a6e56ee\"><img decoding=\"async\" src=\"http:\/\/leierwocasting.com\/wp-content\/uploads\/2025\/02\/70.jpg\" data-src=\"\" alt=\"Certificaci\u00f3n de tecnolog\u00eda\" loading=\"lazy\" width=\"1080\" height=\"1515\"\/><\/div>\n<\/div>\n <\/div><\/div>\n\n\n\n<div class=\"wp-block-greenshift-blocks-row gspb_row gspb_row-id-gsbp-6b91942 gspb_row--gutter-30\" id=\"gspb_row-id-gsbp-6b91942\"><div class=\"gspb_row__content\"> \n<div class=\"wp-block-greenshift-blocks-row-column gspb_row__col--6 gspb_col-id-gsbp-9131261\" id=\"gspb_col-id-gsbp-9131261\">\n<h4 id=\"gspb_heading-id-gsbp-85398e9\" class=\"gspb_heading gspb_heading-id-gsbp-85398e9\">Certificado de Empresa Tecnol\u00f3gica Privada<\/h4>\n<\/div>\n\n\n\n<div class=\"wp-block-greenshift-blocks-row-column gspb_row__col--6 gspb_col-id-gsbp-562a774\" id=\"gspb_col-id-gsbp-562a774\">\n<h4 id=\"gspb_heading-id-gsbp-074b1a3\" class=\"gspb_heading gspb_heading-id-gsbp-074b1a3\">Certificado de Empresa de Alta Tecnolog\u00eda<\/h4>\n<\/div>\n <\/div><\/div>\n\n\n\n<div class=\"wp-block-greenshift-blocks-row gspb_row gspb_row-id-gsbp-28a4532\" id=\"gspb_row-id-gsbp-28a4532\"><div class=\"gspb_row__content\"> \n<div class=\"wp-block-greenshift-blocks-row-column gspb_row__col--6 gspb_col-id-gsbp-b3afd20\" id=\"gspb_col-id-gsbp-b3afd20\">\n<div class=\"wp-block-greenshift-blocks-image gspb_image gspb_image-id-gsbp-81a7b7c gssimglightbox\" id=\"gspb_image-id-gsbp-81a7b7c\"><img decoding=\"async\" src=\"http:\/\/leierwocasting.com\/wp-content\/uploads\/2025\/02\/59.jpg\" data-src=\"\" alt=\"Certificaci\u00f3n de tecnolog\u00eda\" loading=\"lazy\" width=\"800\" height=\"552\"\/><\/div>\n<\/div>\n\n\n\n<div class=\"wp-block-greenshift-blocks-row-column gspb_row__col--6 gspb_col-id-gsbp-e1e7949\" id=\"gspb_col-id-gsbp-e1e7949\">\n<div class=\"wp-block-greenshift-blocks-image gspb_image gspb_image-id-gsbp-fa32380 gssimglightbox\" id=\"gspb_image-id-gsbp-fa32380\"><img decoding=\"async\" src=\"http:\/\/leierwocasting.com\/wp-content\/uploads\/2025\/02\/60.jpg\" data-src=\"\" alt=\"Certificaci\u00f3n de tecnolog\u00eda\" loading=\"lazy\" width=\"800\" height=\"552\"\/><\/div>\n<\/div>\n <\/div><\/div>\n\n\n\n<p><\/p>","protected":false},"excerpt":{"rendered":"","protected":false},"author":1,"featured_media":0,"parent":0,"menu_order":0,"comment_status":"closed","ping_status":"closed","template":"","meta":{"_gspb_post_css":"#gspb_row-id-gsbp-57866ee{justify-content:space-between;margin-top:0;margin-bottom:0;display:flex;flex-wrap:wrap;min-height:500px}#gspb_row-id-gsbp-57866ee>.gspb_row__content{display:flex;justify-content:space-between;margin:0 auto;width:100%;flex-wrap:wrap;align-items:center}div[id^=gspb_col-id]{box-sizing:border-box;position:relative;padding:var(--gs-row-column-padding, 15px min(3vw, 20px))}@media (max-width:575.98px){#gspb_row-id-gsbp-57866ee{min-height:200px}}body.gspb-bodyfront #gspb_row-id-gsbp-57866ee>.gspb_row__content{width:var(--theme-container-width, 1200px);max-width:var(--theme-normal-container-max-width, 1200px)}#gspb_row-id-gsbp-57866ee{align-content:center;background-size:cover;background-position:50% 70%}@media (max-width:575.98px){#gspb_row-id-gsbp-57866ee{background-size:cover;background-position:62% 51%}}#gspb_row-id-gsbp-57866ee{background-image:url(http:\/\/leierwocasting.com\/wp-content\/uploads\/2025\/02\/58.jpg);isolation:isolate}#gspb_row-id-gsbp-57866ee:hover{background-size:cover}@media (max-width:575.98px){#gspb_row-id-gsbp-57866ee:hover{background-size:cover}}#gspb_row-id-gsbp-57866ee>.gspb_backgroundOverlay{position:absolute;top:0;left:0;width:100%;height:100%;z-index:-1;opacity:.7;background-color:#040e20}#gspb_col-id-gsbp-dfe8095.gspb_row__col--12{width:100%}@media (max-width:575.98px){#gspb_col-id-gsbp-dfe8095.gspb_row__col--12{width:100%}#gspb_heading-id-gsbp-0b55552{font-size:30px}}#gspb_heading-id-gsbp-0b55552,#gspb_heading-id-gsbp-0b55552 .gsap-g-line{text-align:center!important}#gspb_heading-id-gsbp-0b55552{color:var(--wp--preset--color--palette-color-8, var(--theme-palette-color-8, #ffffff))}#gspb_row-id-gsbp-2de4580{justify-content:space-between;display:flex;flex-wrap:wrap;margin-top:50px;margin-bottom:50px}#gspb_row-id-gsbp-2de4580>.gspb_row__content{display:flex;justify-content:space-between;margin:0 auto;width:100%;flex-wrap:wrap}@media (max-width:575.98px){#gspb_row-id-gsbp-2de4580{margin-top:30px}}#gspb_col-id-gsbp-1586ef2.gspb_row__col--12{width:100%}@media (max-width:575.98px){#gspb_col-id-gsbp-1586ef2.gspb_row__col--12{width:100%}#gspb_heading-id-gsbp-25a4833{font-size:25px}}#gspb_heading-id-gsbp-25a4833,#gspb_heading-id-gsbp-25a4833 .gsap-g-line,.gspb_text-id-gsbp-91349d6,.gspb_text-id-gsbp-91349d6 .gsap-g-line{text-align:center!important}#gspb_heading-id-gsbp-25a4833{margin-top:0;margin-bottom:20px}#gspb_row-id-gsbp-54c5092{justify-content:space-between;margin-top:0;display:flex;flex-wrap:wrap;margin-bottom:30px}#gspb_row-id-gsbp-54c5092>.gspb_row__content{display:flex;justify-content:space-between;margin:0 auto;width:100%;flex-wrap:wrap}.gspb_row{position:relative}body.gspb-bodyfront #gspb_row-id-gsbp-2de4580>.gspb_row__content,body.gspb-bodyfront #gspb_row-id-gsbp-54c5092>.gspb_row__content{width:var(--theme-container-width, 1200px);max-width:var(--theme-normal-container-max-width, 1200px)}#gspb_col-id-gsbp-96f663b.gspb_row__col--12{width:100%}@media (max-width:575.98px){#gspb_col-id-gsbp-96f663b.gspb_row__col--12{width:100%}}#gspb_col-id-gsbp-96f663b.gspb_row__col--12{background-color:#294da8}@media (max-width:575.98px){#gspb_heading-id-gsbp-adacb33{font-size:20px;text-align:center!important}#gspb_heading-id-gsbp-adacb33 .gsap-g-line{text-align:center!important}}#gspb_heading-id-gsbp-adacb33{color:var(--wp--preset--color--palette-color-8, var(--theme-palette-color-8, #ffffff));margin-top:0;margin-bottom:0}#gspb_row-id-gsbp-1c3114b{justify-content:space-between;margin-top:0;margin-bottom:0;display:flex;flex-wrap:wrap}#gspb_row-id-gsbp-1c3114b>.gspb_row__content{display:flex;justify-content:space-between;margin:0 auto;width:100%;flex-wrap:wrap}#gspb_col-id-gsbp-18c3d18.gspb_row__col--4{width:33.333333333333336%}@media (max-width:575.98px){#gspb_col-id-gsbp-18c3d18.gspb_row__col--4{width:100%}}#gspb_image-id-gsbp-0a982b4 img{object-fit:fill;vertical-align:top;display:inline-block;box-sizing:border-box;max-width:100%;height:auto;box-shadow:0 5px 20px 0 rgba(0,0,0,.03)}#gspb_col-id-gsbp-1dd209b.gspb_row__col--4{width:33.333333333333336%}@media (max-width:575.98px){#gspb_col-id-gsbp-1dd209b.gspb_row__col--4{width:100%}}#gspb_col-id-gsbp-d8f8be1.gspb_row__col--4{width:33.333333333333336%}@media (max-width:575.98px){#gspb_col-id-gsbp-d8f8be1.gspb_row__col--4{width:100%}}#gspb_image-id-gsbp-54dedbc{padding-top:140px}@media (max-width:575.98px){#gspb_image-id-gsbp-54dedbc{padding-top:0}}#gspb_row-id-gsbp-689b3ce,#gspb_row-id-gsbp-d58d306{justify-content:space-between;display:flex;flex-wrap:wrap;margin-top:30px;margin-bottom:50px}#gspb_row-id-gsbp-d58d306>.gspb_row__content{display:flex;justify-content:space-between;margin:0 auto;width:100%;flex-wrap:wrap}body.gspb-bodyfront #gspb_row-id-gsbp-1c3114b>.gspb_row__content,body.gspb-bodyfront #gspb_row-id-gsbp-d58d306>.gspb_row__content{width:var(--theme-container-width, 1200px);max-width:var(--theme-normal-container-max-width, 1200px)}#gspb_col-id-gsbp-ab4f557.gspb_row__col--4{width:33.333333333333336%}@media (max-width:575.98px){#gspb_col-id-gsbp-ab4f557.gspb_row__col--4{width:100%}}#gspb_image-id-gsbp-532001d img,#gspb_image-id-gsbp-54dedbc img,#gspb_image-id-gsbp-a303b4d img,#gspb_image-id-gsbp-d59391a img{vertical-align:top;display:inline-block;box-sizing:border-box;max-width:100%;height:auto;box-shadow:0 5px 20px 0 rgba(0,0,0,.03)}#gspb_col-id-gsbp-612d769.gspb_row__col--4{width:33.333333333333336%}@media (max-width:575.98px){#gspb_col-id-gsbp-612d769.gspb_row__col--4{width:100%}}#gspb_col-id-gsbp-18e96b6.gspb_row__col--4{width:33.333333333333336%}@media (max-width:575.98px){#gspb_col-id-gsbp-18e96b6.gspb_row__col--4{width:100%}}#gspb_row-id-gsbp-689b3ce{margin-top:0;margin-bottom:30px}#gspb_row-id-gsbp-689b3ce>.gspb_row__content{display:flex;justify-content:space-between;margin:0 auto;width:100%;flex-wrap:wrap}#gspb_col-id-gsbp-374b60b.gspb_row__col--12{width:100%}@media (max-width:575.98px){#gspb_col-id-gsbp-374b60b.gspb_row__col--12{width:100%}}#gspb_col-id-gsbp-374b60b.gspb_row__col--12{background-color:#294da8}@media (max-width:575.98px){#gspb_heading-id-gsbp-9b56da4{font-size:20px;text-align:center!important}#gspb_heading-id-gsbp-9b56da4 .gsap-g-line{text-align:center!important}}#gspb_heading-id-gsbp-9b56da4{color:var(--wp--preset--color--palette-color-8, var(--theme-palette-color-8, #ffffff));margin-top:0;margin-bottom:0}#gspb_row-id-gsbp-9b64485{justify-content:space-between;margin-top:0;margin-bottom:0;display:flex;flex-wrap:wrap;padding-bottom:50px}#gspb_row-id-gsbp-9b64485>.gspb_row__content{display:flex;justify-content:space-between;margin:0 auto;width:100%;flex-wrap:wrap}body.gspb-bodyfront #gspb_row-id-gsbp-689b3ce>.gspb_row__content,body.gspb-bodyfront #gspb_row-id-gsbp-9b64485>.gspb_row__content{width:var(--theme-container-width, 1200px);max-width:var(--theme-normal-container-max-width, 1200px)}#gspb_col-id-gsbp-9e0f62a.gspb_row__col--6{width:50%}@media (max-width:575.98px){#gspb_col-id-gsbp-9e0f62a.gspb_row__col--6{width:100%}}#gspb_image-id-gsbp-7044201 img,#gspb_image-id-gsbp-d58e656 img,#gspb_image-id-gsbp-f8aa5bc img{vertical-align:top;display:inline-block;box-sizing:border-box;max-width:100%;height:auto;box-shadow:0 5px 20px 0 rgba(0,0,0,.03)}#gspb_image-id-gsbp-d58e656{margin-right:20px}@media (max-width:575.98px){#gspb_image-id-gsbp-d58e656{margin-right:0}}#gspb_col-id-gsbp-1095516.gspb_row__col--6{width:50%}@media (max-width:575.98px){#gspb_col-id-gsbp-1095516.gspb_row__col--6{width:100%}}#gspb_image-id-gsbp-7044201{margin-left:20px}@media (max-width:575.98px){#gspb_image-id-gsbp-7044201{margin-left:0}}#gspb_row-id-gsbp-3fc246b{justify-content:space-between;margin-top:0;margin-bottom:0;display:flex;flex-wrap:wrap}#gspb_row-id-gsbp-3fc246b>.gspb_row__content{display:flex;justify-content:space-between;margin:0 auto;width:100%;flex-wrap:wrap}#gspb_col-id-gsbp-4b4c346.gspb_row__col--6{width:calc(50% - 15px)}@media (max-width:991.98px){#gspb_col-id-gsbp-4b4c346.gspb_row__col--6{width:calc(50% - 15px)}}@media (max-width:767.98px){#gspb_col-id-gsbp-4b4c346.gspb_row__col--6{width:calc(50% - 15px)}}@media (max-width:575.98px){#gspb_col-id-gsbp-4b4c346.gspb_row__col--6{width:100%}}#gspb_col-id-gsbp-4b4c346.gspb_row__col--6{background-color:#294da8}@media (max-width:575.98px){#gspb_heading-id-gsbp-a4fa85e{font-size:20px;text-align:center!important}#gspb_heading-id-gsbp-a4fa85e .gsap-g-line{text-align:center!important}}#gspb_heading-id-gsbp-a4fa85e{color:var(--wp--preset--color--palette-color-8, var(--theme-palette-color-8, #ffffff));margin-top:0;margin-bottom:0}@media (max-width:575.98px){#gspb_heading-id-gsbp-a4fa85e{margin-top:0}}#gspb_col-id-gsbp-a824da4.gspb_row__col--6{width:calc(50% - 15px)}@media (max-width:991.98px){#gspb_col-id-gsbp-a824da4.gspb_row__col--6{width:calc(50% - 15px)}}@media (max-width:767.98px){#gspb_col-id-gsbp-a824da4.gspb_row__col--6{width:calc(50% - 15px)}}@media (max-width:575.98px){#gspb_col-id-gsbp-a824da4.gspb_row__col--6{width:100%}}#gspb_col-id-gsbp-a824da4.gspb_row__col--6{background-color:#294da8}@media (max-width:575.98px){#gspb_heading-id-gsbp-fc2d1f3{font-size:20px;text-align:center!important}#gspb_heading-id-gsbp-fc2d1f3 .gsap-g-line{text-align:center!important}}#gspb_heading-id-gsbp-fc2d1f3{color:var(--wp--preset--color--palette-color-8, var(--theme-palette-color-8, #ffffff));margin-top:0;margin-bottom:0}#gspb_row-id-gsbp-097b1c6{justify-content:space-between;display:flex;flex-wrap:wrap;margin-top:30px;margin-bottom:50px}#gspb_row-id-gsbp-097b1c6>.gspb_row__content{display:flex;justify-content:space-between;margin:0 auto;width:100%;flex-wrap:wrap}body.gspb-bodyfront #gspb_row-id-gsbp-097b1c6>.gspb_row__content,body.gspb-bodyfront #gspb_row-id-gsbp-3fc246b>.gspb_row__content{width:var(--theme-container-width, 1200px);max-width:var(--theme-normal-container-max-width, 1200px)}#gspb_col-id-gsbp-a8b3ec6.gspb_row__col--6{width:50%}@media (max-width:575.98px){#gspb_col-id-gsbp-a8b3ec6.gspb_row__col--6{width:100%}}#gspb_image-id-gsbp-4e2db91{margin-right:20px}@media (max-width:575.98px){#gspb_image-id-gsbp-4e2db91{margin-right:0}}#gspb_col-id-gsbp-31f545d.gspb_row__col--6{width:50%}@media (max-width:575.98px){#gspb_col-id-gsbp-31f545d.gspb_row__col--6{width:100%}}#gspb_image-id-gsbp-a6e56ee{margin-left:20px}@media (max-width:575.98px){#gspb_image-id-gsbp-a6e56ee{margin-left:0}}#gspb_row-id-gsbp-6b91942{justify-content:space-between;margin-top:0;display:flex;flex-wrap:wrap;margin-bottom:30px}#gspb_row-id-gsbp-6b91942>.gspb_row__content{display:flex;justify-content:space-between;margin:0 auto;width:100%;flex-wrap:wrap}#gspb_col-id-gsbp-9131261.gspb_row__col--6{width:calc(50% - 15px)}@media (max-width:991.98px){#gspb_col-id-gsbp-9131261.gspb_row__col--6{width:calc(50% - 15px)}}@media (max-width:767.98px){#gspb_col-id-gsbp-9131261.gspb_row__col--6{width:calc(50% - 15px)}}@media (max-width:575.98px){#gspb_col-id-gsbp-9131261.gspb_row__col--6{width:100%}}#gspb_col-id-gsbp-9131261.gspb_row__col--6{background-color:#294da8}@media (max-width:575.98px){#gspb_heading-id-gsbp-85398e9{font-size:20px;text-align:center!important}#gspb_heading-id-gsbp-85398e9 .gsap-g-line{text-align:center!important}}#gspb_heading-id-gsbp-85398e9{color:var(--wp--preset--color--palette-color-8, var(--theme-palette-color-8, #ffffff));margin-top:0;margin-bottom:0}#gspb_col-id-gsbp-562a774.gspb_row__col--6{width:calc(50% - 15px)}@media (max-width:991.98px){#gspb_col-id-gsbp-562a774.gspb_row__col--6{width:calc(50% - 15px)}}@media (max-width:767.98px){#gspb_col-id-gsbp-562a774.gspb_row__col--6{width:calc(50% - 15px)}}@media (max-width:575.98px){#gspb_col-id-gsbp-562a774.gspb_row__col--6{width:100%}}#gspb_col-id-gsbp-562a774.gspb_row__col--6{background-color:#294da8}@media (max-width:575.98px){#gspb_heading-id-gsbp-074b1a3{font-size:20px;text-align:center!important}#gspb_heading-id-gsbp-074b1a3 .gsap-g-line{text-align:center!important}}#gspb_heading-id-gsbp-074b1a3{color:var(--wp--preset--color--palette-color-8, var(--theme-palette-color-8, #ffffff));margin-top:0;margin-bottom:0}#gspb_row-id-gsbp-28a4532{justify-content:space-between;margin-top:0;display:flex;flex-wrap:wrap;margin-bottom:100px}#gspb_row-id-gsbp-28a4532>.gspb_row__content{display:flex;justify-content:space-between;margin:0 auto;width:100%;flex-wrap:wrap}body.gspb-bodyfront #gspb_row-id-gsbp-28a4532>.gspb_row__content,body.gspb-bodyfront #gspb_row-id-gsbp-6b91942>.gspb_row__content{width:var(--theme-container-width, 1200px);max-width:var(--theme-normal-container-max-width, 1200px)}#gspb_col-id-gsbp-b3afd20.gspb_row__col--6{width:50%}@media (max-width:575.98px){#gspb_col-id-gsbp-b3afd20.gspb_row__col--6{width:100%}}#gspb_image-id-gsbp-4e2db91 img,#gspb_image-id-gsbp-81a7b7c img,#gspb_image-id-gsbp-a6e56ee img,#gspb_image-id-gsbp-fa32380 img{vertical-align:top;display:inline-block;box-sizing:border-box;max-width:100%;height:auto;box-shadow:0 5px 20px 0 rgba(0,0,0,.03)}#gspb_image-id-gsbp-81a7b7c{margin-right:20px}@media (max-width:575.98px){#gspb_image-id-gsbp-81a7b7c{margin-right:0}}#gspb_col-id-gsbp-e1e7949.gspb_row__col--6{width:50%}@media (max-width:575.98px){#gspb_col-id-gsbp-e1e7949.gspb_row__col--6{width:100%}}#gspb_image-id-gsbp-fa32380{margin-left:20px}@media (max-width:575.98px){#gspb_image-id-gsbp-fa32380{margin-left:0}}","footnotes":""},"class_list":["post-597","page","type-page","status-publish","hentry"],"blocksy_meta":[],"_links":{"self":[{"href":"https:\/\/www.leierwocasting.com\/es\/wp-json\/wp\/v2\/pages\/597","targetHints":{"allow":["GET"]}}],"collection":[{"href":"https:\/\/www.leierwocasting.com\/es\/wp-json\/wp\/v2\/pages"}],"about":[{"href":"https:\/\/www.leierwocasting.com\/es\/wp-json\/wp\/v2\/types\/page"}],"author":[{"embeddable":true,"href":"https:\/\/www.leierwocasting.com\/es\/wp-json\/wp\/v2\/users\/1"}],"replies":[{"embeddable":true,"href":"https:\/\/www.leierwocasting.com\/es\/wp-json\/wp\/v2\/comments?post=597"}],"version-history":[{"count":0,"href":"https:\/\/www.leierwocasting.com\/es\/wp-json\/wp\/v2\/pages\/597\/revisions"}],"wp:attachment":[{"href":"https:\/\/www.leierwocasting.com\/es\/wp-json\/wp\/v2\/media?parent=597"}],"curies":[{"name":"wp","href":"https:\/\/api.w.org\/{rel}","templated":true}]}}