{"id":333,"date":"2025-02-25T08:35:58","date_gmt":"2025-02-25T08:35:58","guid":{"rendered":"https:\/\/leierwocasting.com\/?page_id=333"},"modified":"2025-11-10T02:42:12","modified_gmt":"2025-11-10T02:42:12","slug":"shipping-policy","status":"publish","type":"page","link":"https:\/\/www.leierwocasting.com\/es\/shipping-policy\/","title":{"rendered":"Pol\u00edtica de env\u00edos"},"content":{"rendered":"<div class=\"wp-block-greenshift-blocks-row alignfull gspb_row gspb_row-id-gsbp-57866ee\" id=\"gspb_row-id-gsbp-57866ee\"><div class=\"gspb_backgroundOverlay\"><\/div><div class=\"gspb_row__content\"> \n<div class=\"wp-block-greenshift-blocks-row-column gspb_row__col--12 gspb_col-id-gsbp-dfe8095\" id=\"gspb_col-id-gsbp-dfe8095\">\n<h1 id=\"gspb_heading-id-gsbp-0b55552\" class=\"gspb_heading gspb_heading-id-gsbp-0b55552\">Pol\u00edtica de env\u00edos<\/h1>\n<\/div>\n <\/div><\/div>\n\n\n\n<div class=\"wp-block-greenshift-blocks-row gspb_row gspb_row-id-gsbp-ae6b6fc\" id=\"gspb_row-id-gsbp-ae6b6fc\"><div class=\"gspb_row__content\"> \n<div class=\"wp-block-greenshift-blocks-row-column gspb_row__col--12 gspb_col-id-gsbp-6cd6686\" id=\"gspb_col-id-gsbp-6cd6686\">\n<p>En Shanghai Leierwo Industry &amp; Trade Co., Ltd., nos esforzamos por ofrecer entregas puntuales y eficientes de nuestros productos a nuestros clientes. Realizamos env\u00edos nacionales e internacionales.<\/p>\n\n\n\n<p><strong><em>Env\u00edo nacional:<\/em><\/strong><br>Enviamos nuestros productos dentro de China continental a trav\u00e9s de varios transportistas, seg\u00fan el producto y la ubicaci\u00f3n del cliente.<br>Los costos de env\u00edo nacional pueden variar dependiendo del peso y tama\u00f1o del producto, as\u00ed como del destino del env\u00edo.<br>El tiempo de entrega estimado para env\u00edos nacionales suele ser de 3 a 7 d\u00edas h\u00e1biles, dependiendo del transportista y del destino del env\u00edo.<\/p>\n\n\n\n<p><strong><em>Env\u00edos internacionales:<\/em><\/strong><br>Enviamos nuestros productos a clientes internacionales a trav\u00e9s de varios transportistas, seg\u00fan el producto y la ubicaci\u00f3n del cliente.<br>Las tarifas de env\u00edo internacional pueden variar seg\u00fan el peso y tama\u00f1o del producto, as\u00ed como del destino del env\u00edo.<br>El tiempo estimado de entrega para env\u00edos internacionales var\u00eda seg\u00fan la empresa de transporte y el destino. Los plazos de entrega pueden verse afectados por tr\u00e1mites aduaneros y otros factores ajenos a nuestro control.<br>Tenga en cuenta que no nos hacemos responsables de los aranceles, impuestos ni tasas aduaneras que pueda imponer el pa\u00eds de destino. El cliente es responsable de dichos cargos.<\/p>\n\n\n\n<p>Si tiene alguna pregunta o inquietud sobre el env\u00edo, no dude en contactarnos en&nbsp;<a href=\"mailto:admin@leierwo.cn\">admin@leierwo.cn<\/a><span style=\"background-color: transparent; color: var(--theme-text-color); font-family: var(--theme-font-family); font-size: revert; font-style: var(--theme-font-style, inherit); font-weight: var(--theme-font-weight); letter-spacing: var(--theme-letter-spacing); text-transform: var(--theme-text-transform);\">.<\/span><\/p>\n\n\n\n<p><\/p>\n<\/div>\n <\/div><\/div>","protected":false},"excerpt":{"rendered":"","protected":false},"author":1,"featured_media":0,"parent":0,"menu_order":0,"comment_status":"closed","ping_status":"closed","template":"","meta":{"_gspb_post_css":"#gspb_row-id-gsbp-57866ee{justify-content:space-between;margin-top:0;margin-bottom:0;display:flex;flex-wrap:wrap;min-height:500px}#gspb_row-id-gsbp-57866ee>.gspb_row__content{display:flex;justify-content:space-between;margin:0 auto;width:100%;flex-wrap:wrap;align-items:center}.gspb_row{position:relative}div[id^=gspb_col-id]{box-sizing:border-box;position:relative;padding:var(--gs-row-column-padding, 15px min(3vw, 20px))}@media (max-width:575.98px){#gspb_row-id-gsbp-57866ee{min-height:200px}}#gspb_row-id-gsbp-57866ee{align-content:center;background-size:cover}@media (max-width:575.98px){#gspb_row-id-gsbp-57866ee{background-position:62% 51%}}#gspb_row-id-gsbp-57866ee{background-image:url(http:\/\/leierwocasting.com\/wp-content\/uploads\/2025\/02\/79.jpg);isolation:isolate}#gspb_row-id-gsbp-57866ee:hover{background-size:cover}#gspb_row-id-gsbp-57866ee>.gspb_backgroundOverlay{position:absolute;top:0;left:0;width:100%;height:100%;z-index:-1;opacity:.7;background-color:#000}#gspb_col-id-gsbp-dfe8095.gspb_row__col--12{width:100%}@media (max-width:575.98px){#gspb_col-id-gsbp-dfe8095.gspb_row__col--12{width:100%}#gspb_heading-id-gsbp-0b55552{font-size:30px}}#gspb_heading-id-gsbp-0b55552,#gspb_heading-id-gsbp-0b55552 .gsap-g-line{text-align:center!important}#gspb_heading-id-gsbp-0b55552{color:var(--wp--preset--color--palette-color-8, var(--theme-palette-color-8, #ffffff))}#gspb_row-id-gsbp-ae6b6fc{justify-content:space-between;display:flex;flex-wrap:wrap;margin-top:0;margin-bottom:98px;padding-top:50px}#gspb_row-id-gsbp-ae6b6fc>.gspb_row__content{display:flex;justify-content:space-between;margin:0 auto;width:100%;flex-wrap:wrap}body.gspb-bodyfront #gspb_row-id-gsbp-57866ee>.gspb_row__content,body.gspb-bodyfront #gspb_row-id-gsbp-ae6b6fc>.gspb_row__content{width:var(--theme-container-width, 1200px);max-width:var(--theme-normal-container-max-width, 1200px)}#gspb_col-id-gsbp-6cd6686.gspb_row__col--12{width:100%}@media (max-width:575.98px){#gspb_col-id-gsbp-6cd6686.gspb_row__col--12{width:100%}}","footnotes":""},"class_list":["post-333","page","type-page","status-publish","hentry"],"blocksy_meta":[],"_links":{"self":[{"href":"https:\/\/www.leierwocasting.com\/es\/wp-json\/wp\/v2\/pages\/333","targetHints":{"allow":["GET"]}}],"collection":[{"href":"https:\/\/www.leierwocasting.com\/es\/wp-json\/wp\/v2\/pages"}],"about":[{"href":"https:\/\/www.leierwocasting.com\/es\/wp-json\/wp\/v2\/types\/page"}],"author":[{"embeddable":true,"href":"https:\/\/www.leierwocasting.com\/es\/wp-json\/wp\/v2\/users\/1"}],"replies":[{"embeddable":true,"href":"https:\/\/www.leierwocasting.com\/es\/wp-json\/wp\/v2\/comments?post=333"}],"version-history":[{"count":2,"href":"https:\/\/www.leierwocasting.com\/es\/wp-json\/wp\/v2\/pages\/333\/revisions"}],"predecessor-version":[{"id":3321,"href":"https:\/\/www.leierwocasting.com\/es\/wp-json\/wp\/v2\/pages\/333\/revisions\/3321"}],"wp:attachment":[{"href":"https:\/\/www.leierwocasting.com\/es\/wp-json\/wp\/v2\/media?parent=333"}],"curies":[{"name":"wp","href":"https:\/\/api.w.org\/{rel}","templated":true}]}}