{"id":707,"date":"2025-03-12T01:03:14","date_gmt":"2025-03-12T01:03:14","guid":{"rendered":"https:\/\/leierwocasting.com\/?post_type=product&#038;p=707"},"modified":"2025-08-19T02:40:38","modified_gmt":"2025-08-19T02:40:38","slug":"kf16-aluminium-alloy-clamp","status":"publish","type":"product","link":"https:\/\/www.leierwocasting.com\/de\/product\/kf16-aluminium-alloy-clamp\/","title":{"rendered":"KF16 Aluminiumlegierungsklemme"},"content":{"rendered":"<p data-start=\"119\" data-end=\"617\">Der <a href=\"https:\/\/www.leierwocasting.com\/de\/product\/kf16-aluminium-alloy-vlamp\/\"><strong data-start=\"123\" data-end=\"153\">KF16 Aluminiumlegierungsklemme<\/strong><\/a> F\u00fcr pr\u00e4zisionskritische Anwendungen konzipiert ist, hergestellt mit einer umfassenden Auswahl von \u00fcber <strong data-start=\"256\" data-end=\"278\">60 Materialg\u00fcten<\/strong> Und <strong data-start=\"283\" data-end=\"318\">mehr als 12 Legierungszusammensetzungen<\/strong>, Kompatibilit\u00e4t bieten <strong data-start=\"350\" data-end=\"377\">70+ Teilespezifikationen<\/strong>. Ideal f\u00fcr elektronische, Vakuum- und Pr\u00e4zisionsmontagesysteme. Diese Klemme profitiert von unserer umfangreichen Werkzeugbasis, einschlie\u00dflich <strong data-start=\"504\" data-end=\"537\">3500+ Pr\u00e4zisionsgussformen<\/strong> Und <strong data-start=\"542\" data-end=\"570\">1000+ Sandgussformen<\/strong>, die eine effiziente und wiederholbare Produktion erm\u00f6glichen.<\/p>\n<p data-start=\"619\" data-end=\"1107\">Flexible Produktionskapazit\u00e4ten erm\u00f6glichen beides <strong data-start=\"667\" data-end=\"693\">Kleinma\u00dfst\u00e4bliche Bauteile<\/strong> Und <strong data-start=\"698\" data-end=\"730\">Ma\u00dfgeschneiderte einteilige Gussteile<\/strong> Beginnend mit <strong data-start=\"745\" data-end=\"754\">50 kg<\/strong>, Mit Unterst\u00fctzung f\u00fcr St\u00fcckgewichte bis zu <strong data-start=\"792\" data-end=\"802\">850 kg<\/strong> \u00dcber mehrere unabh\u00e4ngige Ofenaufbauten sorgt dies f\u00fcr Materialreinheit, optimierte Gie\u00dfkontrolle, und Batch-Konsistenzkritisch f\u00fcr hohe Leistungsanforderungen. <strong data-start=\"966\" data-end=\"996\">KF16 Aluminiumlegierungsklemme<\/strong> Bietet hervorragende Dimensionsstabilit\u00e4t und kann f\u00fcr spezielle Montage- oder Verbindungsszenarien angepasst werden.<\/p>\n<p data-start=\"1109\" data-end=\"1703\">Alle <strong data-start=\"1113\" data-end=\"1143\">KF16 Aluminiumlegierungsklemme<\/strong> Produkte werden durch voll <strong data-start=\"1172\" data-end=\"1197\">Materialr\u00fcckverfolgbarkeit<\/strong>, Mit a <strong data-start=\"1206\" data-end=\"1234\">3.1 Werkstoffzertifikat<\/strong> Pro W\u00e4rme ausgegeben F\u00fcr Kunden, die eine erh\u00f6hte Compliance ben\u00f6tigen, ist, <strong data-start=\"1297\" data-end=\"1318\">3.2 Zertifizierung<\/strong> Von autorisierten Fremdlabors vermittelt werden k\u00f6nnen Bearbeitete Bauteile k\u00f6nnen auch von einer <strong data-start=\"1426\" data-end=\"1462\">Pr\u00e4zisionsbearbeitungszertifikat<\/strong>, \u2018s, die Transparenz \u00fcber jeden Schritt der Wertsch\u00f6pfungskette hinweg sicherzustellen Mit \u00fcber <strong data-start=\"1534\" data-end=\"1573\">Zwei Jahrzehnte fachkundige Handwerkskunst<\/strong> Verwurzelt in Branchenkenntnissen bis in die 1980 er Jahre stellen unsere Klemmen eine zuverl\u00e4ssige L\u00f6sung f\u00fcr die Pr\u00e4zisionssystemintegration dar.<\/p>\n<hr \/>\n<h3 data-start=\"960\" data-end=\"1454\">Leierwos Vorteile beim Gie\u00dfen von Pr\u00e4zisionsgussteilen in der Armaturengussindustrie<\/h3>\n<p>Leierwo ist seit vielen Jahren im Feinguss t\u00e4tig und verf\u00fcgt insbesondere \u00fcber umfangreiche Erfahrung in der Herstellung von Ventilkomponenten. Das Unternehmen ist auf die Herstellung von Pr\u00e4zisionsgussteilen aus Kohlenstoffstahl, legiertem Stahl und Edelstahl spezialisiert \u2013 Materialien, die in der Ventilindustrie h\u00e4ufig verwendet werden. Durch den Einsatz fortschrittlicher Technologien wie Schmelzguss und Kieselsolverfahren ist das Unternehmen in der Lage, komplexe Strukturteile hochpr\u00e4zise zu formen und so die Leistungsanforderungen von Ventilen unter hohen Temperaturen, hohem Druck und korrosionsbest\u00e4ndigen Betriebsbedingungen zu erf\u00fcllen. Dar\u00fcber hinaus legt Leierwo Wert auf die kundenspezifische Fertigung nach Kundenzeichnungen. Dadurch kann das Unternehmen Ventilgussteile besser an die spezifischen Kundenanforderungen anpassen und so die Produktdichtheit und strukturelle Stabilit\u00e4t gew\u00e4hrleisten.<\/p>\n<p>&nbsp;<\/p>\n<h3>Auswahl des Hauptmaterials<\/h3>\n<p>Ventilgussteile m\u00fcssen komplexen Betriebsbedingungen wie Druck, Temperatur und Korrosion standhalten. Daher sollte bei der Materialauswahl auf Korrosionsbest\u00e4ndigkeit, Hochtemperaturfestigkeit, Kavitationsbest\u00e4ndigkeit und gute Verarbeitbarkeit geachtet werden. Edelstahl ist aufgrund seiner hervorragenden Gesamtleistung die bevorzugte Wahl.<\/p>\n<p>G\u00e4ngige Materialien:<br \/>\nEdelstahl-Serie:<br \/>\n316\/316L: Die beste Wahl, best\u00e4ndig gegen Chloridionenkorrosion, geeignet f\u00fcr Meeresumgebungen sowie die Chemie- und Erd\u00f6lindustrie. 304\/304L: Ein wirtschaftliches Material, geeignet f\u00fcr allgemein korrosive Umgebungen. 410: Martensitischer Edelstahl mit gewisser Korrosionsbest\u00e4ndigkeit, geeignet f\u00fcr Hochtemperatur-Dampfventile.<br \/>\n17-4PH: Ausscheidungsgeh\u00e4rteter Edelstahl mit hoher Festigkeit und Korrosionsbest\u00e4ndigkeit, geeignet f\u00fcr Hochleistungsventile.<\/p>\n<p>Kohlenstoffstahl-Serie:<br \/>\nWCB (Kohlenstoffstahl, allgemeines Material): Wird h\u00e4ufig f\u00fcr Allzweckventile bei Raumtemperatur verwendet.<br \/>\n4130: Geeignet f\u00fcr Hochtemperatur- und Hochdruckventilgeh\u00e4use.<br \/>\nSpeziallegierungsserie (f\u00fcr Umgebungen mit hoher Korrosions-\/Hochtemperaturbelastung): Duplex-Edelstahl 2205: Hervorragende Spannungskorrosionsbest\u00e4ndigkeit, geeignet f\u00fcr die Schifffahrts- und Chemieindustrie. Kobaltlegierung (CoCr): wie Co6 und Co12, geeignet f\u00fcr Ventildichtfl\u00e4chen mit schweren Hochtemperatursch\u00e4den.<\/p>\n<p>&nbsp;<\/p>\n<h3>Wichtige Casting-Serviceoptionen<\/h3>\n<p>An Ventile werden hohe Anforderungen hinsichtlich Dichtheit und Druckbest\u00e4ndigkeit gestellt und die Wahl des Gussservice wirkt sich direkt auf ihre Funktionssicherheit aus:<\/p>\n<p>Feinguss: Das bevorzugte Verfahren f\u00fcr Mittel- und Hochdruckventile. Komponenten wie Ventilk\u00f6rper und Dichtsitze weisen oft komplexe innere Hohlr\u00e4ume (z. B. gekr\u00fcmmte Str\u00f6mungswege) und pr\u00e4zise Passfl\u00e4chen auf (z. B. muss die Rauheit der Dichtfl\u00e4chen \u2264 Ra1,6\u00a0\u00b5m betragen). Feinguss erm\u00f6glicht die pr\u00e4zise Nachbildung komplexer Formen, reduziert Gussfehler (wie Poren und Schrumpfungen) und mindert Leckagerisiken. Es eignet sich besonders f\u00fcr Hochdruckventile aus Edelstahl und Legierungen.<\/p>\n<p>Sandguss: Geeignet f\u00fcr die Massenproduktion von Niederdruckventilen im Gro\u00dfformat. Beispielsweise haben Niederdruck-Schieberk\u00f6rper f\u00fcr die kommunale Wasserversorgung relativ einfache Formen (meist symmetrische Strukturen), gro\u00dfe Produktionsmengen und moderate Pr\u00e4zisionsanforderungen. Sandguss bietet erhebliche Vorteile hinsichtlich niedriger Kosten und hoher Produktionskapazit\u00e4t.<\/p>\n<p>CNC-Bearbeitung: Der Fokus liegt auf kritischen Passungsbereichen. Ventilflansche und Schaftdurchmesser m\u00fcssen pr\u00e4zise mit der Rohrleitung oder dem Antrieb \u00fcbereinstimmen. Nach dem Gie\u00dfen werden CNC-Fr\u00e4sen und -Schleifen durchgef\u00fchrt, um Ebenheits- und Rechtwinkligkeitstoleranzen von \u22640,02 mm\/m sicherzustellen und so eine dichte Montage zu gew\u00e4hrleisten.<\/p>","protected":false},"excerpt":{"rendered":"<p><strong data-sourcepos=\"1:1-1:31\">KF16 <a href=\"https:\/\/www.leierwocasting.com\/de\/product-category\/vacuum-pump-accessories-kf\/\">Klemme aus Aluminiumlegierung<\/a><\/strong> &#8211; Lightweight, durable, and corrosion-resistant, the KF16 Aluminium Alloy Clamp ensures secure, leak-free connections for vacuum systems. Perfect for industrial and laboratory use, the KF16 <a href=\"https:\/\/en.wikipedia.org\/wiki\/Aluminium_alloy\">Aluminiumlegierung<\/a> Klemme liefert zuverl\u00e4ssige Leistung und lang anhaltende Effizienz.<\/p>","protected":false},"featured_media":708,"template":"","meta":{"_gspb_post_css":""},"product_brand":[],"product_cat":[28,34],"product_tag":[],"class_list":{"0":"post-707","1":"product","2":"type-product","3":"status-publish","4":"has-post-thumbnail","6":"product_cat-vacuum-pump-accessories-kf","7":"product_cat-valve-casting","9":"first","10":"instock","11":"shipping-taxable","12":"product-type-simple"},"_links":{"self":[{"href":"https:\/\/www.leierwocasting.com\/de\/wp-json\/wp\/v2\/product\/707","targetHints":{"allow":["GET"]}}],"collection":[{"href":"https:\/\/www.leierwocasting.com\/de\/wp-json\/wp\/v2\/product"}],"about":[{"href":"https:\/\/www.leierwocasting.com\/de\/wp-json\/wp\/v2\/types\/product"}],"wp:featuredmedia":[{"embeddable":true,"href":"https:\/\/www.leierwocasting.com\/de\/wp-json\/wp\/v2\/media\/708"}],"wp:attachment":[{"href":"https:\/\/www.leierwocasting.com\/de\/wp-json\/wp\/v2\/media?parent=707"}],"wp:term":[{"taxonomy":"product_brand","embeddable":true,"href":"https:\/\/www.leierwocasting.com\/de\/wp-json\/wp\/v2\/product_brand?post=707"},{"taxonomy":"product_cat","embeddable":true,"href":"https:\/\/www.leierwocasting.com\/de\/wp-json\/wp\/v2\/product_cat?post=707"},{"taxonomy":"product_tag","embeddable":true,"href":"https:\/\/www.leierwocasting.com\/de\/wp-json\/wp\/v2\/product_tag?post=707"}],"curies":[{"name":"Wp","href":"https:\/\/api.w.org\/{rel}","templated":true}]}}