{"id":705,"date":"2025-03-12T01:02:25","date_gmt":"2025-03-12T01:02:25","guid":{"rendered":"https:\/\/leierwocasting.com\/?post_type=product&#038;p=705"},"modified":"2025-08-08T07:18:20","modified_gmt":"2025-08-08T07:18:20","slug":"kf40-aluminium-alloy-clamp","status":"publish","type":"product","link":"https:\/\/www.leierwocasting.com\/de\/product\/kf40-aluminium-alloy-clamp\/","title":{"rendered":"KF40 Aluminiumlegierungsklemme"},"content":{"rendered":"<p data-start=\"120\" data-end=\"532\">Engineered for <strong data-start=\"135\" data-end=\"191\">medium-scale vacuum systems and precision assemblies<\/strong>, Die <a href=\"https:\/\/www.leierwocasting.com\/de\/product\/kf40-aluminium-alloy-clamp\/\"><strong data-start=\"197\" data-end=\"227\">KF40 Aluminiumlegierungsklemme<\/strong><\/a> combines structural integrity with versatile manufacturing capabilities. Manufactured using a robust library of <strong data-start=\"340\" data-end=\"376\">over 60 certified material types<\/strong> Und <strong data-start=\"381\" data-end=\"430\">dozens of specialized aluminum alloy formulas<\/strong>, it ensures compatibility across <strong data-start=\"464\" data-end=\"495\">70+ standardized components<\/strong> in demanding technical environments.<\/p>\n<p data-start=\"534\" data-end=\"962\">With access to <strong data-start=\"549\" data-end=\"582\">3500+ Pr\u00e4zisionsgussformen<\/strong> Und <strong data-start=\"587\" data-end=\"614\">1000+ sand casting dies<\/strong>, we support rapid development and flexible batch production\u2014from one-off 50 kg prototypes to consistent output of components up to <strong data-start=\"746\" data-end=\"756\">850 kg<\/strong>. Whether for standalone or modular integration, the <strong data-start=\"809\" data-end=\"839\">KF40 Aluminiumlegierungsklemme<\/strong> maintains excellent surface quality and mechanical stability, essential for vacuum sealing and high-precision positioning.<\/p>\n<p data-start=\"964\" data-end=\"1587\">Unterst\u00fctzt von <strong data-start=\"974\" data-end=\"1025\">20+ years of continuous metallurgical expertise<\/strong>, our production process is led by industry veterans who began their craft in the <strong data-start=\"1107\" data-end=\"1122\">early 1980s<\/strong>, ensuring not only manufacturing precision but also engineering foresight. Every <strong data-start=\"1204\" data-end=\"1234\">KF40 Aluminiumlegierungsklemme<\/strong> ist <strong data-start=\"1238\" data-end=\"1257\">fully traceable<\/strong>, Mit a <strong data-start=\"1266\" data-end=\"1294\">3.1 Werkstoffzertifikat<\/strong> issued for each melt batch. Upon client request, we offer coordination with <strong data-start=\"1371\" data-end=\"1407\">independent third-party agencies<\/strong> to obtain <strong data-start=\"1418\" data-end=\"1448\">EN 10204 3.2 certification<\/strong>, adding another layer of quality assurance. For high-tolerance machined versions, a dedicated <strong data-start=\"1543\" data-end=\"1569\">Verarbeitungszertifikat<\/strong> is also provided.<\/p>\n<p data-start=\"1589\" data-end=\"1800\">Der <strong data-start=\"1593\" data-end=\"1623\">KF40 Aluminiumlegierungsklemme<\/strong> offers the ideal balance between scalability, durability, and technical compliance\u2014an optimal solution for critical systems where performance and documentation go hand in hand.<\/p>\n<p data-start=\"960\" data-end=\"1454\">\n<hr \/>\n<p data-start=\"960\" data-end=\"1454\">\n<h3 data-start=\"960\" data-end=\"1454\">Leierwos Vorteile beim Gie\u00dfen von Pr\u00e4zisionsgussteilen in der Armaturengussindustrie<\/h3>\n<p>Leierwo ist seit vielen Jahren im Feinguss t\u00e4tig und verf\u00fcgt insbesondere \u00fcber umfangreiche Erfahrung in der Herstellung von Ventilkomponenten. Das Unternehmen ist auf die Herstellung von Pr\u00e4zisionsgussteilen aus Kohlenstoffstahl, legiertem Stahl und Edelstahl spezialisiert \u2013 Materialien, die in der Ventilindustrie h\u00e4ufig verwendet werden. Durch den Einsatz fortschrittlicher Technologien wie Schmelzguss und Kieselsolverfahren ist das Unternehmen in der Lage, komplexe Strukturteile hochpr\u00e4zise zu formen und so die Leistungsanforderungen von Ventilen unter hohen Temperaturen, hohem Druck und korrosionsbest\u00e4ndigen Betriebsbedingungen zu erf\u00fcllen. Dar\u00fcber hinaus legt Leierwo Wert auf die kundenspezifische Fertigung nach Kundenzeichnungen. Dadurch kann das Unternehmen Ventilgussteile besser an die spezifischen Kundenanforderungen anpassen und so die Produktdichtheit und strukturelle Stabilit\u00e4t gew\u00e4hrleisten.<\/p>\n<p>&nbsp;<\/p>\n<h3>Auswahl des Hauptmaterials<\/h3>\n<p>Ventilgussteile m\u00fcssen komplexen Betriebsbedingungen wie Druck, Temperatur und Korrosion standhalten. Daher sollte bei der Materialauswahl auf Korrosionsbest\u00e4ndigkeit, Hochtemperaturfestigkeit, Kavitationsbest\u00e4ndigkeit und gute Verarbeitbarkeit geachtet werden. Edelstahl ist aufgrund seiner hervorragenden Gesamtleistung die bevorzugte Wahl.<\/p>\n<p>G\u00e4ngige Materialien:<br \/>\nEdelstahl-Serie:<br \/>\n316\/316L: Die beste Wahl, best\u00e4ndig gegen Chloridionenkorrosion, geeignet f\u00fcr Meeresumgebungen sowie die Chemie- und Erd\u00f6lindustrie. 304\/304L: Ein wirtschaftliches Material, geeignet f\u00fcr allgemein korrosive Umgebungen. 410: Martensitischer Edelstahl mit gewisser Korrosionsbest\u00e4ndigkeit, geeignet f\u00fcr Hochtemperatur-Dampfventile.<br \/>\n17-4PH: Ausscheidungsgeh\u00e4rteter Edelstahl mit hoher Festigkeit und Korrosionsbest\u00e4ndigkeit, geeignet f\u00fcr Hochleistungsventile.<\/p>\n<p>Kohlenstoffstahl-Serie:<br \/>\nWCB (Kohlenstoffstahl, allgemeines Material): Wird h\u00e4ufig f\u00fcr Allzweckventile bei Raumtemperatur verwendet.<br \/>\n4130: Geeignet f\u00fcr Hochtemperatur- und Hochdruckventilgeh\u00e4use.<br \/>\nSpeziallegierungsserie (f\u00fcr Umgebungen mit hoher Korrosions-\/Hochtemperaturbelastung): Duplex-Edelstahl 2205: Hervorragende Spannungskorrosionsbest\u00e4ndigkeit, geeignet f\u00fcr die Schifffahrts- und Chemieindustrie. Kobaltlegierung (CoCr): wie Co6 und Co12, geeignet f\u00fcr Ventildichtfl\u00e4chen mit schweren Hochtemperatursch\u00e4den.<\/p>\n<p>&nbsp;<\/p>\n<h3>Wichtige Casting-Serviceoptionen<\/h3>\n<p>An Ventile werden hohe Anforderungen hinsichtlich Dichtheit und Druckbest\u00e4ndigkeit gestellt und die Wahl des Gussservice wirkt sich direkt auf ihre Funktionssicherheit aus:<\/p>\n<p>Feinguss: Das bevorzugte Verfahren f\u00fcr Mittel- und Hochdruckventile. Komponenten wie Ventilk\u00f6rper und Dichtsitze weisen oft komplexe innere Hohlr\u00e4ume (z. B. gekr\u00fcmmte Str\u00f6mungswege) und pr\u00e4zise Passfl\u00e4chen auf (z. B. muss die Rauheit der Dichtfl\u00e4chen \u2264 Ra1,6\u00a0\u00b5m betragen). Feinguss erm\u00f6glicht die pr\u00e4zise Nachbildung komplexer Formen, reduziert Gussfehler (wie Poren und Schrumpfungen) und mindert Leckagerisiken. Es eignet sich besonders f\u00fcr Hochdruckventile aus Edelstahl und Legierungen.<\/p>\n<p>Sandguss: Geeignet f\u00fcr die Massenproduktion von Niederdruckventilen im Gro\u00dfformat. Beispielsweise haben Niederdruck-Schieberk\u00f6rper f\u00fcr die kommunale Wasserversorgung relativ einfache Formen (meist symmetrische Strukturen), gro\u00dfe Produktionsmengen und moderate Pr\u00e4zisionsanforderungen. Sandguss bietet erhebliche Vorteile hinsichtlich niedriger Kosten und hoher Produktionskapazit\u00e4t.<\/p>\n<p>CNC-Bearbeitung: Der Fokus liegt auf kritischen Passungsbereichen. Ventilflansche und Schaftdurchmesser m\u00fcssen pr\u00e4zise mit der Rohrleitung oder dem Antrieb \u00fcbereinstimmen. Nach dem Gie\u00dfen werden CNC-Fr\u00e4sen und -Schleifen durchgef\u00fchrt, um Ebenheits- und Rechtwinkligkeitstoleranzen von \u22640,02 mm\/m sicherzustellen und so eine dichte Montage zu gew\u00e4hrleisten.<\/p>","protected":false},"excerpt":{"rendered":"<div class=\"TurnCard_turn_container__6ntjV\">\n<div class=\"Answser_answer_body_content__2ERjZ\">\n<div class=\"Answser_answer_right_content__C234d Answser_show_avatar__kreSH\">\n<div class=\"Answser_answer_container__VI8rI\">\n<div class=\"Answser_answer_content__uOOYl Answser_answer_content_last__MAVKP\">\n<div class=\"markdown-body\">\n<p data-sourcepos=\"1:1-1:389\">The KF40 <a href=\"https:\/\/www.leierwocasting.com\/de\/product-category\/vacuum-pump-accessories-kf\/\">Klemme aus Aluminiumlegierung<\/a> is a high-performance tool designed for industrial and heavy-duty applications. Crafted from premium aluminium alloy, the KF40 <a href=\"https:\/\/en.wikipedia.org\/wiki\/Aluminium_alloy\">Klemme aus Aluminiumlegierung<\/a> ensures durability, lightweight handling, and corrosion resistance. Perfect for secure clamping in demanding environments, it\u2019s the ultimate choice for professionals seeking reliability and precision.<\/p>\n<\/div>\n<\/div>\n<\/div>\n<\/div>\n<\/div>\n<\/div>","protected":false},"featured_media":706,"template":"","meta":{"_gspb_post_css":""},"product_brand":[],"product_cat":[28,34],"product_tag":[],"class_list":{"0":"post-705","1":"product","2":"type-product","3":"status-publish","4":"has-post-thumbnail","6":"product_cat-vacuum-pump-accessories-kf","7":"product_cat-valve-casting","9":"first","10":"instock","11":"shipping-taxable","12":"product-type-simple"},"_links":{"self":[{"href":"https:\/\/www.leierwocasting.com\/de\/wp-json\/wp\/v2\/product\/705","targetHints":{"allow":["GET"]}}],"collection":[{"href":"https:\/\/www.leierwocasting.com\/de\/wp-json\/wp\/v2\/product"}],"about":[{"href":"https:\/\/www.leierwocasting.com\/de\/wp-json\/wp\/v2\/types\/product"}],"wp:featuredmedia":[{"embeddable":true,"href":"https:\/\/www.leierwocasting.com\/de\/wp-json\/wp\/v2\/media\/706"}],"wp:attachment":[{"href":"https:\/\/www.leierwocasting.com\/de\/wp-json\/wp\/v2\/media?parent=705"}],"wp:term":[{"taxonomy":"product_brand","embeddable":true,"href":"https:\/\/www.leierwocasting.com\/de\/wp-json\/wp\/v2\/product_brand?post=705"},{"taxonomy":"product_cat","embeddable":true,"href":"https:\/\/www.leierwocasting.com\/de\/wp-json\/wp\/v2\/product_cat?post=705"},{"taxonomy":"product_tag","embeddable":true,"href":"https:\/\/www.leierwocasting.com\/de\/wp-json\/wp\/v2\/product_tag?post=705"}],"curies":[{"name":"Wp","href":"https:\/\/api.w.org\/{rel}","templated":true}]}}