{"id":515,"date":"2025-02-27T02:25:39","date_gmt":"2025-02-27T02:25:39","guid":{"rendered":"https:\/\/leierwocasting.com\/?post_type=product&#038;p=515"},"modified":"2025-08-19T02:41:53","modified_gmt":"2025-08-19T02:41:53","slug":"filter-valve-parts","status":"publish","type":"product","link":"https:\/\/www.leierwocasting.com\/de\/product\/filter-valve-parts\/","title":{"rendered":"Filterventilteile"},"content":{"rendered":"<p data-start=\"101\" data-end=\"567\">Der <strong data-start=\"105\" data-end=\"127\">Filterventilteile<\/strong> Sind <strong data-start=\"132\" data-end=\"155\">critical components<\/strong> in fluid control systems, specifically designed to enhance <strong data-start=\"215\" data-end=\"263\">filtration efficiency and system reliability<\/strong> in both residential and commercial settings. These parts play a pivotal role in <strong data-start=\"344\" data-end=\"388\">preventing contaminants and particulates<\/strong> from entering sensitive downstream equipment, thereby <strong data-start=\"443\" data-end=\"473\">extending the service life<\/strong> of plumbing systems, HVAC units, irrigation setups, and various fluid handling installations.<\/p>\n<p data-start=\"569\" data-end=\"966\">Hergestellt aus <strong data-start=\"588\" data-end=\"636\">high-strength, corrosion-resistant materials<\/strong>, Die <strong data-start=\"642\" data-end=\"664\">Filterventilteile<\/strong> are built to withstand continuous flow conditions, fluctuating pressures, and exposure to diverse water qualities. Precision-engineered sealing surfaces and optimized flow paths ensure <strong data-start=\"850\" data-end=\"875\">minimal pressure drop<\/strong>, while maintaining <strong data-start=\"895\" data-end=\"923\">high filtration accuracy<\/strong> across different operational environments.<\/p>\n<p data-start=\"968\" data-end=\"1442\">The modular design of the <strong data-start=\"994\" data-end=\"1016\">Filterventilteile<\/strong> allows for <strong data-start=\"1028\" data-end=\"1048\">easy integration<\/strong> into new systems or retrofitting within existing pipelines. Compatibility with a variety of standard valve housings and filtration media ensures that installation and maintenance are both straightforward and cost-effective. Whether used in water treatment, heating systems, or industrial utility lines, these components provide dependable performance with <strong data-start=\"1405\" data-end=\"1441\">minimal maintenance requirements<\/strong>.<\/p>\n<p data-start=\"1444\" data-end=\"1811\">Each unit is produced under <strong data-start=\"1472\" data-end=\"1508\">strict quality control protocols<\/strong>, with attention to dimensional accuracy, material certification, and performance testing. Trusted by field engineers, maintenance professionals, and homeowners alike, <strong data-start=\"1676\" data-end=\"1698\">Filterventilteile<\/strong> represent a <strong data-start=\"1711\" data-end=\"1747\">robust and long-lasting solution<\/strong> for safeguarding system integrity and maintaining fluid purity.<\/p>\n<p>&nbsp;<\/p>\n<ol>\n<li>Mehr als 60 Arten von Materialien, mehr als ein Dutzend Legierungen und 70 Arten von Zahlen.<\/li>\n<li>Es k\u00f6nnen viele Produkte hergestellt werden, \u00fcber 3500 Pr\u00e4zisionsgussformen, \u00fcber 1000 Sandgussformen.<\/li>\n<li>Das Produktionszubeh\u00f6r kann gro\u00df oder klein sein.<\/li>\n<li>Ein einzelnes Produkt von 50 kg kann individuell angepasst werden.<\/li>\n<li>Zur Auswahl stehen mehrere \u00d6fen und es k\u00f6nnen Einzelst\u00fccke von 50 kg bis 850 kg hergestellt werden.<\/li>\n<li>20 Jahre Meister, reiche Erfahrung, trat in den 1980er Jahren in die Branche ein, der Branchenf\u00fchrer.<\/li>\n<li>Die Produkte sind r\u00fcckverfolgbar und jedes Ofenprodukt verf\u00fcgt \u00fcber ein Zertifikat: 3.1 Materialzertifikat.<\/li>\n<li>Kunden k\u00f6nnen eine unabh\u00e4ngige Pr\u00fcfstelle mit der Ausstellung eines 3.2-Zertifikats beauftragen.<\/li>\n<li>F\u00fcr die Verarbeitung feiner Produkte kann ein Verarbeitungszertifikat ausgestellt werden.<\/li>\n<\/ol>\n<hr \/>\n<h3 data-start=\"960\" data-end=\"1454\">Leierwos Vorteile beim Gie\u00dfen von Pr\u00e4zisionsgussteilen in der Armaturengussindustrie<\/h3>\n<p>Leierwo ist seit vielen Jahren im Feinguss t\u00e4tig und verf\u00fcgt insbesondere \u00fcber umfangreiche Erfahrung in der Herstellung von Ventilkomponenten. Das Unternehmen ist auf die Herstellung von Pr\u00e4zisionsgussteilen aus Kohlenstoffstahl, legiertem Stahl und Edelstahl spezialisiert \u2013 Materialien, die in der Ventilindustrie h\u00e4ufig verwendet werden. Durch den Einsatz fortschrittlicher Technologien wie Schmelzguss und Kieselsolverfahren ist das Unternehmen in der Lage, komplexe Strukturteile hochpr\u00e4zise zu formen und so die Leistungsanforderungen von Ventilen unter hohen Temperaturen, hohem Druck und korrosionsbest\u00e4ndigen Betriebsbedingungen zu erf\u00fcllen. Dar\u00fcber hinaus legt Leierwo Wert auf die kundenspezifische Fertigung nach Kundenzeichnungen. Dadurch kann das Unternehmen Ventilgussteile besser an die spezifischen Kundenanforderungen anpassen und so die Produktdichtheit und strukturelle Stabilit\u00e4t gew\u00e4hrleisten.<\/p>\n<p>&nbsp;<\/p>\n<h3>Auswahl des Hauptmaterials<\/h3>\n<p>Ventilgussteile m\u00fcssen komplexen Betriebsbedingungen wie Druck, Temperatur und Korrosion standhalten. Daher sollte bei der Materialauswahl auf Korrosionsbest\u00e4ndigkeit, Hochtemperaturfestigkeit, Kavitationsbest\u00e4ndigkeit und gute Verarbeitbarkeit geachtet werden. Edelstahl ist aufgrund seiner hervorragenden Gesamtleistung die bevorzugte Wahl.<\/p>\n<p>G\u00e4ngige Materialien:<br \/>\nEdelstahl-Serie:<br \/>\n316\/316L: Die beste Wahl, best\u00e4ndig gegen Chloridionenkorrosion, geeignet f\u00fcr Meeresumgebungen sowie die Chemie- und Erd\u00f6lindustrie. 304\/304L: Ein wirtschaftliches Material, geeignet f\u00fcr allgemein korrosive Umgebungen. 410: Martensitischer Edelstahl mit gewisser Korrosionsbest\u00e4ndigkeit, geeignet f\u00fcr Hochtemperatur-Dampfventile.<br \/>\n17-4PH: Ausscheidungsgeh\u00e4rteter Edelstahl mit hoher Festigkeit und Korrosionsbest\u00e4ndigkeit, geeignet f\u00fcr Hochleistungsventile.<\/p>\n<p>Kohlenstoffstahl-Serie:<br \/>\nWCB (Kohlenstoffstahl, allgemeines Material): Wird h\u00e4ufig f\u00fcr Allzweckventile bei Raumtemperatur verwendet.<br \/>\n4130: Geeignet f\u00fcr Hochtemperatur- und Hochdruckventilgeh\u00e4use.<br \/>\nSpeziallegierungsserie (f\u00fcr Umgebungen mit hoher Korrosions-\/Hochtemperaturbelastung): Duplex-Edelstahl 2205: Hervorragende Spannungskorrosionsbest\u00e4ndigkeit, geeignet f\u00fcr die Schifffahrts- und Chemieindustrie. Kobaltlegierung (CoCr): wie Co6 und Co12, geeignet f\u00fcr Ventildichtfl\u00e4chen mit schweren Hochtemperatursch\u00e4den.<\/p>\n<p>&nbsp;<\/p>\n<h3>Wichtige Casting-Serviceoptionen<\/h3>\n<p>An Ventile werden hohe Anforderungen hinsichtlich Dichtheit und Druckbest\u00e4ndigkeit gestellt und die Wahl des Gussservice wirkt sich direkt auf ihre Funktionssicherheit aus:<\/p>\n<p>Feinguss: Das bevorzugte Verfahren f\u00fcr Mittel- und Hochdruckventile. Komponenten wie Ventilk\u00f6rper und Dichtsitze weisen oft komplexe innere Hohlr\u00e4ume (z. B. gekr\u00fcmmte Str\u00f6mungswege) und pr\u00e4zise Passfl\u00e4chen auf (z. B. muss die Rauheit der Dichtfl\u00e4chen \u2264 Ra1,6\u00a0\u00b5m betragen). Feinguss erm\u00f6glicht die pr\u00e4zise Nachbildung komplexer Formen, reduziert Gussfehler (wie Poren und Schrumpfungen) und mindert Leckagerisiken. Es eignet sich besonders f\u00fcr Hochdruckventile aus Edelstahl und Legierungen.<\/p>\n<p>Sandguss: Geeignet f\u00fcr die Massenproduktion von Niederdruckventilen im Gro\u00dfformat. Beispielsweise haben Niederdruck-Schieberk\u00f6rper f\u00fcr die kommunale Wasserversorgung relativ einfache Formen (meist symmetrische Strukturen), gro\u00dfe Produktionsmengen und moderate Pr\u00e4zisionsanforderungen. Sandguss bietet erhebliche Vorteile hinsichtlich niedriger Kosten und hoher Produktionskapazit\u00e4t.<\/p>\n<p>CNC-Bearbeitung: Der Fokus liegt auf kritischen Passungsbereichen. Ventilflansche und Schaftdurchmesser m\u00fcssen pr\u00e4zise mit der Rohrleitung oder dem Antrieb \u00fcbereinstimmen. Nach dem Gie\u00dfen werden CNC-Fr\u00e4sen und -Schleifen durchgef\u00fchrt, um Ebenheits- und Rechtwinkligkeitstoleranzen von \u22640,02 mm\/m sicherzustellen und so eine dichte Montage zu gew\u00e4hrleisten.<\/p>","protected":false},"excerpt":{"rendered":"<div class=\"Answser_answer_content__uOOYl Answser_answer_content_last__MAVKP\">\n<div class=\"markdown-body\">\n<p data-sourcepos=\"1:1-1:384\">Der <a href=\"https:\/\/www.leierwocasting.com\/de\/product-category\/valve-parts-for-civil-use\/\">Filterventilteile<\/a> are essential components for civil use, designed to ensure efficient and reliable filtration in residential and commercial systems. Engineered for durability and precision, the Filter Valve Parts deliver optimal performance in fluid management. Trusted by professionals and homeowners alike, they are the ideal choice for seamless filtration solutions.<\/p>\n<\/div>\n<\/div>\n<div class=\"TurnCard_operation_l__GHp1k\">\n<div class=\"TurnCard_left_opts__iXG7K\">\n<div class=\"TurnCard_opt_btn__vRKug\"><\/div>\n<\/div>\n<\/div>","protected":false},"featured_media":511,"template":"","meta":{"_gspb_post_css":""},"product_brand":[],"product_cat":[34,26],"product_tag":[],"class_list":{"0":"post-515","1":"product","2":"type-product","3":"status-publish","4":"has-post-thumbnail","6":"product_cat-valve-casting","7":"product_cat-valve-parts-for-civil-use","9":"first","10":"instock","11":"shipping-taxable","12":"product-type-simple"},"_links":{"self":[{"href":"https:\/\/www.leierwocasting.com\/de\/wp-json\/wp\/v2\/product\/515","targetHints":{"allow":["GET"]}}],"collection":[{"href":"https:\/\/www.leierwocasting.com\/de\/wp-json\/wp\/v2\/product"}],"about":[{"href":"https:\/\/www.leierwocasting.com\/de\/wp-json\/wp\/v2\/types\/product"}],"wp:featuredmedia":[{"embeddable":true,"href":"https:\/\/www.leierwocasting.com\/de\/wp-json\/wp\/v2\/media\/511"}],"wp:attachment":[{"href":"https:\/\/www.leierwocasting.com\/de\/wp-json\/wp\/v2\/media?parent=515"}],"wp:term":[{"taxonomy":"product_brand","embeddable":true,"href":"https:\/\/www.leierwocasting.com\/de\/wp-json\/wp\/v2\/product_brand?post=515"},{"taxonomy":"product_cat","embeddable":true,"href":"https:\/\/www.leierwocasting.com\/de\/wp-json\/wp\/v2\/product_cat?post=515"},{"taxonomy":"product_tag","embeddable":true,"href":"https:\/\/www.leierwocasting.com\/de\/wp-json\/wp\/v2\/product_tag?post=515"}],"curies":[{"name":"Wp","href":"https:\/\/api.w.org\/{rel}","templated":true}]}}