{"id":513,"date":"2025-02-27T02:15:25","date_gmt":"2025-02-27T02:15:25","guid":{"rendered":"https:\/\/leierwocasting.com\/?post_type=product&#038;p=513"},"modified":"2025-08-08T07:22:45","modified_gmt":"2025-08-08T07:22:45","slug":"pressure-reducing-valve-body","status":"publish","type":"product","link":"https:\/\/www.leierwocasting.com\/de\/product\/pressure-reducing-valve-body\/","title":{"rendered":"Druckminderventilk\u00f6rper"},"content":{"rendered":"<p data-start=\"108\" data-end=\"530\">Der <strong data-start=\"112\" data-end=\"144\">Druckminderventilk\u00f6rper<\/strong> ist ein <strong data-start=\"150\" data-end=\"177\">core structural element<\/strong> in modern fluid control systems, purpose-built for <strong data-start=\"229\" data-end=\"260\">precise pressure regulation<\/strong> in both <strong data-start=\"269\" data-end=\"284\">residential<\/strong> Und <strong data-start=\"289\" data-end=\"328\">commercial plumbing infrastructures<\/strong>. This component plays a crucial role in maintaining <strong data-start=\"381\" data-end=\"420\">safe and stable downstream pressure<\/strong>, regardless of upstream fluctuations, thereby extending the service life of piping, fixtures, and appliances.<\/p>\n<p data-start=\"532\" data-end=\"1113\">Hergestellt aus <strong data-start=\"550\" data-end=\"595\">high-strength, corrosion-resistant alloys<\/strong>, Die <strong data-start=\"601\" data-end=\"633\">Druckminderventilk\u00f6rper<\/strong> is engineered to withstand continuous exposure to varying pressure loads, temperature shifts, and water quality conditions. Its internal chamber geometry is carefully designed to <strong data-start=\"813\" data-end=\"836\">minimize turbulence<\/strong> and support <strong data-start=\"849\" data-end=\"873\">smooth, laminar flow<\/strong>, ensuring consistent performance with <strong data-start=\"912\" data-end=\"943\">minimal noise and vibration<\/strong>. This makes it ideal for pressure-sensitive applications such as domestic water supply systems, HVAC networks, irrigation pipelines, and industrial utility distribution.<\/p>\n<p data-start=\"1115\" data-end=\"1569\">Der <strong data-start=\"1119\" data-end=\"1151\">Druckminderventilk\u00f6rper<\/strong> is compatible with a wide variety of valve internals\u2014spring-loaded, diaphragm-based, or pilot-operated mechanisms\u2014allowing integration into different control systems while maintaining high sealing integrity and precise response characteristics. Whether installed in low-rise residential buildings or high-demand commercial environments, this component ensures <strong data-start=\"1512\" data-end=\"1542\">energy-efficient operation<\/strong> and long-term reliability.<\/p>\n<p data-start=\"1571\" data-end=\"1939\">Jede <strong data-start=\"1576\" data-end=\"1608\">Druckminderventilk\u00f6rper<\/strong> is produced under <strong data-start=\"1627\" data-end=\"1653\">strict quality control<\/strong> and undergoes pressure testing, dimensional verification, and full material traceability. Certified to comply with relevant performance standards, it is a trusted solution among plumbing professionals, facility engineers, and homeowners seeking <strong data-start=\"1899\" data-end=\"1938\">stable and safe pressure management<\/strong>.<\/p>\n<p data-start=\"1941\" data-end=\"2166\">With its combination of <strong data-start=\"1965\" data-end=\"2021\">durability, compatibility, and performance precision<\/strong>, Die <strong data-start=\"2027\" data-end=\"2059\">Druckminderventilk\u00f6rper<\/strong> is an essential part of any fluid distribution system where safety, efficiency, and control are paramount.<\/p>\n<ol>\n<li>Mehr als 60 Arten von Materialien, mehr als ein Dutzend Legierungen und 70 Arten von Zahlen.<\/li>\n<li>Es k\u00f6nnen viele Produkte hergestellt werden, \u00fcber 3500 Pr\u00e4zisionsgussformen, \u00fcber 1000 Sandgussformen.<\/li>\n<li>Das Produktionszubeh\u00f6r kann gro\u00df oder klein sein.<\/li>\n<li>Ein einzelnes Produkt von 50 kg kann individuell angepasst werden.<\/li>\n<li>Zur Auswahl stehen mehrere \u00d6fen und es k\u00f6nnen Einzelst\u00fccke von 50 kg bis 850 kg hergestellt werden.<\/li>\n<li>20 Jahre Meister, reiche Erfahrung, trat in den 1980er Jahren in die Branche ein, der Branchenf\u00fchrer.<\/li>\n<li>Die Produkte sind r\u00fcckverfolgbar und jedes Ofenprodukt verf\u00fcgt \u00fcber ein Zertifikat: 3.1 Materialzertifikat.<\/li>\n<li>Kunden k\u00f6nnen eine unabh\u00e4ngige Pr\u00fcfstelle mit der Ausstellung eines 3.2-Zertifikats beauftragen.<\/li>\n<li>F\u00fcr die Verarbeitung feiner Produkte kann ein Verarbeitungszertifikat ausgestellt werden.<\/li>\n<\/ol>\n<hr \/>\n<h3 data-start=\"960\" data-end=\"1454\">Leierwos Vorteile beim Gie\u00dfen von Pr\u00e4zisionsgussteilen in der Armaturengussindustrie<\/h3>\n<p>Leierwo ist seit vielen Jahren im Feinguss t\u00e4tig und verf\u00fcgt insbesondere \u00fcber umfangreiche Erfahrung in der Herstellung von Ventilkomponenten. Das Unternehmen ist auf die Herstellung von Pr\u00e4zisionsgussteilen aus Kohlenstoffstahl, legiertem Stahl und Edelstahl spezialisiert \u2013 Materialien, die in der Ventilindustrie h\u00e4ufig verwendet werden. Durch den Einsatz fortschrittlicher Technologien wie Schmelzguss und Kieselsolverfahren ist das Unternehmen in der Lage, komplexe Strukturteile hochpr\u00e4zise zu formen und so die Leistungsanforderungen von Ventilen unter hohen Temperaturen, hohem Druck und korrosionsbest\u00e4ndigen Betriebsbedingungen zu erf\u00fcllen. Dar\u00fcber hinaus legt Leierwo Wert auf die kundenspezifische Fertigung nach Kundenzeichnungen. Dadurch kann das Unternehmen Ventilgussteile besser an die spezifischen Kundenanforderungen anpassen und so die Produktdichtheit und strukturelle Stabilit\u00e4t gew\u00e4hrleisten.<\/p>\n<p>&nbsp;<\/p>\n<h3>Auswahl des Hauptmaterials<\/h3>\n<p>Ventilgussteile m\u00fcssen komplexen Betriebsbedingungen wie Druck, Temperatur und Korrosion standhalten. Daher sollte bei der Materialauswahl auf Korrosionsbest\u00e4ndigkeit, Hochtemperaturfestigkeit, Kavitationsbest\u00e4ndigkeit und gute Verarbeitbarkeit geachtet werden. Edelstahl ist aufgrund seiner hervorragenden Gesamtleistung die bevorzugte Wahl.<\/p>\n<p>G\u00e4ngige Materialien:<br \/>\nEdelstahl-Serie:<br \/>\n316\/316L: Die beste Wahl, best\u00e4ndig gegen Chloridionenkorrosion, geeignet f\u00fcr Meeresumgebungen sowie die Chemie- und Erd\u00f6lindustrie. 304\/304L: Ein wirtschaftliches Material, geeignet f\u00fcr allgemein korrosive Umgebungen. 410: Martensitischer Edelstahl mit gewisser Korrosionsbest\u00e4ndigkeit, geeignet f\u00fcr Hochtemperatur-Dampfventile.<br \/>\n17-4PH: Ausscheidungsgeh\u00e4rteter Edelstahl mit hoher Festigkeit und Korrosionsbest\u00e4ndigkeit, geeignet f\u00fcr Hochleistungsventile.<\/p>\n<p>Kohlenstoffstahl-Serie:<br \/>\nWCB (Kohlenstoffstahl, allgemeines Material): Wird h\u00e4ufig f\u00fcr Allzweckventile bei Raumtemperatur verwendet.<br \/>\n4130: Geeignet f\u00fcr Hochtemperatur- und Hochdruckventilgeh\u00e4use.<br \/>\nSpeziallegierungsserie (f\u00fcr Umgebungen mit hoher Korrosions-\/Hochtemperaturbelastung): Duplex-Edelstahl 2205: Hervorragende Spannungskorrosionsbest\u00e4ndigkeit, geeignet f\u00fcr die Schifffahrts- und Chemieindustrie. Kobaltlegierung (CoCr): wie Co6 und Co12, geeignet f\u00fcr Ventildichtfl\u00e4chen mit schweren Hochtemperatursch\u00e4den.<\/p>\n<p>&nbsp;<\/p>\n<h3>Wichtige Casting-Serviceoptionen<\/h3>\n<p>An Ventile werden hohe Anforderungen hinsichtlich Dichtheit und Druckbest\u00e4ndigkeit gestellt und die Wahl des Gussservice wirkt sich direkt auf ihre Funktionssicherheit aus:<\/p>\n<p>Feinguss: Das bevorzugte Verfahren f\u00fcr Mittel- und Hochdruckventile. Komponenten wie Ventilk\u00f6rper und Dichtsitze weisen oft komplexe innere Hohlr\u00e4ume (z. B. gekr\u00fcmmte Str\u00f6mungswege) und pr\u00e4zise Passfl\u00e4chen auf (z. B. muss die Rauheit der Dichtfl\u00e4chen \u2264 Ra1,6\u00a0\u00b5m betragen). Feinguss erm\u00f6glicht die pr\u00e4zise Nachbildung komplexer Formen, reduziert Gussfehler (wie Poren und Schrumpfungen) und mindert Leckagerisiken. Es eignet sich besonders f\u00fcr Hochdruckventile aus Edelstahl und Legierungen.<\/p>\n<p>Sandguss: Geeignet f\u00fcr die Massenproduktion von Niederdruckventilen im Gro\u00dfformat. Beispielsweise haben Niederdruck-Schieberk\u00f6rper f\u00fcr die kommunale Wasserversorgung relativ einfache Formen (meist symmetrische Strukturen), gro\u00dfe Produktionsmengen und moderate Pr\u00e4zisionsanforderungen. Sandguss bietet erhebliche Vorteile hinsichtlich niedriger Kosten und hoher Produktionskapazit\u00e4t.<\/p>\n<p>CNC-Bearbeitung: Der Fokus liegt auf kritischen Passungsbereichen. Ventilflansche und Schaftdurchmesser m\u00fcssen pr\u00e4zise mit der Rohrleitung oder dem Antrieb \u00fcbereinstimmen. Nach dem Gie\u00dfen werden CNC-Fr\u00e4sen und -Schleifen durchgef\u00fchrt, um Ebenheits- und Rechtwinkligkeitstoleranzen von \u22640,02 mm\/m sicherzustellen und so eine dichte Montage zu gew\u00e4hrleisten.<\/p>","protected":false},"excerpt":{"rendered":"<p>Der <a href=\"https:\/\/www.leierwocasting.com\/de\/product-category\/valve-parts-for-civil-use\/\">Druckminderventilk\u00f6rper<\/a> is a critical component for civil use, designed to ensure precise and reliable pressure control in residential and commercial systems. Engineered for durability and efficiency, the Pressure Reducing Valve Body delivers optimal performance in maintaining safe pressure levels. Trusted by professionals and homeowners alike, it\u2019s the ideal choice for seamless pressure management solutions.<\/p>","protected":false},"featured_media":509,"template":"","meta":{"_gspb_post_css":""},"product_brand":[],"product_cat":[34,26],"product_tag":[],"class_list":{"0":"post-513","1":"product","2":"type-product","3":"status-publish","4":"has-post-thumbnail","6":"product_cat-valve-casting","7":"product_cat-valve-parts-for-civil-use","9":"first","10":"instock","11":"shipping-taxable","12":"product-type-simple"},"_links":{"self":[{"href":"https:\/\/www.leierwocasting.com\/de\/wp-json\/wp\/v2\/product\/513","targetHints":{"allow":["GET"]}}],"collection":[{"href":"https:\/\/www.leierwocasting.com\/de\/wp-json\/wp\/v2\/product"}],"about":[{"href":"https:\/\/www.leierwocasting.com\/de\/wp-json\/wp\/v2\/types\/product"}],"wp:featuredmedia":[{"embeddable":true,"href":"https:\/\/www.leierwocasting.com\/de\/wp-json\/wp\/v2\/media\/509"}],"wp:attachment":[{"href":"https:\/\/www.leierwocasting.com\/de\/wp-json\/wp\/v2\/media?parent=513"}],"wp:term":[{"taxonomy":"product_brand","embeddable":true,"href":"https:\/\/www.leierwocasting.com\/de\/wp-json\/wp\/v2\/product_brand?post=513"},{"taxonomy":"product_cat","embeddable":true,"href":"https:\/\/www.leierwocasting.com\/de\/wp-json\/wp\/v2\/product_cat?post=513"},{"taxonomy":"product_tag","embeddable":true,"href":"https:\/\/www.leierwocasting.com\/de\/wp-json\/wp\/v2\/product_tag?post=513"}],"curies":[{"name":"Wp","href":"https:\/\/api.w.org\/{rel}","templated":true}]}}