{"id":507,"date":"2025-02-27T02:07:53","date_gmt":"2025-02-27T02:07:53","guid":{"rendered":"https:\/\/leierwocasting.com\/?post_type=product&#038;p=507"},"modified":"2025-08-08T07:23:05","modified_gmt":"2025-08-08T07:23:05","slug":"valve-cover-parts","status":"publish","type":"product","link":"https:\/\/www.leierwocasting.com\/de\/product\/valve-cover-parts\/","title":{"rendered":"Ventildeckelteile"},"content":{"rendered":"<p data-start=\"98\" data-end=\"561\">Der <strong data-start=\"102\" data-end=\"123\">Ventildeckelteile<\/strong> Sind <strong data-start=\"128\" data-end=\"161\">Bauteile zur strukturellen Abdichtung<\/strong> entwickelt, um zu bieten <strong data-start=\"182\" data-end=\"210\">robuster Motorschutz<\/strong> und pflegen <strong data-start=\"224\" data-end=\"244\">luftdichte Abdichtung<\/strong> Ventilmechanismen in verschiedenen Wohn- und Gewerbegeb\u00e4uden. Ob in kleinen Verbrennungsmotoren, Stromaggregaten oder druckgeregelten Systemen eingesetzt, diese Teile sind entscheidend f\u00fcr die Gew\u00e4hrleistung <strong data-start=\"449\" data-end=\"484\">langfristige Betriebsstabilit\u00e4t<\/strong> durch Verhinderung von \u00d6laustritt, Verunreinigung und Einwirkung \u00e4u\u00dferer Einfl\u00fcsse.<\/p>\n<p data-start=\"563\" data-end=\"996\">Hergestellt aus <strong data-start=\"582\" data-end=\"619\">langlebige, hitzebest\u00e4ndige Materialien<\/strong>, Die <strong data-start=\"625\" data-end=\"646\">Ventildeckelteile<\/strong> sind so konstruiert, dass sie standhalten <strong data-start=\"675\" data-end=\"730\">W\u00e4rmeausdehnung, Vibrationen und chemische Einwirkung<\/strong> Sie sind h\u00e4ufig in Motoren und mechanischen Umgebungen anzutreffen. <strong data-start=\"797\" data-end=\"828\">pr\u00e4zisionsbearbeitete Oberfl\u00e4chen<\/strong> Eine dichte Abdichtung zwischen Zylinderkopf und Ventildeckel ist unerl\u00e4sslich, um den Innendruck aufrechtzuerhalten, Ger\u00e4usche zu reduzieren und Wartungszyklen zu minimieren.<\/p>\n<p data-start=\"998\" data-end=\"1477\">Entworfen mit beiden <strong data-start=\"1017\" data-end=\"1058\">Funktionalit\u00e4t und einfache Integration<\/strong> im Hinterkopf, <strong data-start=\"1072\" data-end=\"1093\">Ventildeckelteile<\/strong> Sie sind mit einer Vielzahl von Dichtungstypen und Befestigungskonfigurationen kompatibel. Dadurch eignen sie sich ideal f\u00fcr den Einsatz in Haushaltsger\u00e4ten, Klimaanlagenkompressoren, Bew\u00e4sserungspumpen und anderen leichten Industriemaschinen. Dank ihrer modularen Bauweise lassen sie sich zudem bei routinem\u00e4\u00dfigen Wartungs- oder Inspektionsarbeiten schnell demontieren und wieder montieren, wodurch Ausfallzeiten reduziert und die Wartungsfreundlichkeit des Systems erh\u00f6ht werden.<\/p>\n<p data-start=\"1479\" data-end=\"1875\">Jede Einheit durchl\u00e4uft <strong data-start=\"1499\" data-end=\"1527\">strenge Qualit\u00e4tspr\u00fcfung<\/strong>, einschlie\u00dflich der \u00dcberpr\u00fcfung der Planheit, der Bewertung der Materialfestigkeit und der Best\u00e4ndigkeit gegen\u00fcber Temperaturwechseln, um sicherzustellen <strong data-start=\"1633\" data-end=\"1658\">Langzeitzuverl\u00e4ssigkeit<\/strong> unter verschiedensten Betriebsbedingungen. Mit vollst\u00e4ndiger R\u00fcckverfolgbarkeit und Einhaltung der relevanten Industriestandards., <strong data-start=\"1764\" data-end=\"1785\">Ventildeckelteile<\/strong> Sie werden gleicherma\u00dfen von Technikern, Wartungsfachleuten und Ger\u00e4teherstellern gesch\u00e4tzt.<\/p>\n<p data-start=\"1877\" data-end=\"2121\">Dank ihrer <strong data-start=\"1893\" data-end=\"1977\">Zuverl\u00e4ssigkeit, pr\u00e4zise Konstruktion und Best\u00e4ndigkeit gegen\u00fcber rauen Betriebsumgebungen<\/strong>, Die <strong data-start=\"1983\" data-end=\"2004\">Ventildeckelteile<\/strong> sind die bevorzugte Wahl, um sicherzustellen <strong data-start=\"2043\" data-end=\"2086\">Motorintegrit\u00e4t und Dichtungseffizienz<\/strong> in modernen Fluid- und Energiesystemen.<\/p>\n<p>&nbsp;<\/p>\n<ol>\n<li>Mehr als 60 Arten von Materialien, mehr als ein Dutzend Legierungen und 70 Arten von Zahlen.<\/li>\n<li>Es k\u00f6nnen viele Produkte hergestellt werden, \u00fcber 3500 Pr\u00e4zisionsgussformen, \u00fcber 1000 Sandgussformen.<\/li>\n<li>Das Produktionszubeh\u00f6r kann gro\u00df oder klein sein.<\/li>\n<li>Ein einzelnes Produkt von 50 kg kann individuell angepasst werden.<\/li>\n<li>Zur Auswahl stehen mehrere \u00d6fen und es k\u00f6nnen Einzelst\u00fccke von 50 kg bis 850 kg hergestellt werden.<\/li>\n<li>20 Jahre Meister, reiche Erfahrung, trat in den 1980er Jahren in die Branche ein, der Branchenf\u00fchrer.<\/li>\n<li>Die Produkte sind r\u00fcckverfolgbar und jedes Ofenprodukt verf\u00fcgt \u00fcber ein Zertifikat: 3.1 Materialzertifikat.<\/li>\n<li>Kunden k\u00f6nnen eine unabh\u00e4ngige Pr\u00fcfstelle mit der Ausstellung eines 3.2-Zertifikats beauftragen.<\/li>\n<li>F\u00fcr die Verarbeitung feiner Produkte kann ein Verarbeitungszertifikat ausgestellt werden.<\/li>\n<\/ol>\n<p data-start=\"960\" data-end=\"1454\">\n<hr \/>\n<p data-start=\"960\" data-end=\"1454\">\n<h3 data-start=\"960\" data-end=\"1454\">Leierwos Vorteile beim Gie\u00dfen von Pr\u00e4zisionsgussteilen in der Armaturengussindustrie<\/h3>\n<p>Leierwo ist seit vielen Jahren im Feinguss t\u00e4tig und verf\u00fcgt insbesondere \u00fcber umfangreiche Erfahrung in der Herstellung von Ventilkomponenten. Das Unternehmen ist auf die Herstellung von Pr\u00e4zisionsgussteilen aus Kohlenstoffstahl, legiertem Stahl und Edelstahl spezialisiert \u2013 Materialien, die in der Ventilindustrie h\u00e4ufig verwendet werden. Durch den Einsatz fortschrittlicher Technologien wie Schmelzguss und Kieselsolverfahren ist das Unternehmen in der Lage, komplexe Strukturteile hochpr\u00e4zise zu formen und so die Leistungsanforderungen von Ventilen unter hohen Temperaturen, hohem Druck und korrosionsbest\u00e4ndigen Betriebsbedingungen zu erf\u00fcllen. Dar\u00fcber hinaus legt Leierwo Wert auf die kundenspezifische Fertigung nach Kundenzeichnungen. Dadurch kann das Unternehmen Ventilgussteile besser an die spezifischen Kundenanforderungen anpassen und so die Produktdichtheit und strukturelle Stabilit\u00e4t gew\u00e4hrleisten.<\/p>\n<p>&nbsp;<\/p>\n<h3>Auswahl des Hauptmaterials<\/h3>\n<p>Ventilgussteile m\u00fcssen komplexen Betriebsbedingungen wie Druck, Temperatur und Korrosion standhalten. Daher sollte bei der Materialauswahl auf Korrosionsbest\u00e4ndigkeit, Hochtemperaturfestigkeit, Kavitationsbest\u00e4ndigkeit und gute Verarbeitbarkeit geachtet werden. Edelstahl ist aufgrund seiner hervorragenden Gesamtleistung die bevorzugte Wahl.<\/p>\n<p>G\u00e4ngige Materialien:<br \/>\nEdelstahl-Serie:<br \/>\n316\/316L: Die beste Wahl, best\u00e4ndig gegen Chloridionenkorrosion, geeignet f\u00fcr Meeresumgebungen sowie die Chemie- und Erd\u00f6lindustrie. 304\/304L: Ein wirtschaftliches Material, geeignet f\u00fcr allgemein korrosive Umgebungen. 410: Martensitischer Edelstahl mit gewisser Korrosionsbest\u00e4ndigkeit, geeignet f\u00fcr Hochtemperatur-Dampfventile.<br \/>\n17-4PH: Ausscheidungsgeh\u00e4rteter Edelstahl mit hoher Festigkeit und Korrosionsbest\u00e4ndigkeit, geeignet f\u00fcr Hochleistungsventile.<\/p>\n<p>Kohlenstoffstahl-Serie:<br \/>\nWCB (Kohlenstoffstahl, allgemeines Material): Wird h\u00e4ufig f\u00fcr Allzweckventile bei Raumtemperatur verwendet.<br \/>\n4130: Geeignet f\u00fcr Hochtemperatur- und Hochdruckventilgeh\u00e4use.<br \/>\nSpeziallegierungsserie (f\u00fcr Umgebungen mit hoher Korrosions-\/Hochtemperaturbelastung): Duplex-Edelstahl 2205: Hervorragende Spannungskorrosionsbest\u00e4ndigkeit, geeignet f\u00fcr die Schifffahrts- und Chemieindustrie. Kobaltlegierung (CoCr): wie Co6 und Co12, geeignet f\u00fcr Ventildichtfl\u00e4chen mit schweren Hochtemperatursch\u00e4den.<\/p>\n<p>&nbsp;<\/p>\n<h3>Wichtige Casting-Serviceoptionen<\/h3>\n<p>An Ventile werden hohe Anforderungen hinsichtlich Dichtheit und Druckbest\u00e4ndigkeit gestellt und die Wahl des Gussservice wirkt sich direkt auf ihre Funktionssicherheit aus:<\/p>\n<p>Feinguss: Das bevorzugte Verfahren f\u00fcr Mittel- und Hochdruckventile. Komponenten wie Ventilk\u00f6rper und Dichtsitze weisen oft komplexe innere Hohlr\u00e4ume (z. B. gekr\u00fcmmte Str\u00f6mungswege) und pr\u00e4zise Passfl\u00e4chen auf (z. B. muss die Rauheit der Dichtfl\u00e4chen \u2264 Ra1,6\u00a0\u00b5m betragen). Feinguss erm\u00f6glicht die pr\u00e4zise Nachbildung komplexer Formen, reduziert Gussfehler (wie Poren und Schrumpfungen) und mindert Leckagerisiken. Es eignet sich besonders f\u00fcr Hochdruckventile aus Edelstahl und Legierungen.<\/p>\n<p>Sandguss: Geeignet f\u00fcr die Massenproduktion von Niederdruckventilen im Gro\u00dfformat. Beispielsweise haben Niederdruck-Schieberk\u00f6rper f\u00fcr die kommunale Wasserversorgung relativ einfache Formen (meist symmetrische Strukturen), gro\u00dfe Produktionsmengen und moderate Pr\u00e4zisionsanforderungen. Sandguss bietet erhebliche Vorteile hinsichtlich niedriger Kosten und hoher Produktionskapazit\u00e4t.<\/p>\n<p>CNC-Bearbeitung: Der Fokus liegt auf kritischen Passungsbereichen. Ventilflansche und Schaftdurchmesser m\u00fcssen pr\u00e4zise mit der Rohrleitung oder dem Antrieb \u00fcbereinstimmen. Nach dem Gie\u00dfen werden CNC-Fr\u00e4sen und -Schleifen durchgef\u00fchrt, um Ebenheits- und Rechtwinkligkeitstoleranzen von \u22640,02 mm\/m sicherzustellen und so eine dichte Montage zu gew\u00e4hrleisten.<\/p>","protected":false},"excerpt":{"rendered":"<div class=\"Answser_answer_content__uOOYl Answser_answer_content_last__MAVKP\">\n<div class=\"markdown-body\">\n<p data-sourcepos=\"1:1-1:406\">Der <a href=\"https:\/\/www.leierwocasting.com\/de\/product-category\/valve-parts-for-civil-use\/\">Ventildeckelteile<\/a> Ventildeckelteile sind unverzichtbare Komponenten f\u00fcr den privaten Gebrauch und gew\u00e4hrleisten zuverl\u00e4ssigen Motorschutz sowie eine effiziente Abdichtung in Wohngeb\u00e4uden. Sie sind auf Langlebigkeit und Pr\u00e4zision ausgelegt und bieten optimale Leistung f\u00fcr Hausbesitzer und kleinere Gewerbebetriebe. Aufgrund ihrer Qualit\u00e4t und Zuverl\u00e4ssigkeit sind sie die ideale Wahl f\u00fcr den Erhalt der Motorintegrit\u00e4t.<\/p>\n<\/div>\n<\/div>\n<div class=\"TurnCard_operation_l__GHp1k\">\n<div class=\"TurnCard_left_opts__iXG7K\">\n<div class=\"TurnCard_opt_btn__vRKug\"><\/div>\n<\/div>\n<\/div>","protected":false},"featured_media":508,"template":"","meta":{"_gspb_post_css":""},"product_brand":[],"product_cat":[34,26],"product_tag":[],"class_list":{"0":"post-507","1":"product","2":"type-product","3":"status-publish","4":"has-post-thumbnail","6":"product_cat-valve-casting","7":"product_cat-valve-parts-for-civil-use","9":"first","10":"instock","11":"shipping-taxable","12":"product-type-simple"},"_links":{"self":[{"href":"https:\/\/www.leierwocasting.com\/de\/wp-json\/wp\/v2\/product\/507","targetHints":{"allow":["GET"]}}],"collection":[{"href":"https:\/\/www.leierwocasting.com\/de\/wp-json\/wp\/v2\/product"}],"about":[{"href":"https:\/\/www.leierwocasting.com\/de\/wp-json\/wp\/v2\/types\/product"}],"wp:featuredmedia":[{"embeddable":true,"href":"https:\/\/www.leierwocasting.com\/de\/wp-json\/wp\/v2\/media\/508"}],"wp:attachment":[{"href":"https:\/\/www.leierwocasting.com\/de\/wp-json\/wp\/v2\/media?parent=507"}],"wp:term":[{"taxonomy":"product_brand","embeddable":true,"href":"https:\/\/www.leierwocasting.com\/de\/wp-json\/wp\/v2\/product_brand?post=507"},{"taxonomy":"product_cat","embeddable":true,"href":"https:\/\/www.leierwocasting.com\/de\/wp-json\/wp\/v2\/product_cat?post=507"},{"taxonomy":"product_tag","embeddable":true,"href":"https:\/\/www.leierwocasting.com\/de\/wp-json\/wp\/v2\/product_tag?post=507"}],"curies":[{"name":"Wp","href":"https:\/\/api.w.org\/{rel}","templated":true}]}}