{"id":506,"date":"2025-02-27T02:02:36","date_gmt":"2025-02-27T02:02:36","guid":{"rendered":"https:\/\/leierwocasting.com\/?post_type=product&#038;p=506"},"modified":"2025-08-08T06:25:51","modified_gmt":"2025-08-08T06:25:51","slug":"engine-gasket","status":"publish","type":"product","link":"https:\/\/www.leierwocasting.com\/de\/product\/engine-gasket\/","title":{"rendered":"Motordichtung"},"content":{"rendered":"<p data-start=\"128\" data-end=\"609\">Protect your engine and maintain peak performance with our <strong data-start=\"187\" data-end=\"217\">high-quality Engine Gasket<\/strong>, meticulously engineered to deliver <strong data-start=\"254\" data-end=\"274\">reliable sealing<\/strong>, <strong data-start=\"276\" data-end=\"295\">heat resistance<\/strong>, Und <strong data-start=\"301\" data-end=\"325\">long-term durability<\/strong>. Serving as a critical interface between engine components\u2014such as the cylinder head, intake manifold, and exhaust manifold\u2014the <strong data-start=\"454\" data-end=\"471\">Motordichtung<\/strong> ensures airtight and fluid-tight connections, preventing <strong data-start=\"529\" data-end=\"571\">oil, coolant, and combustion gas leaks<\/strong> that can compromise engine integrity.<\/p>\n<p data-start=\"611\" data-end=\"1109\">Hergestellt aus <strong data-start=\"629\" data-end=\"661\">advanced composite materials<\/strong>, including multi-layer steel (MLS), fiber-reinforced graphite, or elastomer-coated substrates, this gasket is built to withstand <strong data-start=\"791\" data-end=\"812\">extreme pressures<\/strong>, <strong data-start=\"814\" data-end=\"835\">thermal expansion<\/strong>, Und <strong data-start=\"841\" data-end=\"862\">chemical exposure<\/strong> inside the engine environment. Its precision-cut design provides a <strong data-start=\"930\" data-end=\"974\">perfect fit and uniform contact pressure<\/strong>, ensuring that your engine maintains <strong data-start=\"1012\" data-end=\"1035\">optimal compression<\/strong> Und <strong data-start=\"1040\" data-end=\"1076\">consistent combustion efficiency<\/strong> over extended service intervals.<\/p>\n<p data-start=\"1111\" data-end=\"1470\">Der <strong data-start=\"1115\" data-end=\"1132\">Motordichtung<\/strong> is compatible with a wide range of vehicle makes and models, making it ideal for both <strong data-start=\"1219\" data-end=\"1238\">OEM replacement<\/strong> Und <strong data-start=\"1243\" data-end=\"1267\">aftermarket upgrades<\/strong>. Whether you&#8217;re performing routine maintenance, engine rebuilds, or full-performance tuning, this gasket offers the reliability and precision needed to maintain critical sealing in high-load conditions.<\/p>\n<p data-start=\"1472\" data-end=\"1784\">Jede <strong data-start=\"1477\" data-end=\"1494\">Motordichtung<\/strong> is subjected to <strong data-start=\"1511\" data-end=\"1540\">stringent quality testing<\/strong>, including leak simulation, material fatigue analysis, and thermal cycling validation. These procedures guarantee <strong data-start=\"1655\" data-end=\"1706\">long-term reliability and performance stability<\/strong>, even in demanding driving scenarios such as towing, racing, or off-road use.<\/p>\n<p data-start=\"1786\" data-end=\"2011\">Trusted by professional mechanics, rebuilders, and automotive enthusiasts alike, the <strong data-start=\"1871\" data-end=\"1888\">Motordichtung<\/strong> is your go-to solution for <strong data-start=\"1916\" data-end=\"1948\">maximizing engine efficiency<\/strong>, preventing premature wear, and extending engine service life.<\/p>\n<p>&nbsp;<\/p>\n<ol>\n<li>Mehr als 60 Arten von Materialien, mehr als ein Dutzend Legierungen und 70 Arten von Zahlen.<\/li>\n<li>Es k\u00f6nnen viele Produkte hergestellt werden, \u00fcber 3500 Pr\u00e4zisionsgussformen, \u00fcber 1000 Sandgussformen.<\/li>\n<li>Das Produktionszubeh\u00f6r kann gro\u00df oder klein sein.<\/li>\n<li>Ein einzelnes Produkt von 50 kg kann individuell angepasst werden.<\/li>\n<li>Zur Auswahl stehen mehrere \u00d6fen und es k\u00f6nnen Einzelst\u00fccke von 50 kg bis 850 kg hergestellt werden.<\/li>\n<li>20 Jahre Meister, reiche Erfahrung, trat in den 1980er Jahren in die Branche ein, der Branchenf\u00fchrer.<\/li>\n<li>Die Produkte sind r\u00fcckverfolgbar und jedes Ofenprodukt verf\u00fcgt \u00fcber ein Zertifikat: 3.1 Materialzertifikat.<\/li>\n<li>Kunden k\u00f6nnen eine unabh\u00e4ngige Pr\u00fcfstelle mit der Ausstellung eines 3.2-Zertifikats beauftragen.<\/li>\n<li>F\u00fcr die Verarbeitung feiner Produkte kann ein Verarbeitungszertifikat ausgestellt werden.<\/li>\n<\/ol>\n<h3><\/h3>\n<hr \/>\n<p>&nbsp;<\/p>\n<h3>Leierwos Vorteile beim Gie\u00dfen von Pr\u00e4zisionsgussteilen in der Automobilindustrie<\/h3>\n<p>Leierwo erf\u00fcllt mit seinem nach ISO 9001 und IATF 16949 zertifizierten Qualit\u00e4tsmanagementsystem die strengen Anforderungen der Automobilindustrie an gleichbleibende Leistung und Qualit\u00e4tskontrolle. Dank seiner Gie\u00dfereikapazit\u00e4ten f\u00fcr Materialien wie legierten Stahl und Kohlenstoffstahl eignet sich das Unternehmen f\u00fcr die Herstellung wichtiger Teile wie Motorlager, Getriebegeh\u00e4use und Bremssystemkomponenten. Dar\u00fcber hinaus verf\u00fcgt das Unternehmen \u00fcber CNC-Bearbeitungsm\u00f6glichkeiten, die die Weiterverarbeitung von Pr\u00e4zisionsgussteilen zur Verbesserung der Ma\u00dfgenauigkeit und Montagekompatibilit\u00e4t erm\u00f6glichen und so die hohen Verarbeitungsanforderungen von Automobilkomponenten erf\u00fcllen.<\/p>\n<p>&nbsp;<\/p>\n<h3>Auswahl des Hauptmaterials<\/h3>\n<p>F\u00fcr Automobilteile werden Werkstoffe mit hervorragender Festigkeit, Z\u00e4higkeit, Dauerfestigkeit, Schwei\u00dfbarkeit und einer gewissen Korrosionsbest\u00e4ndigkeit ben\u00f6tigt, die gleichzeitig ein Gleichgewicht zwischen geringem Gewicht und Kosteneffizienz gew\u00e4hrleisten. Im Feinguss werden Kohlenstoffstahl und legierte St\u00e4hle aufgrund ihrer hervorragenden mechanischen Eigenschaften und Bearbeitbarkeit h\u00e4ufig verwendet.<\/p>\n<p>G\u00e4ngige Materialien:<br \/>\nKohlenstoffstahl-Serie:<br \/>\n1045: Hervorragende Festigkeit und Z\u00e4higkeit, geeignet f\u00fcr Strukturteile wie Wellen und Pleuelstangen.<br \/>\n4130: Eine Chrom-Molybd\u00e4n-Legierung mit hervorragenden W\u00e4rmebehandlungseigenschaften, geeignet f\u00fcr hochfeste, erm\u00fcdungsbest\u00e4ndige Komponenten wie Aufh\u00e4ngungssysteme und Antriebswellen.<\/p>\n<p>Legierter Stahl Serie:<br \/>\n42CrMo (AISI 4140): Hohe Festigkeit und Z\u00e4higkeit, geeignet f\u00fcr Schl\u00fcsselkomponenten wie Zahnr\u00e4der, Kurbelwellen und Nockenwellen.<br \/>\n35CrMo: \u00c4hnlich wie 42CrMo, jedoch mit etwas geringerem Kohlenstoffgehalt, geeignet f\u00fcr Komponenten, die hervorragende Schwei\u00dfeigenschaften erfordern.<br \/>\n4140: Wird h\u00e4ufig in hochbelasteten Autoteilen wie Wellen und Fahrwerkskomponenten verwendet.<br \/>\nEdelstahlserie (f\u00fcr bestimmte Komponenten)<br \/>\n304L\/316L: Wird in Komponenten verwendet, die eine hohe Korrosionsbest\u00e4ndigkeit erfordern, wie z. B. Abgassysteme und Kraftstoffsysteme.<\/p>\n<p>&nbsp;<\/p>\n<h3>Wichtige Casting-Serviceoptionen<\/h3>\n<p>Die Automobilzulieferindustrie muss bei der Auswahl von Gussdienstleistungen ein Gleichgewicht zwischen Massenproduktionskapazit\u00e4t, Pr\u00e4zisionsanforderungen und Kostenkontrolle finden. Drei Dienstleistungskategorien haben jeweils ihren eigenen Schwerpunkt:<\/p>\n<p>Sandguss: Dies ist die g\u00e4ngige Wahl f\u00fcr Automobilteile. Automobilteile werden oft in Massenproduktion hergestellt (z. B. Motorbl\u00f6cke, Fahrgestellhalterungen und Radnaben). Diese Teile haben relativ regelm\u00e4\u00dfige Formen (ohne \u00fcberm\u00e4\u00dfig komplexe innere Hohlr\u00e4ume oder gekr\u00fcmmte Oberfl\u00e4chen). Sandguss erm\u00f6glicht eine effiziente Massenproduktion zu geringen Kosten und erf\u00fcllt damit die Forderung der Automobilindustrie nach \u201eStandardisierung im gro\u00dfen Ma\u00dfstab\u201c.<\/p>\n<p>Feinguss: Dieses Verfahren eignet sich f\u00fcr kritische Teile mit hoher Pr\u00e4zision und komplexen Formen, wie beispielsweise Turboladerschaufeln und Getriebezahnr\u00e4der. Diese Teile m\u00fcssen hohen Temperaturen und hohem Druck standhalten und erfordern eine extrem hohe Ma\u00dfgenauigkeit (z. B. Schaufelkr\u00fcmmung) und Oberfl\u00e4cheng\u00fcte. Die F\u00e4higkeit des Feingusses, die Form nahezu exakt zu erhalten, reduziert den Nachbearbeitungsaufwand und gew\u00e4hrleistet eine gleichbleibende Leistung.<\/p>\n<p>CNC-Bearbeitung: Diese dient als \u201ePr\u00e4zisionserg\u00e4nzung\u201c zum Gie\u00dfen. Wichtige Automobilkomponenten (wie Kurbelwellen und Pleuelstangen) erfordern eine strenge Ma\u00dftoleranzkontrolle (z. B. Wellendurchmessertoleranz +0,01 mm). Nach dem Sand- oder Feinguss werden wichtige Oberfl\u00e4chen (wie Verbindungsl\u00f6cher und Positionierungsnuten) mittels CNC-Bearbeitung feinbearbeitet, um Montagegenauigkeit und Betriebsstabilit\u00e4t zu gew\u00e4hrleisten.<\/p>","protected":false},"excerpt":{"rendered":"<p>Ensure optimal engine performance and prevent leaks with our high-quality <a href=\"https:\/\/www.leierwocasting.com\/de\/product-category\/auto-parts\/\">Motordichtung<\/a>. Designed for durability and precision, this Engine Gasket provides a perfect seal for various vehicle models. Trust our reliable solution to enhance your engine\u2019s efficiency and longevity.<\/p>","protected":false},"featured_media":504,"template":"","meta":{"_gspb_post_css":""},"product_brand":[],"product_cat":[25,33],"product_tag":[],"class_list":{"0":"post-506","1":"product","2":"type-product","3":"status-publish","4":"has-post-thumbnail","6":"product_cat-auto-parts","7":"product_cat-automobile-manufacturing","9":"first","10":"instock","11":"shipping-taxable","12":"product-type-simple"},"_links":{"self":[{"href":"https:\/\/www.leierwocasting.com\/de\/wp-json\/wp\/v2\/product\/506","targetHints":{"allow":["GET"]}}],"collection":[{"href":"https:\/\/www.leierwocasting.com\/de\/wp-json\/wp\/v2\/product"}],"about":[{"href":"https:\/\/www.leierwocasting.com\/de\/wp-json\/wp\/v2\/types\/product"}],"wp:featuredmedia":[{"embeddable":true,"href":"https:\/\/www.leierwocasting.com\/de\/wp-json\/wp\/v2\/media\/504"}],"wp:attachment":[{"href":"https:\/\/www.leierwocasting.com\/de\/wp-json\/wp\/v2\/media?parent=506"}],"wp:term":[{"taxonomy":"product_brand","embeddable":true,"href":"https:\/\/www.leierwocasting.com\/de\/wp-json\/wp\/v2\/product_brand?post=506"},{"taxonomy":"product_cat","embeddable":true,"href":"https:\/\/www.leierwocasting.com\/de\/wp-json\/wp\/v2\/product_cat?post=506"},{"taxonomy":"product_tag","embeddable":true,"href":"https:\/\/www.leierwocasting.com\/de\/wp-json\/wp\/v2\/product_tag?post=506"}],"curies":[{"name":"Wp","href":"https:\/\/api.w.org\/{rel}","templated":true}]}}