{"id":505,"date":"2025-02-27T02:02:02","date_gmt":"2025-02-27T02:02:02","guid":{"rendered":"https:\/\/leierwocasting.com\/?post_type=product&#038;p=505"},"modified":"2025-08-08T06:24:41","modified_gmt":"2025-08-08T06:24:41","slug":"intake-manifold","status":"publish","type":"product","link":"https:\/\/www.leierwocasting.com\/de\/product\/intake-manifold\/","title":{"rendered":"Ansaugkr\u00fcmmer"},"content":{"rendered":"<p data-start=\"140\" data-end=\"566\">Entfesseln Sie das volle Potenzial Ihres Motors mit unserem <strong data-start=\"185\" data-end=\"225\">pr\u00e4zisionsgefertigter Ansaugkr\u00fcmmer<\/strong>, entwickelt zur Optimierung <strong data-start=\"248\" data-end=\"268\">Luftstr\u00f6mungsdynamik<\/strong> und steigern <strong data-start=\"279\" data-end=\"304\">Verbrennungseffizienz<\/strong> f\u00fcr eine breite Palette von Fahrzeugtypen. Entwickelt f\u00fcr Hochleistungsanwendungen, die <strong data-start=\"390\" data-end=\"409\">Ansaugkr\u00fcmmer<\/strong> sorgt f\u00fcr eine pr\u00e4zise Luftverteilung zu jedem Zylinder, was zu <strong data-start=\"478\" data-end=\"508\">verbesserte Gasannahme<\/strong>, <strong data-start=\"510\" data-end=\"534\">erh\u00f6hte PS-Leistung<\/strong>, Und <strong data-start=\"540\" data-end=\"565\">verbesserte Kraftstoffeffizienz<\/strong>.<\/p>\n<p data-start=\"568\" data-end=\"1003\">Hergestellt aus <strong data-start=\"586\" data-end=\"623\">langlebige, hitzebest\u00e4ndige Materialien<\/strong> wie Aluminiumguss oder verst\u00e4rkte Verbundwerkstoffe, ist diese Komponente gebaut, um zu widerstehen <strong data-start=\"709\" data-end=\"728\">Temperaturwechsel<\/strong>, <strong data-start=\"730\" data-end=\"743\">Vibration<\/strong>, Und <strong data-start=\"749\" data-end=\"774\">hohe Ansaugdr\u00fccke<\/strong> sowohl in Saug- als auch in Turbomotoren. Die Innenl\u00e4ufer sind <strong data-start=\"854\" data-end=\"883\">aerodynamisch optimiert<\/strong> um Turbulenzen und Luftverluste zu reduzieren und so auch unter anspruchsvollen Fahrbedingungen ein konstantes Luftvolumen und eine konstante Luftgeschwindigkeit zu gew\u00e4hrleisten.<\/p>\n<p data-start=\"1005\" data-end=\"1507\">Jede <strong data-start=\"1010\" data-end=\"1029\">Ansaugkr\u00fcmmer<\/strong> ist so konstruiert, dass es strenge Ma\u00dftoleranzen einh\u00e4lt und bietet eine <strong data-start=\"1095\" data-end=\"1125\">perfekte OEM-kompatible Passform<\/strong> f\u00fcr einfache Installation und zuverl\u00e4ssige Abdichtung. Egal, ob Sie die Leistung verbessern, ein verschlissenes Werksteil ersetzen oder einen getunten Motorbau anpassen, unser Verteiler ist so konzipiert, dass er liefert <strong data-start=\"1316\" data-end=\"1360\">un\u00fcbertroffene Haltbarkeit und Leistungsstabilit\u00e4t<\/strong>Es ist mit einer Vielzahl von Dichtungen, Sensoren und Montageteilen kompatibel und eignet sich daher sowohl f\u00fcr serienm\u00e4\u00dfige als auch f\u00fcr modifizierte Motorplattformen.<\/p>\n<p data-start=\"1509\" data-end=\"1835\">Vertrauen von <strong data-start=\"1520\" data-end=\"1597\">Kfz-Techniker, Rennprofis und Leistungsenthusiasten<\/strong>, Die <strong data-start=\"1603\" data-end=\"1622\">Ansaugkr\u00fcmmer<\/strong> durchl\u00e4uft umfassende Qualit\u00e4tskontrollverfahren, einschlie\u00dflich <strong data-start=\"1684\" data-end=\"1747\">Dichtheitspr\u00fcfung, thermische Analyse und Durchflusspr\u00fcfstand-Verifizierung<\/strong>Dies gew\u00e4hrleistet eine gleichbleibende Leistung und langfristige Zuverl\u00e4ssigkeit bei allen Anwendungen.<\/p>\n<p data-start=\"1837\" data-end=\"2014\">W\u00e4hlen Sie unser <strong data-start=\"1848\" data-end=\"1867\">Ansaugkr\u00fcmmer<\/strong> um die Motorleistung zu steigern, die Systemintegrit\u00e4t aufrechtzuerhalten und die Luftstrompr\u00e4zision zu erreichen, die Ihr Fahrzeug erfordert \u2013 ob auf der Stra\u00dfe oder auf der Rennstrecke.<\/p>\n<p>&nbsp;<\/p>\n<ol>\n<li>Mehr als 60 Arten von Materialien, mehr als ein Dutzend Legierungen und 70 Arten von Zahlen.<\/li>\n<li>Es k\u00f6nnen viele Produkte hergestellt werden, \u00fcber 3500 Pr\u00e4zisionsgussformen, \u00fcber 1000 Sandgussformen.<\/li>\n<li>Das Produktionszubeh\u00f6r kann gro\u00df oder klein sein.<\/li>\n<li>Ein einzelnes Produkt von 50 kg kann individuell angepasst werden.<\/li>\n<li>Zur Auswahl stehen mehrere \u00d6fen und es k\u00f6nnen Einzelst\u00fccke von 50 kg bis 850 kg hergestellt werden.<\/li>\n<li>20 Jahre Meister, reiche Erfahrung, trat in den 1980er Jahren in die Branche ein, der Branchenf\u00fchrer.<\/li>\n<li>Die Produkte sind r\u00fcckverfolgbar und jedes Ofenprodukt verf\u00fcgt \u00fcber ein Zertifikat: 3.1 Materialzertifikat.<\/li>\n<li>Kunden k\u00f6nnen eine unabh\u00e4ngige Pr\u00fcfstelle mit der Ausstellung eines 3.2-Zertifikats beauftragen.<\/li>\n<li>F\u00fcr die Verarbeitung feiner Produkte kann ein Verarbeitungszertifikat ausgestellt werden.<\/li>\n<\/ol>\n<p>&nbsp;<\/p>\n<hr \/>\n<h3><\/h3>\n<h3>Leierwos Vorteile beim Gie\u00dfen von Pr\u00e4zisionsgussteilen in der Automobilindustrie<\/h3>\n<p>Leierwo erf\u00fcllt mit seinem nach ISO 9001 und IATF 16949 zertifizierten Qualit\u00e4tsmanagementsystem die strengen Anforderungen der Automobilindustrie an gleichbleibende Leistung und Qualit\u00e4tskontrolle. Dank seiner Gie\u00dfereikapazit\u00e4ten f\u00fcr Materialien wie legierten Stahl und Kohlenstoffstahl eignet sich das Unternehmen f\u00fcr die Herstellung wichtiger Teile wie Motorlager, Getriebegeh\u00e4use und Bremssystemkomponenten. Dar\u00fcber hinaus verf\u00fcgt das Unternehmen \u00fcber CNC-Bearbeitungsm\u00f6glichkeiten, die die Weiterverarbeitung von Pr\u00e4zisionsgussteilen zur Verbesserung der Ma\u00dfgenauigkeit und Montagekompatibilit\u00e4t erm\u00f6glichen und so die hohen Verarbeitungsanforderungen von Automobilkomponenten erf\u00fcllen.<\/p>\n<p>&nbsp;<\/p>\n<h3>Auswahl des Hauptmaterials<\/h3>\n<p>F\u00fcr Automobilteile werden Werkstoffe mit hervorragender Festigkeit, Z\u00e4higkeit, Dauerfestigkeit, Schwei\u00dfbarkeit und einer gewissen Korrosionsbest\u00e4ndigkeit ben\u00f6tigt, die gleichzeitig ein Gleichgewicht zwischen geringem Gewicht und Kosteneffizienz gew\u00e4hrleisten. Im Feinguss werden Kohlenstoffstahl und legierte St\u00e4hle aufgrund ihrer hervorragenden mechanischen Eigenschaften und Bearbeitbarkeit h\u00e4ufig verwendet.<\/p>\n<p>G\u00e4ngige Materialien:<br \/>\nKohlenstoffstahl-Serie:<br \/>\n1045: Hervorragende Festigkeit und Z\u00e4higkeit, geeignet f\u00fcr Strukturteile wie Wellen und Pleuelstangen.<br \/>\n4130: Eine Chrom-Molybd\u00e4n-Legierung mit hervorragenden W\u00e4rmebehandlungseigenschaften, geeignet f\u00fcr hochfeste, erm\u00fcdungsbest\u00e4ndige Komponenten wie Aufh\u00e4ngungssysteme und Antriebswellen.<\/p>\n<p>Legierter Stahl Serie:<br \/>\n42CrMo (AISI 4140): Hohe Festigkeit und Z\u00e4higkeit, geeignet f\u00fcr Schl\u00fcsselkomponenten wie Zahnr\u00e4der, Kurbelwellen und Nockenwellen.<br \/>\n35CrMo: \u00c4hnlich wie 42CrMo, jedoch mit etwas geringerem Kohlenstoffgehalt, geeignet f\u00fcr Komponenten, die hervorragende Schwei\u00dfeigenschaften erfordern.<br \/>\n4140: Wird h\u00e4ufig in hochbelasteten Autoteilen wie Wellen und Fahrwerkskomponenten verwendet.<br \/>\nEdelstahlserie (f\u00fcr bestimmte Komponenten)<br \/>\n304L\/316L: Wird in Komponenten verwendet, die eine hohe Korrosionsbest\u00e4ndigkeit erfordern, wie z. B. Abgassysteme und Kraftstoffsysteme.<\/p>\n<p>&nbsp;<\/p>\n<h3>Wichtige Casting-Serviceoptionen<\/h3>\n<p>Die Automobilzulieferindustrie muss bei der Auswahl von Gussdienstleistungen ein Gleichgewicht zwischen Massenproduktionskapazit\u00e4t, Pr\u00e4zisionsanforderungen und Kostenkontrolle finden. Drei Dienstleistungskategorien haben jeweils ihren eigenen Schwerpunkt:<\/p>\n<p>Sandguss: Dies ist die g\u00e4ngige Wahl f\u00fcr Automobilteile. Automobilteile werden oft in Massenproduktion hergestellt (z. B. Motorbl\u00f6cke, Fahrgestellhalterungen und Radnaben). Diese Teile haben relativ regelm\u00e4\u00dfige Formen (ohne \u00fcberm\u00e4\u00dfig komplexe innere Hohlr\u00e4ume oder gekr\u00fcmmte Oberfl\u00e4chen). Sandguss erm\u00f6glicht eine effiziente Massenproduktion zu geringen Kosten und erf\u00fcllt damit die Forderung der Automobilindustrie nach \u201eStandardisierung im gro\u00dfen Ma\u00dfstab\u201c.<\/p>\n<p>Feinguss: Dieses Verfahren eignet sich f\u00fcr kritische Teile mit hoher Pr\u00e4zision und komplexen Formen, wie beispielsweise Turboladerschaufeln und Getriebezahnr\u00e4der. Diese Teile m\u00fcssen hohen Temperaturen und hohem Druck standhalten und erfordern eine extrem hohe Ma\u00dfgenauigkeit (z. B. Schaufelkr\u00fcmmung) und Oberfl\u00e4cheng\u00fcte. Die F\u00e4higkeit des Feingusses, die Form nahezu exakt zu erhalten, reduziert den Nachbearbeitungsaufwand und gew\u00e4hrleistet eine gleichbleibende Leistung.<\/p>\n<p>CNC-Bearbeitung: Diese dient als \u201ePr\u00e4zisionserg\u00e4nzung\u201c zum Gie\u00dfen. Wichtige Automobilkomponenten (wie Kurbelwellen und Pleuelstangen) erfordern eine strenge Ma\u00dftoleranzkontrolle (z. B. Wellendurchmessertoleranz +0,01 mm). Nach dem Sand- oder Feinguss werden wichtige Oberfl\u00e4chen (wie Verbindungsl\u00f6cher und Positionierungsnuten) mittels CNC-Bearbeitung feinbearbeitet, um Montagegenauigkeit und Betriebsstabilit\u00e4t zu gew\u00e4hrleisten.<\/p>","protected":false},"excerpt":{"rendered":"<div class=\"Answser_answer_content__uOOYl Answser_answer_content_last__MAVKP\">\n<div class=\"markdown-body\">\n<p data-sourcepos=\"1:1-1:285\">Optimieren Sie die Leistung Ihres Motors mit unserem hochwertigen Ansaugkr\u00fcmmer, der f\u00fcr hervorragenden Luftstrom und Effizienz ausgelegt ist. Dieses langlebige <a href=\"https:\/\/www.leierwocasting.com\/de\/product-category\/auto-parts\/\">Ansaugkr\u00fcmmer<\/a> sorgt f\u00fcr eine perfekte Passform f\u00fcr mehr Leistung und Zuverl\u00e4ssigkeit. Vertrauen Sie auf unsere L\u00f6sung, um un\u00fcbertroffene Leistung f\u00fcr Ihr Fahrzeug zu erzielen.<\/p>\n<\/div>\n<\/div>\n<div class=\"TurnCard_operation_l__GHp1k\">\n<div class=\"TurnCard_left_opts__iXG7K\">\n<div class=\"TurnCard_opt_btn__vRKug\"><\/div>\n<\/div>\n<\/div>","protected":false},"featured_media":503,"template":"","meta":{"_gspb_post_css":""},"product_brand":[],"product_cat":[25,33],"product_tag":[],"class_list":{"0":"post-505","1":"product","2":"type-product","3":"status-publish","4":"has-post-thumbnail","6":"product_cat-auto-parts","7":"product_cat-automobile-manufacturing","9":"first","10":"instock","11":"shipping-taxable","12":"product-type-simple"},"_links":{"self":[{"href":"https:\/\/www.leierwocasting.com\/de\/wp-json\/wp\/v2\/product\/505","targetHints":{"allow":["GET"]}}],"collection":[{"href":"https:\/\/www.leierwocasting.com\/de\/wp-json\/wp\/v2\/product"}],"about":[{"href":"https:\/\/www.leierwocasting.com\/de\/wp-json\/wp\/v2\/types\/product"}],"wp:featuredmedia":[{"embeddable":true,"href":"https:\/\/www.leierwocasting.com\/de\/wp-json\/wp\/v2\/media\/503"}],"wp:attachment":[{"href":"https:\/\/www.leierwocasting.com\/de\/wp-json\/wp\/v2\/media?parent=505"}],"wp:term":[{"taxonomy":"product_brand","embeddable":true,"href":"https:\/\/www.leierwocasting.com\/de\/wp-json\/wp\/v2\/product_brand?post=505"},{"taxonomy":"product_cat","embeddable":true,"href":"https:\/\/www.leierwocasting.com\/de\/wp-json\/wp\/v2\/product_cat?post=505"},{"taxonomy":"product_tag","embeddable":true,"href":"https:\/\/www.leierwocasting.com\/de\/wp-json\/wp\/v2\/product_tag?post=505"}],"curies":[{"name":"Wp","href":"https:\/\/api.w.org\/{rel}","templated":true}]}}