{"id":501,"date":"2025-02-27T02:00:24","date_gmt":"2025-02-27T02:00:24","guid":{"rendered":"https:\/\/leierwocasting.com\/?post_type=product&#038;p=501"},"modified":"2025-08-08T06:28:00","modified_gmt":"2025-08-08T06:28:00","slug":"engine-forging-rocker-arm","status":"publish","type":"product","link":"https:\/\/www.leierwocasting.com\/de\/product\/engine-forging-rocker-arm\/","title":{"rendered":"Motorschmiedekipphebel"},"content":{"rendered":"<p data-start=\"142\" data-end=\"617\">Verbessern Sie die Leistung und Zuverl\u00e4ssigkeit Ihres Motors mit unseren <strong data-start=\"201\" data-end=\"251\">pr\u00e4zisionsgefertigter Motor-Schmiedekipphebel<\/strong>, sorgf\u00e4ltig gefertigt durch fortschrittliche <strong data-start=\"291\" data-end=\"317\">Warmschmiedetechnologie<\/strong> liefern <strong data-start=\"329\" data-end=\"350\">\u00dcbermacht<\/strong>, <strong data-start=\"352\" data-end=\"377\">Dimensionsstabilit\u00e4t<\/strong>, Und <strong data-start=\"383\" data-end=\"412\">effiziente Ventilbet\u00e4tigung<\/strong>. Diese Komponente wurde f\u00fcr Umgebungen mit hoher Belastung und hohen Drehzahlen entwickelt und spielt eine entscheidende Rolle bei der \u00dcbertragung der Nockenwellenbewegung auf die Ventile, wodurch eine genaue Steuerung und ein reibungsloser Betrieb \u00fcber das gesamte Leistungsband gew\u00e4hrleistet werden.<\/p>\n<p data-start=\"619\" data-end=\"1070\">Hergestellt aus <strong data-start=\"629\" data-end=\"652\">hochwertiger legierter Stahl<\/strong> und geschmiedet unter <strong data-start=\"670\" data-end=\"712\">kontrollierte Hochtemperaturbedingungen<\/strong>, Die <strong data-start=\"718\" data-end=\"747\">Motorschmiedekipphebel<\/strong> bietet eine au\u00dfergew\u00f6hnliche Best\u00e4ndigkeit gegen Erm\u00fcdung, Verschlei\u00df und thermische Verformung. Seine dichte, gleichm\u00e4\u00dfige Kornstruktur \u2013 das Ergebnis des Schmiedeprozesses \u2013 verleiht ihm eine <strong data-start=\"901\" data-end=\"925\">mechanischer Vorteil<\/strong> gegen\u00fcber gegossenen oder bearbeiteten Alternativen, wodurch es sich ideal sowohl f\u00fcr Hochleistungsmotoren als auch f\u00fcr Schwerlastfahrzeuge eignet, bei denen es auf eine lange Haltbarkeit ankommt.<\/p>\n<p data-start=\"1072\" data-end=\"1571\">Der <strong data-start=\"1076\" data-end=\"1105\">Motorschmiedekipphebel<\/strong> ist pr\u00e4zisionsgefertigt, um <strong data-start=\"1140\" data-end=\"1160\">enge Toleranzen<\/strong>, was einen gleichm\u00e4\u00dfigen Hub, reduzierte Reibung und minimiertes Ventilspiel f\u00f6rdert. Diese Faktoren tragen direkt dazu bei <strong data-start=\"1270\" data-end=\"1304\">verbesserte Verbrennungseffizienz<\/strong>, <strong data-start=\"1306\" data-end=\"1336\">optimierter Kraftstoffverbrauch<\/strong>, Und <strong data-start=\"1342\" data-end=\"1367\">verbesserte Leistungsabgabe<\/strong>. Egal, ob Sie eine Hochleistungskonstruktion aufr\u00fcsten oder OEM-Komponenten f\u00fcr eine l\u00e4ngere Lebensdauer ersetzen, dieser Kipphebel ist so konzipiert, dass er sich nahtlos in die meisten Standard- und modifizierten Ventiltrieb-Setups integrieren l\u00e4sst.<\/p>\n<p data-start=\"1573\" data-end=\"1973\">Jede Einheit durchl\u00e4uft <strong data-start=\"1593\" data-end=\"1630\">umfassende Qualit\u00e4tspr\u00fcfungen<\/strong>, einschlie\u00dflich H\u00e4rtepr\u00fcfung, Dimensionsvalidierung und Oberfl\u00e4chenbehandlungsanalyse, um die Zuverl\u00e4ssigkeit unter anspruchsvollen Betriebsbedingungen zu gew\u00e4hrleisten. Motorenbauer, Tuner und Reparaturprofis weltweit vertrauen auf die <strong data-start=\"1854\" data-end=\"1883\">Motorschmiedekipphebel<\/strong> ist eine bew\u00e4hrte L\u00f6sung zur Verl\u00e4ngerung der Motorlebensdauer bei gleichzeitiger Maximierung des Leistungspotenzials.<\/p>\n<p data-start=\"1975\" data-end=\"2142\">W\u00e4hlen Sie unser <strong data-start=\"1986\" data-end=\"2015\">Motorschmiedekipphebel<\/strong> um konstante Leistung, langlebigen Betrieb und die Pr\u00e4zision zu liefern, die Ihr Motor verlangt \u2013 auf der Stra\u00dfe, der Rennstrecke oder der Baustelle.<\/p>\n<p>&nbsp;<\/p>\n<ol>\n<li>Mehr als 60 Arten von Materialien, mehr als ein Dutzend Legierungen und 70 Arten von Zahlen.<\/li>\n<li>Es k\u00f6nnen viele Produkte hergestellt werden, \u00fcber 3500 Pr\u00e4zisionsgussformen, \u00fcber 1000 Sandgussformen.<\/li>\n<li>Das Produktionszubeh\u00f6r kann gro\u00df oder klein sein.<\/li>\n<li>Ein einzelnes Produkt von 50 kg kann individuell angepasst werden.<\/li>\n<li>Zur Auswahl stehen mehrere \u00d6fen und es k\u00f6nnen Einzelst\u00fccke von 50 kg bis 850 kg hergestellt werden.<\/li>\n<li>20 Jahre Meister, reiche Erfahrung, trat in den 1980er Jahren in die Branche ein, der Branchenf\u00fchrer.<\/li>\n<li>Die Produkte sind r\u00fcckverfolgbar und jedes Ofenprodukt verf\u00fcgt \u00fcber ein Zertifikat: 3.1 Materialzertifikat.<\/li>\n<li>Kunden k\u00f6nnen eine unabh\u00e4ngige Pr\u00fcfstelle mit der Ausstellung eines 3.2-Zertifikats beauftragen.<\/li>\n<li>F\u00fcr die Verarbeitung feiner Produkte kann ein Verarbeitungszertifikat ausgestellt werden.<\/li>\n<\/ol>\n<h3><\/h3>\n<hr \/>\n<p>&nbsp;<\/p>\n<h3>Leierwos Vorteile beim Gie\u00dfen von Pr\u00e4zisionsgussteilen in der Automobilindustrie<\/h3>\n<p>Leierwo erf\u00fcllt mit seinem nach ISO 9001 und IATF 16949 zertifizierten Qualit\u00e4tsmanagementsystem die strengen Anforderungen der Automobilindustrie an gleichbleibende Leistung und Qualit\u00e4tskontrolle. Dank seiner Gie\u00dfereikapazit\u00e4ten f\u00fcr Materialien wie legierten Stahl und Kohlenstoffstahl eignet sich das Unternehmen f\u00fcr die Herstellung wichtiger Teile wie Motorlager, Getriebegeh\u00e4use und Bremssystemkomponenten. Dar\u00fcber hinaus verf\u00fcgt das Unternehmen \u00fcber CNC-Bearbeitungsm\u00f6glichkeiten, die die Weiterverarbeitung von Pr\u00e4zisionsgussteilen zur Verbesserung der Ma\u00dfgenauigkeit und Montagekompatibilit\u00e4t erm\u00f6glichen und so die hohen Verarbeitungsanforderungen von Automobilkomponenten erf\u00fcllen.<\/p>\n<p>&nbsp;<\/p>\n<h3>Auswahl des Hauptmaterials<\/h3>\n<p>F\u00fcr Automobilteile werden Werkstoffe mit hervorragender Festigkeit, Z\u00e4higkeit, Dauerfestigkeit, Schwei\u00dfbarkeit und einer gewissen Korrosionsbest\u00e4ndigkeit ben\u00f6tigt, die gleichzeitig ein Gleichgewicht zwischen geringem Gewicht und Kosteneffizienz gew\u00e4hrleisten. Im Feinguss werden Kohlenstoffstahl und legierte St\u00e4hle aufgrund ihrer hervorragenden mechanischen Eigenschaften und Bearbeitbarkeit h\u00e4ufig verwendet.<\/p>\n<p>G\u00e4ngige Materialien:<br \/>\nKohlenstoffstahl-Serie:<br \/>\n1045: Hervorragende Festigkeit und Z\u00e4higkeit, geeignet f\u00fcr Strukturteile wie Wellen und Pleuelstangen.<br \/>\n4130: Eine Chrom-Molybd\u00e4n-Legierung mit hervorragenden W\u00e4rmebehandlungseigenschaften, geeignet f\u00fcr hochfeste, erm\u00fcdungsbest\u00e4ndige Komponenten wie Aufh\u00e4ngungssysteme und Antriebswellen.<\/p>\n<p>Legierter Stahl Serie:<br \/>\n42CrMo (AISI 4140): Hohe Festigkeit und Z\u00e4higkeit, geeignet f\u00fcr Schl\u00fcsselkomponenten wie Zahnr\u00e4der, Kurbelwellen und Nockenwellen.<br \/>\n35CrMo: \u00c4hnlich wie 42CrMo, jedoch mit etwas geringerem Kohlenstoffgehalt, geeignet f\u00fcr Komponenten, die hervorragende Schwei\u00dfeigenschaften erfordern.<br \/>\n4140: Wird h\u00e4ufig in hochbelasteten Autoteilen wie Wellen und Fahrwerkskomponenten verwendet.<br \/>\nEdelstahlserie (f\u00fcr bestimmte Komponenten)<br \/>\n304L\/316L: Wird in Komponenten verwendet, die eine hohe Korrosionsbest\u00e4ndigkeit erfordern, wie z. B. Abgassysteme und Kraftstoffsysteme.<\/p>\n<p>&nbsp;<\/p>\n<h3>Wichtige Casting-Serviceoptionen<\/h3>\n<p>Die Automobilzulieferindustrie muss bei der Auswahl von Gussdienstleistungen ein Gleichgewicht zwischen Massenproduktionskapazit\u00e4t, Pr\u00e4zisionsanforderungen und Kostenkontrolle finden. Drei Dienstleistungskategorien haben jeweils ihren eigenen Schwerpunkt:<\/p>\n<p>Sandguss: Dies ist die g\u00e4ngige Wahl f\u00fcr Automobilteile. Automobilteile werden oft in Massenproduktion hergestellt (z. B. Motorbl\u00f6cke, Fahrgestellhalterungen und Radnaben). Diese Teile haben relativ regelm\u00e4\u00dfige Formen (ohne \u00fcberm\u00e4\u00dfig komplexe innere Hohlr\u00e4ume oder gekr\u00fcmmte Oberfl\u00e4chen). Sandguss erm\u00f6glicht eine effiziente Massenproduktion zu geringen Kosten und erf\u00fcllt damit die Forderung der Automobilindustrie nach \u201eStandardisierung im gro\u00dfen Ma\u00dfstab\u201c.<\/p>\n<p>Feinguss: Dieses Verfahren eignet sich f\u00fcr kritische Teile mit hoher Pr\u00e4zision und komplexen Formen, wie beispielsweise Turboladerschaufeln und Getriebezahnr\u00e4der. Diese Teile m\u00fcssen hohen Temperaturen und hohem Druck standhalten und erfordern eine extrem hohe Ma\u00dfgenauigkeit (z. B. Schaufelkr\u00fcmmung) und Oberfl\u00e4cheng\u00fcte. Die F\u00e4higkeit des Feingusses, die Form nahezu exakt zu erhalten, reduziert den Nachbearbeitungsaufwand und gew\u00e4hrleistet eine gleichbleibende Leistung.<\/p>\n<p>CNC-Bearbeitung: Diese dient als \u201ePr\u00e4zisionserg\u00e4nzung\u201c zum Gie\u00dfen. Wichtige Automobilkomponenten (wie Kurbelwellen und Pleuelstangen) erfordern eine strenge Ma\u00dftoleranzkontrolle (z. B. Wellendurchmessertoleranz +0,01 mm). Nach dem Sand- oder Feinguss werden wichtige Oberfl\u00e4chen (wie Verbindungsl\u00f6cher und Positionierungsnuten) mittels CNC-Bearbeitung feinbearbeitet, um Montagegenauigkeit und Betriebsstabilit\u00e4t zu gew\u00e4hrleisten.<\/p>","protected":false},"excerpt":{"rendered":"<p>Verbessern Sie die Leistung Ihres Motors mit unseren pr\u00e4zisionsgefertigten <a href=\"https:\/\/www.leierwocasting.com\/de\/product-category\/auto-parts\/\">Motorschmiedekipphebel<\/a>, entwickelt f\u00fcr Langlebigkeit und reibungslosen Ventilbetrieb. Dieser hochwertige Motor-Schmiedekipphebel sorgt f\u00fcr optimale Effizienz und Zuverl\u00e4ssigkeit Ihres Fahrzeugs. Vertrauen Sie unserer L\u00f6sung, um die Leistung und Langlebigkeit Ihres Motors zu steigern.<\/p>","protected":false},"featured_media":502,"template":"","meta":{"_gspb_post_css":""},"product_brand":[],"product_cat":[25,33],"product_tag":[],"class_list":{"0":"post-501","1":"product","2":"type-product","3":"status-publish","4":"has-post-thumbnail","6":"product_cat-auto-parts","7":"product_cat-automobile-manufacturing","9":"first","10":"instock","11":"shipping-taxable","12":"product-type-simple"},"_links":{"self":[{"href":"https:\/\/www.leierwocasting.com\/de\/wp-json\/wp\/v2\/product\/501","targetHints":{"allow":["GET"]}}],"collection":[{"href":"https:\/\/www.leierwocasting.com\/de\/wp-json\/wp\/v2\/product"}],"about":[{"href":"https:\/\/www.leierwocasting.com\/de\/wp-json\/wp\/v2\/types\/product"}],"wp:featuredmedia":[{"embeddable":true,"href":"https:\/\/www.leierwocasting.com\/de\/wp-json\/wp\/v2\/media\/502"}],"wp:attachment":[{"href":"https:\/\/www.leierwocasting.com\/de\/wp-json\/wp\/v2\/media?parent=501"}],"wp:term":[{"taxonomy":"product_brand","embeddable":true,"href":"https:\/\/www.leierwocasting.com\/de\/wp-json\/wp\/v2\/product_brand?post=501"},{"taxonomy":"product_cat","embeddable":true,"href":"https:\/\/www.leierwocasting.com\/de\/wp-json\/wp\/v2\/product_cat?post=501"},{"taxonomy":"product_tag","embeddable":true,"href":"https:\/\/www.leierwocasting.com\/de\/wp-json\/wp\/v2\/product_tag?post=501"}],"curies":[{"name":"Wp","href":"https:\/\/api.w.org\/{rel}","templated":true}]}}