{"id":499,"date":"2025-02-27T01:49:05","date_gmt":"2025-02-27T01:49:05","guid":{"rendered":"https:\/\/leierwocasting.com\/?post_type=product&#038;p=499"},"modified":"2025-08-08T06:32:53","modified_gmt":"2025-08-08T06:32:53","slug":"automobile-sealing-gasket","status":"publish","type":"product","link":"https:\/\/www.leierwocasting.com\/de\/product\/automobile-sealing-gasket\/","title":{"rendered":"Automobildichtung"},"content":{"rendered":"<p data-start=\"129\" data-end=\"787\"><strong data-start=\"129\" data-end=\"197\">Autodichtung | Auslaufsicher, langlebig und hitzebest\u00e4ndig<\/strong><br data-start=\"197\" data-end=\"200\" \/>Unsere Automobildichtung ist f\u00fcr die luftdichte Abdichtung von Fahrzeugmotoren und -maschinen konzipiert. Sie verhindert Fl\u00fcssigkeits- und Gaslecks selbst unter extremem Druck und hohen Temperaturen und gew\u00e4hrleistet optimale Leistung und Langlebigkeit. Hergestellt aus hochwertigen Materialien bietet sie au\u00dfergew\u00f6hnliche Best\u00e4ndigkeit gegen Verschlei\u00df, Korrosion und Verformung. Unsere Dichtungen eignen sich perfekt f\u00fcr OEMs und Reparaturanwendungen. Sie erh\u00f6hen die Fahrzeugzuverl\u00e4ssigkeit, reduzieren den Wartungsaufwand und verbessern die Motoreffizienz. W\u00e4hlen Sie unsere bew\u00e4hrten Dichtungsl\u00f6sungen f\u00fcr \u00fcberlegenen Fahrzeugschutz.<\/p>\n<p>&nbsp;<\/p>\n<ol>\n<li>Mehr als 60 Arten von Materialien, mehr als ein Dutzend Legierungen und 70 Arten von Zahlen.<\/li>\n<li>Es k\u00f6nnen viele Produkte hergestellt werden, \u00fcber 3500 Pr\u00e4zisionsgussformen, \u00fcber 1000 Sandgussformen.<\/li>\n<li>Das Produktionszubeh\u00f6r kann gro\u00df oder klein sein.<\/li>\n<li>Ein einzelnes Produkt von 50 kg kann individuell angepasst werden.<\/li>\n<li>Zur Auswahl stehen mehrere \u00d6fen und es k\u00f6nnen Einzelst\u00fccke von 50 kg bis 850 kg hergestellt werden.<\/li>\n<li>20 Jahre Meister, reiche Erfahrung, trat in den 1980er Jahren in die Branche ein, der Branchenf\u00fchrer.<\/li>\n<li>Die Produkte sind r\u00fcckverfolgbar und jedes Ofenprodukt verf\u00fcgt \u00fcber ein Zertifikat: 3.1 Materialzertifikat.<\/li>\n<li>Kunden k\u00f6nnen eine unabh\u00e4ngige Pr\u00fcfstelle mit der Ausstellung eines 3.2-Zertifikats beauftragen.<\/li>\n<li>F\u00fcr die Verarbeitung feiner Produkte kann ein Verarbeitungszertifikat ausgestellt werden.<\/li>\n<\/ol>\n<h3><\/h3>\n<hr \/>\n<p>&nbsp;<\/p>\n<h3>Leierwos Vorteile beim Gie\u00dfen von Pr\u00e4zisionsgussteilen in der Automobilindustrie<\/h3>\n<p>Leierwo erf\u00fcllt mit seinem nach ISO 9001 und IATF 16949 zertifizierten Qualit\u00e4tsmanagementsystem die strengen Anforderungen der Automobilindustrie an gleichbleibende Leistung und Qualit\u00e4tskontrolle. Dank seiner Gie\u00dfereikapazit\u00e4ten f\u00fcr Materialien wie legierten Stahl und Kohlenstoffstahl eignet sich das Unternehmen f\u00fcr die Herstellung wichtiger Teile wie Motorlager, Getriebegeh\u00e4use und Bremssystemkomponenten. Dar\u00fcber hinaus verf\u00fcgt das Unternehmen \u00fcber CNC-Bearbeitungsm\u00f6glichkeiten, die die Weiterverarbeitung von Pr\u00e4zisionsgussteilen zur Verbesserung der Ma\u00dfgenauigkeit und Montagekompatibilit\u00e4t erm\u00f6glichen und so die hohen Verarbeitungsanforderungen von Automobilkomponenten erf\u00fcllen.<\/p>\n<p>&nbsp;<\/p>\n<h3>Auswahl des Hauptmaterials<\/h3>\n<p>F\u00fcr Automobilteile werden Werkstoffe mit hervorragender Festigkeit, Z\u00e4higkeit, Dauerfestigkeit, Schwei\u00dfbarkeit und einer gewissen Korrosionsbest\u00e4ndigkeit ben\u00f6tigt, die gleichzeitig ein Gleichgewicht zwischen geringem Gewicht und Kosteneffizienz gew\u00e4hrleisten. Im Feinguss werden Kohlenstoffstahl und legierte St\u00e4hle aufgrund ihrer hervorragenden mechanischen Eigenschaften und Bearbeitbarkeit h\u00e4ufig verwendet.<\/p>\n<p>G\u00e4ngige Materialien:<br \/>\nKohlenstoffstahl-Serie:<br \/>\n1045: Hervorragende Festigkeit und Z\u00e4higkeit, geeignet f\u00fcr Strukturteile wie Wellen und Pleuelstangen.<br \/>\n4130: Eine Chrom-Molybd\u00e4n-Legierung mit hervorragenden W\u00e4rmebehandlungseigenschaften, geeignet f\u00fcr hochfeste, erm\u00fcdungsbest\u00e4ndige Komponenten wie Aufh\u00e4ngungssysteme und Antriebswellen.<\/p>\n<p>Legierter Stahl Serie:<br \/>\n42CrMo (AISI 4140): Hohe Festigkeit und Z\u00e4higkeit, geeignet f\u00fcr Schl\u00fcsselkomponenten wie Zahnr\u00e4der, Kurbelwellen und Nockenwellen.<br \/>\n35CrMo: \u00c4hnlich wie 42CrMo, jedoch mit etwas geringerem Kohlenstoffgehalt, geeignet f\u00fcr Komponenten, die hervorragende Schwei\u00dfeigenschaften erfordern.<br \/>\n4140: Wird h\u00e4ufig in hochbelasteten Autoteilen wie Wellen und Fahrwerkskomponenten verwendet.<br \/>\nEdelstahlserie (f\u00fcr bestimmte Komponenten)<br \/>\n304L\/316L: Wird in Komponenten verwendet, die eine hohe Korrosionsbest\u00e4ndigkeit erfordern, wie z. B. Abgassysteme und Kraftstoffsysteme.<\/p>\n<p>&nbsp;<\/p>\n<h3>Wichtige Casting-Serviceoptionen<\/h3>\n<p>Die Automobilzulieferindustrie muss bei der Auswahl von Gussdienstleistungen ein Gleichgewicht zwischen Massenproduktionskapazit\u00e4t, Pr\u00e4zisionsanforderungen und Kostenkontrolle finden. Drei Dienstleistungskategorien haben jeweils ihren eigenen Schwerpunkt:<\/p>\n<p>Sandguss: Dies ist die g\u00e4ngige Wahl f\u00fcr Automobilteile. Automobilteile werden oft in Massenproduktion hergestellt (z. B. Motorbl\u00f6cke, Fahrgestellhalterungen und Radnaben). Diese Teile haben relativ regelm\u00e4\u00dfige Formen (ohne \u00fcberm\u00e4\u00dfig komplexe innere Hohlr\u00e4ume oder gekr\u00fcmmte Oberfl\u00e4chen). Sandguss erm\u00f6glicht eine effiziente Massenproduktion zu geringen Kosten und erf\u00fcllt damit die Forderung der Automobilindustrie nach \u201eStandardisierung im gro\u00dfen Ma\u00dfstab\u201c.<\/p>\n<p>Feinguss: Dieses Verfahren eignet sich f\u00fcr kritische Teile mit hoher Pr\u00e4zision und komplexen Formen, wie beispielsweise Turboladerschaufeln und Getriebezahnr\u00e4der. Diese Teile m\u00fcssen hohen Temperaturen und hohem Druck standhalten und erfordern eine extrem hohe Ma\u00dfgenauigkeit (z. B. Schaufelkr\u00fcmmung) und Oberfl\u00e4cheng\u00fcte. Die F\u00e4higkeit des Feingusses, die Form nahezu exakt zu erhalten, reduziert den Nachbearbeitungsaufwand und gew\u00e4hrleistet eine gleichbleibende Leistung.<\/p>\n<p>CNC-Bearbeitung: Diese dient als \u201ePr\u00e4zisionserg\u00e4nzung\u201c zum Gie\u00dfen. Wichtige Automobilkomponenten (wie Kurbelwellen und Pleuelstangen) erfordern eine strenge Ma\u00dftoleranzkontrolle (z. B. Wellendurchmessertoleranz +0,01 mm). Nach dem Sand- oder Feinguss werden wichtige Oberfl\u00e4chen (wie Verbindungsl\u00f6cher und Positionierungsnuten) mittels CNC-Bearbeitung feinbearbeitet, um Montagegenauigkeit und Betriebsstabilit\u00e4t zu gew\u00e4hrleisten.<\/p>","protected":false},"excerpt":{"rendered":"<div class=\"Answser_answer_content__uOOYl Answser_answer_content_last__MAVKP\">\n<div class=\"markdown-body\">\n<p data-sourcepos=\"1:1-1:379\">Eine Autodichtung ist ein wesentlicher <a href=\"https:\/\/www.leierwocasting.com\/de\/product-category\/auto-parts\/\">Autoteil<\/a> Entwickelt, um Lecks zu verhindern und luftdichte Verbindungen in Motoren und Maschinen zu gew\u00e4hrleisten. Unsere hochwertigen Dichtungsl\u00f6sungen sind auf Langlebigkeit, Leistung und Widerstandsf\u00e4higkeit gegen extreme Bedingungen ausgelegt und eignen sich daher ideal f\u00fcr Automobilanwendungen. Vertrauen Sie auf unsere Produkte, um die Effizienz und Zuverl\u00e4ssigkeit Ihres Fahrzeugs zu steigern.<\/p>\n<\/div>\n<\/div>\n<div class=\"TurnCard_operation_l__GHp1k\">\n<div class=\"TurnCard_left_opts__iXG7K\">\n<div class=\"TurnCard_opt_btn__vRKug\"><\/div>\n<\/div>\n<\/div>","protected":false},"featured_media":493,"template":"","meta":{"_gspb_post_css":""},"product_brand":[],"product_cat":[25,33],"product_tag":[],"class_list":{"0":"post-499","1":"product","2":"type-product","3":"status-publish","4":"has-post-thumbnail","6":"product_cat-auto-parts","7":"product_cat-automobile-manufacturing","9":"first","10":"instock","11":"shipping-taxable","12":"product-type-simple"},"_links":{"self":[{"href":"https:\/\/www.leierwocasting.com\/de\/wp-json\/wp\/v2\/product\/499","targetHints":{"allow":["GET"]}}],"collection":[{"href":"https:\/\/www.leierwocasting.com\/de\/wp-json\/wp\/v2\/product"}],"about":[{"href":"https:\/\/www.leierwocasting.com\/de\/wp-json\/wp\/v2\/types\/product"}],"wp:featuredmedia":[{"embeddable":true,"href":"https:\/\/www.leierwocasting.com\/de\/wp-json\/wp\/v2\/media\/493"}],"wp:attachment":[{"href":"https:\/\/www.leierwocasting.com\/de\/wp-json\/wp\/v2\/media?parent=499"}],"wp:term":[{"taxonomy":"product_brand","embeddable":true,"href":"https:\/\/www.leierwocasting.com\/de\/wp-json\/wp\/v2\/product_brand?post=499"},{"taxonomy":"product_cat","embeddable":true,"href":"https:\/\/www.leierwocasting.com\/de\/wp-json\/wp\/v2\/product_cat?post=499"},{"taxonomy":"product_tag","embeddable":true,"href":"https:\/\/www.leierwocasting.com\/de\/wp-json\/wp\/v2\/product_tag?post=499"}],"curies":[{"name":"Wp","href":"https:\/\/api.w.org\/{rel}","templated":true}]}}