{"id":480,"date":"2025-02-27T01:23:32","date_gmt":"2025-02-27T01:23:32","guid":{"rendered":"https:\/\/leierwocasting.com\/?post_type=product&#038;p=480"},"modified":"2025-08-08T06:53:10","modified_gmt":"2025-08-08T06:53:10","slug":"fuel-system-valve-housing","status":"publish","type":"product","link":"https:\/\/www.leierwocasting.com\/de\/product\/fuel-system-valve-housing\/","title":{"rendered":"Kraftstoffsystem-Ventilgeh\u00e4use"},"content":{"rendered":"<p><strong data-start=\"136\" data-end=\"220\">Kraftstoffsystem-Ventilgeh\u00e4use | Pr\u00e4zisions-Kraftstoffsteuerung f\u00fcr maximale Motoreffizienz<\/strong><br data-start=\"220\" data-end=\"223\" \/>Verbessern Sie das Kraftstoffzufuhrsystem Ihres Fahrzeugs mit unserem hochwertigen Kraftstoffsystem-Ventilgeh\u00e4use, das fachm\u00e4nnisch auf Haltbarkeit, Pr\u00e4zision und hervorragende Kraftstoffkontrolle ausgelegt ist. Diese wesentliche Komponente spielt eine entscheidende Rolle bei der Regulierung des Kraftstoffflusses und -drucks und gew\u00e4hrleistet eine effiziente Verbrennung und zuverl\u00e4ssige Motorleistung unter unterschiedlichen Bedingungen. Unsere Ventilgeh\u00e4use werden aus hochfesten, korrosionsbest\u00e4ndigen Materialien hergestellt und sind so gebaut, dass sie extremen Temperaturen und Dr\u00fccken standhalten, was sie ideal f\u00fcr Automobil- und Industrieanwendungen macht. Ob sie f\u00fcr den OEM-Austausch oder Leistungsverbesserungen verwendet werden, diese Komponenten bieten eine pr\u00e4zise Passform, reduzierte Wartung und l\u00e4ngere Lebensdauer. Entdecken Sie noch heute unser Ventilgeh\u00e4use f\u00fcr Kraftstoffsysteme und erleben Sie un\u00fcbertroffene Qualit\u00e4t, Effizienz und Motorschutz.<\/p>\n<p>&nbsp;<\/p>\n<ol>\n<li>Mehr als 60 Arten von Materialien, mehr als ein Dutzend Legierungen und 70 Arten von Zahlen.<\/li>\n<li>Es k\u00f6nnen viele Produkte hergestellt werden, \u00fcber 3500 Pr\u00e4zisionsgussformen, \u00fcber 1000 Sandgussformen.<\/li>\n<li>Das Produktionszubeh\u00f6r kann gro\u00df oder klein sein.<\/li>\n<li>Ein einzelnes Produkt von 50 kg kann individuell angepasst werden.<\/li>\n<li>Zur Auswahl stehen mehrere \u00d6fen und es k\u00f6nnen Einzelst\u00fccke von 50 kg bis 850 kg hergestellt werden.<\/li>\n<li>20 Jahre Meister, reiche Erfahrung, trat in den 1980er Jahren in die Branche ein, der Branchenf\u00fchrer.<\/li>\n<li>Die Produkte sind r\u00fcckverfolgbar und jedes Ofenprodukt verf\u00fcgt \u00fcber ein Zertifikat: 3.1 Materialzertifikat.<\/li>\n<li>Kunden k\u00f6nnen eine unabh\u00e4ngige Pr\u00fcfstelle mit der Ausstellung eines 3.2-Zertifikats beauftragen.<\/li>\n<li>F\u00fcr die Verarbeitung feiner Produkte kann ein Verarbeitungszertifikat ausgestellt werden.<\/li>\n<\/ol>\n<h3><\/h3>\n<hr \/>\n<p>&nbsp;<\/p>\n<h3>Leierwos Vorteile beim Gie\u00dfen von Pr\u00e4zisionsgussteilen in der Automobilindustrie<\/h3>\n<p>Leierwo erf\u00fcllt mit seinem nach ISO 9001 und IATF 16949 zertifizierten Qualit\u00e4tsmanagementsystem die strengen Anforderungen der Automobilindustrie an gleichbleibende Leistung und Qualit\u00e4tskontrolle. Dank seiner Gie\u00dfereikapazit\u00e4ten f\u00fcr Materialien wie legierten Stahl und Kohlenstoffstahl eignet sich das Unternehmen f\u00fcr die Herstellung wichtiger Teile wie Motorlager, Getriebegeh\u00e4use und Bremssystemkomponenten. Dar\u00fcber hinaus verf\u00fcgt das Unternehmen \u00fcber CNC-Bearbeitungsm\u00f6glichkeiten, die die Weiterverarbeitung von Pr\u00e4zisionsgussteilen zur Verbesserung der Ma\u00dfgenauigkeit und Montagekompatibilit\u00e4t erm\u00f6glichen und so die hohen Verarbeitungsanforderungen von Automobilkomponenten erf\u00fcllen.<\/p>\n<p>&nbsp;<\/p>\n<h3>Auswahl des Hauptmaterials<\/h3>\n<p>F\u00fcr Automobilteile werden Werkstoffe mit hervorragender Festigkeit, Z\u00e4higkeit, Dauerfestigkeit, Schwei\u00dfbarkeit und einer gewissen Korrosionsbest\u00e4ndigkeit ben\u00f6tigt, die gleichzeitig ein Gleichgewicht zwischen geringem Gewicht und Kosteneffizienz gew\u00e4hrleisten. Im Feinguss werden Kohlenstoffstahl und legierte St\u00e4hle aufgrund ihrer hervorragenden mechanischen Eigenschaften und Bearbeitbarkeit h\u00e4ufig verwendet.<\/p>\n<p>G\u00e4ngige Materialien:<br \/>\nKohlenstoffstahl-Serie:<br \/>\n1045: Hervorragende Festigkeit und Z\u00e4higkeit, geeignet f\u00fcr Strukturteile wie Wellen und Pleuelstangen.<br \/>\n4130: Eine Chrom-Molybd\u00e4n-Legierung mit hervorragenden W\u00e4rmebehandlungseigenschaften, geeignet f\u00fcr hochfeste, erm\u00fcdungsbest\u00e4ndige Komponenten wie Aufh\u00e4ngungssysteme und Antriebswellen.<\/p>\n<p>Legierter Stahl Serie:<br \/>\n42CrMo (AISI 4140): Hohe Festigkeit und Z\u00e4higkeit, geeignet f\u00fcr Schl\u00fcsselkomponenten wie Zahnr\u00e4der, Kurbelwellen und Nockenwellen.<br \/>\n35CrMo: \u00c4hnlich wie 42CrMo, jedoch mit etwas geringerem Kohlenstoffgehalt, geeignet f\u00fcr Komponenten, die hervorragende Schwei\u00dfeigenschaften erfordern.<br \/>\n4140: Wird h\u00e4ufig in hochbelasteten Autoteilen wie Wellen und Fahrwerkskomponenten verwendet.<br \/>\nEdelstahlserie (f\u00fcr bestimmte Komponenten)<br \/>\n304L\/316L: Wird in Komponenten verwendet, die eine hohe Korrosionsbest\u00e4ndigkeit erfordern, wie z. B. Abgassysteme und Kraftstoffsysteme.<\/p>\n<p>&nbsp;<\/p>\n<h3>Wichtige Casting-Serviceoptionen<\/h3>\n<p>Die Automobilzulieferindustrie muss bei der Auswahl von Gussdienstleistungen ein Gleichgewicht zwischen Massenproduktionskapazit\u00e4t, Pr\u00e4zisionsanforderungen und Kostenkontrolle finden. Drei Dienstleistungskategorien haben jeweils ihren eigenen Schwerpunkt:<\/p>\n<p>Sandguss: Dies ist die g\u00e4ngige Wahl f\u00fcr Automobilteile. Automobilteile werden oft in Massenproduktion hergestellt (z. B. Motorbl\u00f6cke, Fahrgestellhalterungen und Radnaben). Diese Teile haben relativ regelm\u00e4\u00dfige Formen (ohne \u00fcberm\u00e4\u00dfig komplexe innere Hohlr\u00e4ume oder gekr\u00fcmmte Oberfl\u00e4chen). Sandguss erm\u00f6glicht eine effiziente Massenproduktion zu geringen Kosten und erf\u00fcllt damit die Forderung der Automobilindustrie nach \u201eStandardisierung im gro\u00dfen Ma\u00dfstab\u201c.<\/p>\n<p>Feinguss: Dieses Verfahren eignet sich f\u00fcr kritische Teile mit hoher Pr\u00e4zision und komplexen Formen, wie beispielsweise Turboladerschaufeln und Getriebezahnr\u00e4der. Diese Teile m\u00fcssen hohen Temperaturen und hohem Druck standhalten und erfordern eine extrem hohe Ma\u00dfgenauigkeit (z. B. Schaufelkr\u00fcmmung) und Oberfl\u00e4cheng\u00fcte. Die F\u00e4higkeit des Feingusses, die Form nahezu exakt zu erhalten, reduziert den Nachbearbeitungsaufwand und gew\u00e4hrleistet eine gleichbleibende Leistung.<\/p>\n<p>CNC-Bearbeitung: Diese dient als \u201ePr\u00e4zisionserg\u00e4nzung\u201c zum Gie\u00dfen. Wichtige Automobilkomponenten (wie Kurbelwellen und Pleuelstangen) erfordern eine strenge Ma\u00dftoleranzkontrolle (z. B. Wellendurchmessertoleranz +0,01 mm). Nach dem Sand- oder Feinguss werden wichtige Oberfl\u00e4chen (wie Verbindungsl\u00f6cher und Positionierungsnuten) mittels CNC-Bearbeitung feinbearbeitet, um Montagegenauigkeit und Betriebsstabilit\u00e4t zu gew\u00e4hrleisten.<\/p>","protected":false},"excerpt":{"rendered":"<p>R\u00fcsten Sie Ihr Kraftstoffsystem mit unserem hochwertigen Kraftstoffsystem-Ventilgeh\u00e4use auf, das auf Pr\u00e4zision und Haltbarkeit ausgelegt ist. Unsere <a href=\"https:\/\/www.leierwocasting.com\/de\/product-category\/valve-parts-for-automobile-use\/\">Kraftstoffsystem-Ventilgeh\u00e4use<\/a> Sichert effizientes Kraftstoffmanagement und optimale Motorleistung Vertrauen Sie unseren zuverl\u00e4ssigen Komponenten f\u00fcr nahtlose Funktionalit\u00e4t und langlebige Ergebnisse Entdecken Sie unser Sortiment noch heute f\u00fcr \u00fcberlegene Automobil - und Industriel\u00f6sungen.<\/p>","protected":false},"featured_media":472,"template":"","meta":{"_gspb_post_css":""},"product_brand":[],"product_cat":[33,24],"product_tag":[],"class_list":{"0":"post-480","1":"product","2":"type-product","3":"status-publish","4":"has-post-thumbnail","6":"product_cat-automobile-manufacturing","7":"product_cat-valve-parts-for-automobile-use","9":"first","10":"instock","11":"shipping-taxable","12":"product-type-simple"},"_links":{"self":[{"href":"https:\/\/www.leierwocasting.com\/de\/wp-json\/wp\/v2\/product\/480","targetHints":{"allow":["GET"]}}],"collection":[{"href":"https:\/\/www.leierwocasting.com\/de\/wp-json\/wp\/v2\/product"}],"about":[{"href":"https:\/\/www.leierwocasting.com\/de\/wp-json\/wp\/v2\/types\/product"}],"wp:featuredmedia":[{"embeddable":true,"href":"https:\/\/www.leierwocasting.com\/de\/wp-json\/wp\/v2\/media\/472"}],"wp:attachment":[{"href":"https:\/\/www.leierwocasting.com\/de\/wp-json\/wp\/v2\/media?parent=480"}],"wp:term":[{"taxonomy":"product_brand","embeddable":true,"href":"https:\/\/www.leierwocasting.com\/de\/wp-json\/wp\/v2\/product_brand?post=480"},{"taxonomy":"product_cat","embeddable":true,"href":"https:\/\/www.leierwocasting.com\/de\/wp-json\/wp\/v2\/product_cat?post=480"},{"taxonomy":"product_tag","embeddable":true,"href":"https:\/\/www.leierwocasting.com\/de\/wp-json\/wp\/v2\/product_tag?post=480"}],"curies":[{"name":"Wp","href":"https:\/\/api.w.org\/{rel}","templated":true}]}}