{"id":452,"date":"2025-02-27T01:06:33","date_gmt":"2025-02-27T01:06:33","guid":{"rendered":"https:\/\/leierwocasting.com\/?post_type=product&#038;p=452"},"modified":"2025-08-08T07:40:47","modified_gmt":"2025-08-08T07:40:47","slug":"cast-iron-pump-housing","status":"publish","type":"product","link":"https:\/\/www.leierwocasting.com\/de\/product\/cast-iron-pump-housing\/","title":{"rendered":"Pumpengeh\u00e4use aus Gusseisen"},"content":{"rendered":"<p data-start=\"100\" data-end=\"633\">Verbessern Sie Ihr Pumpensystem mit unserem robusten Pumpengeh\u00e4use aus Gusseisen. Es wurde f\u00fcr maximale Festigkeit, Korrosionsbest\u00e4ndigkeit und dauerhafte Leistung entwickelt. Unser Pumpengeh\u00e4use aus Gusseisen ist f\u00fcr den Einsatz unter Hochdruck-, Hochtemperatur- und abrasiven Bedingungen ausgelegt und bietet die notwendige strukturelle Integrit\u00e4t f\u00fcr einen zuverl\u00e4ssigen Betrieb in einer Vielzahl industrieller und gewerblicher Anwendungen. Ob in der chemischen Verarbeitung, der Wasseraufbereitung, im Bergbau oder in HLK-Systemen \u2013 dieses hochbelastbare Geh\u00e4use bietet die von Ihren Anlagen geforderte Langlebigkeit.<\/p>\n<p data-start=\"635\" data-end=\"1027\">Jedes Pumpengeh\u00e4use aus Gusseisen wird pr\u00e4zisionsgegossen und mit engen Toleranzen bearbeitet. Dies gew\u00e4hrleistet optimale Ausrichtung, Vibrationsfestigkeit und minimalen Wartungsaufwand. Das hochwertige Gusseisen bietet hervorragende mechanische Eigenschaften, darunter ausgezeichnete W\u00e4rmeableitung und geringeren Verschlei\u00df \u2013 entscheidend f\u00fcr die Betriebsstabilit\u00e4t und die Reduzierung von Anlagenstillstandszeiten.<\/p>\n<p data-start=\"1029\" data-end=\"1396\">Ob Sie ein verschlissenes Bauteil ersetzen oder ein neues System von Grund auf aufbauen \u2013 unser Pumpengeh\u00e4use aus Gusseisen bietet eine zuverl\u00e4ssige und kosteng\u00fcnstige L\u00f6sung, die eine gleichbleibende Pumpenleistung gew\u00e4hrleistet und die internen Komponenten vor \u00e4u\u00dferen Einfl\u00fcssen sch\u00fctzt. Entdecken Sie noch heute unser gesamtes Sortiment und finden Sie das ideale Pumpengeh\u00e4use aus Gusseisen f\u00fcr Ihre spezifischen F\u00f6rderanforderungen.<\/p>\n<p>&nbsp;<\/p>\n<ol>\n<li>Mehr als 60 Arten von Materialien, mehr als ein Dutzend Legierungen und 70 Arten von Zahlen.<\/li>\n<li>Es k\u00f6nnen viele Produkte hergestellt werden, \u00fcber 3500 Pr\u00e4zisionsgussformen, \u00fcber 1000 Produktionszubeh\u00f6rteile k\u00f6nnen gro\u00df oder klein sein.<\/li>\n<li>Ein einzelnes Produkt von 50 kg kann individuell angepasst werden.<\/li>\n<li>Zur Auswahl stehen mehrere \u00d6fen und es k\u00f6nnen Einzelst\u00fccke von 50 kg bis 850 kg hergestellt werden.<\/li>\n<li>20 Jahre Meister, reiche Erfahrung, trat in den 1980er Jahren in die Branche ein, der Branchenf\u00fchrer.<\/li>\n<li>Die Produkte sind r\u00fcckverfolgbar und jedes Ofenprodukt verf\u00fcgt \u00fcber ein Zertifikat: 3.1 Materialzertifikat.<\/li>\n<li>Kunden k\u00f6nnen eine unabh\u00e4ngige Pr\u00fcfstelle mit der Ausstellung eines 3.2-Zertifikats beauftragen.<\/li>\n<li>F\u00fcr die Verarbeitung feiner Produkte kann ein Verarbeitungszertifikat ausgestellt werden.<\/li>\n<\/ol>\n<p>&nbsp;<\/p>\n<hr \/>\n<h3><\/h3>\n<h3>Leierwos Vorteile beim Gie\u00dfen von Pr\u00e4zisionsgussteilen in der Pumpengussindustrie<\/h3>\n<p>Pumpenprodukte erfordern typischerweise hohe Gusspr\u00e4zision und Materialeigenschaften. Leierwos Expertise im Pumpenguss ist dabei besonders ausgepr\u00e4gt. Die umfangreiche Anwendung im Bereich Pumpen- und Ventilzubeh\u00f6r beweist die Beherrschung des Gussprozesses f\u00fcr Schl\u00fcsselkomponenten wie Pumpenk\u00f6rper, Laufr\u00e4der und H\u00fclsen. Die Pr\u00e4zisionsgusstechnologie kontrolliert effektiv die Gleichm\u00e4\u00dfigkeit der Gusswandst\u00e4rke und die Genauigkeit der inneren Hohlr\u00e4ume, reduziert den Nachbearbeitungsaufwand und verbessert die Gesamteffizienz. Dar\u00fcber hinaus kann das Unternehmen basierend auf der Komponentenstruktur das am besten geeignete Gussverfahren empfehlen, um die Leistung von Pumpenprodukten weiter zu optimieren und die Anforderungen verschiedener Branchen an Korrosionsbest\u00e4ndigkeit, Hitzebest\u00e4ndigkeit und Str\u00f6mungsdynamik zu erf\u00fcllen.<\/p>\n<p>&nbsp;<\/p>\n<h3>Auswahl des Hauptmaterials<\/h3>\n<p>Pumpengussteile sind \u00fcber l\u00e4ngere Zeitr\u00e4ume fl\u00fcssigen Medien ausgesetzt und unterliegen h\u00e4ufig Herausforderungen wie Korrosion, Verschlei\u00df und Kavitation. Daher m\u00fcssen die Werkstoffe eine hohe Korrosions- und Verschlei\u00dfbest\u00e4ndigkeit sowie hervorragende Gusseigenschaften aufweisen.<\/p>\n<p>G\u00e4ngige Materialien:<br \/>\nEdelstahl-Serie:<br \/>\n316\/316L: Bevorzugt f\u00fcr Pumpengeh\u00e4use, Laufr\u00e4der und Wellen, best\u00e4ndig gegen S\u00e4uren, Laugen und Chloridionenkorrosion. 2205 Duplexstahl: Hohe Festigkeit und hohe Lochfra\u00dfbest\u00e4ndigkeit, geeignet f\u00fcr Meerwasserpumpen und Chemiepumpen. 304\/304L: Allzweck-Pumpenkomponenten, geeignet f\u00fcr die Wasseraufbereitung und die Lebensmittelindustrie. Kohlenstoffstahlserie:<br \/>\n1045: F\u00fcr Pumpenwellen und Geh\u00e4use in nicht korrosiven Umgebungen. 4130: F\u00fcr Hochtemperatur- und Hochdruck-Pumpenstrukturkomponenten.<\/p>\n<p>Speziallegierungsserie:<br \/>\nC95400 Bronze: Geeignet f\u00fcr Seewasserpumpenh\u00fclsen und Gleitkomponenten, bietet hervorragende Verschlei\u00dffestigkeit und Selbstschmierung.<br \/>\nKobaltlegierungen (wie Co6): Werden f\u00fcr Dichtungsfl\u00e4chen oder Laufr\u00e4der in Pumpen mit hohem Verschlei\u00df und hohen Temperaturen verwendet.<\/p>\n<p>&nbsp;<\/p>\n<h3>Wichtige Casting-Serviceoptionen<\/h3>\n<p>Die str\u00f6mungsdynamische Leistung von Pumpenkomponenten (wie Laufr\u00e4dern und Pumpenk\u00f6rpern) h\u00e4ngt von der Gussgenauigkeit ab, und bei dieser Art von Service gibt es eine klare Arbeitsteilung!<\/p>\n<p>Feinguss: Beherrscht komplexe Str\u00f6mungswege. Das Laufrad ist das Herzst\u00fcck der Pumpe, und seine Schaufelkurve (die dem str\u00f6mungsdynamischen Design entsprechen muss) weist eine komplexe Form auf. Ma\u00dfabweichungen verringern die Pumpeneffizienz direkt. Feinguss erm\u00f6glicht eine Schaufelprofilgenauigkeit von +0,1 mm und eine Oberfl\u00e4cheng\u00fcte von Ra3,2\u00b5m oder weniger, wodurch der Fl\u00fcssigkeitswiderstand reduziert wird.<\/p>\n<p>Sandguss: Wird f\u00fcr grundlegende Komponenten wie den Pumpenk\u00f6rper verwendet. Der Pumpenk\u00f6rper als Au\u00dfenschale hat eine relativ regelm\u00e4\u00dfige Form (meist zylindrisch oder quadratisch). In der Massenproduktion bietet Sandguss niedrige Kosten und kurze Zykluszeiten und erf\u00fcllt die grundlegenden Anforderungen an \u201eStrukturelle Unterst\u00fctzung + Fl\u00fcssigkeitsdurchfluss\u201c.<\/p>\n<p>CNC-Bearbeitung: Gew\u00e4hrleistet \u00dcbertragungs- und Dichtungsgenauigkeit. Die Verbindung zwischen Pumpenwelle und Laufrad sowie die Dichtfl\u00e4che zwischen Pumpenk\u00f6rper und Enddeckel erfordern eine CNC-Bearbeitung, um Konzentrizit\u00e4t (\u2264 0,01 mm) und Ebenheit zu gew\u00e4hrleisten und so Vibrationen oder Leckagen durch Exzentrizit\u00e4t w\u00e4hrend des Betriebs zu vermeiden.<\/p>","protected":false},"excerpt":{"rendered":"<div class=\"Answser_answer_content__uOOYl Answser_answer_content_last__MAVKP\">\n<div class=\"markdown-body\">\n<p data-sourcepos=\"1:1-1:380\">Verbessern Sie Ihr Pumpensystem mit unseren langlebigen <a href=\"https:\/\/www.leierwocasting.com\/de\/product-category\/cast-iron-pump-products\/\">Pumpengeh\u00e4use aus Gusseisen<\/a>, Unsere Pumpengeh\u00e4use aus Gusseisen sind auf Robustheit und Zuverl\u00e4ssigkeit unter anspruchsvollen Bedingungen ausgelegt. Sie gew\u00e4hrleisten optimale Leistung und Langlebigkeit f\u00fcr industrielle Anwendungen. Vertrauen Sie auf unsere pr\u00e4zisionsgefertigten Komponenten f\u00fcr reibungslose Funktion und zuverl\u00e4ssige Ergebnisse. Entdecken Sie noch heute unser Sortiment f\u00fcr erstklassige Pumpenl\u00f6sungen.<\/p>\n<\/div>\n<\/div>\n<div class=\"TurnCard_operation_l__GHp1k\">\n<div class=\"TurnCard_left_opts__iXG7K\">\n<div class=\"TurnCard_opt_btn__vRKug\"><\/div>\n<\/div>\n<\/div>","protected":false},"featured_media":453,"template":"","meta":{"_gspb_post_css":""},"product_brand":[],"product_cat":[23,35],"product_tag":[],"class_list":{"0":"post-452","1":"product","2":"type-product","3":"status-publish","4":"has-post-thumbnail","6":"product_cat-cast-iron-pump-products","7":"product_cat-pump-manufacturing","9":"first","10":"instock","11":"shipping-taxable","12":"product-type-simple"},"_links":{"self":[{"href":"https:\/\/www.leierwocasting.com\/de\/wp-json\/wp\/v2\/product\/452","targetHints":{"allow":["GET"]}}],"collection":[{"href":"https:\/\/www.leierwocasting.com\/de\/wp-json\/wp\/v2\/product"}],"about":[{"href":"https:\/\/www.leierwocasting.com\/de\/wp-json\/wp\/v2\/types\/product"}],"wp:featuredmedia":[{"embeddable":true,"href":"https:\/\/www.leierwocasting.com\/de\/wp-json\/wp\/v2\/media\/453"}],"wp:attachment":[{"href":"https:\/\/www.leierwocasting.com\/de\/wp-json\/wp\/v2\/media?parent=452"}],"wp:term":[{"taxonomy":"product_brand","embeddable":true,"href":"https:\/\/www.leierwocasting.com\/de\/wp-json\/wp\/v2\/product_brand?post=452"},{"taxonomy":"product_cat","embeddable":true,"href":"https:\/\/www.leierwocasting.com\/de\/wp-json\/wp\/v2\/product_cat?post=452"},{"taxonomy":"product_tag","embeddable":true,"href":"https:\/\/www.leierwocasting.com\/de\/wp-json\/wp\/v2\/product_tag?post=452"}],"curies":[{"name":"Wp","href":"https:\/\/api.w.org\/{rel}","templated":true}]}}