{"id":449,"date":"2025-02-27T01:03:39","date_gmt":"2025-02-27T01:03:39","guid":{"rendered":"https:\/\/leierwocasting.com\/?post_type=product&#038;p=449"},"modified":"2025-08-08T07:43:02","modified_gmt":"2025-08-08T07:43:02","slug":"compressor-impeller","status":"publish","type":"product","link":"https:\/\/www.leierwocasting.com\/de\/product\/compressor-impeller\/","title":{"rendered":"Kompressorlaufrad"},"content":{"rendered":"<p data-start=\"106\" data-end=\"502\">Das Kompressorlaufrad ist so konstruiert, dass es in Luft- und Gaskompressionssystemen herausragende aerodynamische Effizienz und strukturelle Festigkeit bietet. Ausgelegt f\u00fcr hohe Drehzahlen und anspruchsvolle Druckumgebungen, gew\u00e4hrleistet das Kompressorlaufrad einen gleichm\u00e4\u00dfigen, kontinuierlichen Durchfluss und optimalen Energietransfer \u2013 entscheidend f\u00fcr maximale Leistung und minimale Betriebskosten in industriellen Anwendungen.<\/p>\n<p data-start=\"504\" data-end=\"965\">Das aus Hochleistungsmaterialien gefertigte und mit modernsten CNC-Bearbeitungs- oder Pr\u00e4zisionsgussverfahren hergestellte Kompressorlaufrad zeichnet sich durch hervorragende Dimensionsstabilit\u00e4t und Verschlei\u00dffestigkeit auch unter hoher thermischer und mechanischer Belastung aus. Ob in Turbokompressoren, Radialgebl\u00e4sen oder industriellen K\u00e4lteanlagen eingesetzt \u2013 dieses Laufrad gew\u00e4hrleistet die f\u00fcr gesch\u00e4ftskritische Anwendungen unerl\u00e4ssliche, gleichbleibende und zuverl\u00e4ssige Kompressionsleistung.<\/p>\n<p data-start=\"967\" data-end=\"1321\">Durch die Minimierung von Turbulenzen und die Optimierung der Schaufelgeometrie steigert das Kompressorlaufrad die Systemeffizienz und reduziert Vibrationen. Dies tr\u00e4gt zu einer geringeren Wartungsh\u00e4ufigkeit und einer l\u00e4ngeren Lebensdauer des Ger\u00e4ts bei. Seine robuste Konstruktion und die pr\u00e4zise Auswuchtung gew\u00e4hrleisten einen leisen Betrieb und einen stabilen Druck, selbst unter anspruchsvollsten Bedingungen.<\/p>\n<p data-start=\"1323\" data-end=\"1543\">W\u00e4hlen Sie ein Kompressorlaufrad, das Ihren Anforderungen an Energieeffizienz, Zuverl\u00e4ssigkeit und Langlebigkeit entspricht. Entdecken Sie noch heute unser gesamtes Sortiment und finden Sie die passende L\u00f6sung f\u00fcr Ihre spezifischen industriellen Kompressionsanforderungen.<\/p>\n<p>&nbsp;<\/p>\n<ol>\n<li>Mehr als 60 Arten von Materialien, mehr als ein Dutzend Legierungen und 70 Arten von Zahlen.<\/li>\n<li>Es k\u00f6nnen viele Produkte hergestellt werden, \u00fcber 3500 Pr\u00e4zisionsgussformen, \u00fcber 1000 Sandgussformen.<\/li>\n<li>Das Produktionszubeh\u00f6r kann gro\u00df oder klein sein.<\/li>\n<li>Ein einzelnes Produkt von 50 kg kann individuell angepasst werden.<\/li>\n<li>Zur Auswahl stehen mehrere \u00d6fen und es k\u00f6nnen Einzelst\u00fccke von 50 kg bis 850 kg hergestellt werden.<\/li>\n<li>20 Jahre Meister, reiche Erfahrung, trat in den 1980er Jahren in die Branche ein, der Branchenf\u00fchrer.<\/li>\n<li>Die Produkte sind r\u00fcckverfolgbar und jedes Ofenprodukt verf\u00fcgt \u00fcber ein Zertifikat: 3.1 Materialzertifikat.<\/li>\n<li>Kunden k\u00f6nnen eine unabh\u00e4ngige Pr\u00fcfstelle mit der Ausstellung eines 3.2-Zertifikats beauftragen.<\/li>\n<li>F\u00fcr die Verarbeitung feiner Produkte kann ein Verarbeitungszertifikat ausgestellt werden.<\/li>\n<\/ol>\n<p>&nbsp;<\/p>\n<hr \/>\n<h3><\/h3>\n<h3>Leierwos Vorteile beim Gie\u00dfen von Pr\u00e4zisionsgussteilen in der Pumpengussindustrie<\/h3>\n<p>Pumpenprodukte erfordern typischerweise hohe Gusspr\u00e4zision und Materialeigenschaften. Leierwos Expertise im Pumpenguss ist dabei besonders ausgepr\u00e4gt. Die umfangreiche Anwendung im Bereich Pumpen- und Ventilzubeh\u00f6r beweist die Beherrschung des Gussprozesses f\u00fcr Schl\u00fcsselkomponenten wie Pumpenk\u00f6rper, Laufr\u00e4der und H\u00fclsen. Die Pr\u00e4zisionsgusstechnologie kontrolliert effektiv die Gleichm\u00e4\u00dfigkeit der Gusswandst\u00e4rke und die Genauigkeit der inneren Hohlr\u00e4ume, reduziert den Nachbearbeitungsaufwand und verbessert die Gesamteffizienz. Dar\u00fcber hinaus kann das Unternehmen basierend auf der Komponentenstruktur das am besten geeignete Gussverfahren empfehlen, um die Leistung von Pumpenprodukten weiter zu optimieren und die Anforderungen verschiedener Branchen an Korrosionsbest\u00e4ndigkeit, Hitzebest\u00e4ndigkeit und Str\u00f6mungsdynamik zu erf\u00fcllen.<\/p>\n<p>&nbsp;<\/p>\n<h3>Auswahl des Hauptmaterials<\/h3>\n<p>Pumpengussteile sind \u00fcber l\u00e4ngere Zeitr\u00e4ume fl\u00fcssigen Medien ausgesetzt und unterliegen h\u00e4ufig Herausforderungen wie Korrosion, Verschlei\u00df und Kavitation. Daher m\u00fcssen die Werkstoffe eine hohe Korrosions- und Verschlei\u00dfbest\u00e4ndigkeit sowie hervorragende Gusseigenschaften aufweisen.<\/p>\n<p>G\u00e4ngige Materialien:<br \/>\nEdelstahl-Serie:<br \/>\n316\/316L: Bevorzugt f\u00fcr Pumpengeh\u00e4use, Laufr\u00e4der und Wellen, best\u00e4ndig gegen S\u00e4uren, Laugen und Chloridionenkorrosion. 2205 Duplexstahl: Hohe Festigkeit und hohe Lochfra\u00dfbest\u00e4ndigkeit, geeignet f\u00fcr Meerwasserpumpen und Chemiepumpen. 304\/304L: Allzweck-Pumpenkomponenten, geeignet f\u00fcr die Wasseraufbereitung und die Lebensmittelindustrie. Kohlenstoffstahlserie:<br \/>\n1045: F\u00fcr Pumpenwellen und Geh\u00e4use in nicht korrosiven Umgebungen. 4130: F\u00fcr Hochtemperatur- und Hochdruck-Pumpenstrukturkomponenten.<\/p>\n<p>Speziallegierungsserie:<br \/>\nC95400 Bronze: Geeignet f\u00fcr Seewasserpumpenh\u00fclsen und Gleitkomponenten, bietet hervorragende Verschlei\u00dffestigkeit und Selbstschmierung.<br \/>\nKobaltlegierungen (wie Co6): Werden f\u00fcr Dichtungsfl\u00e4chen oder Laufr\u00e4der in Pumpen mit hohem Verschlei\u00df und hohen Temperaturen verwendet.<\/p>\n<p>&nbsp;<\/p>\n<h3>Wichtige Casting-Serviceoptionen<\/h3>\n<p>Die str\u00f6mungsdynamische Leistung von Pumpenkomponenten (wie Laufr\u00e4dern und Pumpenk\u00f6rpern) h\u00e4ngt von der Gussgenauigkeit ab, und bei dieser Art von Service gibt es eine klare Arbeitsteilung!<\/p>\n<p>Feinguss: Beherrscht komplexe Str\u00f6mungswege. Das Laufrad ist das Herzst\u00fcck der Pumpe, und seine Schaufelkurve (die dem str\u00f6mungsdynamischen Design entsprechen muss) weist eine komplexe Form auf. Ma\u00dfabweichungen verringern die Pumpeneffizienz direkt. Feinguss erm\u00f6glicht eine Schaufelprofilgenauigkeit von +0,1 mm und eine Oberfl\u00e4cheng\u00fcte von Ra3,2\u00b5m oder weniger, wodurch der Fl\u00fcssigkeitswiderstand reduziert wird.<\/p>\n<p>Sandguss: Wird f\u00fcr grundlegende Komponenten wie den Pumpenk\u00f6rper verwendet. Der Pumpenk\u00f6rper als Au\u00dfenschale hat eine relativ regelm\u00e4\u00dfige Form (meist zylindrisch oder quadratisch). In der Massenproduktion bietet Sandguss niedrige Kosten und kurze Zykluszeiten und erf\u00fcllt die grundlegenden Anforderungen an \u201eStrukturelle Unterst\u00fctzung + Fl\u00fcssigkeitsdurchfluss\u201c.<\/p>\n<p>CNC-Bearbeitung: Gew\u00e4hrleistet \u00dcbertragungs- und Dichtungsgenauigkeit. Die Verbindung zwischen Pumpenwelle und Laufrad sowie die Dichtfl\u00e4che zwischen Pumpenk\u00f6rper und Enddeckel erfordern eine CNC-Bearbeitung, um Konzentrizit\u00e4t (\u2264 0,01 mm) und Ebenheit zu gew\u00e4hrleisten und so Vibrationen oder Leckagen durch Exzentrizit\u00e4t w\u00e4hrend des Betriebs zu vermeiden.<\/p>","protected":false},"excerpt":{"rendered":"<div class=\"Answser_answer_content__uOOYl Answser_answer_content_last__MAVKP\">\n<div class=\"markdown-body\">\n<p data-sourcepos=\"1:1-1:247\">Der <a href=\"https:\/\/www.leierwocasting.com\/de\/product-category\/stainless-steel-pump-products\/\">Kompressorlaufrad<\/a> Das Kompressorlaufrad ist f\u00fcr maximale Effizienz und Langlebigkeit in Luft- und Gaskompressionssystemen ausgelegt. Dank pr\u00e4ziser Konstruktion gew\u00e4hrleistet es zuverl\u00e4ssige Leistung und Energieeinsparungen f\u00fcr industrielle Anwendungen.<\/p>\n<\/div>\n<\/div>\n<div class=\"TurnCard_operation_l__GHp1k\">\n<div class=\"TurnCard_left_opts__iXG7K\">\n<div class=\"TurnCard_opt_btn__vRKug\"><\/div>\n<\/div>\n<\/div>","protected":false},"featured_media":444,"template":"","meta":{"_gspb_post_css":""},"product_brand":[],"product_cat":[35,22],"product_tag":[],"class_list":{"0":"post-449","1":"product","2":"type-product","3":"status-publish","4":"has-post-thumbnail","6":"product_cat-pump-manufacturing","7":"product_cat-stainless-steel-pump-products","9":"first","10":"instock","11":"shipping-taxable","12":"product-type-simple"},"_links":{"self":[{"href":"https:\/\/www.leierwocasting.com\/de\/wp-json\/wp\/v2\/product\/449","targetHints":{"allow":["GET"]}}],"collection":[{"href":"https:\/\/www.leierwocasting.com\/de\/wp-json\/wp\/v2\/product"}],"about":[{"href":"https:\/\/www.leierwocasting.com\/de\/wp-json\/wp\/v2\/types\/product"}],"wp:featuredmedia":[{"embeddable":true,"href":"https:\/\/www.leierwocasting.com\/de\/wp-json\/wp\/v2\/media\/444"}],"wp:attachment":[{"href":"https:\/\/www.leierwocasting.com\/de\/wp-json\/wp\/v2\/media?parent=449"}],"wp:term":[{"taxonomy":"product_brand","embeddable":true,"href":"https:\/\/www.leierwocasting.com\/de\/wp-json\/wp\/v2\/product_brand?post=449"},{"taxonomy":"product_cat","embeddable":true,"href":"https:\/\/www.leierwocasting.com\/de\/wp-json\/wp\/v2\/product_cat?post=449"},{"taxonomy":"product_tag","embeddable":true,"href":"https:\/\/www.leierwocasting.com\/de\/wp-json\/wp\/v2\/product_tag?post=449"}],"curies":[{"name":"Wp","href":"https:\/\/api.w.org\/{rel}","templated":true}]}}