{"id":417,"date":"2025-02-27T00:52:45","date_gmt":"2025-02-27T00:52:45","guid":{"rendered":"https:\/\/leierwocasting.com\/?post_type=product&#038;p=417"},"modified":"2025-08-19T03:22:54","modified_gmt":"2025-08-19T03:22:54","slug":"gearbox-housing","status":"publish","type":"product","link":"https:\/\/www.leierwocasting.com\/de\/product\/gearbox-housing\/","title":{"rendered":"Getriebegeh\u00e4use"},"content":{"rendered":"<ol>\n<li>Mehr als 60 Arten von Materialien, mehr als ein Dutzend Legierungen und 70 Arten von Zahlen.<\/li>\n<li>Es k\u00f6nnen viele Produkte hergestellt werden, \u00fcber 3500 Pr\u00e4zisionsgussformen, \u00fcber 1000 Sandgussformen.<\/li>\n<li>Das Produktionszubeh\u00f6r kann gro\u00df oder klein sein.<\/li>\n<li>Ein einzelnes Produkt von 50 kg kann individuell angepasst werden.<\/li>\n<li>Zur Auswahl stehen mehrere \u00d6fen und es k\u00f6nnen Einzelst\u00fccke von 50 kg bis 850 kg hergestellt werden.<\/li>\n<li>20 Jahre Meister, reiche Erfahrung, trat in den 1980er Jahren in die Branche ein, der Branchenf\u00fchrer.<\/li>\n<li>Die Produkte sind r\u00fcckverfolgbar und jedes Ofenprodukt verf\u00fcgt \u00fcber ein Zertifikat: 3.1 Materialzertifikat.<\/li>\n<li>Kunden k\u00f6nnen eine unabh\u00e4ngige Pr\u00fcfstelle mit der Ausstellung eines 3.2-Zertifikats beauftragen.<\/li>\n<li>F\u00fcr die Verarbeitung feiner Produkte kann ein Verarbeitungszertifikat ausgestellt werden.<\/li>\n<\/ol>\n<p>&nbsp;<\/p>\n<hr \/>\n<p>&nbsp;<\/p>\n<h3>Die Vorteile von Leierwos beim Gie\u00dfen von Pr\u00e4zisionsgussteilen in der xxx-Industrie<\/h3>\n<p>Als umfassendes Pr\u00e4zisionsgussunternehmen mit 18 Jahren Branchenerfahrung zeichnet sich Leierwo durch hohe Anpassungsf\u00e4higkeit und Skalierbarkeit im allgemeinen Gusssektor aus. Ob Baumaschinen, Bekleidungsmaschinen, Schiffskomponenten oder andere branchenunabh\u00e4ngige Metallkomponenten \u2013 Leierwo bietet ma\u00dfgeschneiderte Guss- und Bearbeitungsdienstleistungen, die auf die Bed\u00fcrfnisse der Kunden zugeschnitten sind. Die umfassenden M\u00f6glichkeiten der CNC-Bearbeitungswerkstatt erm\u00f6glichen zudem die Durchf\u00fchrung von Nachbearbeitungsvorg\u00e4ngen wie Bohren, Drehen und Gewindeschneiden nach dem Guss und bieten so einen One-Stop-Service vom Design bis zum fertigen Produkt. Das Unternehmen unterst\u00fctzt die Probeproduktion kleiner Chargen und die Serienlieferung dringender Auftr\u00e4ge und steigert so seine Flexibilit\u00e4t und Reaktionsf\u00e4higkeit im allgemeinen Gussmarkt.<\/p>\n<p>&nbsp;<\/p>\n<h3>Auswahl des Hauptmaterials<\/h3>\n<p>Der allgemeine Guss umfasst ein breites Spektrum an Branchen und Anwendungen und erfordert eine flexible Materialauswahl, um vielf\u00e4ltige Anforderungen wie Festigkeit, Korrosionsbest\u00e4ndigkeit, Bearbeitbarkeit und Kostenkontrolle zu erf\u00fcllen. In der Regel werden Materialien mit hoher Vielseitigkeit, hoher Wirtschaftlichkeit und einfacher Gussbarkeit ausgew\u00e4hlt.<\/p>\n<p>G\u00e4ngige Materialien:<br \/>\nEdelstahl-Serie:<br \/>\n304\/304L: Geeignet f\u00fcr allgemein korrosionsbest\u00e4ndige Teile wie Halterungen, Geh\u00e4use und Flansche. 316\/316L: Wird in stark korrosiven Umgebungen wie der Chemie-, Schifffahrts- und Lebensmittelverarbeitung verwendet. 410\/17-4PH: Wird f\u00fcr Strukturteile oder Werkzeuge verwendet, die ein gewisses Ma\u00df an Festigkeit und Korrosionsbest\u00e4ndigkeit erfordern.<\/p>\n<p>Kohlenstoffstahl-Serie:<br \/>\n1035\/1045: Wird h\u00e4ufig in mechanischen Strukturkomponenten und Verbindungsst\u00fccken verwendet. 1060\/1065: Wird f\u00fcr Teile verwendet, die eine hohe H\u00e4rte und Korrosionsbest\u00e4ndigkeit erfordern, wie Zahnr\u00e4der und F\u00fchrungsschienen.<\/p>\n<p>Legierter Stahl Serie:<br \/>\n42CrMo\/4140: Wird f\u00fcr hochfeste Strukturteile und hochbelastbare mechanische Komponenten verwendet. 8630: Nickel-Molybd\u00e4n-Legierungsstahl, geeignet f\u00fcr einsatzgeh\u00e4rtete Zahnr\u00e4der und Wellen.<\/p>\n<p>Andere Legierungsserien:<br \/>\n11L14\/12L14 (Automatenstahl): Geeignet f\u00fcr Allzweckkomponenten, die eine hochpr\u00e4zise Bearbeitung erfordern.<br \/>\nAluminiumlegierung A356: Wird f\u00fcr leichte, komplexe Strukturteile wie Geh\u00e4use und Abdeckungen verwendet.<\/p>\n<p>&nbsp;<\/p>\n<h3>Wichtige Casting-Serviceoptionen<\/h3>\n<p>Allgemeine Gussteile decken ein breites Anwendungsspektrum ab (wie etwa mechanische Teile, Hardwarewerkzeuge und Instrumentenkomponenten), und der Auswahlprozess konzentriert sich eher auf \u201eKosteneffizienz + Anpassungsf\u00e4higkeit\u201c.<\/p>\n<p>Sandguss: Deckt die meisten g\u00e4ngigen Anforderungen ab. F\u00fcr gro\u00dfvolumige, einfach geformte Teile (wie mechanische Halterungen und Standardgetriebegeh\u00e4use) bietet Sandguss niedrige Kosten und eine ausgereifte Technologie, die \u201egrundlegende Strukturfunktionen\u201c erf\u00fcllt.<\/p>\n<p>Feinguss: F\u00fcr Nischenanwendungen mit hoher Pr\u00e4zision. Beispielsweise erfordern kleine Verbindungsst\u00fccke f\u00fcr Pr\u00e4zisionsinstrumente (einschlie\u00dflich komplexer Lochsysteme und speziell geformter Strukturen) oder korrosionsbest\u00e4ndige Teile f\u00fcr medizinische Ger\u00e4te hohe Pr\u00e4zision (Ma\u00dftoleranzen von +0,05 mm) und Oberfl\u00e4cheng\u00fcte. Feinguss kann einige teure Bearbeitungsprozesse ersetzen und so die Kosten senken.<\/p>\n<p>CNC-Bearbeitung: Dient als \u201eF\u00fcllwerkzeug\u201c. Allgemeine Teile m\u00fcssen oft an unterschiedliche Ger\u00e4te angepasst werden. Nach dem Gie\u00dfen erm\u00f6glicht die CNC-Bearbeitung lokale Ma\u00dfanpassungen (z. B. Gewindeschneiden und Fr\u00e4sen), um die Kompatibilit\u00e4t mit anderen Komponenten sicherzustellen. Dieses Verfahren eignet sich besonders f\u00fcr die individuelle Anpassung kleiner St\u00fcckzahlen und mehrerer Spezifikationen.<\/p>","protected":false},"excerpt":{"rendered":"<div class=\"Answser_answer_content__uOOYl Answser_answer_content_last__MAVKP\">\n<div class=\"markdown-body\">\n<p data-sourcepos=\"1:1-1:262\">Sorgen Sie mit unserer hochwertigen <a href=\"https:\/\/www.leierwocasting.com\/de\/product-category\/die-casting-parts\/\">Getriebegeh\u00e4use<\/a>. Dieses auf Pr\u00e4zision und Festigkeit ausgelegte Getriebegeh\u00e4use bietet zuverl\u00e4ssigen Schutz f\u00fcr Ihre Getriebemechanismen und ist somit ideal f\u00fcr Industrie- und Automobilanwendungen.<\/p>\n<\/div>\n<\/div>\n<div class=\"TurnCard_operation_l__GHp1k\">\n<div class=\"TurnCard_left_opts__iXG7K\">\n<div class=\"TurnCard_opt_btn__vRKug\"><\/div>\n<\/div>\n<\/div>","protected":false},"featured_media":418,"template":"","meta":{"_gspb_post_css":""},"product_brand":[],"product_cat":[21,36],"product_tag":[],"class_list":{"0":"post-417","1":"product","2":"type-product","3":"status-publish","4":"has-post-thumbnail","6":"product_cat-die-casting-parts","7":"product_cat-general-casting","9":"first","10":"instock","11":"shipping-taxable","12":"product-type-simple"},"_links":{"self":[{"href":"https:\/\/www.leierwocasting.com\/de\/wp-json\/wp\/v2\/product\/417","targetHints":{"allow":["GET"]}}],"collection":[{"href":"https:\/\/www.leierwocasting.com\/de\/wp-json\/wp\/v2\/product"}],"about":[{"href":"https:\/\/www.leierwocasting.com\/de\/wp-json\/wp\/v2\/types\/product"}],"wp:featuredmedia":[{"embeddable":true,"href":"https:\/\/www.leierwocasting.com\/de\/wp-json\/wp\/v2\/media\/418"}],"wp:attachment":[{"href":"https:\/\/www.leierwocasting.com\/de\/wp-json\/wp\/v2\/media?parent=417"}],"wp:term":[{"taxonomy":"product_brand","embeddable":true,"href":"https:\/\/www.leierwocasting.com\/de\/wp-json\/wp\/v2\/product_brand?post=417"},{"taxonomy":"product_cat","embeddable":true,"href":"https:\/\/www.leierwocasting.com\/de\/wp-json\/wp\/v2\/product_cat?post=417"},{"taxonomy":"product_tag","embeddable":true,"href":"https:\/\/www.leierwocasting.com\/de\/wp-json\/wp\/v2\/product_tag?post=417"}],"curies":[{"name":"Wp","href":"https:\/\/api.w.org\/{rel}","templated":true}]}}