{"id":186,"date":"2025-02-19T08:35:26","date_gmt":"2025-02-19T08:35:26","guid":{"rendered":"https:\/\/leierwocasting.com\/?post_type=product&#038;p=186"},"modified":"2025-08-19T03:39:29","modified_gmt":"2025-08-19T03:39:29","slug":"flange-vertical-automatic-check-valve-body","status":"publish","type":"product","link":"https:\/\/www.leierwocasting.com\/de\/product\/flange-vertical-automatic-check-valve-body\/","title":{"rendered":"Flansch Vertikales automatisches R\u00fcckschlagventilgeh\u00e4use"},"content":{"rendered":"<p>Gie\u00dfverfahren: Kieselsol-Feinguss\/Harzsandguss<br \/>\nBearbeitungsverfahren: allgemeines Drehen, CNC, horizontales Bearbeitungszentrum<br \/>\nBearbeitungstoleranz: \u00b10,05 mm (allgemeines Drehen), \u00b10,02 mm (CNC), \u00b10,05 mm (horizontale Bearbeitung)<br \/>\nMaximale Gr\u00f6\u00dfe: 1600 mm \u00d7 1000 mm \u00d7 1000 mm<br \/>\nBearbeitungsart: CNC-Vierachs-Bearbeitungszentrum<br \/>\nCertification: ISO9001:2023, DNV, CE<br \/>\nStandards: ASTM-, DIN-, JIS-, EN-, ISO- und GB-Standards<\/p>\n<hr \/>\n<h3 data-start=\"960\" data-end=\"1454\">Leierwos Vorteile beim Gie\u00dfen von Pr\u00e4zisionsgussteilen in der Armaturengussindustrie<\/h3>\n<p>Leierwo ist seit vielen Jahren im Feinguss t\u00e4tig und verf\u00fcgt insbesondere \u00fcber umfangreiche Erfahrung in der Herstellung von Ventilkomponenten. Das Unternehmen ist auf die Herstellung von Pr\u00e4zisionsgussteilen aus Kohlenstoffstahl, legiertem Stahl und Edelstahl spezialisiert \u2013 Materialien, die in der Ventilindustrie h\u00e4ufig verwendet werden. Durch den Einsatz fortschrittlicher Technologien wie Schmelzguss und Kieselsolverfahren ist das Unternehmen in der Lage, komplexe Strukturteile hochpr\u00e4zise zu formen und so die Leistungsanforderungen von Ventilen unter hohen Temperaturen, hohem Druck und korrosionsbest\u00e4ndigen Betriebsbedingungen zu erf\u00fcllen. Dar\u00fcber hinaus legt Leierwo Wert auf die kundenspezifische Fertigung nach Kundenzeichnungen. Dadurch kann das Unternehmen Ventilgussteile besser an die spezifischen Kundenanforderungen anpassen und so die Produktdichtheit und strukturelle Stabilit\u00e4t gew\u00e4hrleisten.<\/p>\n<p>&nbsp;<\/p>\n<h3>Auswahl des Hauptmaterials<\/h3>\n<p>Ventilgussteile m\u00fcssen komplexen Betriebsbedingungen wie Druck, Temperatur und Korrosion standhalten. Daher sollte bei der Materialauswahl auf Korrosionsbest\u00e4ndigkeit, Hochtemperaturfestigkeit, Kavitationsbest\u00e4ndigkeit und gute Verarbeitbarkeit geachtet werden. Edelstahl ist aufgrund seiner hervorragenden Gesamtleistung die bevorzugte Wahl.<\/p>\n<p>G\u00e4ngige Materialien:<br \/>\nEdelstahl-Serie:<br \/>\n316\/316L: Die beste Wahl, best\u00e4ndig gegen Chloridionenkorrosion, geeignet f\u00fcr Meeresumgebungen sowie die Chemie- und Erd\u00f6lindustrie. 304\/304L: Ein wirtschaftliches Material, geeignet f\u00fcr allgemein korrosive Umgebungen. 410: Martensitischer Edelstahl mit gewisser Korrosionsbest\u00e4ndigkeit, geeignet f\u00fcr Hochtemperatur-Dampfventile.<br \/>\n17-4PH: Ausscheidungsgeh\u00e4rteter Edelstahl mit hoher Festigkeit und Korrosionsbest\u00e4ndigkeit, geeignet f\u00fcr Hochleistungsventile.<\/p>\n<p>Kohlenstoffstahl-Serie:<br \/>\nWCB (Kohlenstoffstahl, allgemeines Material): Wird h\u00e4ufig f\u00fcr Allzweckventile bei Raumtemperatur verwendet.<br \/>\n4130: Geeignet f\u00fcr Hochtemperatur- und Hochdruckventilgeh\u00e4use.<br \/>\nSpeziallegierungsserie (f\u00fcr Umgebungen mit hoher Korrosions-\/Hochtemperaturbelastung): Duplex-Edelstahl 2205: Hervorragende Spannungskorrosionsbest\u00e4ndigkeit, geeignet f\u00fcr die Schifffahrts- und Chemieindustrie. Kobaltlegierung (CoCr): wie Co6 und Co12, geeignet f\u00fcr Ventildichtfl\u00e4chen mit schweren Hochtemperatursch\u00e4den.<\/p>\n<p>&nbsp;<\/p>\n<h3>Wichtige Casting-Serviceoptionen<\/h3>\n<p>An Ventile werden hohe Anforderungen hinsichtlich Dichtheit und Druckbest\u00e4ndigkeit gestellt und die Wahl des Gussservice wirkt sich direkt auf ihre Funktionssicherheit aus:<\/p>\n<p>Feinguss: Das bevorzugte Verfahren f\u00fcr Mittel- und Hochdruckventile. Komponenten wie Ventilk\u00f6rper und Dichtsitze weisen oft komplexe innere Hohlr\u00e4ume (z. B. gekr\u00fcmmte Str\u00f6mungswege) und pr\u00e4zise Passfl\u00e4chen auf (z. B. muss die Rauheit der Dichtfl\u00e4chen \u2264 Ra1,6\u00a0\u00b5m betragen). Feinguss erm\u00f6glicht die pr\u00e4zise Nachbildung komplexer Formen, reduziert Gussfehler (wie Poren und Schrumpfungen) und mindert Leckagerisiken. Es eignet sich besonders f\u00fcr Hochdruckventile aus Edelstahl und Legierungen.<\/p>\n<p>Sandguss: Geeignet f\u00fcr die Massenproduktion von Niederdruckventilen im Gro\u00dfformat. Beispielsweise haben Niederdruck-Schieberk\u00f6rper f\u00fcr die kommunale Wasserversorgung relativ einfache Formen (meist symmetrische Strukturen), gro\u00dfe Produktionsmengen und moderate Pr\u00e4zisionsanforderungen. Sandguss bietet erhebliche Vorteile hinsichtlich niedriger Kosten und hoher Produktionskapazit\u00e4t.<\/p>\n<p>CNC-Bearbeitung: Der Fokus liegt auf kritischen Passungsbereichen. Ventilflansche und Schaftdurchmesser m\u00fcssen pr\u00e4zise mit der Rohrleitung oder dem Antrieb \u00fcbereinstimmen. Nach dem Gie\u00dfen werden CNC-Fr\u00e4sen und -Schleifen durchgef\u00fchrt, um Ebenheits- und Rechtwinkligkeitstoleranzen von \u22640,02 mm\/m sicherzustellen und so eine dichte Montage zu gew\u00e4hrleisten.<\/p>","protected":false},"excerpt":{"rendered":"<p>Casting process: Silica sol precision casting \/ Resin sand casting<br \/>\nStandards for appearance, dimensional tolerance and weight tolerance: According to customer requirements<br \/>\nMaterial types: Stainless steel, special steel (according to customer requirements)<br \/>\nSingle-piece casting weight: Less than 300 kg for silica sol precision casting \/ Less than 708 kg for resin sand casting.<\/p>\n<p>&nbsp;<\/p>","protected":false},"featured_media":187,"template":"","meta":{"_gspb_post_css":""},"product_brand":[],"product_cat":[34,17],"product_tag":[],"class_list":{"0":"post-186","1":"product","2":"type-product","3":"status-publish","4":"has-post-thumbnail","6":"product_cat-valve-casting","7":"product_cat-valve-accessories","9":"first","10":"instock","11":"shipping-taxable","12":"product-type-simple"},"_links":{"self":[{"href":"https:\/\/www.leierwocasting.com\/de\/wp-json\/wp\/v2\/product\/186","targetHints":{"allow":["GET"]}}],"collection":[{"href":"https:\/\/www.leierwocasting.com\/de\/wp-json\/wp\/v2\/product"}],"about":[{"href":"https:\/\/www.leierwocasting.com\/de\/wp-json\/wp\/v2\/types\/product"}],"wp:featuredmedia":[{"embeddable":true,"href":"https:\/\/www.leierwocasting.com\/de\/wp-json\/wp\/v2\/media\/187"}],"wp:attachment":[{"href":"https:\/\/www.leierwocasting.com\/de\/wp-json\/wp\/v2\/media?parent=186"}],"wp:term":[{"taxonomy":"product_brand","embeddable":true,"href":"https:\/\/www.leierwocasting.com\/de\/wp-json\/wp\/v2\/product_brand?post=186"},{"taxonomy":"product_cat","embeddable":true,"href":"https:\/\/www.leierwocasting.com\/de\/wp-json\/wp\/v2\/product_cat?post=186"},{"taxonomy":"product_tag","embeddable":true,"href":"https:\/\/www.leierwocasting.com\/de\/wp-json\/wp\/v2\/product_tag?post=186"}],"curies":[{"name":"Wp","href":"https:\/\/api.w.org\/{rel}","templated":true}]}}