{"id":333,"date":"2025-02-25T08:35:58","date_gmt":"2025-02-25T08:35:58","guid":{"rendered":"https:\/\/leierwocasting.com\/?page_id=333"},"modified":"2025-11-10T02:42:12","modified_gmt":"2025-11-10T02:42:12","slug":"shipping-policy","status":"publish","type":"page","link":"https:\/\/www.leierwocasting.com\/de\/shipping-policy\/","title":{"rendered":"Versandbedingungen"},"content":{"rendered":"<div class=\"wp-block-greenshift-blocks-row alignfull gspb_row gspb_row-id-gsbp-57866ee\" id=\"gspb_row-id-gsbp-57866ee\"><div class=\"gspb_backgroundOverlay\"><\/div><div class=\"gspb_row__content\"> \n<div class=\"wp-block-greenshift-blocks-row-column gspb_row__col--12 gspb_col-id-gsbp-dfe8095\" id=\"gspb_col-id-gsbp-dfe8095\">\n<h1 id=\"gspb_heading-id-gsbp-0b55552\" class=\"gspb_heading gspb_heading-id-gsbp-0b55552\">Versandbedingungen<\/h1>\n<\/div>\n <\/div><\/div>\n\n\n\n<div class=\"wp-block-greenshift-blocks-row gspb_row gspb_row-id-gsbp-ae6b6fc\" id=\"gspb_row-id-gsbp-ae6b6fc\"><div class=\"gspb_row__content\"> \n<div class=\"wp-block-greenshift-blocks-row-column gspb_row__col--12 gspb_col-id-gsbp-6cd6686\" id=\"gspb_col-id-gsbp-6cd6686\">\n<p>Shanghai Leierwo Industry &amp; Trade Co., Ltd. ist bestrebt, unseren Kunden eine p\u00fcnktliche und effiziente Lieferung unserer Produkte zu gew\u00e4hrleisten. Wir versenden unsere Produkte an Kunden im In- und Ausland.<\/p>\n\n\n\n<p><strong><em>Inlandsversand:<\/em><\/strong><br>Wir versenden unsere Produkte innerhalb des chinesischen Festlands \u00fcber verschiedene Versandunternehmen, je nach Produkt und Standort des Kunden.<br>Die Versandkosten im Inland k\u00f6nnen je nach Gewicht und Gr\u00f6\u00dfe des Produkts sowie dem Versandziel variieren.<br>Die gesch\u00e4tzte Lieferzeit f\u00fcr Inlandssendungen betr\u00e4gt in der Regel 3\u20137 Werktage, abh\u00e4ngig vom Spediteur und Versandziel.<\/p>\n\n\n\n<p><strong><em>Internationaler Versand:<\/em><\/strong><br>Wir versenden unsere Produkte an internationale Kunden \u00fcber verschiedene Versandunternehmen, je nach Produkt und Standort des Kunden.<br>Die internationalen Versandkosten k\u00f6nnen je nach Gewicht und Gr\u00f6\u00dfe des Produkts sowie dem Versandziel variieren.<br>Die voraussichtliche Lieferzeit f\u00fcr internationale Sendungen variiert je nach Spediteur und Versandziel. Die Lieferzeiten k\u00f6nnen durch Zollbestimmungen und andere Faktoren au\u00dferhalb unserer Kontrolle beeinflusst werden.<br>Bitte beachten Sie, dass wir nicht f\u00fcr etwaige Z\u00f6lle, Steuern oder Geb\u00fchren des Ziellandes verantwortlich sind. Der Kunde tr\u00e4gt die Kosten f\u00fcr derartige Geb\u00fchren.<\/p>\n\n\n\n<p>Wenn Sie Fragen oder Bedenken zum Versand haben, z\u00f6gern Sie bitte nicht, uns zu kontaktieren unter&nbsp;<a href=\"mailto:admin@leierwo.cn\">admin@leierwo.cn<\/a><span style=\"background-color: transparent; color: var(--theme-text-color); font-family: var(--theme-font-family); font-size: revert; font-style: var(--theme-font-style, inherit); font-weight: var(--theme-font-weight); letter-spacing: var(--theme-letter-spacing); text-transform: var(--theme-text-transform);\">.<\/span><\/p>\n\n\n\n<p><\/p>\n<\/div>\n <\/div><\/div>","protected":false},"excerpt":{"rendered":"","protected":false},"author":1,"featured_media":0,"parent":0,"menu_order":0,"comment_status":"closed","ping_status":"closed","template":"","meta":{"_gspb_post_css":"#gspb_row-id-gsbp-57866ee{justify-content:space-between;margin-top:0;margin-bottom:0;display:flex;flex-wrap:wrap;min-height:500px}#gspb_row-id-gsbp-57866ee>.gspb_row__content{display:flex;justify-content:space-between;margin:0 auto;width:100%;flex-wrap:wrap;align-items:center}.gspb_row{position:relative}div[id^=gspb_col-id]{box-sizing:border-box;position:relative;padding:var(--gs-row-column-padding, 15px min(3vw, 20px))}@media (max-width:575.98px){#gspb_row-id-gsbp-57866ee{min-height:200px}}#gspb_row-id-gsbp-57866ee{align-content:center;background-size:cover}@media (max-width:575.98px){#gspb_row-id-gsbp-57866ee{background-position:62% 51%}}#gspb_row-id-gsbp-57866ee{background-image:url(http:\/\/leierwocasting.com\/wp-content\/uploads\/2025\/02\/79.jpg);isolation:isolate}#gspb_row-id-gsbp-57866ee:hover{background-size:cover}#gspb_row-id-gsbp-57866ee>.gspb_backgroundOverlay{position:absolute;top:0;left:0;width:100%;height:100%;z-index:-1;opacity:.7;background-color:#000}#gspb_col-id-gsbp-dfe8095.gspb_row__col--12{width:100%}@media (max-width:575.98px){#gspb_col-id-gsbp-dfe8095.gspb_row__col--12{width:100%}#gspb_heading-id-gsbp-0b55552{font-size:30px}}#gspb_heading-id-gsbp-0b55552,#gspb_heading-id-gsbp-0b55552 .gsap-g-line{text-align:center!important}#gspb_heading-id-gsbp-0b55552{color:var(--wp--preset--color--palette-color-8, var(--theme-palette-color-8, #ffffff))}#gspb_row-id-gsbp-ae6b6fc{justify-content:space-between;display:flex;flex-wrap:wrap;margin-top:0;margin-bottom:98px;padding-top:50px}#gspb_row-id-gsbp-ae6b6fc>.gspb_row__content{display:flex;justify-content:space-between;margin:0 auto;width:100%;flex-wrap:wrap}body.gspb-bodyfront #gspb_row-id-gsbp-57866ee>.gspb_row__content,body.gspb-bodyfront #gspb_row-id-gsbp-ae6b6fc>.gspb_row__content{width:var(--theme-container-width, 1200px);max-width:var(--theme-normal-container-max-width, 1200px)}#gspb_col-id-gsbp-6cd6686.gspb_row__col--12{width:100%}@media (max-width:575.98px){#gspb_col-id-gsbp-6cd6686.gspb_row__col--12{width:100%}}","footnotes":""},"class_list":["post-333","page","type-page","status-publish","hentry"],"blocksy_meta":[],"_links":{"self":[{"href":"https:\/\/www.leierwocasting.com\/de\/wp-json\/wp\/v2\/pages\/333","targetHints":{"allow":["GET"]}}],"collection":[{"href":"https:\/\/www.leierwocasting.com\/de\/wp-json\/wp\/v2\/pages"}],"about":[{"href":"https:\/\/www.leierwocasting.com\/de\/wp-json\/wp\/v2\/types\/page"}],"author":[{"embeddable":true,"href":"https:\/\/www.leierwocasting.com\/de\/wp-json\/wp\/v2\/users\/1"}],"replies":[{"embeddable":true,"href":"https:\/\/www.leierwocasting.com\/de\/wp-json\/wp\/v2\/comments?post=333"}],"version-history":[{"count":2,"href":"https:\/\/www.leierwocasting.com\/de\/wp-json\/wp\/v2\/pages\/333\/revisions"}],"predecessor-version":[{"id":3321,"href":"https:\/\/www.leierwocasting.com\/de\/wp-json\/wp\/v2\/pages\/333\/revisions\/3321"}],"wp:attachment":[{"href":"https:\/\/www.leierwocasting.com\/de\/wp-json\/wp\/v2\/media?parent=333"}],"curies":[{"name":"Wp","href":"https:\/\/api.w.org\/{rel}","templated":true}]}}