{"id":328,"date":"2025-02-25T08:05:12","date_gmt":"2025-02-25T08:05:12","guid":{"rendered":"https:\/\/leierwocasting.com\/?page_id=328"},"modified":"2025-11-10T03:49:01","modified_gmt":"2025-11-10T03:49:01","slug":"refund-policy","status":"publish","type":"page","link":"https:\/\/www.leierwocasting.com\/de\/refund-policy\/","title":{"rendered":"R\u00fcckgaberecht"},"content":{"rendered":"<div class=\"wp-block-greenshift-blocks-row alignfull gspb_row gspb_row-id-gsbp-57866ee\" id=\"gspb_row-id-gsbp-57866ee\"><div class=\"gspb_backgroundOverlay\"><\/div><div class=\"gspb_row__content\"> \n<div class=\"wp-block-greenshift-blocks-row-column gspb_row__col--12 gspb_col-id-gsbp-dfe8095\" id=\"gspb_col-id-gsbp-dfe8095\">\n<h1 id=\"gspb_heading-id-gsbp-0b55552\" class=\"gspb_heading gspb_heading-id-gsbp-0b55552\">R\u00fcckgaberecht<\/h1>\n<\/div>\n <\/div><\/div>\n\n\n\n<div class=\"wp-block-greenshift-blocks-row gspb_row gspb_row-id-gsbp-85ad290\" id=\"gspb_row-id-gsbp-85ad290\"><div class=\"gspb_row__content\"> \n<div class=\"wp-block-greenshift-blocks-row-column gspb_row__col--12 gspb_col-id-gsbp-8a3d726\" id=\"gspb_col-id-gsbp-8a3d726\">\n<p>Shanghai Leierwo Industry &amp; Trade Co., Ltd. wir bem\u00fchen uns, qualitativ hochwertige Produkte und exzellenten Kundenservice zu bieten Wir verstehen, dass manchmal ein Produkt nicht Ihren Erwartungen entspricht In einem solchen Fall bieten wir eine R\u00fcckerstattungsrichtlinie an, die es Ihnen erm\u00f6glicht, das Produkt innerhalb einer bestimmten Frist ab dem Kaufdatum zur\u00fcckzugeben.<\/p>\n\n\n\n<p>Bitte beachten Sie, dass wir keine Versprechen oder Garantien \u00fcber das Ergebnis eines Produkts machen k\u00f6nnen, das wir anbieten Wir bem\u00fchen uns, qualitativ hochwertige Produkte bereitzustellen, aber der Erfolg eines Produkts h\u00e4ngt von verschiedenen Faktoren ab, die au\u00dferhalb unserer Kontrolle liegen Daher k\u00f6nnen wir keine R\u00fcckerstattungen basierend auf dem Ergebnis eines Produkts anbieten.<\/p>\n\n\n\n<p>Unsere R\u00fcckerstattungsrichtlinie lautet wie folgt:<br>Wenn Sie mit dem Produkt nicht zufrieden sind, haben Sie m\u00f6glicherweise Anspruch auf eine R\u00fccksendung.<br>Um eine R\u00fccksendung einzuleiten, kontaktieren Sie uns bitte unter <a href=\"mailto:admin@leierwo.cn\">admin@leierwo.cn<\/a><span style=\"font-size: revert; background-color: transparent; color: var(--theme-text-color); font-family: var(--theme-font-family); font-style: var(--theme-font-style, inherit); font-weight: var(--theme-font-weight); letter-spacing: var(--theme-letter-spacing); text-transform: var(--theme-text-transform);\">. Das Produkt muss in der Originalverpackung und in neuem Zustand sein, um f\u00fcr eine R\u00fcckgabe in Frage zu kommen.<\/span>Versand - und Bearbeitungsgeb\u00fchren sind nicht erstattungsf\u00e4hig.<br>Sobald wir das Produkt erhalten haben, werden wir es bewerten und feststellen, ob eine R\u00fccksendung angemessen ist.<br>Bitte beachten Sie, dass wir uns das Recht vorbehalten, eine R\u00fccksendung zu verweigern, wenn das Produkt nicht unseren R\u00fcckgaberechtskriterien entspricht.<\/p>\n\n\n\n<p>Wenn Sie Fragen oder Bedenken zu unserer R\u00fcckerstattungsrichtlinie haben, z\u00f6gern Sie bitte nicht, uns unter zu kontaktieren&nbsp;<a href=\"mailto:admin@leierwo.cn\">admin@leierwo.cn<\/a>.<span style=\"background-color: transparent; color: var(--theme-text-color); font-family: var(--theme-font-family); font-size: revert; font-style: var(--theme-font-style, inherit); font-weight: var(--theme-font-weight); letter-spacing: var(--theme-letter-spacing); text-transform: var(--theme-text-transform);\"><\/span><\/p>\n<\/div>\n <\/div><\/div>\n\n\n\n<p><\/p>","protected":false},"excerpt":{"rendered":"","protected":false},"author":1,"featured_media":0,"parent":0,"menu_order":0,"comment_status":"closed","ping_status":"closed","template":"","meta":{"_gspb_post_css":"#gspb_row-id-gsbp-57866ee{justify-content:space-between;margin-top:0;margin-bottom:0;display:flex;flex-wrap:wrap;min-height:500px}#gspb_row-id-gsbp-57866ee>.gspb_row__content{display:flex;justify-content:space-between;margin:0 auto;width:100%;flex-wrap:wrap;align-items:center}.gspb_row{position:relative}div[id^=gspb_col-id]{box-sizing:border-box;position:relative;padding:var(--gs-row-column-padding, 15px min(3vw, 20px))}@media (max-width:575.98px){#gspb_row-id-gsbp-57866ee{min-height:200px}}#gspb_row-id-gsbp-57866ee{align-content:center;background-size:cover}@media (max-width:575.98px){#gspb_row-id-gsbp-57866ee{background-position:62% 51%}}#gspb_row-id-gsbp-57866ee{background-image:url(http:\/\/leierwocasting.com\/wp-content\/uploads\/2025\/02\/79.jpg);isolation:isolate}#gspb_row-id-gsbp-57866ee:hover{background-size:cover}#gspb_row-id-gsbp-57866ee>.gspb_backgroundOverlay{position:absolute;top:0;left:0;width:100%;height:100%;z-index:-1;opacity:.7;background-color:#000}#gspb_col-id-gsbp-dfe8095.gspb_row__col--12{width:100%}@media (max-width:575.98px){#gspb_col-id-gsbp-dfe8095.gspb_row__col--12{width:100%}#gspb_heading-id-gsbp-0b55552{font-size:30px}}#gspb_heading-id-gsbp-0b55552,#gspb_heading-id-gsbp-0b55552 .gsap-g-line{text-align:center!important}#gspb_heading-id-gsbp-0b55552{color:var(--wp--preset--color--palette-color-8, var(--theme-palette-color-8, #ffffff))}#gspb_row-id-gsbp-85ad290{justify-content:space-between;margin-top:0;display:flex;flex-wrap:wrap;margin-bottom:0;padding-top:50px}#gspb_row-id-gsbp-85ad290>.gspb_row__content{display:flex;justify-content:space-between;margin:0 auto;width:100%;flex-wrap:wrap}body.gspb-bodyfront #gspb_row-id-gsbp-57866ee>.gspb_row__content,body.gspb-bodyfront #gspb_row-id-gsbp-85ad290>.gspb_row__content{width:var(--theme-container-width, 1200px);max-width:var(--theme-normal-container-max-width, 1200px)}#gspb_col-id-gsbp-8a3d726.gspb_row__col--12{width:100%}@media (max-width:575.98px){#gspb_col-id-gsbp-8a3d726.gspb_row__col--12{width:100%}}","footnotes":""},"class_list":["post-328","page","type-page","status-publish","hentry"],"blocksy_meta":[],"_links":{"self":[{"href":"https:\/\/www.leierwocasting.com\/de\/wp-json\/wp\/v2\/pages\/328","targetHints":{"allow":["GET"]}}],"collection":[{"href":"https:\/\/www.leierwocasting.com\/de\/wp-json\/wp\/v2\/pages"}],"about":[{"href":"https:\/\/www.leierwocasting.com\/de\/wp-json\/wp\/v2\/types\/page"}],"author":[{"embeddable":true,"href":"https:\/\/www.leierwocasting.com\/de\/wp-json\/wp\/v2\/users\/1"}],"replies":[{"embeddable":true,"href":"https:\/\/www.leierwocasting.com\/de\/wp-json\/wp\/v2\/comments?post=328"}],"version-history":[{"count":3,"href":"https:\/\/www.leierwocasting.com\/de\/wp-json\/wp\/v2\/pages\/328\/revisions"}],"predecessor-version":[{"id":3340,"href":"https:\/\/www.leierwocasting.com\/de\/wp-json\/wp\/v2\/pages\/328\/revisions\/3340"}],"wp:attachment":[{"href":"https:\/\/www.leierwocasting.com\/de\/wp-json\/wp\/v2\/media?parent=328"}],"curies":[{"name":"Wp","href":"https:\/\/api.w.org\/{rel}","templated":true}]}}