{"id":3,"date":"2025-02-17T06:46:36","date_gmt":"2025-02-17T06:46:36","guid":{"rendered":"https:\/\/leierwocasting.com\/?page_id=3"},"modified":"2025-11-10T03:36:18","modified_gmt":"2025-11-10T03:36:18","slug":"privacy-policy","status":"publish","type":"page","link":"https:\/\/www.leierwocasting.com\/de\/privacy-policy\/","title":{"rendered":"Datenschutzrichtlinie"},"content":{"rendered":"<div class=\"wp-block-greenshift-blocks-row alignfull gspb_row gspb_row-id-gsbp-57866ee\" id=\"gspb_row-id-gsbp-57866ee\"><div class=\"gspb_backgroundOverlay\"><\/div><div class=\"gspb_row__content\"> \n<div class=\"wp-block-greenshift-blocks-row-column gspb_row__col--12 gspb_col-id-gsbp-dfe8095\" id=\"gspb_col-id-gsbp-dfe8095\">\n<h1 id=\"gspb_heading-id-gsbp-0b55552\" class=\"gspb_heading gspb_heading-id-gsbp-0b55552\">Datenschutzrichtlinie<\/h1>\n<\/div>\n <\/div><\/div>\n\n\n\n<div class=\"wp-block-greenshift-blocks-row gspb_row gspb_row-id-gsbp-7619460\" id=\"gspb_row-id-gsbp-7619460\"><div class=\"gspb_row__content\"> \n<div class=\"wp-block-greenshift-blocks-row-column gspb_row__col--12 gspb_col-id-gsbp-32b91fa\" id=\"gspb_col-id-gsbp-32b91fa\">\n<p>Shanghai Leierwo Industry &amp; Trade Co., Ltd. legt gro\u00dfen Wert auf den Schutz Ihrer Daten und Ihr Vertrauen. Leierwo verkauft, tauscht oder vermietet Ihre personenbezogenen Daten nicht an Dritte. Diese Datenschutzerkl\u00e4rung beschreibt die Datenschutzpraktiken der Leierwo-Website. Wir nutzen die Informationen, die wir \u00fcber Sie auf der Leierwo-Website erfassen, um Bestellungen zu bearbeiten und die Beziehung zu Ihnen w\u00e4hrend der Nutzung unserer Produkte und Dienstleistungen zu pflegen. Diese Datenschutzerkl\u00e4rung erl\u00e4utert, wie Ihre personenbezogenen Daten gesch\u00fctzt werden. Wir m\u00f6chten Ihnen gr\u00f6\u00dftm\u00f6gliche Kontrolle \u00fcber Ihre Privatsph\u00e4re und Ihre personenbezogenen Daten sowie deren Verwendung in unserem Unternehmen erm\u00f6glichen.<\/p>\n\n\n\n<h4 class=\"wp-block-heading has-palette-color-3-color has-text-color has-link-color wp-elements-4ea8d423882272242c2d2f0a0940bd80\" id=\"gspb_heading-id-gsbp-ff65a8c\">WIE VERWENDET LEIERWO MEINE DATEN?<\/h4>\n\n\n\n<p>Wir erfassen personenbezogene Daten, um Ihnen ein optimales Nutzererlebnis zu bieten und Leierwo dabei zu helfen, unsere Kunden besser zu verstehen. Leierwo verkauft, tauscht oder vermietet Ihre personenbezogenen Daten nicht an Dritte. Die von Ihnen angegebenen personenbezogenen Daten erm\u00f6glichen es Leierwo, Ihre Anfrage f\u00fcr eine kostenlose Testversion des Leierwo Trainingszentrums zu bearbeiten und zu erf\u00fcllen. Sollten Sie sich f\u00fcr die Bestellung unserer Produkte und Dienstleistungen entscheiden, verwenden wir diese Daten au\u00dferdem, um Ihre Bestellung abzuwickeln und Sie \u00fcber den Bestellstatus zu informieren.<br>1. Wir verwenden die von Ihnen angegebenen personenbezogenen Daten, um Sie \u00fcber aktuelle Informationen zu Produkten und Dienstleistungen von Leierwo zu informieren.<br>2. Wir k\u00f6nnen die von uns gesammelten Informationen nutzen, um Sie von Zeit zu Zeit \u00fcber wichtige Funktions\u00e4nderungen der Website, neue Dienstleistungen und Produkte von Leierwo sowie Sonderangebote zu informieren, von denen wir glauben, dass sie f\u00fcr Sie von Interesse sein k\u00f6nnten.<br>3. Wenn Sie uns personenbezogene Daten zur Teilnahme an einem von Leierwo oder seinen Partnern veranstalteten Gewinnspiel oder einer Werbeaktion \u00fcbermitteln, verwenden wir diese Daten zur Durchf\u00fchrung des Gewinnspiels und zur Benachrichtigung der Gewinner. Wir speichern alle Informationen im Zusammenhang mit solchen Gewinnspielen und Werbeaktionen.<br>4. Wir schalten zielgerichtete Werbung und Werbeaktionen f\u00fcr unsere Kunden unter Verwendung der von Ihnen angegebenen personenbezogenen Daten. Werbetreibende erhalten keinen Zugriff auf Ihre individuellen Kontoinformationen. Bei diesen Werbema\u00dfnahmen handelt es sich in der Regel um Bannerwerbung und Werbe-E-Mails.<br>5. Wir analysieren au\u00dferdem die demografischen Merkmale, Interessen und das Verhalten unserer Nutzer anhand der Informationen, die Sie uns in unserem Online-Umfragetool zur Verf\u00fcgung stellen. Diese Informationen werden von uns aggregiert oder anonymisiert erfasst und ausgewertet.<br>6. Wir verwenden die von uns erfassten IP-Adressen, um unseren Werbekunden aggregierte oder anonyme Informationen bereitzustellen.<\/p>\n\n\n\n<h4 class=\"wp-block-heading has-palette-color-3-color has-text-color has-link-color wp-elements-a593e121b4ebac67c66d04e817b46006\" id=\"gspb_heading-id-gsbp-de15d89\">WER SAMMELT INFORMATIONEN?<\/h4>\n\n\n\n<p>Wenn Sie auf einer Leierwo-Website personenbezogene Daten angeben, teilen Sie diese ausschlie\u00dflich mit Leierwo, sofern Ihnen nicht ausdr\u00fccklich etwas anderes mitgeteilt wird. Falls ein anderes Unternehmen als Leierwo Ihre personenbezogenen Daten von unserer Website erfasst oder speichert, werden Sie vor der Erfassung oder \u00dcbermittlung dar\u00fcber informiert. Sie k\u00f6nnen der Weitergabe Ihrer Daten jederzeit widersprechen. Wenn andere Unternehmen als Leierwo Werbeaktionen veranstalten, k\u00f6nnen die im Zusammenhang mit diesen Werbeaktionen auf der Leierwo-Website erfassten Daten an den Veranstalter weitergegeben werden. Auch in diesem Fall werden Sie vor der Erfassung oder \u00dcbermittlung der Daten benachrichtigt und k\u00f6nnen entscheiden, nicht teilzunehmen. Die meisten dieser Werbeaktionen sind auf Einwohner der Vereinigten Staaten oder Nordamerikas beschr\u00e4nkt. Wenn Sie unsere Website \u00fcber Links verlassen und auf Websites Dritter gelangen, k\u00f6nnen diese Dritten Informationen \u00fcber Sie erfassen. Diese Datenschutzerkl\u00e4rung gilt nicht f\u00fcr die Praktiken dieser Unternehmen.<\/p>\n\n\n\n<h4 class=\"wp-block-heading has-palette-color-3-color has-text-color has-link-color wp-elements-82218d962a73d25451509fe40170a849\" id=\"gspb_heading-id-gsbp-fc6d8e4\">Gibt Leierwo meine Daten weiter?<\/h4>\n\n\n\n<p>Abgesehen von den in dieser Datenschutzerkl\u00e4rung genannten F\u00e4llen gibt Leierwo Ihre personenbezogenen Daten nicht ohne Ihre Einwilligung an Dritte weiter. Weitere Informationen finden Sie in den folgenden Abschnitten.<\/p>\n\n\n\n<h4 class=\"wp-block-heading has-palette-color-3-color has-text-color has-link-color wp-elements-7be463cc53f256a761d0b8b7e0253f2d\" id=\"gspb_heading-id-gsbp-7d2bbee\">ANDERE SITUATIONEN<\/h4>\n\n\n\n<p>Leierwo kann Ihre Daten auch offenlegen, wenn dies erforderlich ist, um jemanden zu identifizieren, zu kontaktieren oder rechtliche Schritte gegen jemanden einzuleiten, der unsere Rechte oder Eigentumsrechte, die Rechte der Nutzer oder die Rechte Dritter verletzt oder beeintr\u00e4chtigt. Ebenso wird Leierwo Daten offenlegen, wenn wir nach vern\u00fcnftigem Ermessen davon ausgehen, dass die Offenlegung gesetzlich vorgeschrieben ist oder zur Einhaltung eines gegen Leierwo oder seine Website gerichteten Gerichtsverfahrens erforderlich ist. Wir k\u00f6nnen Ihre personenbezogenen Daten in gutem Glauben offenlegen, wenn wir in dringenden F\u00e4llen handeln m\u00fcssen, um die pers\u00f6nliche Sicherheit der Nutzer von Leierwo, seiner Website oder der \u00d6ffentlichkeit zu sch\u00fctzen.<\/p>\n\n\n\n<h4 class=\"wp-block-heading has-palette-color-3-color has-text-color has-link-color wp-elements-b245dbf9ff40fcd87e0e947e56d20db6\" id=\"gspb_heading-id-gsbp-13c3252\">WIE SCH\u00dcTZT LEIERWO IHRE KREDITKARTE UND IHRE FINANZINFORMATIONEN?<\/h4>\n\n\n\n<p>Wir legen gro\u00dfen Wert auf den Schutz Ihrer Kreditkarten- und Finanzdaten. Wir verkaufen, tauschen oder vermieten Ihre Finanz- oder Kreditkarteninformationen nicht. Ohne Ihre Zustimmung geben wir diese Informationen an niemanden weiter. Wir stellen Werbetreibenden, Partnern, Lieferanten und anderen seri\u00f6sen Dritten gegebenenfalls statistische Daten \u00fcber unsere Kunden zur Verf\u00fcgung. Diese Daten sind ausschlie\u00dflich aggregiert oder anonymisiert und enthalten keine personenbezogenen Informationen. Beispielsweise geben wir nicht bekannt, dass Sie ein bestimmtes Produkt gekauft haben, sondern lediglich Statistiken dar\u00fcber, wie viele Kunden dieses Produkt gekauft haben. Wenn Sie Ihre Kreditkarteninformationen auf unserer Website eingeben, \u00fcbertragen wir diese verschl\u00fcsselt mit SSL-Verschl\u00fcsselung (Secure Socket Layer).<\/p>\n\n\n\n<h4 class=\"wp-block-heading has-palette-color-3-color has-text-color has-link-color wp-elements-d882406f621347758cc945c001c3648c\" id=\"gspb_heading-id-gsbp-f618240\">IHRE RECHTE IN BEZUG AUF IHRE PERS\u00d6NLICHEN DATEN<\/h4>\n\n\n\n<p>Gem\u00e4\u00df dieser Datenschutz- und Cookie-Richtlinie und, falls Sie in der EU ans\u00e4ssig sind, gem\u00e4\u00df geltendem Recht haben Sie folgende Rechte:<br><br><em>-Fordern Sie Zugriff auf Ihre personenbezogenen Daten an.<\/em>&nbsp;Wenn Sie in der EU ans\u00e4ssig sind, erm\u00f6glicht Ihnen dies, eine Kopie der personenbezogenen Daten zu erhalten, die wir \u00fcber Sie speichern, und zu \u00fcberpr\u00fcfen, ob wir diese rechtm\u00e4\u00dfig verarbeiten.<br><em>-Sie k\u00f6nnen die Berichtigung Ihrer bei uns gespeicherten personenbezogenen Daten beantragen.<\/em>&nbsp;Dies erm\u00f6glicht es Ihnen, unvollst\u00e4ndige oder ungenaue Informationen, die wir \u00fcber Sie gespeichert haben, korrigieren zu lassen.<br><em>- Beantragen Sie die L\u00f6schung Ihrer personenbezogenen Daten.&nbsp;<\/em>Dies erm\u00f6glicht es Ihnen, uns aufzufordern, Ihre personenbezogenen Daten zu l\u00f6schen oder zu entfernen, wenn kein berechtigter Grund f\u00fcr deren weitere Verarbeitung besteht. Wenn Sie in der EU ans\u00e4ssig sind, haben Sie au\u00dferdem das Recht, die L\u00f6schung oder Entfernung Ihrer personenbezogenen Daten zu verlangen, wenn Sie Ihr Widerspruchsrecht gegen die Verarbeitung ausge\u00fcbt haben (siehe unten).<br><em>-Einspruch gegen die Verarbeitung Ihrer personenbezogenen Daten.<\/em>&nbsp;Dieses Recht besteht, wenn wir uns bei der Verarbeitung Ihrer personenbezogenen Daten auf ein berechtigtes Interesse als Rechtsgrundlage st\u00fctzen und Ihre besondere Situation es Ihnen erm\u00f6glicht, der Verarbeitung Ihrer personenbezogenen Daten aus diesem Grund zu widersprechen. Sie haben au\u00dferdem das Recht, Widerspruch einzulegen, wenn wir Ihre personenbezogenen Daten f\u00fcr Direktmarketingzwecke verarbeiten.<br><em>-Fordern Sie die Einschr\u00e4nkung der Verarbeitung Ihrer personenbezogenen Daten an.<\/em>&nbsp;Dies erm\u00f6glicht es Ihnen, uns aufzufordern, die Verarbeitung Ihrer personenbezogenen Daten auszusetzen, beispielsweise wenn Sie die Richtigkeit der Daten oder den Grund f\u00fcr deren Verarbeitung \u00fcberpr\u00fcfen lassen m\u00f6chten.<br><em>-Fordern Sie die \u00dcbertragung Ihrer personenbezogenen Daten an.<\/em>&nbsp;Wenn Sie in der EU ans\u00e4ssig sind, stellen wir Ihnen oder einem von Ihnen gew\u00e4hlten Dritten Ihre personenbezogenen Daten in einem strukturierten, g\u00e4ngigen und maschinenlesbaren Format zur Verf\u00fcgung. Bitte beachten Sie, dass dieses Recht nur f\u00fcr automatisierte Informationen gilt, deren Nutzung Sie uns urspr\u00fcnglich gestattet haben oder die wir zur Erf\u00fcllung eines Vertrags mit Ihnen verwendet haben.<br><em>-Einwilligung widerrufen.&nbsp;<\/em>Dieses Recht besteht nur, wenn wir Ihre personenbezogenen Daten auf Grundlage Ihrer Einwilligung verarbeiten (\u201cWiderruf der Einwilligung\u201d). Wenn Sie Ihre Einwilligung widerrufen, k\u00f6nnen wir Ihnen m\u00f6glicherweise keinen Zugriff mehr auf bestimmte Funktionen unserer Website gew\u00e4hren. Wir werden Sie in diesem Fall zum Zeitpunkt Ihres Widerrufs dar\u00fcber informieren.<\/p>\n\n\n\n<h4 class=\"wp-block-heading has-palette-color-3-color has-text-color has-link-color wp-elements-328878c30e428514b7e875e96d1c2e5b\" id=\"gspb_heading-id-gsbp-504bcd9\"><strong>BESCHWERDEN<\/strong><\/h4>\n\n\n\n<p>Wenn Sie eine Beschwerde bez\u00fcglich dieser Datenschutzrichtlinie oder unserer Vorgehensweise in Bezug auf Ihre personenbezogenen Daten einreichen m\u00f6chten, kontaktieren Sie uns bitte unter: <a href=\"mailto:admin@leierwo.cn\">admin@leierwo.cn<\/a><span style=\"font-size: revert; background-color: transparent; color: var(--theme-text-color); font-family: var(--theme-font-family); font-style: var(--theme-font-style, inherit); font-weight: var(--theme-font-weight); letter-spacing: var(--theme-letter-spacing); text-transform: var(--theme-text-transform);\">.Wir werden Ihre Beschwerde so schnell wie m\u00f6glich beantworten.<\/span><br>Sollten Sie der Ansicht sein, dass Ihre Beschwerde nicht angemessen bearbeitet wurde, beachten Sie bitte, dass Sie, sofern Sie in der EU ans\u00e4ssig sind, gem\u00e4\u00df der DSGVO das Recht haben, sich an Ihre \u00f6rtliche Datenschutzaufsichtsbeh\u00f6rde zu wenden.<br><br>Protokolldateien: Ihr Browser \u00fcbermittelt automatisch Protokolldateiinformationen, sobald Sie eine Webseite aufrufen. Wenn Sie unsere Dienste nutzen, zeichnen unsere Server automatisch bestimmte Informationen auf, die Ihr Webbrowser beim Besuch einer Webseite sendet. Diese Serverprotokolle k\u00f6nnen Informationen wie Ihre Webanfrage, Ihre IP-Adresse, Ihren Browsertyp, verweisende Seiten und Zielseiten (URLs), die Anzahl der Klicks, Domainnamen, Landingpages, aufgerufene Seiten und \u00e4hnliche Informationen enthalten.<\/p>\n\n\n\n<h4 class=\"wp-block-heading has-palette-color-3-color has-text-color has-link-color wp-elements-a7a60d7da97f0158ec9a989907681995\" id=\"gspb_heading-id-gsbp-253d81e\"><strong>WIE LANGE WIR IHRE PERS\u00d6NLICHEN DATEN SPEICHERN<\/strong><\/h4>\n\n\n\n<p>Wir speichern Ihre Daten so lange, wie Ihr Konto aktiv ist oder dies f\u00fcr die in \u201eWie wir Ihre personenbezogenen Daten verwenden und warum\u201c dargelegten Zwecke erforderlich ist, es sei denn, Sie fordern die L\u00f6schung Ihrer personenbezogenen Daten gem\u00e4\u00df \u201eIhre Rechte in Bezug auf Ihre personenbezogenen Daten\u201c an. Wir speichern Ihre personenbezogenen Daten nur so lange, wie wir sie f\u00fcr diese Zwecke ben\u00f6tigen, es sei denn, eine l\u00e4ngere Speicherdauer ist gesetzlich vorgeschrieben (z. B. aus regulatorischen Gr\u00fcnden). Dies kann die Speicherung Ihrer personenbezogenen Daten nach Deaktivierung Ihres Kontos f\u00fcr den Zeitraum umfassen, der erforderlich ist, um berechtigte Gesch\u00e4ftsinteressen zu verfolgen, Pr\u00fcfungen durchzuf\u00fchren, gesetzliche Verpflichtungen zu erf\u00fcllen (und deren Einhaltung nachzuweisen), Streitigkeiten beizulegen und unsere Vereinbarungen durchzusetzen.<\/p>\n\n\n\n<h4 class=\"wp-block-heading has-palette-color-3-color has-text-color has-link-color wp-elements-aea21ad2edf6a02a7e74fac7a8c8b7a0\" id=\"gspb_heading-id-gsbp-fdf5979\"><strong>WAS SIND COOKIES UND WIE VERWENDET LEIERWO SIE?<\/strong><\/h4>\n\n\n\n<p>Teile unseres Lernmanagementsystems verwenden Cookies, um Benutzer sofort zu erkennen und ihnen die entsprechenden Berechtigungen f\u00fcr die Systemfunktionen zuzuweisen. Ein Cookie ist eine kleine Datendatei, die von einem Webserver an Ihren Browser gesendet und von diesem auf der Festplatte Ihres Computers gespeichert wird. Ihr Browser muss Cookies akzeptieren, bevor Sie sich anmelden oder Einstellungen anpassen k\u00f6nnen. Die meisten Browser sind standardm\u00e4\u00dfig so konfiguriert, dass sie Cookies akzeptieren. Sie k\u00f6nnen diese Einstellungen jedoch \u00e4ndern. Leierwo verwendet keine Cookies, um pers\u00f6nliche Daten von Ihrem Computer abzurufen. Diese Richtlinie gilt nicht f\u00fcr die Verwendung von Cookies durch Werbetreibende auf unserer Website. Leierwo verwendet Cookies, um: Ihren Namen und Ihre Kontoinformationen beim Anmelden in Ihrem Leierwo Trainingszentrum zu finden, damit Sie auf Ihre Kontoinformationen zugreifen k\u00f6nnen. Beim Anmelden wird ein Cookie gesetzt und beim Abmelden ge\u00e4ndert. Die Gr\u00f6\u00dfe unserer Zielgruppe zu sch\u00e4tzen. Jeder Browser, der auf Leierwo zugreift, erh\u00e4lt einen eindeutigen Cookie. Dieser dient dazu, die Anzahl der wiederkehrenden Besucher unserer Website zu ermitteln, die Anzahl registrierter und nicht registrierter Besucher zu vergleichen und anhand von Kundeninteressen und -verhalten gezielte Werbung auszuspielen. Leierwo-Partner k\u00f6nnen so Besuche nachverfolgen und Gesch\u00e4ftstransaktionen abwickeln. Diese Informationen werden auch als \u201cClickstream\u201d oder \u201cClicktrail\u201d bezeichnet. Wir erfassen au\u00dferdem, wie Sie unsere Aktionen, Gewinnspiele und Angebote nutzen. Wenn eine Leierwo-Aktion Cookies verwendet, werden die im Cookie gespeicherten Informationen \u00fcber Ihren Fortschritt w\u00e4hrend der Aktion erfasst (z. B. Teilnahmen, Einsendungen und Status bei Verlosungen). Wir messen den Traffic auf verschiedenen Bereichen der Leierwo-Website. Wir erfassen die von Ihnen besuchten Bereiche des Website-Netzwerks sowie Ihre Besuchsmuster in ihrer Gesamtheit. Diese Analyse hilft uns, die Gemeinsamkeiten und Unterschiede unserer Kunden zu verstehen. Wir k\u00f6nnen diese Informationen nutzen, um die Inhalte und das Design unserer Website zu personalisieren.<\/p>\n<\/div>\n <\/div><\/div>","protected":false},"excerpt":{"rendered":"","protected":false},"author":1,"featured_media":0,"parent":0,"menu_order":0,"comment_status":"closed","ping_status":"open","template":"","meta":{"_gspb_post_css":"#gspb_row-id-gsbp-57866ee{justify-content:space-between;margin-top:0;margin-bottom:0;display:flex;flex-wrap:wrap;min-height:500px}#gspb_row-id-gsbp-57866ee>.gspb_row__content{display:flex;justify-content:space-between;margin:0 auto;width:100%;flex-wrap:wrap;align-items:center}.gspb_row{position:relative}div[id^=gspb_col-id]{box-sizing:border-box;position:relative;padding:var(--gs-row-column-padding, 15px min(3vw, 20px))}@media (max-width:575.98px){#gspb_row-id-gsbp-57866ee{min-height:200px}}#gspb_row-id-gsbp-57866ee{align-content:center;background-size:cover}@media (max-width:575.98px){#gspb_row-id-gsbp-57866ee{background-position:62% 51%}}#gspb_row-id-gsbp-57866ee{background-image:url(http:\/\/leierwocasting.com\/wp-content\/uploads\/2025\/02\/79.jpg);isolation:isolate}#gspb_row-id-gsbp-57866ee:hover{background-size:cover}#gspb_row-id-gsbp-57866ee>.gspb_backgroundOverlay{position:absolute;top:0;left:0;width:100%;height:100%;z-index:-1;opacity:.7;background-color:#000}#gspb_col-id-gsbp-dfe8095.gspb_row__col--12{width:100%}@media (max-width:575.98px){#gspb_col-id-gsbp-dfe8095.gspb_row__col--12{width:100%}#gspb_heading-id-gsbp-0b55552{font-size:30px}}#gspb_heading-id-gsbp-0b55552,#gspb_heading-id-gsbp-0b55552 .gsap-g-line{text-align:center!important}#gspb_heading-id-gsbp-0b55552{color:var(--wp--preset--color--palette-color-8, var(--theme-palette-color-8, #ffffff))}#gspb_row-id-gsbp-7619460{justify-content:space-between;margin-top:0;margin-bottom:0;display:flex;flex-wrap:wrap}#gspb_row-id-gsbp-7619460>.gspb_row__content{display:flex;justify-content:space-between;margin:0 auto;width:100%;flex-wrap:wrap}body.gspb-bodyfront #gspb_row-id-gsbp-57866ee>.gspb_row__content,body.gspb-bodyfront #gspb_row-id-gsbp-7619460>.gspb_row__content{width:var(--theme-container-width, 1200px);max-width:var(--theme-normal-container-max-width, 1200px)}#gspb_col-id-gsbp-32b91fa.gspb_row__col--12{width:100%}@media (max-width:575.98px){#gspb_col-id-gsbp-32b91fa.gspb_row__col--12{width:100%}}.gspb_row #gspb_col-id-gsbp-32b91fa.gspb_row__col--12{padding-top:60px}","footnotes":""},"class_list":["post-3","page","type-page","status-publish","hentry"],"blocksy_meta":[],"_links":{"self":[{"href":"https:\/\/www.leierwocasting.com\/de\/wp-json\/wp\/v2\/pages\/3","targetHints":{"allow":["GET"]}}],"collection":[{"href":"https:\/\/www.leierwocasting.com\/de\/wp-json\/wp\/v2\/pages"}],"about":[{"href":"https:\/\/www.leierwocasting.com\/de\/wp-json\/wp\/v2\/types\/page"}],"author":[{"embeddable":true,"href":"https:\/\/www.leierwocasting.com\/de\/wp-json\/wp\/v2\/users\/1"}],"replies":[{"embeddable":true,"href":"https:\/\/www.leierwocasting.com\/de\/wp-json\/wp\/v2\/comments?post=3"}],"version-history":[{"count":4,"href":"https:\/\/www.leierwocasting.com\/de\/wp-json\/wp\/v2\/pages\/3\/revisions"}],"predecessor-version":[{"id":3339,"href":"https:\/\/www.leierwocasting.com\/de\/wp-json\/wp\/v2\/pages\/3\/revisions\/3339"}],"wp:attachment":[{"href":"https:\/\/www.leierwocasting.com\/de\/wp-json\/wp\/v2\/media?parent=3"}],"curies":[{"name":"Wp","href":"https:\/\/api.w.org\/{rel}","templated":true}]}}